{"id":10,"date":"2016-06-30T10:43:35","date_gmt":"2016-06-30T08:43:35","guid":{"rendered":"http:\/\/przyjaznadolinaraby.info\/2014-2020\/?page_id=10"},"modified":"2022-09-13T21:27:26","modified_gmt":"2022-09-13T19:27:26","slug":"prow","status":"publish","type":"page","link":"https:\/\/przyjaznadolinaraby.info\/2014-2020\/prow\/","title":{"rendered":"PROW"},"content":{"rendered":"<p>Program Rozwoju Obszar\u00f3w Wiejskich na lata 2014 \u2013 2020 (PROW 2014-2020) zosta\u0142 opracowywany na podstawie przepis\u00f3w Unii Europejskiej, w szczeg\u00f3lno\u015bci <em>rozporz\u0105dzenia Parlamentu Europejskiego i Rady (UE) nr 1305\/2013 z dnia 17 grudnia 2013 r. w sprawie wsparcia rozwoju obszar\u00f3w wiejskich przez Europejski Fundusz Rolny na rzecz Rozwoju Obszar\u00f3w Wiejskich (EFRROW) i uchylaj\u0105cego rozporz\u0105dzenie Rady (WE) nr 1698\/2005<\/em> oraz akt\u00f3w delegowanych i wykonawczych Komisji Europejskiej. Zgodnie z przepisami Unii Europejskiej, Program jest wkomponowany w ca\u0142o\u015bciowy system polityki rozwoju kraju, w szczeg\u00f3lno\u015bci poprzez mechanizm Umowy Partnerstwa. Umowa ta okre\u015bla strategi\u0119 wykorzystania \u015brodk\u00f3w unijnych na rzecz realizacji wsp\u00f3lnych dla UE cel\u00f3w okre\u015blonych w unijnej strategii wzrostu \u201e<em>Europa 2020 &#8211; Strategia na rzecz inteligentnego i zr\u00f3wnowa\u017conego rozwoju sprzyjaj\u0105cego w\u0142\u0105czeniu spo\u0142ecznemu<\/em>\u201d z uwzgl\u0119dnieniem potrzeb rozwojowych danego pa\u0144stwa cz\u0142onkowskiego.<\/p>\n<p>Celem g\u0142\u00f3wnym PROW 2014 \u2013 2020 jest poprawa konkurencyjno\u015bci rolnictwa, zr\u00f3wnowa\u017cone zarz\u0105dzanie zasobami naturalnymi i dzia\u0142ania w dziedzinie klimatu oraz zr\u00f3wnowa\u017cony rozw\u00f3j terytorialny obszar\u00f3w wiejskich.<\/p>\n<p>Program b\u0119dzie realizowa\u0142 wszystkie sze\u015b\u0107 priorytet\u00f3w wyznaczonych dla unijnej polityki rozwoju obszar\u00f3w wiejskich na lata 2014 \u2013 2020, a mianowicie:<\/p>\n<ol>\n<li>U\u0142atwianie transferu wiedzy i innowacji w rolnictwie, le\u015bnictwie i na obszarach wiejskich.<\/li>\n<li>Poprawa konkurencyjno\u015bci wszystkich rodzaj\u00f3w gospodarki rolnej i zwi\u0119kszenie rentowno\u015bci gospodarstw rolnych.<\/li>\n<li>Poprawa organizacji \u0142a\u0144cucha \u017cywno\u015bciowego i promowanie zarz\u0105dzania ryzykiem w rolnictwie.<\/li>\n<li>Odtwarzanie, chronienie i wzmacnianie ekosystem\u00f3w zale\u017cnych od rolnictwa i le\u015bnictwa.<\/li>\n<li>Wspieranie efektywnego gospodarowania zasobami i przechodzenia na gospodark\u0119 niskoemisyjn\u0105 i odporn\u0105 na zmian\u0119 klimatu w sektorach: rolnym, spo\u017cywczym i le\u015bnym.<\/li>\n<li>Zwi\u0119kszanie w\u0142\u0105czenia spo\u0142ecznego, ograniczanie ub\u00f3stwa i promowanie rozwoju gospodarczego na obszarach wiejskich.<\/li>\n<\/ol>\n<p>Planuje si\u0119, \u017ce \u0142\u0105czne \u015brodki publiczne przeznaczone na realizacj\u0119 PROW 2014-2020 wynios\u0105 <strong>13\u00a0612 571 000 euro<\/strong>, w tym: 8\u00a0697 556 814 z bud\u017cetu UE (EFRROW) i 4 915 014 186 euro wk\u0142adu krajowego.<\/p>\n<p>Wi\u0119cej o PROW 2014-2020 przeczytaj <a href=\"http:\/\/www.minrol.gov.pl\/Wsparcie-rolnictwa\/Program-Rozwoju-Obszarow-Wiejskich-2014-2020\"><strong><u>TUTAJ<\/u><\/strong><\/a><\/p>\n<p><span style=\"font-size: 12pt;\"><a href=\"http:\/\/www.arimr.gov.pl\/fileadmin\/pliki\/PROW_2014_2020\/wersja_pelna_PROW2014-2020_27042016.pdf\">Pe\u0142na wersja PROW 2014 &#8211; 2020 &#8211; aktualizacja z 27.04.2016 &#8211; otw\u00f3rz<\/a><\/span><\/p>\n<p><span style=\"font-size: 12pt;\"><a href=\"http:\/\/www.arimr.gov.pl\/fileadmin\/pliki\/PROW_2014_2020\/wersja_skrocona_PROW_2014_2020_27042016.pdf\">Skr\u00f3cona wersja PROW 2014 &#8211; 2020 &#8211; aktualizacja z 27.04.2016 &#8211; otw\u00f3rz<\/a><\/span><\/p>\n<p><span style=\"font-size: 12pt;\"><a href=\"http:\/\/www.minrol.gov.pl\/Wsparcie-rolnictwa\/Program-Rozwoju-Obszarow-Wiejskich-2014-2020\">PROW 2014 &#8211; 2020 wszystkie dokumenty po aktualizacji &#8211; otw\u00f3rz<\/a><\/span><\/p>\n<p>&nbsp;<\/p>\n<p><a href=\"http:\/\/www.minrol.gov.pl\/content\/download\/51941\/285937\/version\/1\/file\/PROW-2014-2020-logo-kolor.rar\">Logo PROW 2014-2020 (kolor) (.rar 444,34 kB)<\/a><\/p>\n<p><a href=\"http:\/\/www.minrol.gov.pl\/content\/download\/51942\/285941\/version\/1\/file\/PROW-2014-2020-logo-mono.rar\">Logo PROW 2014-2020 (mono) (.rar 424,22 kB)<\/a><\/p>\n<p><a href=\"http:\/\/www.minrol.gov.pl\/content\/download\/51943\/285945\/version\/1\/file\/PROW-2014-2020-logo-achromatyczne.rar\">Logo PROW 2014-2020 (achromatyczne) (.rar 376,35 kB)<\/a><strong>\u00a0<\/strong><\/p>\n<p>&nbsp;<\/p>\n<p>&nbsp;<\/p>\n","protected":false},"excerpt":{"rendered":"<p>Program Rozwoju Obszar\u00f3w Wiejskich na lata 2014 \u2013 2020 (PROW 2014-2020) zosta\u0142 opracowywany na podstawie przepis\u00f3w Unii Europejskiej, w szczeg\u00f3lno\u015bci rozporz\u0105dzenia Parlamentu Europejskiego i Rady (UE) nr 1305\/2013 z dnia 17 grudnia 2013 r. w sprawie wsparcia rozwoju obszar\u00f3w wiejskich przez Europejski Fundusz Rolny na rzecz Rozwoju Obszar\u00f3w Wiejskich (EFRROW) i uchylaj\u0105cego rozporz\u0105dzenie Rady (WE) <a href=\"https:\/\/przyjaznadolinaraby.info\/2014-2020\/prow\/\" class=\"more-link\">&#8230;<span class=\"screen-reader-text\">  PROW<\/span><\/a><\/p>\n","protected":false},"author":6,"featured_media":0,"parent":0,"menu_order":2,"comment_status":"closed","ping_status":"closed","template":"","meta":{"_monsterinsights_skip_tracking":false,"_monsterinsights_sitenote_active":false,"_monsterinsights_sitenote_note":"","_monsterinsights_sitenote_category":0,"footnotes":""},"tags":[],"acf":[],"_links":{"self":[{"href":"https:\/\/przyjaznadolinaraby.info\/2014-2020\/wp-json\/wp\/v2\/pages\/10"}],"collection":[{"href":"https:\/\/przyjaznadolinaraby.info\/2014-2020\/wp-json\/wp\/v2\/pages"}],"about":[{"href":"https:\/\/przyjaznadolinaraby.info\/2014-2020\/wp-json\/wp\/v2\/types\/page"}],"author":[{"embeddable":true,"href":"https:\/\/przyjaznadolinaraby.info\/2014-2020\/wp-json\/wp\/v2\/users\/6"}],"replies":[{"embeddable":true,"href":"https:\/\/przyjaznadolinaraby.info\/2014-2020\/wp-json\/wp\/v2\/comments?post=10"}],"version-history":[{"count":2,"href":"https:\/\/przyjaznadolinaraby.info\/2014-2020\/wp-json\/wp\/v2\/pages\/10\/revisions"}],"predecessor-version":[{"id":9880,"href":"https:\/\/przyjaznadolinaraby.info\/2014-2020\/wp-json\/wp\/v2\/pages\/10\/revisions\/9880"}],"wp:attachment":[{"href":"https:\/\/przyjaznadolinaraby.info\/2014-2020\/wp-json\/wp\/v2\/media?parent=10"}],"wp:term":[{"taxonomy":"post_tag","embeddable":true,"href":"https:\/\/przyjaznadolinaraby.info\/2014-2020\/wp-json\/wp\/v2\/tags?post=10"}],"curies":[{"name":"wp","href":"https:\/\/api.w.org\/{rel}","templated":true}]}}