{"id":10365,"date":"2023-01-18T11:17:36","date_gmt":"2023-01-18T10:17:36","guid":{"rendered":"http:\/\/przyjaznadolinaraby.info\/2014-2020\/?page_id=10365"},"modified":"2023-01-18T12:28:07","modified_gmt":"2023-01-18T11:28:07","slug":"deklaracja-dostepnosci","status":"publish","type":"page","link":"https:\/\/przyjaznadolinaraby.info\/2014-2020\/deklaracja-dostepnosci\/","title":{"rendered":"Deklaracja dost\u0119pno\u015bci"},"content":{"rendered":"<p><strong>Deklaracja dost\u0119pno\u015bci<\/strong><\/p>\n<p>Deklaracja Dost\u0119pno\u015bci dla strony internetowej https:\/\/przyjaznadolinaraby.info\/<\/p>\n<p>Stowarzyszenie Przyjazna Dolina Raby i Czarnej Orawy zobowi\u0105zuje si\u0119 zapewni\u0107 dost\u0119pno\u015b\u0107 swojej strony internetowej zgodnie z przepisami ustawy z dnia 4 kwietnia 2019 r. o dost\u0119pno\u015bci cyfrowej stron internetowych i aplikacji mobilnych podmiot\u00f3w publicznych. O\u015bwiadczenie w sprawie dost\u0119pno\u015bci ma zastosowanie do strony internetowej Stowarzyszenia Przyjazna Dolina Raby i Czarnej Orawy .<\/p>\n<ul>\n<li>Data publikacji strony internetowej: 01.09.2016<\/li>\n<li>Data ostatniej istotnej aktualizacji: 14.09.2022<\/li>\n<\/ul>\n<p><strong>Status zgodno\u015bci z ustaw\u0105<\/strong><\/p>\n<p>Strona internetowa jest cz\u0119\u015bciowo zgodna z ustaw\u0105 z dnia 4 kwietnia 2019 r. o dost\u0119pno\u015bci cyfrowej stron internetowych i aplikacji mobilnych podmiot\u00f3w publicznych z powodu niezgodno\u015bci lub wy\u0142\u0105cze\u0144 wymienionych poni\u017cej.<\/p>\n<p><strong>Niespe\u0142nione wymagania:<\/strong><\/p>\n<ul>\n<li>Filmy nie posiadaj\u0105 napis\u00f3w dla os\u00f3b g\u0142uchych.<\/li>\n<li>Niekt\u00f3re zdj\u0119cia nie posiada opisu alternatywnego &#8211; opisy b\u0119d\u0105 sukcesywnie uzupe\u0142niane.<\/li>\n<li>Wyst\u0119puj\u0105 elementy graficzne nie zawieraj\u0105ce w\u0142a\u015bciwego tekstu alternatywnego.<\/li>\n<li>Dokumenty do pobrania nie zawieraj\u0105 informacji o rodzaju i wielko\u015bci pliku w nazwie.<\/li>\n<li>Wyst\u0119puje niski kontrast mi\u0119dzy kolorami tekstu i t\u0142a w przypadku niekt\u00f3rych obiekt\u00f3w.<\/li>\n<\/ul>\n<p><strong>Powody braku spe\u0142nienia wymaga\u0144:<\/strong><\/p>\n<p>Na stronie internetowej znajduj\u0105 si\u0119 filmy, do kt\u00f3rych nie dodano napis\u00f3w dla os\u00f3b g\u0142uchych, poniewa\u017c zosta\u0142y opublikowane przed wej\u015bciem w \u017cycie ustawy o dost\u0119pno\u015bci cyfrowej,<\/p>\n<p><strong>O\u015bwiadczenie sporz\u0105dzono dnia: 2022-12-12.<\/strong><\/p>\n<p>Deklaracj\u0119 sporz\u0105dzono na podstawie przeprowadzonej przez pracownik\u00f3w samooceny.<\/p>\n<p><strong>Data ostatniego przegl\u0105du deklaracji: 2022-12-12.<\/strong><\/p>\n<p><strong>Skr\u00f3ty klawiaturowe<\/strong><\/p>\n<p>Na stronie internetowej mo\u017cna u\u017cywa\u0107 standardowych skr\u00f3t\u00f3w klawiaturowych przegl\u0105darki<\/p>\n<p><strong>Informacje zwrotne i dane kontaktowe<\/strong><\/p>\n<p>W przypadku problem\u00f3w z dost\u0119pno\u015bci\u0105 strony internetowej prosimy o kontakt. Osob\u0105 kontaktow\u0105 jest Sylwia Krazuzowicz., lgd.rokiciny@interia.pl Kontaktowa\u0107 mo\u017cna si\u0119 tak\u017ce dzwoni\u0105c na numer telefonu 18 26 78 648. T\u0105 sam\u0105 drog\u0105 mo\u017cna sk\u0142ada\u0107 wnioski o udost\u0119pnienie informacji niedost\u0119pnej oraz sk\u0142ada\u0107 skargi na brak zapewnienia dost\u0119pno\u015bci.<\/p>\n<p><strong>Obs\u0142uga wniosk\u00f3w i skarg zwi\u0105zanych z dost\u0119pno\u015bci\u0105<\/strong><\/p>\n<p>Ka\u017cdy ma prawo do wyst\u0105pienia z \u017c\u0105daniem zapewnienia dost\u0119pno\u015bci cyfrowej strony internetowej, aplikacji mobilnej lub jakiego\u015b ich elementu. Mo\u017cna tak\u017ce za\u017c\u0105da\u0107 udost\u0119pnienia informacji za pomoc\u0105 alternatywnego sposobu dost\u0119pu, na przyk\u0142ad przez odczytanie niedost\u0119pnego cyfrowo dokumentu, opisanie zawarto\u015bci filmu bez audiodeskrypcji itp. \u017b\u0105danie powinno zawiera\u0107 dane osoby zg\u0142aszaj\u0105cej \u017c\u0105danie, wskazanie, o kt\u00f3r\u0105 stron\u0119 internetow\u0105 lub aplikacj\u0119 mobiln\u0105 chodzi oraz spos\u00f3b kontaktu. Je\u017celi osoba \u017c\u0105daj\u0105ca zg\u0142asza potrzeb\u0119 otrzymania informacji za pomoc\u0105 alternatywnego sposobu dost\u0119pu, powinna tak\u017ce okre\u015bli\u0107 dogodny dla niej spos\u00f3b przedstawienia tej informacji. Podmiot publiczny powinien zrealizowa\u0107 \u017c\u0105danie niezw\u0142ocznie, nie p\u00f3\u017aniej ni\u017c w ci\u0105gu 7 dni od dnia wyst\u0105pienia z \u017c\u0105daniem. Je\u017celi dotrzymanie tego terminu nie jest mo\u017cliwe, podmiot publiczny niezw\u0142ocznie informuje o tym wnosz\u0105cego \u017c\u0105danie, kiedy realizacja \u017c\u0105dania b\u0119dzie mo\u017cliwa, przy czym termin ten nie mo\u017ce by\u0107 d\u0142u\u017cszy ni\u017c 2 miesi\u0105ce od dnia wyst\u0105pienia z \u017c\u0105daniem. Je\u017celi zapewnienie dost\u0119pno\u015bci cyfrowej nie jest mo\u017cliwe, podmiot publiczny mo\u017ce zaproponowa\u0107 alternatywny spos\u00f3b dost\u0119pu do informacji. W przypadku, gdy podmiot publiczny odm\u00f3wi realizacji \u017c\u0105dania zapewnienia dost\u0119pno\u015bci lub alternatywnego sposobu dost\u0119pu do informacji, wnosz\u0105cy \u017c\u0105danie mo\u017cne z\u0142o\u017cy\u0107 skarg\u0119 w sprawie zapewniana dost\u0119pno\u015bci cyfrowej strony internetowej, aplikacji mobilnej lub elementu strony internetowej, lub aplikacji mobilnej. Po wyczerpaniu wskazanej wy\u017cej procedury mo\u017cna tak\u017ce z\u0142o\u017cy\u0107 wniosek do Rzecznika Praw Obywatelskich.<\/p>\n<p><a href=\"https:\/\/www.rpo.gov.pl\/content\/jak-zglosic-sie-do-rzecznika-praw-obywatelskich\">Strona internetowa Rzecznika Praw Obywatelskich<\/a><\/p>\n<p><strong>Dost\u0119pno\u015b\u0107 architektoniczna<\/strong><\/p>\n<p>Adres:<\/p>\n<p>Wojew\u00f3dztwo: ma\u0142opolskie<\/p>\n<p>Powiat: nowotarski<\/p>\n<p>Gmina: Raba Wy\u017cna<\/p>\n<p>Miejscowo\u015b\u0107: Rokiciny Podhala\u0144skie 14A<\/p>\n<p>Kod pocztowy: 34-721<\/p>\n<p><strong>Parking<\/strong><\/p>\n<p>Przy budynku biura Stowarzyszenie Przyjazna Dolina Raby i Czarnej Orawy znajduje si\u0119 parking. Nie ma wyznaczonych miejsc dla os\u00f3b niepe\u0142nosprawnych. W przypadku braku miejsc przy budynku istnieje mo\u017cliwo\u015b\u0107 zaparkowania przy drodze.<\/p>\n<p>Parking jest bezp\u0142atny.<\/p>\n<p>Biuro znajduj\u0119 si\u0119 na pierwszym pi\u0119trze. W budynku nie ma windy.<\/p>\n<p>Dla os\u00f3b na w\u00f3zkach dost\u0119pne s\u0105 korytarze i pomieszczenia na parterze. W przypadku obs\u0142ugi os\u00f3b niepe\u0142nosprawnych pracownicy zejd\u0105 na parter po wcze\u015bniejszym kontakcie telefonicznym.<\/p>\n<p>W budynku biura nie ma zamontowanych informacji g\u0142osowych, p\u0119tli indukcyjnych, brak jest \u015bcie\u017cek naprowadzaj\u0105cych dla os\u00f3b niewidomych\/s\u0142abowidz\u0105cych.\u00a0 Do biura mo\u017ce wej\u015b\u0107 osoba z psem asystuj\u0105cym.<\/p>\n<p>Nie ma mo\u017cliwo\u015bci skorzystania z t\u0142umacza j\u0119zyka migowego oraz t\u0142umacza alfabetu Braille\u00b4a dla os\u00f3b niewidomych.<\/p>\n<p>&nbsp;<\/p>\n<p><strong>Aplikacje mobilne<\/strong><\/p>\n<p>Brak<\/p>\n<p><strong>\u00a0<\/strong><\/p>\n<p><strong>Dodatkowe informacje<\/strong><\/p>\n<p>Do ko\u0144ca 2023 roku strona internetowa zostanie w pe\u0142ni dostosowana do wymaga\u0144 prawnych.<\/p>\n<p>Aktualnie trwaj\u0105 prac\u0119 serwisowe maj\u0105ce na celu likwidacj\u0119 wi\u0119kszo\u015bci niespe\u0142nionych wymaga\u0144 WCAG.<\/p>\n<p>&nbsp;<\/p>\n","protected":false},"excerpt":{"rendered":"<p>Deklaracja dost\u0119pno\u015bci Deklaracja Dost\u0119pno\u015bci dla strony internetowej https:\/\/przyjaznadolinaraby.info\/ Stowarzyszenie Przyjazna Dolina Raby i Czarnej Orawy zobowi\u0105zuje si\u0119 zapewni\u0107 dost\u0119pno\u015b\u0107 swojej strony internetowej zgodnie z przepisami ustawy z dnia 4 kwietnia 2019 r. o dost\u0119pno\u015bci cyfrowej stron internetowych i aplikacji mobilnych podmiot\u00f3w publicznych. O\u015bwiadczenie w sprawie dost\u0119pno\u015bci ma zastosowanie do strony internetowej Stowarzyszenia Przyjazna Dolina Raby <a href=\"https:\/\/przyjaznadolinaraby.info\/2014-2020\/deklaracja-dostepnosci\/\" class=\"more-link\">&#8230;<span class=\"screen-reader-text\">  Deklaracja dost\u0119pno\u015bci<\/span><\/a><\/p>\n","protected":false},"author":6,"featured_media":0,"parent":0,"menu_order":0,"comment_status":"closed","ping_status":"closed","template":"","meta":{"_monsterinsights_skip_tracking":false,"_monsterinsights_sitenote_active":false,"_monsterinsights_sitenote_note":"","_monsterinsights_sitenote_category":0,"footnotes":""},"tags":[],"acf":[],"_links":{"self":[{"href":"https:\/\/przyjaznadolinaraby.info\/2014-2020\/wp-json\/wp\/v2\/pages\/10365"}],"collection":[{"href":"https:\/\/przyjaznadolinaraby.info\/2014-2020\/wp-json\/wp\/v2\/pages"}],"about":[{"href":"https:\/\/przyjaznadolinaraby.info\/2014-2020\/wp-json\/wp\/v2\/types\/page"}],"author":[{"embeddable":true,"href":"https:\/\/przyjaznadolinaraby.info\/2014-2020\/wp-json\/wp\/v2\/users\/6"}],"replies":[{"embeddable":true,"href":"https:\/\/przyjaznadolinaraby.info\/2014-2020\/wp-json\/wp\/v2\/comments?post=10365"}],"version-history":[{"count":3,"href":"https:\/\/przyjaznadolinaraby.info\/2014-2020\/wp-json\/wp\/v2\/pages\/10365\/revisions"}],"predecessor-version":[{"id":10370,"href":"https:\/\/przyjaznadolinaraby.info\/2014-2020\/wp-json\/wp\/v2\/pages\/10365\/revisions\/10370"}],"wp:attachment":[{"href":"https:\/\/przyjaznadolinaraby.info\/2014-2020\/wp-json\/wp\/v2\/media?parent=10365"}],"wp:term":[{"taxonomy":"post_tag","embeddable":true,"href":"https:\/\/przyjaznadolinaraby.info\/2014-2020\/wp-json\/wp\/v2\/tags?post=10365"}],"curies":[{"name":"wp","href":"https:\/\/api.w.org\/{rel}","templated":true}]}}