{"id":10720,"date":"2023-11-23T14:27:30","date_gmt":"2023-11-23T13:27:30","guid":{"rendered":"http:\/\/przyjaznadolinaraby.info\/2014-2020\/?page_id=10720"},"modified":"2023-12-04T12:22:23","modified_gmt":"2023-12-04T11:22:23","slug":"zapytania-ofertowe-2","status":"publish","type":"page","link":"https:\/\/przyjaznadolinaraby.info\/2014-2020\/zapytania-ofertowe-2\/","title":{"rendered":"Zapytania ofertowe"},"content":{"rendered":"<h3><a href=\"https:\/\/lgd-mszana.pl\/dokumenty\/zapytania-ofertowe\/?fbclid=IwAR2ZuoAztNbHmHDcaiGD5-RNajsdyrGQqJ5IGHrW6L-9yvihe_xIr5hiSUA\"><strong>ZAPROSZENIE NR 1\/2023 DO SK\u0141ADANIA OFERT NA STRON\u0118 INTERNETOW\u0104 &#8211; 04.12.2023<\/strong><\/a><\/h3>\n","protected":false},"excerpt":{"rendered":"<p>ZAPROSZENIE NR 1\/2023 DO SK\u0141ADANIA OFERT NA STRON\u0118 INTERNETOW\u0104 &#8211; 04.12.2023<\/p>\n","protected":false},"author":6,"featured_media":0,"parent":0,"menu_order":0,"comment_status":"closed","ping_status":"closed","template":"","meta":{"_monsterinsights_skip_tracking":false,"_monsterinsights_sitenote_active":false,"_monsterinsights_sitenote_note":"","_monsterinsights_sitenote_category":0,"footnotes":""},"tags":[],"acf":[],"_links":{"self":[{"href":"https:\/\/przyjaznadolinaraby.info\/2014-2020\/wp-json\/wp\/v2\/pages\/10720"}],"collection":[{"href":"https:\/\/przyjaznadolinaraby.info\/2014-2020\/wp-json\/wp\/v2\/pages"}],"about":[{"href":"https:\/\/przyjaznadolinaraby.info\/2014-2020\/wp-json\/wp\/v2\/types\/page"}],"author":[{"embeddable":true,"href":"https:\/\/przyjaznadolinaraby.info\/2014-2020\/wp-json\/wp\/v2\/users\/6"}],"replies":[{"embeddable":true,"href":"https:\/\/przyjaznadolinaraby.info\/2014-2020\/wp-json\/wp\/v2\/comments?post=10720"}],"version-history":[{"count":3,"href":"https:\/\/przyjaznadolinaraby.info\/2014-2020\/wp-json\/wp\/v2\/pages\/10720\/revisions"}],"predecessor-version":[{"id":10727,"href":"https:\/\/przyjaznadolinaraby.info\/2014-2020\/wp-json\/wp\/v2\/pages\/10720\/revisions\/10727"}],"wp:attachment":[{"href":"https:\/\/przyjaznadolinaraby.info\/2014-2020\/wp-json\/wp\/v2\/media?parent=10720"}],"wp:term":[{"taxonomy":"post_tag","embeddable":true,"href":"https:\/\/przyjaznadolinaraby.info\/2014-2020\/wp-json\/wp\/v2\/tags?post=10720"}],"curies":[{"name":"wp","href":"https:\/\/api.w.org\/{rel}","templated":true}]}}