{"id":10790,"date":"2024-03-14T13:25:16","date_gmt":"2024-03-14T12:25:16","guid":{"rendered":"https:\/\/przyjaznadolinaraby.info\/2014-2020\/?page_id=10790"},"modified":"2024-03-14T13:38:10","modified_gmt":"2024-03-14T12:38:10","slug":"2022-2","status":"publish","type":"page","link":"https:\/\/przyjaznadolinaraby.info\/2014-2020\/2022-2\/","title":{"rendered":"2022"},"content":{"rendered":"\r\n\r\n\r\n\r\n\r\n<p><strong><a href=\"https:\/\/przyjaznadolinaraby.info\/2014-2020\/nabor-nr-1-2022-rozwoj-ogolnodostepnej-i-niekomercyjnej-infrastruktury-turystycznej-lub-rekreacyjnej-lub-kulturalnej-nowe-lub-zmodernizowane-obiekty-infrastruktury-turystycznej-i-rekreacyjnej\/\">Nab\u00f3r nr 1\/2022<\/a>&#8211;<\/strong>ROZW\u00d3J OG\u00d3LNODOST\u0118PNEJ I NIEKOMERCYJNEJ INFRASTRUKTURY TURYSTYCZNEJ LUB REKREACYJNEJ, LUB KULTURALNEJ (NOWE LUB ZMODERNIZOWANE OBIEKTY INFRASTRUKTURY TURYSTYCZNEJ I REKREACYJNEJ )<\/p>\r\n\r\n\r\n\r\n<p>Protok\u00f3\u0142 z Rady: <a role=\"link\" href=\"https:\/\/drive.google.com\/file\/d\/1nuiQXkxqVX_P3MIlEn9YIYM5VV5Fp872\/view?usp=sharing\">PROTOK\u00d3\u0141 XXXI<\/a><\/p>\r\n\r\n\r\n\r\n<p>Listy:<\/p>\r\n\r\n\r\n\r\n<p><a role=\"link\" href=\"https:\/\/drive.google.com\/file\/d\/1tJNoSwRg5QT8LI7KHjGUYKgi0Bh2fYg6\/view?usp=sharing\"> Lista operacji zgodnych z og\u0142oszeniem naboru wniosk\u00f3w o przyznanie pomocy oraz zgodnych z LSR w ramach naboru nr 1\/2022 <\/a><\/p>\r\n\r\n\r\n\r\n<p><a role=\"link\" href=\"https:\/\/drive.google.com\/file\/d\/1q8mNVeM3gdHhKakOW2_4_l2KQ_fC0Unl\/view?usp=sharing\">Lista operacji wybranych do finansowania w ramach naboru nr\u00a0 1\/2022\u00a0<\/a><\/p>\r\n\r\n\r\n\r\n<p>&nbsp;<\/p>\r\n\r\n\r\n\r\n<p><strong><a href=\"https:\/\/przyjaznadolinaraby.info\/2014-2020\/nabor-nr-2-2022-promowanie-obszaru-objetego-lsr-w-tym-produktow-lub-uslug-lokalnych-dzialania-promocyjne-obszaru\/\">Nab\u00f3r nr 2\/2022-<\/a>\u00a0<\/strong>PROMOWANIE OBSZARU OBJ\u0118TEGO LSR, W TYM PRODUKT\u00d3W LUB US\u0141UG LOKALNYCH (DZIA\u0141ANIA PROMOCYJNE OBSZARU )<\/p>\r\n\r\n\r\n\r\n<p>Protok\u00f3\u0142 z Rady: <a role=\"link\" href=\"https:\/\/drive.google.com\/file\/d\/1nuiQXkxqVX_P3MIlEn9YIYM5VV5Fp872\/view?usp=sharing\">PROTOK\u00d3\u0141 XXXI<\/a><\/p>\r\n<p>\r\n\r\n<\/p>\r\n<p>Listy:<\/p>\r\n<p><a role=\"link\" href=\"https:\/\/drive.google.com\/file\/d\/11__9VDtBAC6EO_4SlOtS1zrEl60pKQM7\/view?usp=sharing\">Lista operacji zgodnych z og\u0142oszeniem naboru wniosk\u00f3w o przyznanie pomocy oraz zgodnych z LSR w ramach naboru nr 2\/2022 organizowanego przez Stowarzyszenie Przyjazna Dolina Raby i Czarnej Orawy<\/a><\/p>\r\n<p><a role=\"link\" href=\"https:\/\/drive.google.com\/file\/d\/1ilV-hx1KnOnO3oK46ZQHFIwCot89V0oV\/view?usp=sharing\">Lista operacji wybranych do finansowania w ramach naboru nr\u00a0 2\/2022 organizowanego przez Stowarzyszenie Przyjazna Dolina Raby i Czarnej Orawy<\/a><\/p>\r\n<p>&nbsp;<\/p>\r\n\r\n\r\n\r\n<p><a href=\"https:\/\/przyjaznadolinaraby.info\/2014-2020\/nabor-nr-3-2022-zachowanie-dziedzictwa-lokalnego-zabytki-poddane-pracom-konserwatorskim-w-wyniku-wsparcia-w-ramach-lsr\/\"><strong>Nab\u00f3r nr 3\/2022 <\/strong><\/a><strong>&#8211;<\/strong>ZACHOWANIE DZIEDZICTWA LOKALNEGO (ZABYTKI PODDANE PRACOM KONSERWATORSKIM W WYNIKU WSPARCIA W RAMACH LSR )<\/p>\r\n\r\n\r\n\r\n<p>Protok\u00f3\u0142 z Rady: <a role=\"link\" href=\"https:\/\/drive.google.com\/file\/d\/1nuiQXkxqVX_P3MIlEn9YIYM5VV5Fp872\/view?usp=sharing\">PROTOK\u00d3\u0141 XXXI<\/a><\/p>\r\n\r\n\r\n\r\n<p>Listy:<\/p>\r\n<p><a role=\"link\" href=\"https:\/\/drive.google.com\/file\/d\/11I-Vz4VaaXFP7fJLdKWG-zSCe_vLqBYy\/view?usp=sharing\">Lista operacji zgodnych z og\u0142oszeniem naboru wniosk\u00f3w o przyznanie pomocy oraz zgodnych z LSR w ramach naboru nr 3\/2022 <\/a><\/p>\r\n<p><a role=\"link\" href=\"https:\/\/drive.google.com\/file\/d\/1ebkhEiwno6fNazcX-AKFIdUleHGFxF2W\/view?usp=sharing\">Lista operacji wybranych do finansowania w ramach naboru nr\u00a0 3\/2022\u00a0<\/a><\/p>\r\n<p>&nbsp;<\/p>\r\n<p><a href=\"https:\/\/przyjaznadolinaraby.info\/2014-2020\/nabor-nr-4-2022-podejmowanie-dzialalnosci-gospodarczejutworzenie-nowego-przedsiebiorstwa\/\"><strong>Nab\u00f3r nr 4\/2022- <\/strong><\/a>PODEJMOWANIE DZIA\u0141ALNO\u015aCI GOSPODARCZEJ(UTWORZENIE NOWEGO PRZEDSI\u0118BIORSTWA)<\/p>\r\n<p>\r\n\r\n<\/p>\r\n<p>Protok\u00f3\u0142 z Rady: <a role=\"link\" href=\"https:\/\/drive.google.com\/file\/d\/1rsD4pL8K2oVsAtEgIb8EKxNSf-rUU9lB\/view?usp=sharing\">PROTOK\u00d3\u0141 XXXII<\/a><\/p>\r\n<p>\r\n\r\n<\/p>\r\n<p>Listy:<\/p>\r\n<p><a role=\"link\" href=\"https:\/\/drive.google.com\/file\/d\/1M7UU001eUDs6cUj4LWH25RJEgUokKfgM\/view?usp=sharing\">Lista operacji zgodnych z og\u0142oszeniem naboru wniosk\u00f3w o przyznanie pomocy oraz zgodnych z LSR w ramach naboru nr 4\/2022<\/a><\/p>\r\n<p><a role=\"link\" href=\"https:\/\/drive.google.com\/file\/d\/14_YHX3IPD_k-ckeh_mRUtJYVFdCAEQmc\/view?usp=sharing\">Lista operacji wybranych do finansowania w ramach naboru nr\u00a0 4\/2022\u00a0<\/a><\/p>\r\n<p>&nbsp;<\/p>\r\n<p><strong><a href=\"https:\/\/przyjaznadolinaraby.info\/2014-2020\/nabor-nr-5-2022-rozwijanie-dzialalnosci-gospodarczej\/\">Nab\u00f3r nr 5\/2022<\/a>&#8211;<\/strong>ROZWIJANIE DZIA\u0141ALNO\u015aCI GOSPODARCZEJ<\/p>\r\n<p>\r\n\r\n<\/p>\r\n<p>Protok\u00f3\u0142 z Rady: <a role=\"link\" href=\"https:\/\/drive.google.com\/file\/d\/1rsD4pL8K2oVsAtEgIb8EKxNSf-rUU9lB\/view?usp=sharing\">PROTOK\u00d3\u0141 XXXII<\/a><\/p>\r\n<p>\r\n\r\n<\/p>\r\n<p>Listy:<\/p>\r\n<p><a role=\"link\" href=\"https:\/\/drive.google.com\/file\/d\/1hpn2u9l19N_AhyWxvMS_f2GVFOMsdEfi\/view?usp=sharing\">Lista operacji zgodnych z og\u0142oszeniem naboru wniosk\u00f3w o przyznanie pomocy oraz zgodnych z LSR w ramach naboru nr 5\/2022<\/a><\/p>\r\n<p><a role=\"link\" href=\"https:\/\/drive.google.com\/file\/d\/1cDPWiuANYkYq82nR-_mG3ksQISYy5qnp\/view?usp=sharing\">Lista operacji wybranych do finansowania w ramach naboru nr\u00a0 5\/2022<\/a><\/p>\r\n<p>&nbsp;<\/p>\r\n<p><strong><a href=\"https:\/\/przyjaznadolinaraby.info\/2014-2020\/nabor-nr-6-2022-podejmowanie-dzialalnosci-gospodarczejutworzenie-nowego-przedsiebiorstwa-w-turystyce\/\">Nab\u00f3r nr 6\/2022-<\/a><\/strong>PODEJMOWANIE DZIA\u0141ALNO\u015aCI GOSPODARCZEJ(UTWORZENIE NOWEGO PRZEDSI\u0118BIORSTWA W TURYSTYCE)<\/p>\r\n<p>\r\n\r\n<\/p>\r\n<p>Protok\u00f3\u0142 z Rady: <a role=\"link\" href=\"http:\/\/przyjaznadolinaraby.info\/2014-2020\/wp-content\/uploads\/2022\/09\/Protokol-XXXV.pdf\">Protok\u00f3\u0142 XXXV<\/a><\/p>\r\n<p>\r\n\r\n<\/p>\r\n<p>Listy:<\/p>\r\n<p><a role=\"link\" href=\"https:\/\/drive.google.com\/file\/d\/1uLy5_hUaM69SM9BXLwSWdIPqayEgGhzu\/view?usp=sharing\">Lista operacji zgodnych z og\u0142oszeniem naboru wniosk\u00f3w o przyznanie pomocy oraz zgodnych z LSR w ramach naboru nr 6\/2022 <\/a><\/p>\r\n<p><a role=\"link\" href=\"https:\/\/drive.google.com\/file\/d\/1X26jkz_rwMXt9bIghNyIj57Gjib6PeTN\/view?usp=sharing\">Lista operacji wybranych do finansowania w ramach naboru nr\u00a0 6\/2022\u00a0<\/a><\/p>\r\n<p>&nbsp;<\/p>\r\n<p><strong><a href=\"https:\/\/przyjaznadolinaraby.info\/2014-2020\/nabor-nr-7-2022-promowanie-obszaru-objetego-lsr-w-tym-produktow-lub-uslug-lokalnych-dzialania-promocyjne-obszaru\/\">Nab\u00f3r nr 7\/2022<\/a>&#8211;<\/strong>PROMOWANIE OBSZARU OBJ\u0118TEGO LSR, W TYM PRODUKT\u00d3W LUB US\u0141UG LOKALNYCH (DZIA\u0141ANIA PROMOCYJNE OBSZARU )<\/p>\r\n<p>\r\n\r\n<\/p>\r\n<p>Protok\u00f3\u0142 z Rady: <a role=\"link\" href=\"http:\/\/przyjaznadolinaraby.info\/2014-2020\/wp-content\/uploads\/2022\/12\/protokol-xxxvi.pdf\">Protok\u00f3\u0142 XXXVI<\/a><\/p>\r\n<p>\r\n\r\n<\/p>\r\n<p>Listy:<\/p>\r\n\r\n\r\n\r\n\r\n\r\n<p><a role=\"link\" href=\"http:\/\/przyjaznadolinaraby.info\/2014-2020\/wp-content\/uploads\/2022\/12\/zgodne-z-lsr-7-2022.pdf\">Lista operacji zgodnych z og\u0142oszeniem naboru wniosk\u00f3w o przyznanie pomocy oraz zgodnych z LSR w ramach naboru nr 7\/2022<\/a><\/p>\r\n<p><a role=\"link\" href=\"http:\/\/przyjaznadolinaraby.info\/2014-2020\/wp-content\/uploads\/2022\/12\/wybrane-do-finansowania-nabor-7-2022.pdf\">Lista operacji wybranych do finansowania w ramach naboru nr 7\/2022 <\/a><\/p>\r\n","protected":false},"excerpt":{"rendered":"<p>Nab\u00f3r nr 1\/2022&#8211;ROZW\u00d3J OG\u00d3LNODOST\u0118PNEJ I NIEKOMERCYJNEJ INFRASTRUKTURY TURYSTYCZNEJ LUB REKREACYJNEJ, LUB KULTURALNEJ (NOWE LUB ZMODERNIZOWANE OBIEKTY INFRASTRUKTURY TURYSTYCZNEJ I REKREACYJNEJ ) Protok\u00f3\u0142 z Rady: PROTOK\u00d3\u0141 XXXI Listy: Lista operacji zgodnych z og\u0142oszeniem naboru wniosk\u00f3w o przyznanie pomocy oraz zgodnych z LSR w ramach naboru nr 1\/2022 Lista operacji wybranych do finansowania w ramach naboru nr\u00a0 <a href=\"https:\/\/przyjaznadolinaraby.info\/2014-2020\/2022-2\/\" class=\"more-link\">&#8230;<span class=\"screen-reader-text\">  2022<\/span><\/a><\/p>\n","protected":false},"author":6,"featured_media":0,"parent":0,"menu_order":0,"comment_status":"closed","ping_status":"closed","template":"","meta":{"_monsterinsights_skip_tracking":false,"_monsterinsights_sitenote_active":false,"_monsterinsights_sitenote_note":"","_monsterinsights_sitenote_category":0,"footnotes":""},"tags":[],"acf":[],"_links":{"self":[{"href":"https:\/\/przyjaznadolinaraby.info\/2014-2020\/wp-json\/wp\/v2\/pages\/10790"}],"collection":[{"href":"https:\/\/przyjaznadolinaraby.info\/2014-2020\/wp-json\/wp\/v2\/pages"}],"about":[{"href":"https:\/\/przyjaznadolinaraby.info\/2014-2020\/wp-json\/wp\/v2\/types\/page"}],"author":[{"embeddable":true,"href":"https:\/\/przyjaznadolinaraby.info\/2014-2020\/wp-json\/wp\/v2\/users\/6"}],"replies":[{"embeddable":true,"href":"https:\/\/przyjaznadolinaraby.info\/2014-2020\/wp-json\/wp\/v2\/comments?post=10790"}],"version-history":[{"count":8,"href":"https:\/\/przyjaznadolinaraby.info\/2014-2020\/wp-json\/wp\/v2\/pages\/10790\/revisions"}],"predecessor-version":[{"id":10798,"href":"https:\/\/przyjaznadolinaraby.info\/2014-2020\/wp-json\/wp\/v2\/pages\/10790\/revisions\/10798"}],"wp:attachment":[{"href":"https:\/\/przyjaznadolinaraby.info\/2014-2020\/wp-json\/wp\/v2\/media?parent=10790"}],"wp:term":[{"taxonomy":"post_tag","embeddable":true,"href":"https:\/\/przyjaznadolinaraby.info\/2014-2020\/wp-json\/wp\/v2\/tags?post=10790"}],"curies":[{"name":"wp","href":"https:\/\/api.w.org\/{rel}","templated":true}]}}