{"id":10800,"date":"2024-03-14T13:44:27","date_gmt":"2024-03-14T12:44:27","guid":{"rendered":"https:\/\/przyjaznadolinaraby.info\/2014-2020\/?page_id=10800"},"modified":"2024-03-14T13:48:07","modified_gmt":"2024-03-14T12:48:07","slug":"2023-2","status":"publish","type":"page","link":"https:\/\/przyjaznadolinaraby.info\/2014-2020\/2023-2\/","title":{"rendered":"2023"},"content":{"rendered":"\r\n\r\n\r\n\r\n\r\n<p><strong><a href=\"https:\/\/przyjaznadolinaraby.info\/2014-2020\/nabor-nr-1-2023-podejmowanie-dzialalnosci-gospodarczejutworzenie-nowego-przedsiebiorstwa\/\">Nab\u00f3r nr 1\/2023<\/a>&#8211;<\/strong>PODEJMOWANIE DZIA\u0141ALNO\u015aCI GOSPODARCZEJ(UTWORZENIE NOWEGO PRZEDSI\u0118BIORSTWA )<\/p>\r\n\r\n\r\n\r\n<p>Protok\u00f3\u0142 z Rady: <a role=\"link\" href=\"http:\/\/przyjaznadolinaraby.info\/2014-2020\/wp-content\/uploads\/2023\/05\/Protokol-XXXVII.pdf\">Protok\u00f3\u0142 XXXVII<\/a><\/p>\r\n\r\n\r\n\r\n<p>Listy:<\/p>\r\n<p><a role=\"link\" href=\"http:\/\/przyjaznadolinaraby.info\/2014-2020\/wp-content\/uploads\/2023\/05\/operacje-zgodne-z-LSR-1-2023.pdf\">Lista operacji zgodnych z og\u0142oszeniem naboru wniosk\u00f3w o przyznanie pomocy oraz zgodnych z LSR w ramach naboru nr 1\/2023<\/a><\/p>\r\n<p><a role=\"link\" href=\"http:\/\/przyjaznadolinaraby.info\/2014-2020\/wp-content\/uploads\/2023\/05\/operacje-wybrane-do-finansowania-1-2023.pdf\">Lista operacji wybranych do finansowania w ramach naboru nr 1\/2023<\/a><\/p>\r\n<p>*<\/p>\r\n<p><strong><a href=\"https:\/\/przyjaznadolinaraby.info\/2014-2020\/nabor-nr-2-2023-podejmowanie-dzialalnosci-gospodarczejutworzenie-nowego-przedsiebiorstwa\/\">Nab\u00f3r nr 2\/2023<\/a>&#8211;<\/strong>PODEJMOWANIE DZIA\u0141ALNO\u015aCI GOSPODARCZEJ(UTWORZENIE NOWEGO PRZEDSI\u0118BIORSTWA )<\/p>\r\n<p>\r\n\r\n<\/p>\r\n<p>Protok\u00f3\u0142 z Rady: <a role=\"link\" href=\"http:\/\/przyjaznadolinaraby.info\/2014-2020\/wp-content\/uploads\/2023\/11\/Protokol-XXXIX-2023.pdf\">Protok\u00f3\u0142 XXXIX<\/a><\/p>\r\n<p>\r\n\r\n<\/p>\r\n<p>Listy:<\/p>\r\n<p><a role=\"link\" href=\"http:\/\/przyjaznadolinaraby.info\/2014-2020\/wp-content\/uploads\/2023\/11\/2-2023-Lista-zgodna-z-ogloszeniem-i-LSR.pdf\">Lista operacji zgodnych z og\u0142oszeniem naboru wniosk\u00f3w o przyznanie pomocy oraz zgodnych z LSR w ramach naboru nr 2\/2023<\/a><\/p>\r\n<p><a role=\"link\" href=\"http:\/\/przyjaznadolinaraby.info\/2014-2020\/wp-content\/uploads\/2023\/11\/2-2023-Lista-wybranych-do-finansowania.pdf\">Lista operacji wybranych do finansowania w ramach naboru nr 2\/2023<\/a><\/p>\r\n<p>*<\/p>\r\n<p><strong><a href=\"https:\/\/przyjaznadolinaraby.info\/2014-2020\/nabor-nr-3-2023-podejmowanie-dzialalnosci-gospodarczejutworzenie-nowego-przedsiebiorstwa-w-turystyce\/\">Nab\u00f3r nr 3\/2023<\/a>&#8211;<\/strong>PODEJMOWANIE DZIA\u0141ALNO\u015aCI GOSPODARCZEJ(UTWORZENIE NOWEGO PRZEDSI\u0118BIORSTWA W TURYSTYCE )<\/p>\r\n<p>\r\n\r\n<\/p>\r\n<p>Protok\u00f3\u0142 z Rady: <a role=\"link\" href=\"http:\/\/przyjaznadolinaraby.info\/2014-2020\/wp-content\/uploads\/2023\/11\/Protokol-XXXIX-2023.pdf\">Protok\u00f3\u0142 XXXIX<\/a><\/p>\r\n<p>\r\n\r\n<\/p>\r\n<p>Listy:<\/p>\r\n<p><a role=\"link\" href=\"http:\/\/przyjaznadolinaraby.info\/2014-2020\/wp-content\/uploads\/2023\/11\/3-2023-Lista-zgodna-z-ogloszeniem-i-LSR.pdf\">Lista operacji zgodnych z og\u0142oszeniem naboru wniosk\u00f3w o przyznanie pomocy oraz zgodnych z LSR w ramach naboru nr 3\/2023 organizowanego przez Stowarzyszenie Przyjazna Dolina Raby i Czarnej Orawy<\/a><\/p>\r\n<p><a role=\"link\" href=\"http:\/\/przyjaznadolinaraby.info\/2014-2020\/wp-content\/uploads\/2023\/11\/3-2023-Lista-wybranych-do-finansowania.pdf\">Lista operacji wybranych do finansowania w ramach naboru nr 3\/2023 organizowanego przez Stowarzyszenie Przyjazna Dolina Raby i Czarnej Orawy<\/a><\/p>\r\n\r\n\r\n\r\n<p>&nbsp;<\/p>\r\n","protected":false},"excerpt":{"rendered":"<p>Nab\u00f3r nr 1\/2023&#8211;PODEJMOWANIE DZIA\u0141ALNO\u015aCI GOSPODARCZEJ(UTWORZENIE NOWEGO PRZEDSI\u0118BIORSTWA ) Protok\u00f3\u0142 z Rady: Protok\u00f3\u0142 XXXVII Listy: Lista operacji zgodnych z og\u0142oszeniem naboru wniosk\u00f3w o przyznanie pomocy oraz zgodnych z LSR w ramach naboru nr 1\/2023 Lista operacji wybranych do finansowania w ramach naboru nr 1\/2023 * Nab\u00f3r nr 2\/2023&#8211;PODEJMOWANIE DZIA\u0141ALNO\u015aCI GOSPODARCZEJ(UTWORZENIE NOWEGO PRZEDSI\u0118BIORSTWA ) Protok\u00f3\u0142 z Rady: <a href=\"https:\/\/przyjaznadolinaraby.info\/2014-2020\/2023-2\/\" class=\"more-link\">&#8230;<span class=\"screen-reader-text\">  2023<\/span><\/a><\/p>\n","protected":false},"author":6,"featured_media":0,"parent":0,"menu_order":0,"comment_status":"closed","ping_status":"closed","template":"","meta":{"_monsterinsights_skip_tracking":false,"_monsterinsights_sitenote_active":false,"_monsterinsights_sitenote_note":"","_monsterinsights_sitenote_category":0,"footnotes":""},"tags":[],"acf":[],"_links":{"self":[{"href":"https:\/\/przyjaznadolinaraby.info\/2014-2020\/wp-json\/wp\/v2\/pages\/10800"}],"collection":[{"href":"https:\/\/przyjaznadolinaraby.info\/2014-2020\/wp-json\/wp\/v2\/pages"}],"about":[{"href":"https:\/\/przyjaznadolinaraby.info\/2014-2020\/wp-json\/wp\/v2\/types\/page"}],"author":[{"embeddable":true,"href":"https:\/\/przyjaznadolinaraby.info\/2014-2020\/wp-json\/wp\/v2\/users\/6"}],"replies":[{"embeddable":true,"href":"https:\/\/przyjaznadolinaraby.info\/2014-2020\/wp-json\/wp\/v2\/comments?post=10800"}],"version-history":[{"count":5,"href":"https:\/\/przyjaznadolinaraby.info\/2014-2020\/wp-json\/wp\/v2\/pages\/10800\/revisions"}],"predecessor-version":[{"id":10805,"href":"https:\/\/przyjaznadolinaraby.info\/2014-2020\/wp-json\/wp\/v2\/pages\/10800\/revisions\/10805"}],"wp:attachment":[{"href":"https:\/\/przyjaznadolinaraby.info\/2014-2020\/wp-json\/wp\/v2\/media?parent=10800"}],"wp:term":[{"taxonomy":"post_tag","embeddable":true,"href":"https:\/\/przyjaznadolinaraby.info\/2014-2020\/wp-json\/wp\/v2\/tags?post=10800"}],"curies":[{"name":"wp","href":"https:\/\/api.w.org\/{rel}","templated":true}]}}