{"id":139,"date":"2016-07-19T14:13:19","date_gmt":"2016-07-19T12:13:19","guid":{"rendered":"http:\/\/przyjaznadolinaraby.info\/2014-2020\/?page_id=139"},"modified":"2022-09-15T12:14:53","modified_gmt":"2022-09-15T10:14:53","slug":"spotkania","status":"publish","type":"page","link":"https:\/\/przyjaznadolinaraby.info\/2014-2020\/aktywizacja\/spotkania\/","title":{"rendered":"Spotkania"},"content":{"rendered":"<p><strong>2018<\/strong><\/p>\n<p class=\"entry-title\">Po raz kolejny zapraszamy na cykl spotka\u0144 konsultacyjno-szkoleniowych z mieszka\u0144cami. (GRANTY)<\/p>\n<p>Stowarzyszenie Przyjazna Dolina Raby i Czarnej Orawy zaplanowa\u0142a kolejny cykl spotka\u0144 z mieszka\u0144cami i potencjalnymi beneficjentami. Tematyka- <b>projekty grantowe<\/b>.\u00a0Do wzi\u0119cia udzia\u0142u w\u00a0spotkaniach zach\u0119camy przede wszystkim <strong>stowarzyszenia<\/strong> oraz innych beneficjent\u00f3w planuj\u0105cych dzia\u0142ania g\u0142\u00f3wnie <strong>w zakresie lokalnych inicjatyw spo\u0142ecznych<\/strong>.<br \/>\nHarmonogram <a href=\"http:\/\/przyjaznadolinaraby.info\/2014-2020\/2017\/12\/29\/spotkania-konsultacyjno-szkoleniowe-z-mieszkancami\/\">tu.<\/a><\/p>\n<p>W szczeg\u00f3lno\u015bci zapraszamy mieszka\u0144c\u00f3w obszaru LGD z <b>grup defaworyzowanych czyli:<\/b><\/p>\n<ul>\n<li><b>niepe\u0142nosprawnych, <\/b><\/li>\n<li><b>m\u0142odych ludzi bez pracy ( do 35 roku \u017cycia),<\/b><\/li>\n<li><b>starszych ludzi (po 65 roku \u017cycia) , <\/b><\/li>\n<li><b>m\u0142odych rodzic\u00f3w, a szczeg\u00f3lnie m\u0142ode matki, w tym matki samotne ( do 35 roku \u017cycia).<\/b><\/li>\n<\/ul>\n<p><strong>Relacja z w\/w spotka\u0144<\/strong><\/p>\n<p>Spotkania odbywa\u0142y si\u0119\u00a0 08.01.2018 &#8211; 10.01.2018 w poszczeg\u00f3lnych gminach cz\u0142onkowskich Stowarzyszenia Przyjazna Dolina Raby i Czarnej Orawy. Informacje\u00a0o spotkaniach by\u0142y umieszczone na stronie internetowej LGD, na stronach urz\u0119dowych oraz w mediach spo\u0142eczno\u015bciach. Tematem spotka\u0144 by\u0142y mo\u017cliwo\u015bci uzyskania dofinansowania z\u00a0 Programu Rozwoju Obszar\u00f3w Wiejskich 2014-2020 w ramach realizacji Strategii Rozwoju Lokalnego Kierowanego przez Spo\u0142eczno\u015b\u0107 Stowarzyszenia Przyjazna Dolina Raby i Czarnej Orawy na lata 2014-2020.<\/p>\n<p>Na ka\u017cdym spotkaniu zosta\u0142y przedstawione zasady funkcjonowania\u00a0 LGD oraz za\u0142o\u017cenia i g\u0142\u00f3wne cele LSR a tak\u017ce harmonogram nabor\u00f3w na 2017 rok. Nast\u0119pnie om\u00f3wiono projekty grantowe- tematyk\u0119, wska\u017aniki, zasady przyznania pomocy, procedury i lokalne kryteria wyboru operacji oraz ich interpretacj\u0119.<\/p>\n<p>Prezentacja do pobrania <a href=\"http:\/\/przyjaznadolinaraby.info\/2014-2020\/wp-content\/uploads\/2017\/02\/Prezentacja-2017-ok.ppsx\">tutaj<\/a>.<\/p>\n<p>Zdj\u0119cia:<\/p>\n<p>Lipnica Wielka, 08.01.2018<\/p>\n<p><img decoding=\"async\" class=\"alignnone wp-image-1703 size-large\" src=\"http:\/\/przyjaznadolinaraby.info\/2014-2020\/wp-content\/uploads\/2016\/07\/IMG_20180108_103359-1024x768.jpg\" alt=\"\" width=\"1024\" height=\"768\" srcset=\"https:\/\/przyjaznadolinaraby.info\/2014-2020\/wp-content\/uploads\/2016\/07\/IMG_20180108_103359-1024x768.jpg 1024w, https:\/\/przyjaznadolinaraby.info\/2014-2020\/wp-content\/uploads\/2016\/07\/IMG_20180108_103359-300x225.jpg 300w\" sizes=\"(max-width: 1024px) 100vw, 1024px\" \/><\/p>\n<p>Jab\u0142onka,08.01.2018<\/p>\n<p><img decoding=\"async\" class=\"alignnone wp-image-1704 size-full\" src=\"http:\/\/przyjaznadolinaraby.info\/2014-2020\/wp-content\/uploads\/2016\/07\/image1-e1515661581350.jpg\" alt=\"\" width=\"480\" height=\"640\" srcset=\"https:\/\/przyjaznadolinaraby.info\/2014-2020\/wp-content\/uploads\/2016\/07\/image1-e1515661581350.jpg 480w, https:\/\/przyjaznadolinaraby.info\/2014-2020\/wp-content\/uploads\/2016\/07\/image1-e1515661581350-225x300.jpg 225w\" sizes=\"(max-width: 480px) 100vw, 480px\" \/><\/p>\n<p>Spytkowice, 09.01.2018<\/p>\n<p><img decoding=\"async\" class=\"alignleft wp-image-1705 size-full\" src=\"http:\/\/przyjaznadolinaraby.info\/2014-2020\/wp-content\/uploads\/2016\/07\/IMG_20180109_115020.jpg\" alt=\"\" width=\"4160\" height=\"2340\" srcset=\"https:\/\/przyjaznadolinaraby.info\/2014-2020\/wp-content\/uploads\/2016\/07\/IMG_20180109_115020.jpg 4160w, https:\/\/przyjaznadolinaraby.info\/2014-2020\/wp-content\/uploads\/2016\/07\/IMG_20180109_115020-300x169.jpg 300w, https:\/\/przyjaznadolinaraby.info\/2014-2020\/wp-content\/uploads\/2016\/07\/IMG_20180109_115020-1024x576.jpg 1024w\" sizes=\"(max-width: 4160px) 100vw, 4160px\" \/><\/p>\n<p>Raba Wy\u017cna,\u00a009.01.2018<\/p>\n<p><img decoding=\"async\" class=\"alignnone wp-image-1706 size-full\" src=\"http:\/\/przyjaznadolinaraby.info\/2014-2020\/wp-content\/uploads\/2016\/07\/raba-e1515662027640.jpg\" alt=\"\" width=\"640\" height=\"480\" srcset=\"https:\/\/przyjaznadolinaraby.info\/2014-2020\/wp-content\/uploads\/2016\/07\/raba-e1515662027640.jpg 640w, https:\/\/przyjaznadolinaraby.info\/2014-2020\/wp-content\/uploads\/2016\/07\/raba-e1515662027640-300x225.jpg 300w\" sizes=\"(max-width: 640px) 100vw, 640px\" \/><\/p>\n<p>Rabka-Zdr\u00f3j, 10.01.2018<\/p>\n<p><img decoding=\"async\" class=\"wp-image-1707 size-medium\" src=\"http:\/\/przyjaznadolinaraby.info\/2014-2020\/wp-content\/uploads\/2016\/07\/IMG_20180110_130530-300x225.jpg\" alt=\"\" width=\"300\" height=\"225\" srcset=\"https:\/\/przyjaznadolinaraby.info\/2014-2020\/wp-content\/uploads\/2016\/07\/IMG_20180110_130530-300x225.jpg 300w, https:\/\/przyjaznadolinaraby.info\/2014-2020\/wp-content\/uploads\/2016\/07\/IMG_20180110_130530-1024x768.jpg 1024w\" sizes=\"(max-width: 300px) 100vw, 300px\" \/><\/p>\n<p><strong>2017<\/strong><\/p>\n<p class=\"entry-title\">Zapraszamy na kolejny cykl spotkania konsultacyjno-szkoleniowych z mieszka\u0144cami. (GRANTY)<\/p>\n<p>Stowarzyszenie Przyjazna Dolina Raby i Czarnej Orawy zaplanowa\u0142a kolejny cykl spotka\u0144 z mieszka\u0144cami i potencjalnymi beneficjentami. Tym razem\u00a0g\u0142\u00f3wn\u0105 tematyk\u0105 b\u0119d\u0105\u00a0<b>projekty grantowe<\/b>.\u00a0Do wzi\u0119cia udzia\u0142u w\u00a0spotkaniach zach\u0119camy przede wszystkim <strong>stowarzyszenia<\/strong> oraz innych beneficjent\u00f3w planuj\u0105cych dzia\u0142ania g\u0142\u00f3wnie <strong>w zakresie lokalnych inicjatyw spo\u0142ecznych<\/strong>.<br \/>\nHarmonogram spotka\u0144- <a href=\"http:\/\/przyjaznadolinaraby.info\/2014-2020\/wp-content\/uploads\/2017\/03\/plakat.pdf\"><u><span style=\"color: #5477a7;\">do pobrania.<\/span><\/u><\/a><\/p>\n<p>W szczeg\u00f3lno\u015bci zapraszamy mieszka\u0144c\u00f3w obszaru LGD z <b>grup defaworyzowanych czyli:<\/b><\/p>\n<ul>\n<li><b>niepe\u0142nosprawnych, <\/b><\/li>\n<li><b>m\u0142odych ludzi bez pracy ( do 35 roku \u017cycia),<\/b><\/li>\n<li><b>starszych ludzi (po 65 roku \u017cycia) , <\/b><\/li>\n<li><b>m\u0142odych rodzic\u00f3w, a szczeg\u00f3lnie m\u0142ode matki, w tym matki samotne ( do 35 roku \u017cycia).<\/b><\/li>\n<\/ul>\n<p><strong>Relacja z w\/w spotka\u0144<\/strong><\/p>\n<p>Spotkania odbywa\u0142y si\u0119\u00a0 03.04.2017\u00a0i 04.04.2017 w poszczeg\u00f3lnych gminach cz\u0142onkowskich Stowarzyszenia Przyjazna Dolina Raby i Czarnej Orawy. Informacje\u00a0o spotkaniach by\u0142y umieszczone na stronie internetowej LGD, na stronach urz\u0119dowych oraz w mediach spo\u0142eczno\u015bciach. Tematem spotka\u0144 by\u0142y mo\u017cliwo\u015bci uzyskania dofinansowania z\u00a0 Programu Rozwoju Obszar\u00f3w Wiejskich 2014-2020 w ramach realizacji Strategii Rozwoju Lokalnego Kierowanego przez Spo\u0142eczno\u015b\u0107 Stowarzyszenia Przyjazna Dolina Raby i Czarnej Orawy na lata 2014-2020.<\/p>\n<p>Na ka\u017cdym spotkaniu zosta\u0142y przedstawione zasady funkcjonowania\u00a0 LGD oraz za\u0142o\u017cenia i g\u0142\u00f3wne cele LSR a tak\u017ce harmonogram nabor\u00f3w na 2017 rok. Nast\u0119pnie om\u00f3wiono projekty grantowe- tematyk\u0119, wska\u017aniki, zasady przyznania pomocy, procedury i lokalne kryteria wyboru operacji oraz ich interpretacj\u0119. Ostatni\u0105 cz\u0119\u015b\u0107 stanowi\u0142a tematyka operacji w zakresie \u201epozosta\u0142ych konkurs\u00f3w\u201d &#8211; czyli dotacji na niekomercyjne inwestycje w infrastruktur\u0119 spo\u0142eczn\u0105, kulturaln\u0105 i sportow\u0105.<\/p>\n<p>Prezentacja do pobrania <a href=\"http:\/\/przyjaznadolinaraby.info\/2014-2020\/wp-content\/uploads\/2017\/02\/Prezentacja-2017-ok.ppsx\"><u><span style=\"color: #5477a7;\">tutaj<\/span><\/u><\/a>.<\/p>\n<p>Lipnica Wielka, 03.04.2017<\/p>\n<p><img decoding=\"async\" class=\"alignnone wp-image-1147 size-medium\" src=\"http:\/\/przyjaznadolinaraby.info\/2014-2020\/wp-content\/uploads\/2016\/07\/DSC_1715-e1492767516541-169x300.jpg\" alt=\"DSC_1715\" width=\"169\" height=\"300\" \/><\/p>\n<p>Rabka Zdr\u00f3j, 03.04.2017<\/p>\n<p><img decoding=\"async\" class=\"alignnone size-medium wp-image-1148\" src=\"http:\/\/przyjaznadolinaraby.info\/2014-2020\/wp-content\/uploads\/2016\/07\/IMG_20170403_134207-300x169.jpg\" alt=\"IMG_20170403_134207\" width=\"300\" height=\"169\" srcset=\"https:\/\/przyjaznadolinaraby.info\/2014-2020\/wp-content\/uploads\/2016\/07\/IMG_20170403_134207-300x169.jpg 300w, https:\/\/przyjaznadolinaraby.info\/2014-2020\/wp-content\/uploads\/2016\/07\/IMG_20170403_134207-1024x576.jpg 1024w\" sizes=\"(max-width: 300px) 100vw, 300px\" \/><\/p>\n<p>Spytkowice, 04.04.2017<\/p>\n<p><img decoding=\"async\" class=\"alignnone size-medium wp-image-1149\" src=\"http:\/\/przyjaznadolinaraby.info\/2014-2020\/wp-content\/uploads\/2016\/07\/spytkowice-03.04.17-225x300.jpg\" alt=\"spytkowice 03.04.17\" width=\"225\" height=\"300\" \/><\/p>\n<p>Raba Wy\u017cna,\u00a0 04.04.2017<\/p>\n<p><img decoding=\"async\" class=\"alignnone size-medium wp-image-1150\" src=\"http:\/\/przyjaznadolinaraby.info\/2014-2020\/wp-content\/uploads\/2016\/07\/DSC_06371-300x201.jpg\" alt=\"DSC_0637[1]\" width=\"300\" height=\"201\" srcset=\"https:\/\/przyjaznadolinaraby.info\/2014-2020\/wp-content\/uploads\/2016\/07\/DSC_06371-300x201.jpg 300w, https:\/\/przyjaznadolinaraby.info\/2014-2020\/wp-content\/uploads\/2016\/07\/DSC_06371-1024x685.jpg 1024w\" sizes=\"(max-width: 300px) 100vw, 300px\" \/><\/p>\n<p>Jab\u0142onka, 04.04.2017<\/p>\n<p><img decoding=\"async\" class=\"alignnone size-medium wp-image-1156\" src=\"http:\/\/przyjaznadolinaraby.info\/2014-2020\/wp-content\/uploads\/2016\/07\/IMG_20170404_160648-300x169.jpg\" alt=\"IMG_20170404_160648\" width=\"300\" height=\"169\" srcset=\"https:\/\/przyjaznadolinaraby.info\/2014-2020\/wp-content\/uploads\/2016\/07\/IMG_20170404_160648-300x169.jpg 300w, https:\/\/przyjaznadolinaraby.info\/2014-2020\/wp-content\/uploads\/2016\/07\/IMG_20170404_160648-1024x576.jpg 1024w\" sizes=\"(max-width: 300px) 100vw, 300px\" \/><\/p>\n<p><span style=\"font-size: 12pt;\">Zapraszamy na spotkania i konsultacje z mieszka\u0144cami w poszczeg\u00f3lnych gminach.(luty&#8217;17)<\/span><\/p>\n<p><strong>Tematyka:<\/strong><\/p>\n<p>Informacje o LGD, g\u0142\u00f3wne za\u0142o\u017cenia LSR na lata 2014-2020, harmonogram nabor\u00f3w na rok 2017, aktywizacja i motywacja realizacji swoich pomys\u0142\u00f3w w ramach LSR(mo\u017cliwe dofinansowania, warunki dofinansowa\u0144), wsparcie w przygotowaniu, realizacji i rozliczeniu projekt\u00f3w + analiza kryteri\u00f3w.<\/p>\n<p>W szczeg\u00f3lno\u015bci zapraszamy mieszka\u0144c\u00f3w obszaru LGD z <b>grup defaworyzowanych czyli:<\/b><\/p>\n<ul>\n<li><b>niepe\u0142nosprawnych, <\/b><\/li>\n<li><b>m\u0142odych ludzi bez pracy ( do 35 roku \u017cycia),<\/b><\/li>\n<li><b>starszych ludzi (po 65 roku \u017cycia) , <\/b><\/li>\n<li><b>m\u0142odych rodzic\u00f3w, a szczeg\u00f3lnie m\u0142ode matki, w tym matki samotne ( do 35 roku \u017cycia).<\/b><\/li>\n<\/ul>\n<p><a href=\"http:\/\/przyjaznadolinaraby.info\/2014-2020\/aktywizacja\/spotkania\/harmonogram\/\" rel=\"attachment wp-att-9985\">Pobierz harmonogram spotka\u0144 &#8211; kliknij tutaj<\/a><\/p>\n<p><strong>Relacja z w\/w spotka\u0144<\/strong><\/p>\n<p>Spotkania odbywa\u0142y si\u0119 od 02.02.2017 do 07.02.2017 w poszczeg\u00f3lnych gminach cz\u0142onkowskich Stowarzyszenia Przyjazna Dolina Raby i Czarnej Orawy. Informacje\u00a0o spotkaniach by\u0142y umieszczone na tablicach og\u0142osze\u0144 w Urz\u0119dach Gmin oraz publikowane na stronie internetowej LGD, na stronach urz\u0119dowych oraz w mediach spo\u0142eczno\u015bciach. Tematem spotka\u0144 by\u0142y mo\u017cliwo\u015bci uzyskania dofinansowania z\u00a0 Programu Rozwoju Obszar\u00f3w Wiejskich 2014-2020 w ramach realizacji Strategii Rozwoju Lokalnego Kierowanego przez Spo\u0142eczno\u015b\u0107 Stowarzyszenia Przyjazna Dolina Raby i Czarnej Orawy na lata 2014-2020.<\/p>\n<p>Na ka\u017cdym spotkaniu zosta\u0142y om\u00f3wione zasady funkcjonowania stowarzyszenia, g\u0142\u00f3wne cele LSR, zasady oceniania i wyboru operacji przez LGD(oraz ich interpretacja), planowane i dokonywane zmiany w kryteriach oraz w LSR\u00a0a tak\u017ce\u00a0harmonogram nabor\u00f3w na 2017 rok\u00a0. Prowadz\u0105cy motywowali do realizacji swoich pomys\u0142\u00f3w w ramach LSR(mo\u017cliwe dofinansowania), przedstawiono zasady i warunki dofinansowania, wsparcie w przygotowaniu, realizacji i rozliczeniu projekt\u00f3w.<\/p>\n<p>Prezentacja do pobrania <a href=\"http:\/\/przyjaznadolinaraby.info\/2014-2020\/wp-content\/uploads\/2017\/02\/Prezentacja-2017-ok.ppsx\"><u><span style=\"color: #5477a7;\">tutaj<\/span><\/u><\/a>.<\/p>\n<p>Lipnica Wielka, 02.02.2017<\/p>\n<p><img decoding=\"async\" class=\"alignnone wp-image-945 \" src=\"http:\/\/przyjaznadolinaraby.info\/2014-2020\/wp-content\/uploads\/2016\/07\/IMG_20170202_105036-300x169.jpg\" sizes=\"(max-width: 398px) 100vw, 398px\" alt=\"IMG_20170202_105036\" width=\"398\" height=\"224\" srcset=\"https:\/\/przyjaznadolinaraby.info\/2014-2020\/wp-content\/uploads\/2016\/07\/IMG_20170202_105036-300x169.jpg 300w, https:\/\/przyjaznadolinaraby.info\/2014-2020\/wp-content\/uploads\/2016\/07\/IMG_20170202_105036-1024x576.jpg 1024w\" \/>\u00a0<img decoding=\"async\" class=\"alignnone wp-image-946 \" src=\"http:\/\/przyjaznadolinaraby.info\/2014-2020\/wp-content\/uploads\/2016\/07\/IMG_20170202_100515-300x169.jpg\" sizes=\"(max-width: 395px) 100vw, 395px\" alt=\"IMG_20170202_100515\" width=\"395\" height=\"222\" srcset=\"https:\/\/przyjaznadolinaraby.info\/2014-2020\/wp-content\/uploads\/2016\/07\/IMG_20170202_100515-300x169.jpg 300w, https:\/\/przyjaznadolinaraby.info\/2014-2020\/wp-content\/uploads\/2016\/07\/IMG_20170202_100515-1024x576.jpg 1024w\" \/><\/p>\n<p>Rabka Zdr\u00f3j, 02.02.2017<\/p>\n<p><img decoding=\"async\" class=\"alignnone wp-image-947 \" src=\"http:\/\/przyjaznadolinaraby.info\/2014-2020\/wp-content\/uploads\/2016\/07\/IMG_20170202_130934-300x169.jpg\" sizes=\"(max-width: 395px) 100vw, 395px\" alt=\"IMG_20170202_130934\" width=\"395\" height=\"222\" srcset=\"https:\/\/przyjaznadolinaraby.info\/2014-2020\/wp-content\/uploads\/2016\/07\/IMG_20170202_130934-300x169.jpg 300w, https:\/\/przyjaznadolinaraby.info\/2014-2020\/wp-content\/uploads\/2016\/07\/IMG_20170202_130934-1024x576.jpg 1024w\" \/><\/p>\n<p>Spytkowice, 06.02.2017<\/p>\n<p><img decoding=\"async\" class=\"alignnone wp-image-948 \" src=\"http:\/\/przyjaznadolinaraby.info\/2014-2020\/wp-content\/uploads\/2016\/07\/IMG_2744-e1487579411499-225x300.jpg\" sizes=\"(max-width: 317px) 100vw, 317px\" alt=\"IMG_2744\" width=\"317\" height=\"423\" \/><\/p>\n<p><img decoding=\"async\" class=\"alignnone wp-image-949 \" src=\"http:\/\/przyjaznadolinaraby.info\/2014-2020\/wp-content\/uploads\/2016\/07\/IMG_2747-e1487579446484-225x300.jpg\" sizes=\"(max-width: 322px) 100vw, 322px\" alt=\"IMG_2747\" width=\"322\" height=\"429\" \/><\/p>\n<p>Raba Wy\u017cna,\u00a0 06.02.2017<\/p>\n<p><img decoding=\"async\" class=\"alignnone wp-image-950 \" src=\"http:\/\/przyjaznadolinaraby.info\/2014-2020\/wp-content\/uploads\/2016\/07\/20170206_121543-300x169.jpg\" sizes=\"(max-width: 428px) 100vw, 428px\" alt=\"20170206_121543\" width=\"428\" height=\"241\" srcset=\"https:\/\/przyjaznadolinaraby.info\/2014-2020\/wp-content\/uploads\/2016\/07\/20170206_121543-300x169.jpg 300w, https:\/\/przyjaznadolinaraby.info\/2014-2020\/wp-content\/uploads\/2016\/07\/20170206_121543-1024x576.jpg 1024w\" \/><\/p>\n<p>Jab\u0142onka, 07.02.2017<\/p>\n<p><img decoding=\"async\" class=\"alignnone wp-image-951 \" src=\"http:\/\/przyjaznadolinaraby.info\/2014-2020\/wp-content\/uploads\/2016\/07\/20170207_165129-300x169.jpg\" sizes=\"(max-width: 424px) 100vw, 424px\" alt=\"20170207_165129\" width=\"424\" height=\"238\" srcset=\"https:\/\/przyjaznadolinaraby.info\/2014-2020\/wp-content\/uploads\/2016\/07\/20170207_165129-300x169.jpg 300w, https:\/\/przyjaznadolinaraby.info\/2014-2020\/wp-content\/uploads\/2016\/07\/20170207_165129-1024x576.jpg 1024w\" \/><\/p>\n<p><strong>2016<\/strong><\/p>\n<p><span style=\"font-size: 12pt;\"><strong>Zapraszamy na spotkania i konsultacje z mieszka\u0144cami w poszczeg\u00f3lnych gminach.<\/strong><\/span><\/p>\n<p><strong>Tematyka:<\/strong> g\u0142\u00f3wne za\u0142o\u017cenia LSR na lata 2014-2020, zasady oceniania i wyboru operacji przez LGD(oraz ich interpretacja), planowane i dokonywane zmiany w kryteriach oraz LSR, aktywizacja i motywacja realizacji swoich pomys\u0142\u00f3w w ramach LSR(mo\u017cliwe dofinansowania), wsparcie w przygotowaniu, realizacji i rozliczeniu projekt\u00f3w.<\/p>\n<p>W szczeg\u00f3lno\u015bci zapraszamy mieszka\u0144c\u00f3w obszaru LGD z <b>grup defaworyzowanych czyli:<\/b><\/p>\n<ul>\n<li><b>niepe\u0142nosprawnych, <\/b><\/li>\n<li><b>m\u0142odych ludzi bez pracy ( do 35 roku \u017cycia),<\/b><\/li>\n<li><b>starszych ludzi (po 65 roku \u017cycia) , <\/b><\/li>\n<li><b>m\u0142odych rodzic\u00f3w, a szczeg\u00f3lnie m\u0142ode matki, w tym matki samotne ( do 35 roku \u017cycia).<\/b><\/li>\n<\/ul>\n<p><strong>Relacja z w\/w spotka\u0144<\/strong><\/p>\n<p><img decoding=\"async\" class=\"alignnone wp-image-584 size-full\" src=\"http:\/\/przyjaznadolinaraby.info\/2014-2020\/wp-content\/uploads\/2016\/09\/baner-spotkania-ok.jpg\" alt=\"baner-spotkania-ok\" width=\"800\" height=\"160\" srcset=\"https:\/\/przyjaznadolinaraby.info\/2014-2020\/wp-content\/uploads\/2016\/09\/baner-spotkania-ok.jpg 800w, https:\/\/przyjaznadolinaraby.info\/2014-2020\/wp-content\/uploads\/2016\/09\/baner-spotkania-ok-300x60.jpg 300w\" sizes=\"(max-width: 800px) 100vw, 800px\" \/><\/p>\n<p>W \u015brod\u0119 07.09.16r.w Jab\u0142once odby\u0142o si\u0119 ostatnie <strong>spotkanie konsultacyjno- szkoleniowe z cyklu spotka\u0144<\/strong> przeprowadzonych w ka\u017cdej z gmin cz\u0142onkowskich Stowarzyszenia Przyjazna Dolina Raby i Czarnej Orawy.<\/p>\n<p>Pierwsze spotkanie mia\u0142o miejsce w Rabie Wy\u017cnej 30.08.2016, kolejne w Spytkowicach 05.09.16,\u00a0 w Lipnicy Wielkiej i Rabce Zdr\u00f3j 06.09.16.<\/p>\n<p>Na ka\u017cdym spotkaniu zosta\u0142y om\u00f3wione zasady funkcjonowania stowarzyszenia, <strong>g\u0142\u00f3wne za\u0142o\u017cenia LSR<\/strong> na lata 2014-2020(przedstawiono <strong>cele og\u00f3lne oraz szczeg\u00f3\u0142owe<\/strong>), zasady <strong>oceniania i wyboru operacji<\/strong> przez LGD(oraz ich interpretacja) a tak\u017ce planowane i dokonywane zmiany w kryteriach oraz w LSR. Prowadz\u0105cy motywowali do<strong> realizacji swoich pomys\u0142\u00f3w w ramach LSR<\/strong>(mo\u017cliwe dofinansowania), przedstawiono <strong>zasady i warunki dofinansowania<\/strong>, wsparcie w przygotowaniu, realizacji i rozliczeniu projekt\u00f3w.<\/p>\n<p>Uczestnicy spotka\u0144 aktywnie uczestniczyli w dyskusji. Prowadz\u0105cy spotkania odpowiadali na liczne pytania uczestnik\u00f3w a tak\u017ce udzielali indywidualnych konsultacji.<\/p>\n<p>Prezentacja do pobrania <a href=\"http:\/\/przyjaznadolinaraby.info\/2014-2020\/wp-content\/uploads\/2016\/09\/Prezentacja-PROW-2014-2016-LGD.ppsx\"><u><span style=\"color: #0066cc;\">tutaj.<\/span><\/u><\/a><\/p>\n<p><span style=\"font-size: 12pt;\">Spytkowice, 05.09.16<\/span><\/p>\n<p><strong><span style=\"font-size: 12pt;\"><img decoding=\"async\" class=\"alignnone size-medium wp-image-576\" src=\"http:\/\/przyjaznadolinaraby.info\/2014-2020\/wp-content\/uploads\/2016\/09\/IMG_4323-300x225.jpg\" alt=\"img_4323\" width=\"300\" height=\"225\" srcset=\"https:\/\/przyjaznadolinaraby.info\/2014-2020\/wp-content\/uploads\/2016\/09\/IMG_4323-300x225.jpg 300w, https:\/\/przyjaznadolinaraby.info\/2014-2020\/wp-content\/uploads\/2016\/09\/IMG_4323-1024x768.jpg 1024w\" sizes=\"(max-width: 300px) 100vw, 300px\" \/><\/span><\/strong><\/p>\n<p><span style=\"font-size: 12pt;\">Lipnica Wielka, 06.09.16<\/span><\/p>\n<p><strong><span style=\"font-size: 12pt;\"><img decoding=\"async\" class=\"alignnone size-medium wp-image-577\" src=\"http:\/\/przyjaznadolinaraby.info\/2014-2020\/wp-content\/uploads\/2016\/09\/IMG_4328-300x225.jpg\" alt=\"img_4328\" width=\"300\" height=\"225\" srcset=\"https:\/\/przyjaznadolinaraby.info\/2014-2020\/wp-content\/uploads\/2016\/09\/IMG_4328-300x225.jpg 300w, https:\/\/przyjaznadolinaraby.info\/2014-2020\/wp-content\/uploads\/2016\/09\/IMG_4328-1024x768.jpg 1024w\" sizes=\"(max-width: 300px) 100vw, 300px\" \/><\/span><\/strong><\/p>\n<p><strong><span style=\"font-size: 12pt;\"><img decoding=\"async\" class=\"alignnone size-medium wp-image-578\" src=\"http:\/\/przyjaznadolinaraby.info\/2014-2020\/wp-content\/uploads\/2016\/09\/IMG_4331-300x225.jpg\" alt=\"img_4331\" width=\"300\" height=\"225\" srcset=\"https:\/\/przyjaznadolinaraby.info\/2014-2020\/wp-content\/uploads\/2016\/09\/IMG_4331-300x225.jpg 300w, https:\/\/przyjaznadolinaraby.info\/2014-2020\/wp-content\/uploads\/2016\/09\/IMG_4331-1024x768.jpg 1024w\" sizes=\"(max-width: 300px) 100vw, 300px\" \/><\/span><\/strong><\/p>\n<p><span style=\"font-size: 12pt;\">Rabka-Zdr\u00f3j, 06.09.2016<\/span><\/p>\n<p><img decoding=\"async\" class=\"alignnone size-medium wp-image-590\" src=\"http:\/\/przyjaznadolinaraby.info\/2014-2020\/wp-content\/uploads\/2016\/09\/zdj-2-300x201.jpg\" alt=\"zdj-2\" width=\"300\" height=\"201\" srcset=\"https:\/\/przyjaznadolinaraby.info\/2014-2020\/wp-content\/uploads\/2016\/09\/zdj-2-300x201.jpg 300w, https:\/\/przyjaznadolinaraby.info\/2014-2020\/wp-content\/uploads\/2016\/09\/zdj-2-1024x685.jpg 1024w, https:\/\/przyjaznadolinaraby.info\/2014-2020\/wp-content\/uploads\/2016\/09\/zdj-2.jpg 1684w\" sizes=\"(max-width: 300px) 100vw, 300px\" \/><\/p>\n<p><img decoding=\"async\" class=\"alignnone size-medium wp-image-589\" src=\"http:\/\/przyjaznadolinaraby.info\/2014-2020\/wp-content\/uploads\/2016\/09\/zdj-1-300x200.jpg\" alt=\"zdj-1\" width=\"300\" height=\"200\" srcset=\"https:\/\/przyjaznadolinaraby.info\/2014-2020\/wp-content\/uploads\/2016\/09\/zdj-1-300x200.jpg 300w, https:\/\/przyjaznadolinaraby.info\/2014-2020\/wp-content\/uploads\/2016\/09\/zdj-1-1024x682.jpg 1024w, https:\/\/przyjaznadolinaraby.info\/2014-2020\/wp-content\/uploads\/2016\/09\/zdj-1.jpg 1601w\" sizes=\"(max-width: 300px) 100vw, 300px\" \/><\/p>\n<p><span style=\"font-size: 12pt;\">Jab\u0142onka, 07.09.2016<\/span><\/p>\n<p><span style=\"color: #000000; font-family: Times New Roman; font-size: medium;\"><img decoding=\"async\" class=\"alignnone size-medium wp-image-579\" src=\"http:\/\/przyjaznadolinaraby.info\/2014-2020\/wp-content\/uploads\/2016\/09\/20160907_150248-300x169.jpg\" alt=\"20160907_150248\" width=\"300\" height=\"169\" srcset=\"https:\/\/przyjaznadolinaraby.info\/2014-2020\/wp-content\/uploads\/2016\/09\/20160907_150248-300x169.jpg 300w, https:\/\/przyjaznadolinaraby.info\/2014-2020\/wp-content\/uploads\/2016\/09\/20160907_150248.jpg 1000w\" sizes=\"(max-width: 300px) 100vw, 300px\" \/><\/span><\/p>\n<p><span style=\"color: #000000; font-family: Times New Roman; font-size: medium;\"><img decoding=\"async\" class=\"alignnone size-medium wp-image-580\" src=\"http:\/\/przyjaznadolinaraby.info\/2014-2020\/wp-content\/uploads\/2016\/09\/20160907_150300-300x169.jpg\" alt=\"20160907_150300\" width=\"300\" height=\"169\" srcset=\"https:\/\/przyjaznadolinaraby.info\/2014-2020\/wp-content\/uploads\/2016\/09\/20160907_150300-300x169.jpg 300w, https:\/\/przyjaznadolinaraby.info\/2014-2020\/wp-content\/uploads\/2016\/09\/20160907_150300.jpg 1000w\" sizes=\"(max-width: 300px) 100vw, 300px\" \/><\/span><\/p>\n","protected":false},"excerpt":{"rendered":"<p>2018 Po raz kolejny zapraszamy na cykl spotka\u0144 konsultacyjno-szkoleniowych z mieszka\u0144cami. (GRANTY) Stowarzyszenie Przyjazna Dolina Raby i Czarnej Orawy zaplanowa\u0142a kolejny cykl spotka\u0144 z mieszka\u0144cami i potencjalnymi beneficjentami. Tematyka- projekty grantowe.\u00a0Do wzi\u0119cia udzia\u0142u w\u00a0spotkaniach zach\u0119camy przede wszystkim stowarzyszenia oraz innych beneficjent\u00f3w planuj\u0105cych dzia\u0142ania g\u0142\u00f3wnie w zakresie lokalnych inicjatyw spo\u0142ecznych. Harmonogram tu. W szczeg\u00f3lno\u015bci zapraszamy mieszka\u0144c\u00f3w <a href=\"https:\/\/przyjaznadolinaraby.info\/2014-2020\/aktywizacja\/spotkania\/\" class=\"more-link\">&#8230;<span class=\"screen-reader-text\">  Spotkania<\/span><\/a><\/p>\n","protected":false},"author":6,"featured_media":0,"parent":121,"menu_order":1,"comment_status":"closed","ping_status":"closed","template":"","meta":{"_monsterinsights_skip_tracking":false,"_monsterinsights_sitenote_active":false,"_monsterinsights_sitenote_note":"","_monsterinsights_sitenote_category":0,"footnotes":""},"tags":[],"acf":[],"_links":{"self":[{"href":"https:\/\/przyjaznadolinaraby.info\/2014-2020\/wp-json\/wp\/v2\/pages\/139"}],"collection":[{"href":"https:\/\/przyjaznadolinaraby.info\/2014-2020\/wp-json\/wp\/v2\/pages"}],"about":[{"href":"https:\/\/przyjaznadolinaraby.info\/2014-2020\/wp-json\/wp\/v2\/types\/page"}],"author":[{"embeddable":true,"href":"https:\/\/przyjaznadolinaraby.info\/2014-2020\/wp-json\/wp\/v2\/users\/6"}],"replies":[{"embeddable":true,"href":"https:\/\/przyjaznadolinaraby.info\/2014-2020\/wp-json\/wp\/v2\/comments?post=139"}],"version-history":[{"count":6,"href":"https:\/\/przyjaznadolinaraby.info\/2014-2020\/wp-json\/wp\/v2\/pages\/139\/revisions"}],"predecessor-version":[{"id":10047,"href":"https:\/\/przyjaznadolinaraby.info\/2014-2020\/wp-json\/wp\/v2\/pages\/139\/revisions\/10047"}],"up":[{"embeddable":true,"href":"https:\/\/przyjaznadolinaraby.info\/2014-2020\/wp-json\/wp\/v2\/pages\/121"}],"wp:attachment":[{"href":"https:\/\/przyjaznadolinaraby.info\/2014-2020\/wp-json\/wp\/v2\/media?parent=139"}],"wp:term":[{"taxonomy":"post_tag","embeddable":true,"href":"https:\/\/przyjaznadolinaraby.info\/2014-2020\/wp-json\/wp\/v2\/tags?post=139"}],"curies":[{"name":"wp","href":"https:\/\/api.w.org\/{rel}","templated":true}]}}