{"id":143,"date":"2016-07-19T14:13:48","date_gmt":"2016-07-19T12:13:48","guid":{"rendered":"http:\/\/przyjaznadolinaraby.info\/2014-2020\/?page_id=143"},"modified":"2022-09-13T23:53:53","modified_gmt":"2022-09-13T21:53:53","slug":"szkolenia","status":"publish","type":"page","link":"https:\/\/przyjaznadolinaraby.info\/2014-2020\/aktywizacja\/szkolenia\/","title":{"rendered":"Szkolenia"},"content":{"rendered":"<p><a href=\"https:\/\/docs.google.com\/document\/d\/1sr3-OwDafCleyYwK73Unyk_VrXil1oV5\/edit?usp=sharing&amp;ouid=116599793592344562435&amp;rtpof=true&amp;sd=true\">PLAN SZKOLE\u0143-do pobrania (aktualny)<\/a><\/p>\n<p><strong>2020<\/strong><\/p>\n<p>W dniu 18.05.2020 oraz 19.05.2020\u00a0 roku w Biurze Stowarzyszenia Przyjazna Dolina Raby i Czarnej Orawy odby\u0142o si\u0119 szkolenie z zakresu tworzenia, realizacji i zarz\u0105dzania projektami. W spotkaniu uczestniczyli pracownicy Stowarzyszenia Przyjazna Dolina Raby i Czarnej Orawy.<\/p>\n<p>18.05.2020<\/p>\n<p><a href=\"http:\/\/przyjaznadolinaraby.info\/2014-2020\/aktywizacja\/szkolenia\/3-1\/\"><img decoding=\"async\" src=\"http:\/\/przyjaznadolinaraby.info\/2014-2020\/wp-content\/uploads\/2020\/07\/3.1-e1593602852907-225x300.jpg\" \/><\/a><\/p>\n<p>19.05.2020<\/p>\n<p><a href=\"http:\/\/przyjaznadolinaraby.info\/2014-2020\/aktywizacja\/szkolenia\/3-2-2\/\"><img decoding=\"async\" src=\"http:\/\/przyjaznadolinaraby.info\/2014-2020\/wp-content\/uploads\/2020\/07\/3.2-e1593602869507-225x300.jpg\" \/><\/a><\/p>\n<p>W dniu 29.04.2020 o godzinie 12:00 na Sali obrad w Gminie Raba Wy\u017cna \u00a045b , odby\u0142o si\u0119 szkolenie z zakresu: Przygotowania cz\u0142onk\u00f3w Rady i pracownik\u00f3w Biura LGD do sprawnego wdra\u017cania Lokalnej Strategii Rozwoju kierowanej przez Lokalna Spo\u0142eczno\u015b\u0107. Adresatami szkolenia byli cz\u0142onkowie rady, oraz pracownicy biura Stowarzyszenia Przyjazna Dolina Raby i Czarnej Orawy. <a href=\"http:\/\/przyjaznadolinaraby.info\/2014-2020\/aktywizacja\/szkolenia\/1-2-2\/\"><img decoding=\"async\" src=\"http:\/\/przyjaznadolinaraby.info\/2014-2020\/wp-content\/uploads\/2020\/07\/1.2-300x225.jpg\" \/><\/a><\/p>\n<p><a href=\"http:\/\/przyjaznadolinaraby.info\/2014-2020\/aktywizacja\/szkolenia\/1-1\/\"><img decoding=\"async\" src=\"http:\/\/przyjaznadolinaraby.info\/2014-2020\/wp-content\/uploads\/2020\/07\/1.1-300x225.jpg\" \/><\/a><\/p>\n<p>W dniu 30.01.2020 o godzinie 12:00 Urz\u0119dzie Gminy Raba Wy\u017cna , odby\u0142o si\u0119 szkolenie z zakresu procedur oceny oraz wyboru projekt\u00f3w do finansowania w ramach Lokalnej Strategii Rozwoju kierowanej przez Lokaln\u0105 Spo\u0142eczno\u015b\u0107. Adresatami szkolenia byli cz\u0142onkowie rady, oraz pracownicy biura Stowarzyszenia Przyjazna Dolina Raby i Czarnej Orawy. <a href=\"http:\/\/przyjaznadolinaraby.info\/2014-2020\/aktywizacja\/szkolenia\/2-3-3\/\"><img decoding=\"async\" src=\"http:\/\/przyjaznadolinaraby.info\/2014-2020\/wp-content\/uploads\/2020\/07\/2.3-300x225.jpg\" \/><\/a><\/p>\n<p><a href=\"http:\/\/przyjaznadolinaraby.info\/2014-2020\/aktywizacja\/szkolenia\/2-2-3\/\"><img decoding=\"async\" src=\"http:\/\/przyjaznadolinaraby.info\/2014-2020\/wp-content\/uploads\/2020\/07\/2.2-300x225.jpg\" \/><\/a><\/p>\n<p><strong>2019<\/strong><\/p>\n<p>W dniu 14.10.2019 roku o godz. 12:00 w Biurze LGD odby\u0142o si\u0119 szkolenie z zasad monitoringu i ewaluacji LGD i LSR. W spotkaniu uczestniczyli pracownicy i cz\u0142onkowie Rady Stowarzyszenia Przyjazna Dolina Raby.<\/p>\n<p><a href=\"http:\/\/przyjaznadolinaraby.info\/2014-2020\/aktywizacja\/szkolenia\/image1-jpeg\/\"><img decoding=\"async\" src=\"http:\/\/przyjaznadolinaraby.info\/2014-2020\/wp-content\/uploads\/2019\/10\/image1.jpeg-e1571819953249-300x225.jpg\" \/><\/a><\/p>\n<p>W dniu 13.05.2019 o godzinie 11:00w biurze Stowarzyszenia , odby\u0142o si\u0119 szkolenie z zakresu procedur oceny oraz wyboru projekt\u00f3w do finansowania w ramach Lokalnej Strategii Rozwoju kierowanej przez Lokaln\u0105 Spo\u0142eczno\u015b\u0107. Adresatami szkolenia byli cz\u0142onkowie rady, oraz pracownicy biura Stowarzyszenia Przyjazna Dolina Raby i Czarnej Orawy. <a href=\"http:\/\/przyjaznadolinaraby.info\/2014-2020\/aktywizacja\/szkolenia\/cof-16\/\"><img decoding=\"async\" src=\"http:\/\/przyjaznadolinaraby.info\/2014-2020\/wp-content\/uploads\/2019\/10\/IMG_20180209_0938321-300x225.jpg\" \/><\/a><\/p>\n<p>W dniu\u00a0 14.03.2019 roku w Biurze Stowarzyszenia Przyjazna Dolina Raby i Czarnej Orawy odby\u0142o si\u0119 szkolenie z zakresu tworzenia, realizacji i zarz\u0105dzania projektami. W spotkaniu uczestniczyli pracownicy Stowarzyszenia Przyjazna Dolina Raby i Czarnej Orawy.<\/p>\n<p><a href=\"http:\/\/przyjaznadolinaraby.info\/2014-2020\/aktywizacja\/szkolenia\/image2-2\/\"><img decoding=\"async\" src=\"http:\/\/przyjaznadolinaraby.info\/2014-2020\/wp-content\/uploads\/2019\/10\/image2-e1571819506384-300x225.jpg\" \/><\/a><\/p>\n<p>W dniu 11.03.2019 roku w Biurze Stowarzyszenia Przyjazna Dolina Raby i Czarnej Orawy odby\u0142o si\u0119 szkolenie z zakresu tworzenia, realizacji i zarz\u0105dzania projektami. W spotkaniu uczestniczyli pracownicy Stowarzyszenia Przyjazna Dolina Raby i Czarnej Orawy.<\/p>\n<p><a href=\"http:\/\/przyjaznadolinaraby.info\/2014-2020\/aktywizacja\/szkolenia\/image1-1\/\"><img decoding=\"async\" src=\"http:\/\/przyjaznadolinaraby.info\/2014-2020\/wp-content\/uploads\/2019\/10\/image1-1-300x225.jpeg\" \/><\/a><\/p>\n<p>W dniu 21.01.2019 roku w Biurze Stowarzyszenia odby\u0142o si\u0119 szkolenie z zakresu przygotowania cz\u0142onk\u00f3w Rady i pracownik\u00f3w Biura LGD do sprawnego wdra\u017cania Lokalnej Strategii Rozwoju kierowanej przez Lokalna Spo\u0142eczno\u015b\u0107. W spotkaniu uczestniczyli pracownicy Stowarzyszenia oraz cz\u0142onkowie Rady.<\/p>\n<p><strong>2018<\/strong><\/p>\n<p>W dniu 27.09.2018 roku o godz. 12:00 w Biurze LGD odby\u0142o si\u0119 szkolenie z zasad monitoringu i ewaluacji LGD i LSR. W spotkaniu uczestniczyli pracownicy i cz\u0142onkowie Rady Stowarzyszenia Przyjazna Dolina Raby.<\/p>\n<p><a href=\"http:\/\/przyjaznadolinaraby.info\/2014-2020\/aktywizacja\/szkolenia\/image2-jpeg-2\/\"><img decoding=\"async\" src=\"http:\/\/przyjaznadolinaraby.info\/2014-2020\/wp-content\/uploads\/2019\/10\/image2.jpeg-1-e1571818094441-300x225.jpg\" \/><\/a><\/p>\n<p>W dniu 23.07.2018 roku w Biurze Stowarzyszenia Przyjazna Dolina Raby i Czarnej Orawy odby\u0142o si\u0119 szkolenie z zakresu zasad wype\u0142niania dokumentacji aplikacyjnej i rozliczeniowej w ramach poddzia\u0142ania \u201e Wsparcie na wdra\u017canie operacji w ramach strategii rozwoju lokalnego kierowanego przez spo\u0142eczno\u015b\u0107\u201d. W spotkaniu uczestniczyli pracownicy Stowarzyszenia oraz cz\u0142onkowie Rady. <a href=\"http:\/\/przyjaznadolinaraby.info\/2014-2020\/aktywizacja\/szkolenia\/1-21\/\"><img decoding=\"async\" src=\"http:\/\/przyjaznadolinaraby.info\/2014-2020\/wp-content\/uploads\/2019\/10\/1-1-e1571818526733-225x300.jpg\" \/><\/a><\/p>\n<p>W dniu 15.06.2018 roku w Biurze Stowarzyszenia odby\u0142o si\u0119 szkolenie z zakresu przygotowania cz\u0142onk\u00f3w Rady i pracownik\u00f3w Biura LGD do sprawnego wdra\u017cania Lokalnej Strategii Rozwoju kierowanej przez Lokalna Spo\u0142eczno\u015b\u0107. W spotkaniu uczestniczyli pracownicy Stowarzyszenia oraz cz\u0142onkowie Rady.<\/p>\n<p><a href=\"http:\/\/przyjaznadolinaraby.info\/2014-2020\/aktywizacja\/szkolenia\/szkolenie\/\"><img decoding=\"async\" src=\"http:\/\/przyjaznadolinaraby.info\/2014-2020\/wp-content\/uploads\/2018\/07\/szkolenie-e1532418137547-225x300.jpg\" \/><\/a><\/p>\n<p>W dniu 23.03.2018 roku w Biurze Stowarzyszenia odby\u0142o si\u0119 szkolenie z zakresu przygotowania cz\u0142onk\u00f3w Rady i pracownik\u00f3w Biura LGD do sprawnego wdra\u017cania Lokalnej Strategii Rozwoju kierowanej przez Lokalna Spo\u0142eczno\u015b\u0107. W spotkaniu uczestniczyli pracownicy Stowarzyszenia oraz cz\u0142onkowie Rady.<\/p>\n<p><img decoding=\"async\" src=\"http:\/\/przyjaznadolinaraby.info\/2014-2020\/wp-content\/uploads\/2018\/04\/zdj-2-300x225.jpg\" \/><\/p>\n<p><img decoding=\"async\" src=\"http:\/\/przyjaznadolinaraby.info\/2014-2020\/wp-content\/uploads\/2018\/04\/zdj-1-300x225.jpg\" \/><\/p>\n<p>W dniu 09.02.2018 o godzinie 9:00 w biurze Stowarzyszenia , odby\u0142o si\u0119 szkolenie z zakresu procedur oceny oraz wyboru projekt\u00f3w do finansowania w ramach Lokalnej Strategii Rozwoju kierowanej przez Lokaln\u0105 Spo\u0142eczno\u015b\u0107. Adresatami szkolenia byli cz\u0142onkowie rad, oraz pracownicy biura Stowarzyszenia Przyjazna Dolina Raby i Czarnej Orawy. <img decoding=\"async\" src=\"http:\/\/przyjaznadolinaraby.info\/2014-2020\/wp-content\/uploads\/2018\/03\/4-300x225.jpg\" \/><\/p>\n<p><img decoding=\"async\" src=\"http:\/\/przyjaznadolinaraby.info\/2014-2020\/wp-content\/uploads\/2018\/03\/5-300x225.jpg\" \/><\/p>\n<p>2017<\/p>\n<p>W dniu 21.12.2017 o godzinie 12:00, w sali Urz\u0119du Gminy Raba Wy\u017cna, odby\u0142o si\u0119 szkolenie z zakresu procedur oceny oraz wyboru projekt\u00f3w do finansowania w ramach Lokalnej Strategii Rozwoju kierowanej przez Lokaln\u0105 Spo\u0142eczno\u015b\u0107. Adresatami szkolenia byli cz\u0142onkowie rad, oraz pracownicy biura Stowarzyszenia Przyjazna Dolina Raby i Czarnej Orawy. <img decoding=\"async\" src=\"http:\/\/przyjaznadolinaraby.info\/2014-2020\/wp-content\/uploads\/2018\/03\/3-300x225.jpg\" \/><\/p>\n<p>W dniu 20.12.2017\u00a0 roku w Biurze Stowarzyszenia Przyjazna Dolina Raby i Czarnej Orawy odby\u0142o si\u0119 szkolenie z zakresu tworzenia, realizacji i zarz\u0105dzania projektami. W spotkaniu uczestniczyli pracownicy Stowarzyszenia Przyjazna Dolina Raby i Czarnej Orawy.<\/p>\n<p><img decoding=\"async\" src=\"http:\/\/przyjaznadolinaraby.info\/2014-2020\/wp-content\/uploads\/2018\/03\/1-300x225.jpg\" \/><\/p>\n<p><img decoding=\"async\" src=\"http:\/\/przyjaznadolinaraby.info\/2014-2020\/wp-content\/uploads\/2018\/03\/2-e1520236587198-300x225.jpg\" \/><\/p>\n<p>W dniu 24.05.2017 roku w Urz\u0119dzie Gminy Raba Wy\u017cna odby\u0142o si\u0119 szkolenie z zakresu przygotowania cz\u0142onk\u00f3w Rady i pracownik\u00f3w Biura LGD do sprawnego wdra\u017cania Lokalnej Strategii Rozwoju kierowanej przez Lokalna Spo\u0142eczno\u015b\u0107. W spotkaniu uczestniczyli pracownicy Stowarzyszenia oraz cz\u0142onkowie Rady. G\u0142\u00f3wnym tematem szkolenia by\u0142o podejmowanie oraz rozwijanie dzia\u0142alno\u015bci gospodarczej.<\/p>\n<p><img decoding=\"async\" src=\"http:\/\/przyjaznadolinaraby.info\/2014-2020\/wp-content\/uploads\/2016\/07\/szkolenie-rada-e1497620014865-300x225.jpg\" \/><\/p>\n<p><img decoding=\"async\" src=\"http:\/\/przyjaznadolinaraby.info\/2014-2020\/wp-content\/uploads\/2016\/07\/szkolenie-rada-2-e1497619994799-300x225.jpg\" \/><\/p>\n<p>W dniu 13.04.2017\u00a0 roku w Biurze Stowarzyszenia Przyjazna Dolina Raby i Czarnej Orawy odby\u0142o si\u0119 szkolenie z zakresu tworzenia, realizacji i zarz\u0105dzania projektami. W spotkaniu uczestniczyli pracownicy Stowarzyszenia Przyjazna Dolina Raby i Czarnej Orawy.<\/p>\n<p><img decoding=\"async\" src=\"http:\/\/przyjaznadolinaraby.info\/2014-2020\/wp-content\/uploads\/2016\/07\/zdj-szkolenie-kwiecien-2017-e1492671573224-225x300.jpg\" \/><\/p>\n<p>W dniu 16.03.2017 roku w Urz\u0119dzie Gminy Raba Wy\u017cna odby\u0142o si\u0119 szkolenie z zakresu przygotowania cz\u0142onk\u00f3w Rady i pracownik\u00f3w Biura LGD do sprawnego wdra\u017cania Lokalnej Strategii Rozwoju kierowanej przez Lokalna Spo\u0142eczno\u015b\u0107. W spotkaniu uczestniczyli pracownicy Stowarzyszenia oraz cz\u0142onkowie Rady. G\u0142\u00f3wnym tematem szkolenia by\u0142o podejmowanie oraz rozwijanie dzia\u0142alno\u015bci gospodarczej.<\/p>\n<p><img decoding=\"async\" src=\"http:\/\/przyjaznadolinaraby.info\/2014-2020\/wp-content\/uploads\/2017\/03\/szkolenie-20.03-300x225.jpg\" \/><\/p>\n<p><img decoding=\"async\" src=\"http:\/\/przyjaznadolinaraby.info\/2014-2020\/wp-content\/uploads\/2017\/03\/szkolenie-20.03-zdj-2-300x225.jpg\" \/><\/p>\n<p><strong>2016<\/strong><\/p>\n<p><strong>Szkolenia z zakresu tworzenia, realizacji i zarz\u0105dzania projektami.<\/strong><\/p>\n<p>W dniu 12.12.2016\u00a0 roku w\u00a0biurze Stowarzyszenia Przyjazna Dolina Raby i\u00a0Czarnej Orawy\u00a0odby\u0142o si\u0119 szkolenie z zakresu tworzenia, realizacji i zarz\u0105dzania projektami. W spotkaniu uczestniczyli pracownicy Stowarzyszenia Przyjazna Dolina Raby i Czarnej Orawy.<\/p>\n<p><img decoding=\"async\" src=\"http:\/\/przyjaznadolinaraby.info\/2014-2020\/wp-content\/uploads\/2016\/07\/1-1-300x225.jpg\" \/><\/p>\n<p><img decoding=\"async\" src=\"http:\/\/przyjaznadolinaraby.info\/2014-2020\/wp-content\/uploads\/2016\/07\/a-300x225.jpg\" \/><\/p>\n<p>Szkolenia z zakresu tworzenia, realizacji i zarz\u0105dzania projektami.<\/p>\n<p>W dniu 05.12.2016\u00a0 roku w Urz\u0119dzie Gminy w Rabie Wy\u017cnej odby\u0142o si\u0119 szkolenie z zakresu tworzenia, realizacji i zarz\u0105dzania projektami. W spotkaniu uczestniczyli pracownicy Stowarzyszenia Przyjazna Dolina Raby i Czarnej Orawy.<\/p>\n<p><img decoding=\"async\" src=\"http:\/\/przyjaznadolinaraby.info\/2014-2020\/wp-content\/uploads\/2016\/07\/szkolenie-05.12-2-300x225.jpg\" \/><\/p>\n<p><img decoding=\"async\" src=\"http:\/\/przyjaznadolinaraby.info\/2014-2020\/wp-content\/uploads\/2016\/07\/szkolenie-05.12-300x225.jpg\" \/><\/p>\n<p><strong>Szkolenie z zakresu przygotowania cz\u0142onk\u00f3w Rady i pracownik\u00f3w Biura LGD do sprawnego wdra\u017cania Lokalnej Strategii Rozwoju kierowanej przez Lokalna Spo\u0142eczno\u015b\u0107.<\/strong><\/p>\n<p>W dniu 10.11.2016 roku w Urz\u0119dzie Gminy Raba Wy\u017cna odby\u0142o si\u0119 szkolenie z zakresu przygotowania cz\u0142onk\u00f3w Rady i pracownik\u00f3w Biura LGD do sprawnego wdra\u017cania Lokalnej Strategii Rozwoju kierowanej przez Lokalna Spo\u0142eczno\u015b\u0107. W spotkaniu uczestniczyli pracownicy Stowarzyszenia oraz cz\u0142onkowie Rady.<\/p>\n<p><img decoding=\"async\" src=\"http:\/\/przyjaznadolinaraby.info\/2014-2020\/wp-content\/uploads\/2016\/07\/1-300x225.jpg\" \/><\/p>\n<p><img decoding=\"async\" src=\"http:\/\/przyjaznadolinaraby.info\/2014-2020\/wp-content\/uploads\/2016\/07\/2-300x225.jpg\" \/><\/p>\n<p><strong>Szkolenie z zasad monitoringu i ewaluacji LGD i LSR<\/strong><\/p>\n<p>W dniu 07.11.2016 roku w Urz\u0119dzie Gminy Raba Wy\u017cna odby\u0142o si\u0119 szkolenie z zasad monitoringu i ewaluacji LGD i LSR. W spotkaniu uczestniczyli pracownicy oraz Rada Stowarzyszenia Przyjazna Dolina Raby i Czarnej Orawy.<\/p>\n<p><img decoding=\"async\" src=\"http:\/\/przyjaznadolinaraby.info\/2014-2020\/wp-content\/uploads\/2016\/07\/szkolenie-monitoring-2-225x300.jpg\" \/><\/p>\n<p><img decoding=\"async\" src=\"http:\/\/przyjaznadolinaraby.info\/2014-2020\/wp-content\/uploads\/2016\/07\/szkolenie-monitoring-225x300.jpg\" \/><\/p>\n<p><strong>Szkolenie z zakresu zasad wype\u0142niania dokumentacji dla Rady i pracownik\u00f3w Stowarzyszenia<\/strong><\/p>\n<div>W dniu 17.10.2016 roku w Urz\u0119dzie Gminy Raba Wy\u017cna odby\u0142o si\u0119 szkolenie z zakresu zasad wype\u0142niania dokumentacji aplikacyjnej i rozliczeniowej w ramach poddzia\u0142ania \u201e Wsparcie na wdra\u017canie operacji w ramach strategii rozwoju lokalnego kierowanego przez spo\u0142eczno\u015b\u0107\u201d. W spotkaniu uczestniczyli pracownicy Stowarzyszenia oraz cz\u0142onkowie Rady.<\/div>\n<div><\/div>\n<div><strong>Szkolenie z zakresu procedur oceny\u2026<\/strong><\/div>\n<div>\n<p>W dniu 30.09.2016 o godzinie 16:30, w sali Centrum Kultury i Promocji w Czarnym Dunajcu, odby\u0142o si\u0119 szkolenie z zakresu procedur oceny oraz wyboru projekt\u00f3w do finansowania w ramach Lokalnej Strategii Rozwoju kierowanej przez Lokaln\u0105 Spo\u0142eczno\u015b\u0107. Adresatami szkolenia byli cz\u0142onkowie rad i pracownicy biura Stowarzyszenia Przyjazna Dolina Raby i Czarnej Orawy, oraz Podhala\u0144skiej Lokalnej Grupy Dzia\u0142ania.<\/p>\n<\/div>\n<div><img decoding=\"async\" src=\"http:\/\/przyjaznadolinaraby.info\/2014-2020\/wp-content\/uploads\/2016\/07\/szkolenie-procedury-wrzesien-2016-2.jpg\" \/><\/div>\n<p>Archiwum:<\/p>\n<ul>\n<li><a href=\"https:\/\/drive.google.com\/file\/d\/1j6IpOrcDhUhq25k7dDtHSb7-cB7whm3V\/view\">PLAN SZKOLE\u0143-do pobrania &#8211; wa\u017cny od 21.12.2015\u00a0 do 19.09.2016\u00a0<\/a><\/li>\n<li><a href=\"https:\/\/drive.google.com\/open?id=1TyZF8TMUKf3FoLT_z70McFQtIaAeSpDJ\">PLAN SZKOLE\u0143-do pobrania &#8211; wa\u017cny od 20.09.2016\u00a0 do 24.06.2021<\/a><a href=\"https:\/\/drive.google.com\/open?id=1TyZF8TMUKf3FoLT_z70McFQtIaAeSpDJ\">PLAN SZKOLE\u0143-<\/a><a href=\"https:\/\/drive.google.com\/open?id=1TyZF8TMUKf3FoLT_z70McFQtIaAeSpDJ\">wa\u017cny od 25.06.2021<\/a><\/li>\n<\/ul>\n","protected":false},"excerpt":{"rendered":"<p>PLAN SZKOLE\u0143-do pobrania (aktualny) 2020 W dniu 18.05.2020 oraz 19.05.2020\u00a0 roku w Biurze Stowarzyszenia Przyjazna Dolina Raby i Czarnej Orawy odby\u0142o si\u0119 szkolenie z zakresu tworzenia, realizacji i zarz\u0105dzania projektami. W spotkaniu uczestniczyli pracownicy Stowarzyszenia Przyjazna Dolina Raby i Czarnej Orawy. 18.05.2020 19.05.2020 W dniu 29.04.2020 o godzinie 12:00 na Sali obrad w Gminie Raba <a href=\"https:\/\/przyjaznadolinaraby.info\/2014-2020\/aktywizacja\/szkolenia\/\" class=\"more-link\">&#8230;<span class=\"screen-reader-text\">  Szkolenia<\/span><\/a><\/p>\n","protected":false},"author":6,"featured_media":0,"parent":121,"menu_order":3,"comment_status":"closed","ping_status":"closed","template":"","meta":{"_monsterinsights_skip_tracking":false,"_monsterinsights_sitenote_active":false,"_monsterinsights_sitenote_note":"","_monsterinsights_sitenote_category":0,"footnotes":""},"tags":[],"acf":[],"_links":{"self":[{"href":"https:\/\/przyjaznadolinaraby.info\/2014-2020\/wp-json\/wp\/v2\/pages\/143"}],"collection":[{"href":"https:\/\/przyjaznadolinaraby.info\/2014-2020\/wp-json\/wp\/v2\/pages"}],"about":[{"href":"https:\/\/przyjaznadolinaraby.info\/2014-2020\/wp-json\/wp\/v2\/types\/page"}],"author":[{"embeddable":true,"href":"https:\/\/przyjaznadolinaraby.info\/2014-2020\/wp-json\/wp\/v2\/users\/6"}],"replies":[{"embeddable":true,"href":"https:\/\/przyjaznadolinaraby.info\/2014-2020\/wp-json\/wp\/v2\/comments?post=143"}],"version-history":[{"count":4,"href":"https:\/\/przyjaznadolinaraby.info\/2014-2020\/wp-json\/wp\/v2\/pages\/143\/revisions"}],"predecessor-version":[{"id":9993,"href":"https:\/\/przyjaznadolinaraby.info\/2014-2020\/wp-json\/wp\/v2\/pages\/143\/revisions\/9993"}],"up":[{"embeddable":true,"href":"https:\/\/przyjaznadolinaraby.info\/2014-2020\/wp-json\/wp\/v2\/pages\/121"}],"wp:attachment":[{"href":"https:\/\/przyjaznadolinaraby.info\/2014-2020\/wp-json\/wp\/v2\/media?parent=143"}],"wp:term":[{"taxonomy":"post_tag","embeddable":true,"href":"https:\/\/przyjaznadolinaraby.info\/2014-2020\/wp-json\/wp\/v2\/tags?post=143"}],"curies":[{"name":"wp","href":"https:\/\/api.w.org\/{rel}","templated":true}]}}