{"id":1506,"date":"2017-11-14T20:42:25","date_gmt":"2017-11-14T19:42:25","guid":{"rendered":"http:\/\/przyjaznadolinaraby.info\/2014-2020\/?page_id=1506"},"modified":"2022-09-14T02:28:16","modified_gmt":"2022-09-14T00:28:16","slug":"procedury","status":"publish","type":"page","link":"https:\/\/przyjaznadolinaraby.info\/2014-2020\/procedury\/","title":{"rendered":"Procedury"},"content":{"rendered":"<p><strong>Aktualne procedury:<\/strong><\/p>\n<p><a href=\"https:\/\/drive.google.com\/file\/d\/118vqSXfzW13Ep0f1XWLjyUWZR5U6NSjL\/view?usp=sharing\">Procedura oceny i wyboru operacji w ramach poddzia\u0142ania \u201eWsparcie na wdra\u017canie operacji w ramach strategii rozwoju lokalnego kierowanego przez spo\u0142eczno\u015b\u0107\u201d obj\u0119tego PROW 2014-2020 realizowanych przez podmioty inne ni\u017c LGD<\/a> z dnia 25.06.2021<\/p>\n<p class=\"bodytext\"><a href=\"https:\/\/drive.google.com\/file\/d\/1iH16aj00mbXoitoV29zbAsWN6yxKqUtF\/view?usp=sharing\">Procedura oceny i wyboru oraz rozliczania, monitoringu i kontroli grantobiorc\u00f3w w ramach poddzia\u0142ania \u201eWsparcie na wdra\u017canie operacji w ramach strategii rozwoju lokalnego kierowanego przez spo\u0142eczno\u015b\u0107\u201d obj\u0119tego PROW 2014-2020<\/a> z dnia 20.01.2021<\/p>\n<p><a href=\"https:\/\/drive.google.com\/file\/d\/1Dn3F1CDSdRNIpHmg1EIaOWp6w3u4VviD\/view?usp=sharing\">Procedura oceny i wyboru operacji w\u0142asnych LGD w ramach poddzia\u0142ania \u201eWsparcie na wdra\u017canie operacji w ramach strategii rozwoju lokalnego kierowanego przez spo\u0142eczno\u015b\u0107\u201d obj\u0119tego PROW 2014-2020<\/a>\u00a0z dnia 20.01.2021<\/p>\n<p>***<\/p>\n<p><strong>Archiwum:<\/strong><\/p>\n<p><a href=\"https:\/\/drive.google.com\/file\/d\/1iPQ6zljzdpVrwD_YEHq5JGFxRVBv9vkl\/view?usp=sharing\">Procedura oceny i wyboru operacji w ramach poddzia\u0142ania \u201eWsparcie na wdra\u017canie operacji w ramach strategii rozwoju lokalnego kierowanego przez spo\u0142eczno\u015b\u0107\u201d obj\u0119tego PROW 2014-2020 realizowanych przez podmioty inne ni\u017c LGD<\/a> z dnia 20.01.2021 aktualna do 24.06.2021<\/p>\n<p><a href=\"http:\/\/przyjaznadolinaraby.info\/2014-2020\/wp-content\/uploads\/2016\/07\/Procedura-oceny-i-wyboru-operacji-inne-10.11.17.pdf\">Procedura oceny i wyboru operacji w ramach poddzia\u0142ania \u201eWsparcie na wdra\u017canie operacji w ramach strategii rozwoju lokalnego kierowanego przez spo\u0142eczno\u015b\u0107\u201d obj\u0119tego PROW 2014-2020 realizowanych przez podmioty inne ni\u017c LGD<\/a>\u00a0z dnia 10.11.2017r. aktualna do dnia 19.01.2021<\/p>\n<p class=\"bodytext\"><a href=\"https:\/\/drive.google.com\/open?id=1pOaAkD0V1qppPIKgGAWHxis9uABz0FUM\">Procedura oceny i wyboru oraz rozliczania, monitoringu i kontroli grantobiorc\u00f3w w ramach poddzia\u0142ania \u201eWsparcie na wdra\u017canie operacji w ramach strategii rozwoju lokalnego kierowanego przez spo\u0142eczno\u015b\u0107\u201d obj\u0119tego PROW 2014-2020<\/a>\u00a0z dnia 30.01.2020r. aktualna do dnia 19.01.2021<\/p>\n<p><a href=\"http:\/\/przyjaznadolinaraby.info\/2014-2020\/wp-content\/uploads\/2016\/07\/PROCEDURA-OPERACJE-W\u0141ASNE.docx\">Procedura oceny i wyboru operacji w\u0142asnych LGD w ramach poddzia\u0142ania \u201eWsparcie na wdra\u017canie operacji w ramach strategii rozwoju lokalnego kierowanego przez spo\u0142eczno\u015b\u0107\u201d obj\u0119tego PROW 2014-2020<\/a>\u00a0z dnia 24.10.2017 aktualna do dnia 19.01.2021<\/p>\n<p><a href=\"http:\/\/przyjaznadolinaraby.info\/2014-2020\/wp-content\/uploads\/2018\/04\/procedura-_GRANTY-1-kwiecien-2018.pdf\">Procedura oceny i wyboru oraz rozliczania, monitoringu i kontroli grantobiorc\u00f3w w ramach poddzia\u0142ania \u201eWsparcie na wdra\u017canie operacji w ramach strategii rozwoju lokalnego kierowanego przez spo\u0142eczno\u015b\u0107\u201d obj\u0119tego PROW 2014-2020<\/a>\u00a0z dn. 13.04.2018 aktualna do 30.01.2020<\/p>\n<p class=\"bodytext\"><a href=\"http:\/\/przyjaznadolinaraby.info\/2014-2020\/wp-content\/uploads\/2016\/07\/procedura-_GRANTY-.pdf\">Procedura oceny i wyboru oraz rozliczania, monitoringu i kontroli grantobiorc\u00f3w w ramach poddzia\u0142ania \u201eWsparcie na wdra\u017canie operacji w ramach strategii rozwoju lokalnego kierowanego przez spo\u0142eczno\u015b\u0107\u201d obj\u0119tego PROW 2014-2020<\/a>\u00a0z dn. 24.10.2017 aktualna do marca 2018<\/p>\n<p><a href=\"http:\/\/przyjaznadolinaraby.info\/2014-2020\/wp-content\/uploads\/2016\/07\/Procedura-oceny-i-wyboru-operacji-inne-21.03.2017-zmiana-punkt\u00f3w.doc\">Procedura oceny i wyboru operacji w ramach poddzia\u0142ania \u201eWsparcie na wdra\u017canie operacji w ramach strategii rozwoju lokalnego kierowanego przez spo\u0142eczno\u015b\u0107\u201d obj\u0119tego PROW 2014-2020 realizowanych przez podmioty inne ni\u017c<\/a> z dnia 04.04.2017,\u00a0 aktualna do 09.11.2017<\/p>\n<p><a href=\"http:\/\/przyjaznadolinaraby.info\/2014-2020\/wp-content\/uploads\/2016\/07\/Procedura-oceny-i-wyboru-operacji-inne-21.03.2017.doc\">Procedura oceny i wyboru operacji w ramach poddzia\u0142ania \u201eWsparcie na wdra\u017canie operacji w ramach strategii rozwoju lokalnego kierowanego przez spo\u0142eczno\u015b\u0107\u201d obj\u0119tego PROW 2014-2020 realizowanych przez podmioty inne ni\u017c\u00a0LGD<\/a> z dnia 21.03.2017, aktualna do 04.04.2017<\/p>\n<p><a href=\"http:\/\/przyjaznadolinaraby.info\/2014-2020\/wp-content\/uploads\/2016\/10\/Procedura-oceny-i-wyboru-operacji-26-09-2016-jednolita-ost-21.10.2016-1.doc\">Procedura oceny i wyboru operacji w ramach poddzia\u0142ania \u201eWsparcie na wdra\u017canie operacji w ramach strategii rozwoju lokalnego kierowanego przez spo\u0142eczno\u015b\u0107\u201d obj\u0119tego PROW 2014-2020 realizowanych przez podmioty inne ni\u017c LGD<\/a>\u00a0z dnia 27.10.2016, aktualna do 21.03.2017<\/p>\n<p class=\"bodytext\"><a href=\"http:\/\/www.przyjaznadolinaraby.info\/images\/granty.rar\">Procedura oceny i wyboru oraz rozliczania, monitoringu i kontroli grantobiorc\u00f3w w ramach poddzia\u0142ania \u201eWsparcie na wdra\u017canie operacji w ramach strategii rozwoju lokalnego kierowanego przez spo\u0142eczno\u015b\u0107\u201d obj\u0119tego PROW 2014-2020<\/a>\u00a0z dnia 08.06.2016r, aktualna do 23.10.2017<\/p>\n","protected":false},"excerpt":{"rendered":"<p>Aktualne procedury: Procedura oceny i wyboru operacji w ramach poddzia\u0142ania \u201eWsparcie na wdra\u017canie operacji w ramach strategii rozwoju lokalnego kierowanego przez spo\u0142eczno\u015b\u0107\u201d obj\u0119tego PROW 2014-2020 realizowanych przez podmioty inne ni\u017c LGD z dnia 25.06.2021 Procedura oceny i wyboru oraz rozliczania, monitoringu i kontroli grantobiorc\u00f3w w ramach poddzia\u0142ania \u201eWsparcie na wdra\u017canie operacji w ramach strategii rozwoju <a href=\"https:\/\/przyjaznadolinaraby.info\/2014-2020\/procedury\/\" class=\"more-link\">&#8230;<span class=\"screen-reader-text\">  Procedury<\/span><\/a><\/p>\n","protected":false},"author":6,"featured_media":0,"parent":0,"menu_order":3,"comment_status":"closed","ping_status":"closed","template":"","meta":{"_monsterinsights_skip_tracking":false,"_monsterinsights_sitenote_active":false,"_monsterinsights_sitenote_note":"","_monsterinsights_sitenote_category":0,"footnotes":""},"tags":[],"acf":[],"_links":{"self":[{"href":"https:\/\/przyjaznadolinaraby.info\/2014-2020\/wp-json\/wp\/v2\/pages\/1506"}],"collection":[{"href":"https:\/\/przyjaznadolinaraby.info\/2014-2020\/wp-json\/wp\/v2\/pages"}],"about":[{"href":"https:\/\/przyjaznadolinaraby.info\/2014-2020\/wp-json\/wp\/v2\/types\/page"}],"author":[{"embeddable":true,"href":"https:\/\/przyjaznadolinaraby.info\/2014-2020\/wp-json\/wp\/v2\/users\/6"}],"replies":[{"embeddable":true,"href":"https:\/\/przyjaznadolinaraby.info\/2014-2020\/wp-json\/wp\/v2\/comments?post=1506"}],"version-history":[{"count":3,"href":"https:\/\/przyjaznadolinaraby.info\/2014-2020\/wp-json\/wp\/v2\/pages\/1506\/revisions"}],"predecessor-version":[{"id":9939,"href":"https:\/\/przyjaznadolinaraby.info\/2014-2020\/wp-json\/wp\/v2\/pages\/1506\/revisions\/9939"}],"wp:attachment":[{"href":"https:\/\/przyjaznadolinaraby.info\/2014-2020\/wp-json\/wp\/v2\/media?parent=1506"}],"wp:term":[{"taxonomy":"post_tag","embeddable":true,"href":"https:\/\/przyjaznadolinaraby.info\/2014-2020\/wp-json\/wp\/v2\/tags?post=1506"}],"curies":[{"name":"wp","href":"https:\/\/api.w.org\/{rel}","templated":true}]}}