{"id":1573,"date":"2017-12-05T10:39:53","date_gmt":"2017-12-05T09:39:53","guid":{"rendered":"http:\/\/przyjaznadolinaraby.info\/2014-2020\/?page_id=1573"},"modified":"2022-09-13T23:21:46","modified_gmt":"2022-09-13T21:21:46","slug":"2016-2","status":"publish","type":"page","link":"https:\/\/przyjaznadolinaraby.info\/2014-2020\/2016-2\/","title":{"rendered":"2016"},"content":{"rendered":"<p><strong>Nab\u00f3r nr 1\/2016 \u2013 podejmowanie dzia\u0142alno\u015bci gospodarczej<\/strong><\/p>\n<p>Protoko\u0142y z Rad:<\/p>\n<p><a href=\"http:\/\/przyjaznadolinaraby.info\/2014-2020\/wp-content\/uploads\/2016\/12\/PROTOK\u00d3\u0141.pdf\">Protok\u00f3\u0142 nr I\/2016<\/a><\/p>\n<p><a href=\"http:\/\/przyjaznadolinaraby.info\/2014-2020\/wp-content\/uploads\/2017\/01\/Protok\u00f3\u0142-nr-2.pdf\">Protok\u00f3\u0142 Nr II\/2017 (stanowisko-protesty)<\/a><\/p>\n<p>Listy:<\/p>\n<p><a href=\"http:\/\/przyjaznadolinaraby.info\/2014-2020\/wp-content\/uploads\/2016\/12\/1.pdf\">Lista operacji zgodnych z og\u0142oszeniem naboru wniosk\u00f3w o przyznanie pomocy oraz zgodnych z LSR.<\/a><\/p>\n<p><a href=\"http:\/\/przyjaznadolinaraby.info\/2014-2020\/wp-content\/uploads\/2016\/12\/2.pdf\">Lista operacji w ramach naboru nr 1\/2016.<\/a><\/p>\n<p><a href=\"http:\/\/przyjaznadolinaraby.info\/2014-2020\/wp-content\/uploads\/2016\/12\/1-wybrane-do-finansowania.pdf\">Lista operacji\u00a0wybranych do finansowania.<\/a><\/p>\n<p>&nbsp;<\/p>\n<p><strong>Nab\u00f3r nr 2\/2016 \u2013 podejmowanie dzia\u0142alno\u015bci gospodarczej <\/strong>(<em>Liczba operacji polegaj\u0105cych na utworzeniu nowego przedsi\u0119biorstwa w turystyce<\/em>)<\/p>\n<p>Protoko\u0142y z Rad:<\/p>\n<p><a href=\"http:\/\/przyjaznadolinaraby.info\/2014-2020\/wp-content\/uploads\/2016\/12\/PROTOK\u00d3\u0141.pdf\">Protok\u00f3\u0142 nr I\/2016<\/a><\/p>\n<p>Listy:<\/p>\n<p><a href=\"http:\/\/przyjaznadolinaraby.info\/2014-2020\/wp-content\/uploads\/2016\/12\/2.1.pdf\">Lista operacji zgodnych z og\u0142oszeniem naboru wniosk\u00f3w o przyznanie pomocy oraz zgodnych z LSR.<\/a><\/p>\n<p><a href=\"http:\/\/przyjaznadolinaraby.info\/2014-2020\/wp-content\/uploads\/2016\/12\/2-w-ramach-naboru.pdf\">Lista operacji w ramach naboru nr 2\/2016.<\/a><\/p>\n<p><a href=\"http:\/\/przyjaznadolinaraby.info\/2014-2020\/wp-content\/uploads\/2016\/12\/1-wybrane-do-finansowania.pdf\">Lista operacji\u00a0wybranych do finansowania.<\/a><\/p>\n","protected":false},"excerpt":{"rendered":"<p>Nab\u00f3r nr 1\/2016 \u2013 podejmowanie dzia\u0142alno\u015bci gospodarczej Protoko\u0142y z Rad: Protok\u00f3\u0142 nr I\/2016 Protok\u00f3\u0142 Nr II\/2017 (stanowisko-protesty) Listy: Lista operacji zgodnych z og\u0142oszeniem naboru wniosk\u00f3w o przyznanie pomocy oraz zgodnych z LSR. Lista operacji w ramach naboru nr 1\/2016. Lista operacji\u00a0wybranych do finansowania. &nbsp; Nab\u00f3r nr 2\/2016 \u2013 podejmowanie dzia\u0142alno\u015bci gospodarczej (Liczba operacji polegaj\u0105cych na <a href=\"https:\/\/przyjaznadolinaraby.info\/2014-2020\/2016-2\/\" class=\"more-link\">&#8230;<span class=\"screen-reader-text\">  2016<\/span><\/a><\/p>\n","protected":false},"author":6,"featured_media":0,"parent":0,"menu_order":0,"comment_status":"closed","ping_status":"closed","template":"","meta":{"_monsterinsights_skip_tracking":false,"_monsterinsights_sitenote_active":false,"_monsterinsights_sitenote_note":"","_monsterinsights_sitenote_category":0,"footnotes":""},"tags":[],"acf":[],"_links":{"self":[{"href":"https:\/\/przyjaznadolinaraby.info\/2014-2020\/wp-json\/wp\/v2\/pages\/1573"}],"collection":[{"href":"https:\/\/przyjaznadolinaraby.info\/2014-2020\/wp-json\/wp\/v2\/pages"}],"about":[{"href":"https:\/\/przyjaznadolinaraby.info\/2014-2020\/wp-json\/wp\/v2\/types\/page"}],"author":[{"embeddable":true,"href":"https:\/\/przyjaznadolinaraby.info\/2014-2020\/wp-json\/wp\/v2\/users\/6"}],"replies":[{"embeddable":true,"href":"https:\/\/przyjaznadolinaraby.info\/2014-2020\/wp-json\/wp\/v2\/comments?post=1573"}],"version-history":[{"count":1,"href":"https:\/\/przyjaznadolinaraby.info\/2014-2020\/wp-json\/wp\/v2\/pages\/1573\/revisions"}],"predecessor-version":[{"id":9972,"href":"https:\/\/przyjaznadolinaraby.info\/2014-2020\/wp-json\/wp\/v2\/pages\/1573\/revisions\/9972"}],"wp:attachment":[{"href":"https:\/\/przyjaznadolinaraby.info\/2014-2020\/wp-json\/wp\/v2\/media?parent=1573"}],"wp:term":[{"taxonomy":"post_tag","embeddable":true,"href":"https:\/\/przyjaznadolinaraby.info\/2014-2020\/wp-json\/wp\/v2\/tags?post=1573"}],"curies":[{"name":"wp","href":"https:\/\/api.w.org\/{rel}","templated":true}]}}