{"id":1597,"date":"2017-12-06T11:03:00","date_gmt":"2017-12-06T10:03:00","guid":{"rendered":"http:\/\/przyjaznadolinaraby.info\/2014-2020\/?page_id=1597"},"modified":"2024-03-14T13:49:14","modified_gmt":"2024-03-14T12:49:14","slug":"protokoly","status":"publish","type":"page","link":"https:\/\/przyjaznadolinaraby.info\/2014-2020\/protokoly\/","title":{"rendered":"Protoko\u0142y"},"content":{"rendered":"<ul>\n<li><a href=\"http:\/\/przyjaznadolinaraby.info\/2014-2020\/wp-content\/uploads\/2016\/12\/PROTOK\u00d3\u0141.pdf\"> Protok\u00f3\u0142 nr I\/2016 <\/a><\/li>\n<li><a href=\"http:\/\/przyjaznadolinaraby.info\/2014-2020\/wp-content\/uploads\/2017\/01\/Protok\u00f3\u0142-nr-2.pdf\"> Protok\u00f3\u0142 nr II\/2017\u00a0 <\/a><\/li>\n<li><a href=\"http:\/\/przyjaznadolinaraby.info\/2014-2020\/wp-content\/uploads\/2017\/06\/protokol-nr-3-2017.pdf\"> Protok\u00f3\u0142 nr III\/2017 <\/a><\/li>\n<li><a href=\"http:\/\/przyjaznadolinaraby.info\/2014-2020\/wp-content\/uploads\/2017\/06\/protokol-nr-4-2017.pdf\"> Protok\u00f3\u0142 nr IV\/2017 <\/a><\/li>\n<li><a href=\"http:\/\/przyjaznadolinaraby.info\/2014-2020\/wp-content\/uploads\/2017\/06\/protokol-nr-5-2017.pdf\"> Protok\u00f3\u0142 nr V\/2017 <\/a><\/li>\n<li><a href=\"http:\/\/przyjaznadolinaraby.info\/2014-2020\/wp-content\/uploads\/2017\/07\/protesty-protokol.pdf\"> Protok\u00f3\u0142 nr VI\/2017 <\/a><\/li>\n<li><a href=\"http:\/\/przyjaznadolinaraby.info\/2014-2020\/wp-content\/uploads\/2017\/08\/protokol-7-2017.pdf\"> Protok\u00f3\u0142 Nr VII\/2017 <\/a><\/li>\n<li><a href=\"http:\/\/przyjaznadolinaraby.info\/2014-2020\/wp-content\/uploads\/2017\/12\/protok\u00f3\u0142-nr-8.pdf\"> Protok\u00f3\u0142 nr VIII\/2017 <\/a><\/li>\n<li><a href=\"http:\/\/przyjaznadolinaraby.info\/2014-2020\/wp-content\/uploads\/2017\/10\/Protok\u00f3\u0142-nr-IX-2017.pdf\"> Protok\u00f3\u0142 nr IX 2017 <\/a><\/li>\n<li><a href=\"http:\/\/przyjaznadolinaraby.info\/2014-2020\/wp-content\/uploads\/2017\/12\/protok\u00f3\u0142-10.pdf\"> Protok\u00f3\u0142 nr X\/2017 <\/a><\/li>\n<li><a href=\"http:\/\/przyjaznadolinaraby.info\/2014-2020\/wp-content\/uploads\/2018\/03\/Protok\u00f3\u0142-nr-XI.pdf\"> Protok\u00f3\u0142 nr XI\/2018 <\/a><\/li>\n<li><a href=\"http:\/\/przyjaznadolinaraby.info\/2014-2020\/wp-content\/uploads\/2018\/03\/protokol-12.pdf\"> Protok\u00f3\u0142 nr XII\/2018 <\/a><\/li>\n<li><a href=\"http:\/\/przyjaznadolinaraby.info\/2014-2020\/wp-content\/uploads\/2018\/03\/Protok\u00f3\u0142-nr-XIII.pdf\"> Protok\u00f3\u0142 nr XIII\/2018 <\/a><\/li>\n<li><a href=\"http:\/\/przyjaznadolinaraby.info\/2014-2020\/wp-content\/uploads\/2018\/06\/SKMBT_C22018070212590.pdf\"> Protok\u00f3\u0142 nr XIV\/2018 <\/a><\/li>\n<li><a href=\"http:\/\/przyjaznadolinaraby.info\/2014-2020\/wp-content\/uploads\/2018\/07\/Protok\u00f3\u0142-nr-XV.pdf\"> Protok\u00f3\u0142 nr XV \/2018 <\/a><\/li>\n<li><a href=\"http:\/\/przyjaznadolinaraby.info\/2014-2020\/2018-2\/protokol-xvi\/\"> Protok\u00f3\u0142 nr XVI\/2018 <\/a><\/li>\n<li><a href=\"http:\/\/przyjaznadolinaraby.info\/2014-2020\/wp-content\/uploads\/2018\/11\/protok\u00f3\u0142-XVII.pdf\"> Protok\u00f3\u0142 nr XVII\/2018 <\/a><\/li>\n<li><a href=\"http:\/\/przyjaznadolinaraby.info\/2014-2020\/wp-content\/uploads\/2018\/12\/Protok\u00f3\u0142-nr-XVIII.pdf\"> Protok\u00f3\u0142 nr XVIII\/2018 <\/a><\/li>\n<li><a href=\"https:\/\/drive.google.com\/open?id=1peaMDBjECJPLrrixPkwHiGMcrDgE1zf5\"> Protok\u00f3\u0142 nr XIX\/2019 <\/a><\/li>\n<li><a href=\"https:\/\/drive.google.com\/open?id=1At_oMGLP2-r1qT-EkSLDFytQIr3px9VN\"> Protok\u00f3\u0142 nr XX\/2019 <\/a><\/li>\n<li><a href=\"https:\/\/drive.google.com\/open?id=1PfeBmI2FSoY0B8QwCI9sJRzy5OLyIuJc\"> Protok\u00f3\u0142 nr XXI\/2019 <\/a><\/li>\n<li><a href=\"https:\/\/drive.google.com\/open?id=1SxuLoA0q2xlUCRAt5yvuNrXM1wMo5du-\"> Sprawozdanie ze spotkania roboczego Rady <\/a><\/li>\n<li><a href=\"https:\/\/drive.google.com\/open?id=15NvxogfiQvC0cuNnxR8T_p2TPJ9bk447\"> Protok\u00f3\u0142 nr XXII\/2020 <\/a><\/li>\n<li><a href=\"https:\/\/drive.google.com\/open?id=1QEKSTsaPMkDKOZtOooGWUFy00TH1zryy\"> Protok\u00f3\u0142 nr XXIII\/2020 <\/a><\/li>\n<li><a href=\"https:\/\/drive.google.com\/file\/d\/1-IqaDcnkmn-eT3uRdgemesYbO2_3clkQ\/view?usp=sharing\"> Protok\u00f3\u0142 nr XXIV\/2020 <\/a><\/li>\n<li><a href=\"https:\/\/drive.google.com\/file\/d\/1Z-Inyhs850tP3tAiIsJw1yvQz-vO2C_-\/view?usp=sharing\"> Protok\u00f3\u0142 nr XXV\/2020 <\/a><\/li>\n<li><a href=\"https:\/\/drive.google.com\/file\/d\/16ayOlFyyr97b62LF0oF7N9iOvZ4HtItW\/view?usp=sharing\"> Protok\u00f3\u0142 nr XXVI\/2020 <\/a><\/li>\n<li><a href=\"https:\/\/drive.google.com\/file\/d\/1vF19ytYMMzTkRQZOI7MF-NQkngToZAUo\/view?usp=sharing\"> Protok\u00f3\u0142 nr XXVII\/2021 <\/a><\/li>\n<li><a href=\"https:\/\/drive.google.com\/file\/d\/1escy_lR5FQ0ickjwZx0pjUPPSm-SU4m7\/view?usp=sharing\"> Protok\u00f3\u0142 nr XXVIII\/2021 <\/a><\/li>\n<li><a href=\"https:\/\/drive.google.com\/file\/d\/1q3ed08aBX5QfrpJknY9WpOKZdjJ88NrU\/view?usp=sharing\"> Protok\u00f3\u0142 nr XXIX\/2021 <\/a><\/li>\n<li><a href=\"https:\/\/drive.google.com\/file\/d\/1FbK7AcwvbmdctU64iuHTWQ8NmwP5hWZ8\/view?usp=sharing\"> Protok\u00f3\u0142 nr XXX\/2021<\/a><\/li>\n<li><a href=\"https:\/\/drive.google.com\/file\/d\/1nuiQXkxqVX_P3MIlEn9YIYM5VV5Fp872\/view?usp=sharing\">Protok\u00f3\u0142 nr XXXI\/2022<\/a><\/li>\n<li><a href=\"https:\/\/drive.google.com\/file\/d\/1rsD4pL8K2oVsAtEgIb8EKxNSf-rUU9lB\/view?usp=sharing\">Protok\u00f3\u0142 nr XXXII\/2022<\/a><\/li>\n<li><a href=\"https:\/\/drive.google.com\/file\/d\/1fq5iDnfQXbyiK6Y9xzruFT6fczCzOFIa\/view?usp=sharing\">Protok\u00f3\u0142 nr XXXIII\/2022<\/a><\/li>\n<li><a href=\"https:\/\/drive.google.com\/file\/d\/17elG4n6TlmJagcB7O4wfYJNwBDaiBMZ2\/view?usp=sharing\">Protok\u00f3\u0142 nr XXXIV\/2022<\/a><\/li>\n<li><a href=\"http:\/\/przyjaznadolinaraby.info\/2014-2020\/wp-content\/uploads\/2022\/09\/Protokol-XXXV.pdf\">Protok\u00f3\u0142 nr XXXV\/2022<\/a><\/li>\n<li><a href=\"http:\/\/przyjaznadolinaraby.info\/2014-2020\/wp-content\/uploads\/2022\/12\/protokol-xxxvi.pdf\">Protok\u00f3\u0142 nr XXXVI\/2022<\/a><\/li>\n<li><a href=\"http:\/\/przyjaznadolinaraby.info\/2014-2020\/wp-content\/uploads\/2023\/05\/Protokol-XXXVII.pdf\">Protok\u00f3\u0142 nr XXXVII\/2023<\/a><\/li>\n<li><a href=\"http:\/\/przyjaznadolinaraby.info\/2014-2020\/wp-content\/uploads\/2023\/06\/protokol-XXXVIII.pdf\">Protok\u00f3\u0142 nr XXXVIII\/2023<\/a><\/li>\n<li><a href=\"http:\/\/przyjaznadolinaraby.info\/2014-2020\/wp-content\/uploads\/2023\/11\/Protokol-XXXIX-2023.pdf\">Protok\u00f3\u0142 nr XXXIX\/2023<\/a><\/li>\n<\/ul>\n","protected":false},"excerpt":{"rendered":"<p>Protok\u00f3\u0142 nr I\/2016 Protok\u00f3\u0142 nr II\/2017\u00a0 Protok\u00f3\u0142 nr III\/2017 Protok\u00f3\u0142 nr IV\/2017 Protok\u00f3\u0142 nr V\/2017 Protok\u00f3\u0142 nr VI\/2017 Protok\u00f3\u0142 Nr VII\/2017 Protok\u00f3\u0142 nr VIII\/2017 Protok\u00f3\u0142 nr IX 2017 Protok\u00f3\u0142 nr X\/2017 Protok\u00f3\u0142 nr XI\/2018 Protok\u00f3\u0142 nr XII\/2018 Protok\u00f3\u0142 nr XIII\/2018 Protok\u00f3\u0142 nr XIV\/2018 Protok\u00f3\u0142 nr XV \/2018 Protok\u00f3\u0142 nr XVI\/2018 Protok\u00f3\u0142 nr XVII\/2018 Protok\u00f3\u0142 nr <a href=\"https:\/\/przyjaznadolinaraby.info\/2014-2020\/protokoly\/\" class=\"more-link\">&#8230;<span class=\"screen-reader-text\">  Protoko\u0142y<\/span><\/a><\/p>\n","protected":false},"author":6,"featured_media":0,"parent":0,"menu_order":0,"comment_status":"closed","ping_status":"closed","template":"","meta":{"_monsterinsights_skip_tracking":false,"_monsterinsights_sitenote_active":false,"_monsterinsights_sitenote_note":"","_monsterinsights_sitenote_category":0,"footnotes":""},"tags":[],"acf":[],"_links":{"self":[{"href":"https:\/\/przyjaznadolinaraby.info\/2014-2020\/wp-json\/wp\/v2\/pages\/1597"}],"collection":[{"href":"https:\/\/przyjaznadolinaraby.info\/2014-2020\/wp-json\/wp\/v2\/pages"}],"about":[{"href":"https:\/\/przyjaznadolinaraby.info\/2014-2020\/wp-json\/wp\/v2\/types\/page"}],"author":[{"embeddable":true,"href":"https:\/\/przyjaznadolinaraby.info\/2014-2020\/wp-json\/wp\/v2\/users\/6"}],"replies":[{"embeddable":true,"href":"https:\/\/przyjaznadolinaraby.info\/2014-2020\/wp-json\/wp\/v2\/comments?post=1597"}],"version-history":[{"count":8,"href":"https:\/\/przyjaznadolinaraby.info\/2014-2020\/wp-json\/wp\/v2\/pages\/1597\/revisions"}],"predecessor-version":[{"id":10765,"href":"https:\/\/przyjaznadolinaraby.info\/2014-2020\/wp-json\/wp\/v2\/pages\/1597\/revisions\/10765"}],"wp:attachment":[{"href":"https:\/\/przyjaznadolinaraby.info\/2014-2020\/wp-json\/wp\/v2\/media?parent=1597"}],"wp:term":[{"taxonomy":"post_tag","embeddable":true,"href":"https:\/\/przyjaznadolinaraby.info\/2014-2020\/wp-json\/wp\/v2\/tags?post=1597"}],"curies":[{"name":"wp","href":"https:\/\/api.w.org\/{rel}","templated":true}]}}