{"id":1709,"date":"2018-01-11T10:43:57","date_gmt":"2018-01-11T09:43:57","guid":{"rendered":"http:\/\/przyjaznadolinaraby.info\/2014-2020\/?page_id=1709"},"modified":"2018-01-11T10:43:57","modified_gmt":"2018-01-11T09:43:57","slug":"przypominamy-o-bezplatnych-konsultacjach-w-biurze-srody-od-8-do-14","status":"publish","type":"page","link":"https:\/\/przyjaznadolinaraby.info\/2014-2020\/przypominamy-o-bezplatnych-konsultacjach-w-biurze-srody-od-8-do-14\/","title":{"rendered":"Przypominamy o bezp\u0142atnych konsultacjach w biurze- \u015aRODY od 8 do 14."},"content":{"rendered":"<div class=\"entry-meta\"><\/div>\n<div class=\"entry-content\">\n<p>Zapraszamy\u00a0do korzystania z doradztwa po uprzednim mailowym lub telefonicznym ustaleniu terminu.<\/p>\n<p><strong>W zwi\u0105zku z trwaj\u0105cymi naborami na <span style=\"text-decoration: underline;\">projekty grantowe<\/span> istnieje mo\u017cliwo\u015b\u0107 um\u00f3wienia si\u0119 na konsultacj\u0119 wniosku przez ca\u0142y tydzie\u0144- od poniedzia\u0142ku do pi\u0105tku w godz. 8:00 do 14:00.<\/strong>\u00a0 Bardzo prosimy o rezerwacj\u0119 terminu.<\/p>\n<p>&nbsp;<\/p>\n<\/div>\n","protected":false},"excerpt":{"rendered":"<p>Zapraszamy\u00a0do korzystania z doradztwa po uprzednim mailowym lub telefonicznym ustaleniu terminu. W zwi\u0105zku z trwaj\u0105cymi naborami na projekty grantowe istnieje mo\u017cliwo\u015b\u0107 um\u00f3wienia si\u0119 na konsultacj\u0119 wniosku przez ca\u0142y tydzie\u0144- od poniedzia\u0142ku do pi\u0105tku w godz. 8:00 do 14:00.\u00a0 Bardzo prosimy o rezerwacj\u0119 terminu. &nbsp;<\/p>\n","protected":false},"author":6,"featured_media":0,"parent":0,"menu_order":0,"comment_status":"closed","ping_status":"closed","template":"","meta":{"_monsterinsights_skip_tracking":false,"_monsterinsights_sitenote_active":false,"_monsterinsights_sitenote_note":"","_monsterinsights_sitenote_category":0,"footnotes":""},"tags":[],"acf":[],"_links":{"self":[{"href":"https:\/\/przyjaznadolinaraby.info\/2014-2020\/wp-json\/wp\/v2\/pages\/1709"}],"collection":[{"href":"https:\/\/przyjaznadolinaraby.info\/2014-2020\/wp-json\/wp\/v2\/pages"}],"about":[{"href":"https:\/\/przyjaznadolinaraby.info\/2014-2020\/wp-json\/wp\/v2\/types\/page"}],"author":[{"embeddable":true,"href":"https:\/\/przyjaznadolinaraby.info\/2014-2020\/wp-json\/wp\/v2\/users\/6"}],"replies":[{"embeddable":true,"href":"https:\/\/przyjaznadolinaraby.info\/2014-2020\/wp-json\/wp\/v2\/comments?post=1709"}],"version-history":[{"count":0,"href":"https:\/\/przyjaznadolinaraby.info\/2014-2020\/wp-json\/wp\/v2\/pages\/1709\/revisions"}],"wp:attachment":[{"href":"https:\/\/przyjaznadolinaraby.info\/2014-2020\/wp-json\/wp\/v2\/media?parent=1709"}],"wp:term":[{"taxonomy":"post_tag","embeddable":true,"href":"https:\/\/przyjaznadolinaraby.info\/2014-2020\/wp-json\/wp\/v2\/tags?post=1709"}],"curies":[{"name":"wp","href":"https:\/\/api.w.org\/{rel}","templated":true}]}}