{"id":22,"date":"2016-06-30T10:44:27","date_gmt":"2016-06-30T08:44:27","guid":{"rendered":"http:\/\/przyjaznadolinaraby.info\/2014-2020\/?page_id=22"},"modified":"2022-09-14T00:03:07","modified_gmt":"2022-09-13T22:03:07","slug":"zrealizowane-projekty","status":"publish","type":"page","link":"https:\/\/przyjaznadolinaraby.info\/2014-2020\/zrealizowane-projekty\/","title":{"rendered":"Zrealizowane projekty"},"content":{"rendered":"<p><strong><a href=\"http:\/\/przyjaznadolinaraby.info\/2014-2020\/granty-projekty-zrealizowane\/\">Projekty Grantowe<\/a><\/strong><\/p>\n<p><strong><a href=\"http:\/\/przyjaznadolinaraby.info\/2014-2020\/granty-projekty-zrealizowane\/\"><img decoding=\"async\" class=\"alignnone wp-image-6850\" src=\"http:\/\/przyjaznadolinaraby.info\/2014-2020\/wp-content\/uploads\/2020\/12\/1-granty-m-300x225.jpg\" alt=\"\" width=\"463\" height=\"348\" srcset=\"https:\/\/przyjaznadolinaraby.info\/2014-2020\/wp-content\/uploads\/2020\/12\/1-granty-m-300x225.jpg 300w, https:\/\/przyjaznadolinaraby.info\/2014-2020\/wp-content\/uploads\/2020\/12\/1-granty-m-1024x768.jpg 1024w, https:\/\/przyjaznadolinaraby.info\/2014-2020\/wp-content\/uploads\/2020\/12\/1-granty-m.jpg 1200w\" sizes=\"(max-width: 463px) 100vw, 463px\" \/><\/a><\/strong><\/p>\n<p><strong><a href=\"http:\/\/przyjaznadolinaraby.info\/2014-2020\/podejmowanie-dzialalnosci-gospodarczej\/\">Podejmowanie dzia\u0142alno\u015bci gospodarczej<\/a><\/strong><\/p>\n<p><strong><a href=\"http:\/\/przyjaznadolinaraby.info\/2014-2020\/podejmowanie-dzialalnosci-gospodarczej\/\" rel=\"attachment wp-att-6845\"><img decoding=\"async\" class=\"alignnone wp-image-6845\" src=\"http:\/\/przyjaznadolinaraby.info\/2014-2020\/wp-content\/uploads\/2020\/12\/1-premie-m-300x225.jpg\" alt=\"\" width=\"465\" height=\"349\" srcset=\"https:\/\/przyjaznadolinaraby.info\/2014-2020\/wp-content\/uploads\/2020\/12\/1-premie-m-300x225.jpg 300w, https:\/\/przyjaznadolinaraby.info\/2014-2020\/wp-content\/uploads\/2020\/12\/1-premie-m-1024x768.jpg 1024w, https:\/\/przyjaznadolinaraby.info\/2014-2020\/wp-content\/uploads\/2020\/12\/1-premie-m.jpg 1200w\" sizes=\"(max-width: 465px) 100vw, 465px\" \/><\/a><\/strong><\/p>\n<p><strong><a href=\"http:\/\/przyjaznadolinaraby.info\/2014-2020\/rozwoj-dzialalnosci-gospodarczej\/\">Rozw\u00f3j dzia\u0142alno\u015bci gospodarczej<\/a><\/strong><\/p>\n<p><strong><a href=\"http:\/\/przyjaznadolinaraby.info\/2014-2020\/rozwoj-dzialalnosci-gospodarczej\/\" rel=\"attachment wp-att-6847\"><img decoding=\"async\" class=\"alignnone wp-image-6847\" src=\"http:\/\/przyjaznadolinaraby.info\/2014-2020\/wp-content\/uploads\/2020\/12\/1-rozw\u00f3j-m-300x225.jpg\" alt=\"\" width=\"460\" height=\"345\" srcset=\"https:\/\/przyjaznadolinaraby.info\/2014-2020\/wp-content\/uploads\/2020\/12\/1-rozw\u00f3j-m-300x225.jpg 300w, https:\/\/przyjaznadolinaraby.info\/2014-2020\/wp-content\/uploads\/2020\/12\/1-rozw\u00f3j-m-1024x768.jpg 1024w, https:\/\/przyjaznadolinaraby.info\/2014-2020\/wp-content\/uploads\/2020\/12\/1-rozw\u00f3j-m.jpg 1200w\" sizes=\"(max-width: 460px) 100vw, 460px\" \/><\/a><\/strong><\/p>\n<p><strong><a href=\"http:\/\/przyjaznadolinaraby.info\/2014-2020\/inne-operacje\/\">Inne projekty<\/a><\/strong><\/p>\n<p><strong><a href=\"http:\/\/przyjaznadolinaraby.info\/2014-2020\/inne-operacje\/\" rel=\"attachment wp-att-6848\"><img decoding=\"async\" class=\"alignnone wp-image-6848\" src=\"http:\/\/przyjaznadolinaraby.info\/2014-2020\/wp-content\/uploads\/2020\/12\/1-inne-m-300x225.jpg\" alt=\"\" width=\"463\" height=\"347\" srcset=\"https:\/\/przyjaznadolinaraby.info\/2014-2020\/wp-content\/uploads\/2020\/12\/1-inne-m-300x225.jpg 300w, https:\/\/przyjaznadolinaraby.info\/2014-2020\/wp-content\/uploads\/2020\/12\/1-inne-m-1024x768.jpg 1024w, https:\/\/przyjaznadolinaraby.info\/2014-2020\/wp-content\/uploads\/2020\/12\/1-inne-m.jpg 1200w\" sizes=\"(max-width: 463px) 100vw, 463px\" \/><\/a><\/strong><\/p>\n","protected":false},"excerpt":{"rendered":"<p>Projekty Grantowe Podejmowanie dzia\u0142alno\u015bci gospodarczej Rozw\u00f3j dzia\u0142alno\u015bci gospodarczej Inne projekty<\/p>\n","protected":false},"author":6,"featured_media":0,"parent":0,"menu_order":9,"comment_status":"closed","ping_status":"closed","template":"","meta":{"_monsterinsights_skip_tracking":false,"_monsterinsights_sitenote_active":false,"_monsterinsights_sitenote_note":"","_monsterinsights_sitenote_category":0,"footnotes":""},"tags":[],"acf":[],"_links":{"self":[{"href":"https:\/\/przyjaznadolinaraby.info\/2014-2020\/wp-json\/wp\/v2\/pages\/22"}],"collection":[{"href":"https:\/\/przyjaznadolinaraby.info\/2014-2020\/wp-json\/wp\/v2\/pages"}],"about":[{"href":"https:\/\/przyjaznadolinaraby.info\/2014-2020\/wp-json\/wp\/v2\/types\/page"}],"author":[{"embeddable":true,"href":"https:\/\/przyjaznadolinaraby.info\/2014-2020\/wp-json\/wp\/v2\/users\/6"}],"replies":[{"embeddable":true,"href":"https:\/\/przyjaznadolinaraby.info\/2014-2020\/wp-json\/wp\/v2\/comments?post=22"}],"version-history":[{"count":5,"href":"https:\/\/przyjaznadolinaraby.info\/2014-2020\/wp-json\/wp\/v2\/pages\/22\/revisions"}],"predecessor-version":[{"id":10006,"href":"https:\/\/przyjaznadolinaraby.info\/2014-2020\/wp-json\/wp\/v2\/pages\/22\/revisions\/10006"}],"wp:attachment":[{"href":"https:\/\/przyjaznadolinaraby.info\/2014-2020\/wp-json\/wp\/v2\/media?parent=22"}],"wp:term":[{"taxonomy":"post_tag","embeddable":true,"href":"https:\/\/przyjaznadolinaraby.info\/2014-2020\/wp-json\/wp\/v2\/tags?post=22"}],"curies":[{"name":"wp","href":"https:\/\/api.w.org\/{rel}","templated":true}]}}