{"id":2545,"date":"2019-01-21T12:40:13","date_gmt":"2019-01-21T11:40:13","guid":{"rendered":"http:\/\/przyjaznadolinaraby.info\/2014-2020\/?page_id=2545"},"modified":"2022-09-13T23:24:28","modified_gmt":"2022-09-13T21:24:28","slug":"2019-2","status":"publish","type":"page","link":"https:\/\/przyjaznadolinaraby.info\/2014-2020\/2019-2\/","title":{"rendered":"2019"},"content":{"rendered":"<header class=\"entry-header\">\n<p class=\"entry-title\"><strong><a href=\"http:\/\/przyjaznadolinaraby.info\/2014-2020\/2018\/11\/20\/nabor-nr-10-2018-rozwoj-ogolnodostepnej-i-niekomercyjnej-infrastruktury-turystycznej-lub-rekreacyjnej-lub-kulturalnej-operacje-w-zakresie-infrastruktury-kulturalnej-w-wyniku-wsparcia-w-ram\/\">Nab\u00f3r nr 10\/2018<\/a><\/strong><\/p>\n<\/header>\n<div class=\"entry-content\">\n<p>Protok\u00f3\u0142 z Rady:<\/p>\n<p><a href=\"https:\/\/drive.google.com\/open?id=1peaMDBjECJPLrrixPkwHiGMcrDgE1zf5\">Protok\u00f3\u0142 nr XIX<\/a><\/p>\n<p>Listy:<\/p>\n<p><a href=\"https:\/\/drive.google.com\/open?id=16N5S0TjVSenda34-f9p3f9vYshcG43Xq\">Lista operacji zgodnych z og\u0142oszeniem o naborze i zgodnych z LSR nab\u00f3r nr 10\/2018<\/a><\/p>\n<p><a href=\"https:\/\/drive.google.com\/open?id=1Iqpa4-HdUfNuS_imQuvVwuv65_n7G68l\">Lista operacji wybranych, nab\u00f3r nr 10\/2018<\/a><\/p>\n<p>&nbsp;<\/p>\n<\/div>\n<header class=\"entry-header\">\n<p class=\"entry-title\"><strong><a href=\"http:\/\/przyjaznadolinaraby.info\/2014-2020\/2019\/02\/28\/2583\/\">Nab\u00f3r nr 1\/2019\/OW<\/a><\/strong><\/p>\n<\/header>\n<div class=\"entry-content\">\n<p>Protok\u00f3\u0142 z Rady:<\/p>\n<p><a href=\"https:\/\/drive.google.com\/open?id=1At_oMGLP2-r1qT-EkSLDFytQIr3px9VN\">Protok\u00f3\u0142 nr XX<\/a><\/p>\n<p>&nbsp;<\/p>\n<p><strong><a href=\"http:\/\/przyjaznadolinaraby.info\/2014-2020\/2019\/09\/09\/informacja-nr-2-2019-ow-o-planowanej-do-realizacji-operacji-wlasnej\/\">Nab\u00f3r nr 2\/2019\/OW<\/a><\/strong><br \/>\nProtok\u00f3\u0142 z Rady:<\/p>\n<p><a href=\"https:\/\/drive.google.com\/open?id=1PfeBmI2FSoY0B8QwCI9sJRzy5OLyIuJc\">Protok\u00f3\u0142 nr XXI<\/a><\/p>\n<p><a href=\"https:\/\/drive.google.com\/open?id=1SxuLoA0q2xlUCRAt5yvuNrXM1wMo5du-\">Sprawozdanie ze spotkania roboczego Rady<\/a><\/p>\n<\/div>\n","protected":false},"excerpt":{"rendered":"<p>Nab\u00f3r nr 10\/2018 Protok\u00f3\u0142 z Rady: Protok\u00f3\u0142 nr XIX Listy: Lista operacji zgodnych z og\u0142oszeniem o naborze i zgodnych z LSR nab\u00f3r nr 10\/2018 Lista operacji wybranych, nab\u00f3r nr 10\/2018 &nbsp; Nab\u00f3r nr 1\/2019\/OW Protok\u00f3\u0142 z Rady: Protok\u00f3\u0142 nr XX &nbsp; Nab\u00f3r nr 2\/2019\/OW Protok\u00f3\u0142 z Rady: Protok\u00f3\u0142 nr XXI Sprawozdanie ze spotkania roboczego Rady<\/p>\n","protected":false},"author":6,"featured_media":0,"parent":0,"menu_order":0,"comment_status":"closed","ping_status":"closed","template":"","meta":{"_monsterinsights_skip_tracking":false,"_monsterinsights_sitenote_active":false,"_monsterinsights_sitenote_note":"","_monsterinsights_sitenote_category":0,"footnotes":""},"tags":[],"acf":[],"_links":{"self":[{"href":"https:\/\/przyjaznadolinaraby.info\/2014-2020\/wp-json\/wp\/v2\/pages\/2545"}],"collection":[{"href":"https:\/\/przyjaznadolinaraby.info\/2014-2020\/wp-json\/wp\/v2\/pages"}],"about":[{"href":"https:\/\/przyjaznadolinaraby.info\/2014-2020\/wp-json\/wp\/v2\/types\/page"}],"author":[{"embeddable":true,"href":"https:\/\/przyjaznadolinaraby.info\/2014-2020\/wp-json\/wp\/v2\/users\/6"}],"replies":[{"embeddable":true,"href":"https:\/\/przyjaznadolinaraby.info\/2014-2020\/wp-json\/wp\/v2\/comments?post=2545"}],"version-history":[{"count":1,"href":"https:\/\/przyjaznadolinaraby.info\/2014-2020\/wp-json\/wp\/v2\/pages\/2545\/revisions"}],"predecessor-version":[{"id":9975,"href":"https:\/\/przyjaznadolinaraby.info\/2014-2020\/wp-json\/wp\/v2\/pages\/2545\/revisions\/9975"}],"wp:attachment":[{"href":"https:\/\/przyjaznadolinaraby.info\/2014-2020\/wp-json\/wp\/v2\/media?parent=2545"}],"wp:term":[{"taxonomy":"post_tag","embeddable":true,"href":"https:\/\/przyjaznadolinaraby.info\/2014-2020\/wp-json\/wp\/v2\/tags?post=2545"}],"curies":[{"name":"wp","href":"https:\/\/api.w.org\/{rel}","templated":true}]}}