{"id":2592,"date":"2019-03-26T15:42:29","date_gmt":"2019-03-26T14:42:29","guid":{"rendered":"http:\/\/przyjaznadolinaraby.info\/2014-2020\/?page_id=2592"},"modified":"2022-09-13T23:57:45","modified_gmt":"2022-09-13T21:57:45","slug":"projekty-grantowe-zdjecia","status":"publish","type":"page","link":"https:\/\/przyjaznadolinaraby.info\/2014-2020\/projekty-grantowe-zdjecia\/","title":{"rendered":"Projekty Grantowe &#8211; zdj\u0119cia"},"content":{"rendered":"<p><a href=\"http:\/\/przyjaznadolinaraby.info\/2014-2020\/projekty-grantowe-zdjecia\/promowanie-garntu-promocja-obszaru-1-2\/\" rel=\"attachment wp-att-2750\"><img decoding=\"async\" class=\"alignnone size-large wp-image-2750\" src=\"http:\/\/przyjaznadolinaraby.info\/2014-2020\/wp-content\/uploads\/2019\/06\/promowanie-garntu-PROMOCJA-obszaru-1-1-1024x724.jpg\" alt=\"\" width=\"1024\" height=\"724\" srcset=\"https:\/\/przyjaznadolinaraby.info\/2014-2020\/wp-content\/uploads\/2019\/06\/promowanie-garntu-PROMOCJA-obszaru-1-1-1024x724.jpg 1024w, https:\/\/przyjaznadolinaraby.info\/2014-2020\/wp-content\/uploads\/2019\/06\/promowanie-garntu-PROMOCJA-obszaru-1-1-300x212.jpg 300w\" sizes=\"(max-width: 1024px) 100vw, 1024px\" \/><\/a><\/p>\n<p><span style=\"text-decoration: underline;\"><b>Zadania w ramach projektu:<\/b><\/span><\/p>\n<p><b><\/b><strong>1.<\/strong><strong>Wydanie monografii Raby Wy\u017cnej i okolic wraz z promocj\u0105 internetow\u0105<\/strong>&#8211; zrealizowa\u0142 P. Adam Sawina<\/p>\n<p><a href=\"http:\/\/przyjaznadolinaraby.info\/2014-2020\/projekty-grantowe-zdjecia\/okladka_ksiazka_adam_sawina\/\" rel=\"attachment wp-att-2754\"><img decoding=\"async\" class=\"alignnone size-large wp-image-2754\" src=\"http:\/\/przyjaznadolinaraby.info\/2014-2020\/wp-content\/uploads\/2019\/06\/Okladka_ksiazka_Adam_Sawina-1024x676.jpg\" alt=\"\" width=\"1024\" height=\"676\" srcset=\"https:\/\/przyjaznadolinaraby.info\/2014-2020\/wp-content\/uploads\/2019\/06\/Okladka_ksiazka_Adam_Sawina-1024x676.jpg 1024w, https:\/\/przyjaznadolinaraby.info\/2014-2020\/wp-content\/uploads\/2019\/06\/Okladka_ksiazka_Adam_Sawina-300x198.jpg 300w\" sizes=\"(max-width: 1024px) 100vw, 1024px\" \/><\/a><\/p>\n<p>Promocja internetowa:<\/p>\n<p><a href=\"https:\/\/www.facebook.com\/rabawyzna2018\/\">https:\/\/www.facebook.com\/rabawyzna2018\/\u00a0<\/a><\/p>\n<p>2.<strong>Wydanie ksi\u0105\u017cki \u201eRabka w literaturze, literaci w Rabce\u201d-<\/strong> zrealizowa\u0142o\u00a0Stowarzyszenie Kulturowy Go\u015bciniec<\/p>\n<p><a href=\"http:\/\/przyjaznadolinaraby.info\/2014-2020\/projekty-grantowe-zdjecia\/cof-5\/\" rel=\"attachment wp-att-2755\"><img decoding=\"async\" class=\" wp-image-2755\" src=\"http:\/\/przyjaznadolinaraby.info\/2014-2020\/wp-content\/uploads\/2019\/06\/ok\u0142adka-683x1024.jpg\" alt=\"\" width=\"300\" height=\"450\" srcset=\"https:\/\/przyjaznadolinaraby.info\/2014-2020\/wp-content\/uploads\/2019\/06\/ok\u0142adka-683x1024.jpg 683w, https:\/\/przyjaznadolinaraby.info\/2014-2020\/wp-content\/uploads\/2019\/06\/ok\u0142adka-200x300.jpg 200w\" sizes=\"(max-width: 300px) 100vw, 300px\" \/><\/a><\/p>\n<p><a href=\"http:\/\/przyjaznadolinaraby.info\/2014-2020\/projekty-grantowe-zdjecia\/cof-6\/\" rel=\"attachment wp-att-2756\"><img decoding=\"async\" class=\" wp-image-2756\" src=\"http:\/\/przyjaznadolinaraby.info\/2014-2020\/wp-content\/uploads\/2019\/06\/IMG_20190611_120209-768x1024.jpg\" alt=\"\" width=\"297\" height=\"396\" srcset=\"https:\/\/przyjaznadolinaraby.info\/2014-2020\/wp-content\/uploads\/2019\/06\/IMG_20190611_120209-768x1024.jpg 768w, https:\/\/przyjaznadolinaraby.info\/2014-2020\/wp-content\/uploads\/2019\/06\/IMG_20190611_120209-225x300.jpg 225w\" sizes=\"(max-width: 297px) 100vw, 297px\" \/><\/a><\/p>\n<p><a href=\"http:\/\/przyjaznadolinaraby.info\/2014-2020\/projekty-grantowe-zdjecia\/cof-7\/\" rel=\"attachment wp-att-2757\"><img decoding=\"async\" class=\" wp-image-2757\" src=\"http:\/\/przyjaznadolinaraby.info\/2014-2020\/wp-content\/uploads\/2019\/06\/IMG_20190611_120220-768x1024.jpg\" alt=\"\" width=\"294\" height=\"392\" srcset=\"https:\/\/przyjaznadolinaraby.info\/2014-2020\/wp-content\/uploads\/2019\/06\/IMG_20190611_120220-768x1024.jpg 768w, https:\/\/przyjaznadolinaraby.info\/2014-2020\/wp-content\/uploads\/2019\/06\/IMG_20190611_120220-225x300.jpg 225w\" sizes=\"(max-width: 294px) 100vw, 294px\" \/><\/a><\/p>\n<p><strong>3. <\/strong><strong>Promowanie rodzimego i mi\u0119dzynarodowego folkloru w gminie Raba Wy\u017cna w celu zwi\u0119kszenia atrakcyjno\u015bci obszaru dzia\u0142ania LGD-<\/strong> zrealizowa\u0142o\u00a0Stowarzyszenie Rozwoju Inicjatyw Lokalnych E7<\/p>\n<p><a href=\"http:\/\/przyjaznadolinaraby.info\/2014-2020\/projekty-grantowe-zdjecia\/cof-8\/\" rel=\"attachment wp-att-2758\"><img decoding=\"async\" class=\" wp-image-2758\" src=\"http:\/\/przyjaznadolinaraby.info\/2014-2020\/wp-content\/uploads\/2019\/06\/IMG_20190611_151421a-682x1024.jpg\" alt=\"\" width=\"400\" height=\"601\" srcset=\"https:\/\/przyjaznadolinaraby.info\/2014-2020\/wp-content\/uploads\/2019\/06\/IMG_20190611_151421a-682x1024.jpg 682w, https:\/\/przyjaznadolinaraby.info\/2014-2020\/wp-content\/uploads\/2019\/06\/IMG_20190611_151421a-200x300.jpg 200w\" sizes=\"(max-width: 400px) 100vw, 400px\" \/><\/a><\/p>\n<p><a href=\"http:\/\/przyjaznadolinaraby.info\/2014-2020\/projekty-grantowe-zdjecia\/cof-9\/\" rel=\"attachment wp-att-2759\"><img decoding=\"async\" class=\"size-large wp-image-2759\" src=\"http:\/\/przyjaznadolinaraby.info\/2014-2020\/wp-content\/uploads\/2019\/06\/IMG_20190611_151446-1024x768.jpg\" alt=\"\" width=\"1024\" height=\"768\" srcset=\"https:\/\/przyjaznadolinaraby.info\/2014-2020\/wp-content\/uploads\/2019\/06\/IMG_20190611_151446-1024x768.jpg 1024w, https:\/\/przyjaznadolinaraby.info\/2014-2020\/wp-content\/uploads\/2019\/06\/IMG_20190611_151446-300x225.jpg 300w\" sizes=\"(max-width: 1024px) 100vw, 1024px\" \/><\/a><\/p>\n<p><a href=\"http:\/\/przyjaznadolinaraby.info\/2014-2020\/projekty-grantowe-zdjecia\/impreza\/\" rel=\"attachment wp-att-2760\"><img decoding=\"async\" class=\"alignnone size-large wp-image-2760\" src=\"http:\/\/przyjaznadolinaraby.info\/2014-2020\/wp-content\/uploads\/2019\/06\/impreza-1024x683.jpg\" alt=\"\" width=\"1024\" height=\"683\" srcset=\"https:\/\/przyjaznadolinaraby.info\/2014-2020\/wp-content\/uploads\/2019\/06\/impreza-1024x683.jpg 1024w, https:\/\/przyjaznadolinaraby.info\/2014-2020\/wp-content\/uploads\/2019\/06\/impreza-300x200.jpg 300w, https:\/\/przyjaznadolinaraby.info\/2014-2020\/wp-content\/uploads\/2019\/06\/impreza.jpg 1200w\" sizes=\"(max-width: 1024px) 100vw, 1024px\" \/><\/a><\/p>\n<p><a href=\"https:\/\/photos.google.com\/share\/AF1QipODUWBWbSPWMzx7fgYmQBQdqY_FTukdPtveCj5Y9-NRK1D4CuHWu7zn-a1F4H7-wg?key=Q3FkN0tVcW1reFh1WUNuM2Fnb2FBdW5wVGNRX29n\">Zdj\u0119cia z imprezy<\/a><\/p>\n<p><strong>4. <\/strong><strong>Teledysk z okazji obchod\u00f3w &#8222;100 rocznicy odzyskania niepodleg\u0142o\u015bci przez Polsk\u0119&#8221;<\/strong> -realizowany przez\u00a0Stowarzyszenie &#8222;Ma\u0142a Armia Janosika&#8221;<\/p>\n<p><iframe title=\"YouTube video player\" src=\"https:\/\/www.youtube.com\/embed\/gfCaCS5pSX8\" width=\"100%\" height=\"315\" frameborder=\"0\" allowfullscreen=\"allowfullscreen\"><span data-mce-type=\"bookmark\" style=\"display: inline-block; width: 0px; overflow: hidden; line-height: 0;\" class=\"mce_SELRES_start\">\ufeff<\/span><\/iframe><\/p>\n<p><strong>5. Pierwsza P\u0142yta Ma\u0142ej Armii Janosika<\/strong>&#8211; realizowana przez\u00a0Stowarzyszenie &#8222;Ma\u0142a Armia Janosika&#8221;<\/p>\n<p><a href=\"http:\/\/przyjaznadolinaraby.info\/2014-2020\/projekty-grantowe-zdjecia\/cof-3\/\" rel=\"attachment wp-att-2752\"><img decoding=\"async\" class=\"size-large wp-image-2752\" src=\"http:\/\/przyjaznadolinaraby.info\/2014-2020\/wp-content\/uploads\/2019\/06\/IMG_20190611_150822a-1024x683.jpg\" alt=\"\" width=\"1024\" height=\"683\" srcset=\"https:\/\/przyjaznadolinaraby.info\/2014-2020\/wp-content\/uploads\/2019\/06\/IMG_20190611_150822a-1024x683.jpg 1024w, https:\/\/przyjaznadolinaraby.info\/2014-2020\/wp-content\/uploads\/2019\/06\/IMG_20190611_150822a-300x200.jpg 300w\" sizes=\"(max-width: 1024px) 100vw, 1024px\" \/><\/a><\/p>\n<p><a href=\"http:\/\/przyjaznadolinaraby.info\/2014-2020\/projekty-grantowe-zdjecia\/cof-4\/\" rel=\"attachment wp-att-2753\"><img decoding=\"async\" class=\"size-large wp-image-2753\" src=\"http:\/\/przyjaznadolinaraby.info\/2014-2020\/wp-content\/uploads\/2019\/06\/IMG_20190611_150856-1024x768.jpg\" alt=\"\" width=\"1024\" height=\"768\" srcset=\"https:\/\/przyjaznadolinaraby.info\/2014-2020\/wp-content\/uploads\/2019\/06\/IMG_20190611_150856-1024x768.jpg 1024w, https:\/\/przyjaznadolinaraby.info\/2014-2020\/wp-content\/uploads\/2019\/06\/IMG_20190611_150856-300x225.jpg 300w\" sizes=\"(max-width: 1024px) 100vw, 1024px\" \/><\/a><\/p>\n<p><strong>6.Arty\u015bci dla Orawy- zrealizowa\u0142o Art Orawa<\/strong><\/p>\n<p><a href=\"http:\/\/przyjaznadolinaraby.info\/2014-2020\/projekty-grantowe-zdjecia\/cof-12\/\" rel=\"attachment wp-att-2763\"><img decoding=\"async\" class=\"size-large wp-image-2763\" src=\"http:\/\/przyjaznadolinaraby.info\/2014-2020\/wp-content\/uploads\/2019\/06\/IMG_20190611_151213-1024x768.jpg\" alt=\"\" width=\"1024\" height=\"768\" srcset=\"https:\/\/przyjaznadolinaraby.info\/2014-2020\/wp-content\/uploads\/2019\/06\/IMG_20190611_151213-1024x768.jpg 1024w, https:\/\/przyjaznadolinaraby.info\/2014-2020\/wp-content\/uploads\/2019\/06\/IMG_20190611_151213-300x225.jpg 300w\" sizes=\"(max-width: 1024px) 100vw, 1024px\" \/><\/a><\/p>\n<p><a href=\"http:\/\/przyjaznadolinaraby.info\/2014-2020\/projekty-grantowe-zdjecia\/cof-11\/\" rel=\"attachment wp-att-2762\"><img decoding=\"async\" class=\"size-large wp-image-2762\" src=\"http:\/\/przyjaznadolinaraby.info\/2014-2020\/wp-content\/uploads\/2019\/06\/IMG_20190611_151205-1024x768.jpg\" alt=\"\" width=\"1024\" height=\"768\" srcset=\"https:\/\/przyjaznadolinaraby.info\/2014-2020\/wp-content\/uploads\/2019\/06\/IMG_20190611_151205-1024x768.jpg 1024w, https:\/\/przyjaznadolinaraby.info\/2014-2020\/wp-content\/uploads\/2019\/06\/IMG_20190611_151205-300x225.jpg 300w\" sizes=\"(max-width: 1024px) 100vw, 1024px\" \/><\/a><\/p>\n<p><a href=\"http:\/\/przyjaznadolinaraby.info\/2014-2020\/projekty-grantowe-zdjecia\/cof-13\/\" rel=\"attachment wp-att-2764\"><img decoding=\"async\" class=\"size-large wp-image-2764\" src=\"http:\/\/przyjaznadolinaraby.info\/2014-2020\/wp-content\/uploads\/2019\/06\/IMG_20190611_151302-1024x768.jpg\" alt=\"\" width=\"1024\" height=\"768\" srcset=\"https:\/\/przyjaznadolinaraby.info\/2014-2020\/wp-content\/uploads\/2019\/06\/IMG_20190611_151302-1024x768.jpg 1024w, https:\/\/przyjaznadolinaraby.info\/2014-2020\/wp-content\/uploads\/2019\/06\/IMG_20190611_151302-300x225.jpg 300w\" sizes=\"(max-width: 1024px) 100vw, 1024px\" \/><\/a><\/p>\n<p><a href=\"http:\/\/przyjaznadolinaraby.info\/2014-2020\/projekty-grantowe-zdjecia\/cof-14\/\" rel=\"attachment wp-att-2765\"><img decoding=\"async\" class=\"size-large wp-image-2765\" src=\"http:\/\/przyjaznadolinaraby.info\/2014-2020\/wp-content\/uploads\/2019\/06\/sotiska-i-degus-683x1024.jpg\" alt=\"\" width=\"683\" height=\"1024\" srcset=\"https:\/\/przyjaznadolinaraby.info\/2014-2020\/wp-content\/uploads\/2019\/06\/sotiska-i-degus-683x1024.jpg 683w, https:\/\/przyjaznadolinaraby.info\/2014-2020\/wp-content\/uploads\/2019\/06\/sotiska-i-degus-200x300.jpg 200w\" sizes=\"(max-width: 683px) 100vw, 683px\" \/><\/a><\/p>\n<p><a href=\"http:\/\/przyjaznadolinaraby.info\/2014-2020\/projekty-grantowe-zdjecia\/cof-15\/\" rel=\"attachment wp-att-2766\"><img decoding=\"async\" class=\"size-large wp-image-2766\" src=\"http:\/\/przyjaznadolinaraby.info\/2014-2020\/wp-content\/uploads\/2019\/06\/stoiska-683x1024.jpg\" alt=\"\" width=\"683\" height=\"1024\" srcset=\"https:\/\/przyjaznadolinaraby.info\/2014-2020\/wp-content\/uploads\/2019\/06\/stoiska-683x1024.jpg 683w, https:\/\/przyjaznadolinaraby.info\/2014-2020\/wp-content\/uploads\/2019\/06\/stoiska-200x300.jpg 200w, https:\/\/przyjaznadolinaraby.info\/2014-2020\/wp-content\/uploads\/2019\/06\/stoiska.jpg 1817w\" sizes=\"(max-width: 683px) 100vw, 683px\" \/><\/a><\/p>\n<p><a href=\"http:\/\/przyjaznadolinaraby.info\/2014-2020\/projekty-grantowe-zdjecia\/cof-10\/\" rel=\"attachment wp-att-2761\"><img decoding=\"async\" class=\"size-large wp-image-2761\" src=\"http:\/\/przyjaznadolinaraby.info\/2014-2020\/wp-content\/uploads\/2019\/06\/degustacja-684x1024.jpg\" alt=\"\" width=\"684\" height=\"1024\" srcset=\"https:\/\/przyjaznadolinaraby.info\/2014-2020\/wp-content\/uploads\/2019\/06\/degustacja-684x1024.jpg 684w, https:\/\/przyjaznadolinaraby.info\/2014-2020\/wp-content\/uploads\/2019\/06\/degustacja-200x300.jpg 200w\" sizes=\"(max-width: 684px) 100vw, 684px\" \/><\/a><\/p>\n","protected":false},"excerpt":{"rendered":"<p>Zadania w ramach projektu: 1.Wydanie monografii Raby Wy\u017cnej i okolic wraz z promocj\u0105 internetow\u0105&#8211; zrealizowa\u0142 P. Adam Sawina Promocja internetowa: https:\/\/www.facebook.com\/rabawyzna2018\/\u00a0 2.Wydanie ksi\u0105\u017cki \u201eRabka w literaturze, literaci w Rabce\u201d- zrealizowa\u0142o\u00a0Stowarzyszenie Kulturowy Go\u015bciniec 3. Promowanie rodzimego i mi\u0119dzynarodowego folkloru w gminie Raba Wy\u017cna w celu zwi\u0119kszenia atrakcyjno\u015bci obszaru dzia\u0142ania LGD- zrealizowa\u0142o\u00a0Stowarzyszenie Rozwoju Inicjatyw Lokalnych E7 Zdj\u0119cia <a href=\"https:\/\/przyjaznadolinaraby.info\/2014-2020\/projekty-grantowe-zdjecia\/\" class=\"more-link\">&#8230;<span class=\"screen-reader-text\">  Projekty Grantowe &#8211; zdj\u0119cia<\/span><\/a><\/p>\n","protected":false},"author":6,"featured_media":0,"parent":0,"menu_order":0,"comment_status":"closed","ping_status":"closed","template":"","meta":{"_monsterinsights_skip_tracking":false,"_monsterinsights_sitenote_active":false,"_monsterinsights_sitenote_note":"","_monsterinsights_sitenote_category":0,"footnotes":""},"tags":[],"acf":[],"_links":{"self":[{"href":"https:\/\/przyjaznadolinaraby.info\/2014-2020\/wp-json\/wp\/v2\/pages\/2592"}],"collection":[{"href":"https:\/\/przyjaznadolinaraby.info\/2014-2020\/wp-json\/wp\/v2\/pages"}],"about":[{"href":"https:\/\/przyjaznadolinaraby.info\/2014-2020\/wp-json\/wp\/v2\/types\/page"}],"author":[{"embeddable":true,"href":"https:\/\/przyjaznadolinaraby.info\/2014-2020\/wp-json\/wp\/v2\/users\/6"}],"replies":[{"embeddable":true,"href":"https:\/\/przyjaznadolinaraby.info\/2014-2020\/wp-json\/wp\/v2\/comments?post=2592"}],"version-history":[{"count":2,"href":"https:\/\/przyjaznadolinaraby.info\/2014-2020\/wp-json\/wp\/v2\/pages\/2592\/revisions"}],"predecessor-version":[{"id":9998,"href":"https:\/\/przyjaznadolinaraby.info\/2014-2020\/wp-json\/wp\/v2\/pages\/2592\/revisions\/9998"}],"wp:attachment":[{"href":"https:\/\/przyjaznadolinaraby.info\/2014-2020\/wp-json\/wp\/v2\/media?parent=2592"}],"wp:term":[{"taxonomy":"post_tag","embeddable":true,"href":"https:\/\/przyjaznadolinaraby.info\/2014-2020\/wp-json\/wp\/v2\/tags?post=2592"}],"curies":[{"name":"wp","href":"https:\/\/api.w.org\/{rel}","templated":true}]}}