{"id":2779,"date":"2019-06-17T14:25:25","date_gmt":"2019-06-17T12:25:25","guid":{"rendered":"http:\/\/przyjaznadolinaraby.info\/2014-2020\/?page_id=2779"},"modified":"2022-09-13T23:55:49","modified_gmt":"2022-09-13T21:55:49","slug":"granty-projekty-zrealizowane","status":"publish","type":"page","link":"https:\/\/przyjaznadolinaraby.info\/2014-2020\/granty-projekty-zrealizowane\/","title":{"rendered":"Granty &#8211; projekty zrealizowane"},"content":{"rendered":"<p><em><\/em><\/p>\r\n<ul>\r\n<li><a href=\"http:\/\/przyjaznadolinaraby.info\/2014-2020\/projekty-grantowe-zdjecia\/\">Promowanie obszaru Stowarzyszenia Przyjazna Dolina Raby i Czarnej Orawy<\/a><\/li>\r\n<\/ul>\r\n\r\n\r\n\r\n<ul>\r\n<li><a href=\"http:\/\/przyjaznadolinaraby.info\/2014-2020\/projekt-grantowy-wyposazenie-podmiotow-dzialajacych-w-sferze-kultury-na-obszarze-dzialania-stowarzyszenia-przyjazna-dolina-raby-i-czarnej-orawy\/\">Wyposa\u017cenie podmiot\u00f3w dzia\u0142aj\u0105cych w sferze kultury na obszarze dzia\u0142ania Stowarzyszenia Przyjazna Dolina Raby i Czarnej Orawy. <\/a><\/li>\r\n<\/ul>\r\n\r\n\r\n\r\n<ul>\r\n<li><a href=\"http:\/\/przyjaznadolinaraby.info\/2014-2020\/zachowanie-dziedzictwa-lokalnego-obszaru-stowarzyszenia-przyjazna-dolina-raby-i-czarnej-orawy\/\">Zachowanie dziedzictwa lokalnego obszaru Stowarzyszenia Przyjazna Dolina Raby i Czarnej Orawy. <\/a><\/li>\r\n<\/ul>\r\n\r\n\r\n\r\n<ul>\r\n<li><a href=\"http:\/\/przyjaznadolinaraby.info\/2014-2020\/?page_id=3847\">Promowanie obszaru obj\u0119tego LSR, w tym produkt\u00f3w lub us\u0142ug lokalnych (wydarzenia rekreacyjno-sportowe).<\/a><\/li>\r\n<\/ul>\r\n\r\n\r\n\r\n<ul>\r\n<li><a href=\"http:\/\/przyjaznadolinaraby.info\/2014-2020\/grant\/\">Warsztaty i wydarzenia kulturalne<\/a><\/li>\r\n<\/ul>\r\n\r\n\r\n\r\n<ul>\r\n<li><a href=\"http:\/\/przyjaznadolinaraby.info\/2014-2020\/projekt-grantowy-2\/\">Wyposa\u017cenie podmiot\u00f3w dzia\u0142aj\u0105cych w sferze kultury na obszarze dzia\u0142ania Stowarzyszenia Przyjazna Dolina Raby i C<\/a><a href=\"http:\/\/przyjaznadolinaraby.info\/2014-2020\/projekt-grantowy-2\/\">zarnej Orawy. <\/a><\/li>\r\n<\/ul>\r\n\r\n\r\n\r\n<p>&nbsp;<\/p>\r\n","protected":false},"excerpt":{"rendered":"<p>Promowanie obszaru Stowarzyszenia Przyjazna Dolina Raby i Czarnej Orawy Wyposa\u017cenie podmiot\u00f3w dzia\u0142aj\u0105cych w sferze kultury na obszarze dzia\u0142ania Stowarzyszenia Przyjazna Dolina Raby i Czarnej Orawy. Zachowanie dziedzictwa lokalnego obszaru Stowarzyszenia Przyjazna Dolina Raby i Czarnej Orawy. Promowanie obszaru obj\u0119tego LSR, w tym produkt\u00f3w lub us\u0142ug lokalnych (wydarzenia rekreacyjno-sportowe). Warsztaty i wydarzenia kulturalne Wyposa\u017cenie podmiot\u00f3w dzia\u0142aj\u0105cych <a href=\"https:\/\/przyjaznadolinaraby.info\/2014-2020\/granty-projekty-zrealizowane\/\" class=\"more-link\">&#8230;<span class=\"screen-reader-text\">  Granty &#8211; projekty zrealizowane<\/span><\/a><\/p>\n","protected":false},"author":6,"featured_media":0,"parent":0,"menu_order":0,"comment_status":"closed","ping_status":"closed","template":"","meta":{"_monsterinsights_skip_tracking":false,"_monsterinsights_sitenote_active":false,"_monsterinsights_sitenote_note":"","_monsterinsights_sitenote_category":0,"footnotes":""},"tags":[],"acf":[],"_links":{"self":[{"href":"https:\/\/przyjaznadolinaraby.info\/2014-2020\/wp-json\/wp\/v2\/pages\/2779"}],"collection":[{"href":"https:\/\/przyjaznadolinaraby.info\/2014-2020\/wp-json\/wp\/v2\/pages"}],"about":[{"href":"https:\/\/przyjaznadolinaraby.info\/2014-2020\/wp-json\/wp\/v2\/types\/page"}],"author":[{"embeddable":true,"href":"https:\/\/przyjaznadolinaraby.info\/2014-2020\/wp-json\/wp\/v2\/users\/6"}],"replies":[{"embeddable":true,"href":"https:\/\/przyjaznadolinaraby.info\/2014-2020\/wp-json\/wp\/v2\/comments?post=2779"}],"version-history":[{"count":1,"href":"https:\/\/przyjaznadolinaraby.info\/2014-2020\/wp-json\/wp\/v2\/pages\/2779\/revisions"}],"predecessor-version":[{"id":9996,"href":"https:\/\/przyjaznadolinaraby.info\/2014-2020\/wp-json\/wp\/v2\/pages\/2779\/revisions\/9996"}],"wp:attachment":[{"href":"https:\/\/przyjaznadolinaraby.info\/2014-2020\/wp-json\/wp\/v2\/media?parent=2779"}],"wp:term":[{"taxonomy":"post_tag","embeddable":true,"href":"https:\/\/przyjaznadolinaraby.info\/2014-2020\/wp-json\/wp\/v2\/tags?post=2779"}],"curies":[{"name":"wp","href":"https:\/\/api.w.org\/{rel}","templated":true}]}}