{"id":2780,"date":"2019-06-17T14:24:39","date_gmt":"2019-06-17T12:24:39","guid":{"rendered":"http:\/\/przyjaznadolinaraby.info\/2014-2020\/?page_id=2780"},"modified":"2021-01-26T13:33:33","modified_gmt":"2021-01-26T12:33:33","slug":"projekt-grantowy-wyposazenie-podmiotow-dzialajacych-w-sferze-kultury-na-obszarze-dzialania-stowarzyszenia-przyjazna-dolina-raby-i-czarnej-orawy","status":"publish","type":"page","link":"https:\/\/przyjaznadolinaraby.info\/2014-2020\/projekt-grantowy-wyposazenie-podmiotow-dzialajacych-w-sferze-kultury-na-obszarze-dzialania-stowarzyszenia-przyjazna-dolina-raby-i-czarnej-orawy\/","title":{"rendered":"Projekt Grantowy:"},"content":{"rendered":"\n<p>Wyposa\u017cenie podmiot\u00f3w dzia\u0142aj\u0105cych w sferze kultury na obszarze dzia\u0142ania Stowarzyszenia Przyjazna Dolina Raby i Czarnej Orawy.<\/p>\n\n\n\n<figure class=\"wp-block-image\"><img decoding=\"async\" width=\"1024\" height=\"724\" src=\"http:\/\/przyjaznadolinaraby.info\/2014-2020\/wp-content\/uploads\/2019\/06\/promowanie-garntu-WYPOSAZENIE-obszaru-1-1024x724.jpg\" alt=\"\" class=\"wp-image-2820\" srcset=\"https:\/\/przyjaznadolinaraby.info\/2014-2020\/wp-content\/uploads\/2019\/06\/promowanie-garntu-WYPOSAZENIE-obszaru-1-1024x724.jpg 1024w, https:\/\/przyjaznadolinaraby.info\/2014-2020\/wp-content\/uploads\/2019\/06\/promowanie-garntu-WYPOSAZENIE-obszaru-1-300x212.jpg 300w\" sizes=\"(max-width: 1024px) 100vw, 1024px\" \/><\/figure>\n\n\n\n<p><br><strong>Zadania w ramach projektu:<\/strong><\/p>\n\n\n\n<p><strong>1.Utworzenie ch\u00f3ru \u017ce\u0144skiego i wyposa\u017cenie w stroje galowe i niezb\u0119dne akcesoria. <\/strong> Zrealizowa\u0142o <strong>Stowarzyszenie Alternatywa Chab\u00f3wka<\/strong> <\/p>\n\n\n\n<figure class=\"wp-block-image\"><img decoding=\"async\" width=\"1024\" height=\"341\" src=\"http:\/\/przyjaznadolinaraby.info\/2014-2020\/wp-content\/uploads\/2019\/06\/na-str-1024x341.jpg\" alt=\"\" class=\"wp-image-2795\" srcset=\"https:\/\/przyjaznadolinaraby.info\/2014-2020\/wp-content\/uploads\/2019\/06\/na-str-1024x341.jpg 1024w, https:\/\/przyjaznadolinaraby.info\/2014-2020\/wp-content\/uploads\/2019\/06\/na-str-300x100.jpg 300w\" sizes=\"(max-width: 1024px) 100vw, 1024px\" \/><\/figure>\n\n\n\n<figure class=\"wp-block-image\"><img decoding=\"async\" width=\"1024\" height=\"341\" src=\"http:\/\/przyjaznadolinaraby.info\/2014-2020\/wp-content\/uploads\/2019\/06\/na-str2-1024x341.jpg\" alt=\"\" class=\"wp-image-2796\" srcset=\"https:\/\/przyjaznadolinaraby.info\/2014-2020\/wp-content\/uploads\/2019\/06\/na-str2-1024x341.jpg 1024w, https:\/\/przyjaznadolinaraby.info\/2014-2020\/wp-content\/uploads\/2019\/06\/na-str2-300x100.jpg 300w\" sizes=\"(max-width: 1024px) 100vw, 1024px\" \/><\/figure>\n\n\n\n<p>2. <strong>Wyposa\u017cenie Stowarzyszenia &#8222;Orawianki&#8221; w stroje regionalne. <\/strong><br> Zrealizowa\u0142o <strong>Stowarzyszenie  &#8221; Orawianki&#8221;.<\/strong><\/p>\n\n\n\n<figure class=\"wp-block-image\"><img decoding=\"async\" width=\"1024\" height=\"512\" src=\"http:\/\/przyjaznadolinaraby.info\/2014-2020\/wp-content\/uploads\/2019\/06\/Orawianki-zdj-1024x512.jpg\" alt=\"\" class=\"wp-image-2799\" srcset=\"https:\/\/przyjaznadolinaraby.info\/2014-2020\/wp-content\/uploads\/2019\/06\/Orawianki-zdj-1024x512.jpg 1024w, https:\/\/przyjaznadolinaraby.info\/2014-2020\/wp-content\/uploads\/2019\/06\/Orawianki-zdj-300x150.jpg 300w\" sizes=\"(max-width: 1024px) 100vw, 1024px\" \/><\/figure>\n\n\n\n<p>3. <strong>Wyposa\u017cenie podmiotu dzia\u0142aj\u0105cego w sferze kultury . Zrealizowa\u0142a OSP w Rabie Wy\u017cnej<\/strong><\/p>\n\n\n\n<figure class=\"wp-block-image\"><img decoding=\"async\" width=\"1024\" height=\"512\" src=\"http:\/\/przyjaznadolinaraby.info\/2014-2020\/wp-content\/uploads\/2019\/06\/osp-raba-1024x512.jpg\" alt=\"\" class=\"wp-image-2806\" srcset=\"https:\/\/przyjaznadolinaraby.info\/2014-2020\/wp-content\/uploads\/2019\/06\/osp-raba-1024x512.jpg 1024w, https:\/\/przyjaznadolinaraby.info\/2014-2020\/wp-content\/uploads\/2019\/06\/osp-raba-300x150.jpg 300w\" sizes=\"(max-width: 1024px) 100vw, 1024px\" \/><\/figure>\n\n\n\n<p>4.<strong>Stroje Regionalne dla dzieci i m\u0142odzie\u017cy Stowarzyszenia Ma\u0142a Armia Janosika.<\/strong> Zrealizowa\u0142o Stowarzyszenie Ma\u0142a Armia Janosika.<\/p>\n\n\n\n<figure class=\"wp-block-image\"><img decoding=\"async\" width=\"1024\" height=\"512\" src=\"http:\/\/przyjaznadolinaraby.info\/2014-2020\/wp-content\/uploads\/2019\/06\/maj-1024x512.jpg\" alt=\"\" class=\"wp-image-2805\" srcset=\"https:\/\/przyjaznadolinaraby.info\/2014-2020\/wp-content\/uploads\/2019\/06\/maj-1024x512.jpg 1024w, https:\/\/przyjaznadolinaraby.info\/2014-2020\/wp-content\/uploads\/2019\/06\/maj-300x150.jpg 300w\" sizes=\"(max-width: 1024px) 100vw, 1024px\" \/><\/figure>\n\n\n\n<p>5. <strong>Wyposa\u017cenie Stowarzyszenia Przyjaci\u00f3\u0142 &#8222;Rabcia&#8221; dzia\u0142aj\u0105cego w sferze kultury. <\/strong> Zrealizowa\u0142o Stowarzyszenie Przyjaci\u00f3\u0142 &#8222;Rabcia&#8221;<\/p>\n\n\n\n<figure class=\"wp-block-image\"><img decoding=\"async\" width=\"1024\" height=\"512\" src=\"http:\/\/przyjaznadolinaraby.info\/2014-2020\/wp-content\/uploads\/2019\/06\/Rabcio-1024x512.jpg\" alt=\"\" class=\"wp-image-2807\" srcset=\"https:\/\/przyjaznadolinaraby.info\/2014-2020\/wp-content\/uploads\/2019\/06\/Rabcio-1024x512.jpg 1024w, https:\/\/przyjaznadolinaraby.info\/2014-2020\/wp-content\/uploads\/2019\/06\/Rabcio-300x150.jpg 300w\" sizes=\"(max-width: 1024px) 100vw, 1024px\" \/><\/figure>\n\n\n\n<p><strong>6. Wyposa\u017cenie Stowarzyszenia &#8222;Czarna Orawa&#8221; w stroje regionalne. <\/strong> Zrealizowa\u0142o Stowarzyszenie &#8222;Czarna Orawa&#8221;.<\/p>\n\n\n\n<figure class=\"wp-block-image\"><img decoding=\"async\" width=\"1024\" height=\"683\" src=\"http:\/\/przyjaznadolinaraby.info\/2014-2020\/wp-content\/uploads\/2019\/06\/czarna-orawa-1024x683.jpg\" alt=\"\" class=\"wp-image-2810\" srcset=\"https:\/\/przyjaznadolinaraby.info\/2014-2020\/wp-content\/uploads\/2019\/06\/czarna-orawa-1024x683.jpg 1024w, https:\/\/przyjaznadolinaraby.info\/2014-2020\/wp-content\/uploads\/2019\/06\/czarna-orawa-300x200.jpg 300w\" sizes=\"(max-width: 1024px) 100vw, 1024px\" \/><\/figure>\n\n\n\n<p><strong>7. &#8222;Nasze zasoby, nasze dziedzictwo&#8230;&#8221; . <\/strong>Zrealizowa\u0142o Stowarzyszenie Rozwoju Orawy.<\/p>\n\n\n\n<figure class=\"wp-block-image\"><img decoding=\"async\" width=\"1024\" height=\"341\" src=\"http:\/\/przyjaznadolinaraby.info\/2014-2020\/wp-content\/uploads\/2019\/06\/sro1-1024x341.jpg\" alt=\"\" class=\"wp-image-2811\" srcset=\"https:\/\/przyjaznadolinaraby.info\/2014-2020\/wp-content\/uploads\/2019\/06\/sro1-1024x341.jpg 1024w, https:\/\/przyjaznadolinaraby.info\/2014-2020\/wp-content\/uploads\/2019\/06\/sro1-300x100.jpg 300w\" sizes=\"(max-width: 1024px) 100vw, 1024px\" \/><\/figure>\n\n\n\n<figure class=\"wp-block-image\"><img decoding=\"async\" width=\"1024\" height=\"512\" src=\"http:\/\/przyjaznadolinaraby.info\/2014-2020\/wp-content\/uploads\/2019\/06\/sro2-1024x512.jpg\" alt=\"\" class=\"wp-image-2812\" srcset=\"https:\/\/przyjaznadolinaraby.info\/2014-2020\/wp-content\/uploads\/2019\/06\/sro2-1024x512.jpg 1024w, https:\/\/przyjaznadolinaraby.info\/2014-2020\/wp-content\/uploads\/2019\/06\/sro2-300x150.jpg 300w\" sizes=\"(max-width: 1024px) 100vw, 1024px\" \/><\/figure>\n\n\n\n<p><strong>8. STROIMY SI\u0118 W ORAWSKIE STROJE &#8211; zakup Orawskich stroj\u00f3w regionalnych.<\/strong> Zrealizowa\u0142a Rodzina Kolpinga w Lipnicy Ma\u0142ej. <\/p>\n\n\n\n<figure class=\"wp-block-image\"><img decoding=\"async\" width=\"1024\" height=\"341\" src=\"http:\/\/przyjaznadolinaraby.info\/2014-2020\/wp-content\/uploads\/2019\/06\/kolping1-1024x341.jpg\" alt=\"\" class=\"wp-image-2814\" srcset=\"https:\/\/przyjaznadolinaraby.info\/2014-2020\/wp-content\/uploads\/2019\/06\/kolping1-1024x341.jpg 1024w, https:\/\/przyjaznadolinaraby.info\/2014-2020\/wp-content\/uploads\/2019\/06\/kolping1-300x100.jpg 300w\" sizes=\"(max-width: 1024px) 100vw, 1024px\" \/><\/figure>\n\n\n\n<figure class=\"wp-block-image\"><img decoding=\"async\" width=\"1024\" height=\"512\" src=\"http:\/\/przyjaznadolinaraby.info\/2014-2020\/wp-content\/uploads\/2019\/06\/kolping2-1024x512.jpg\" alt=\"\" class=\"wp-image-2815\" srcset=\"https:\/\/przyjaznadolinaraby.info\/2014-2020\/wp-content\/uploads\/2019\/06\/kolping2-1024x512.jpg 1024w, https:\/\/przyjaznadolinaraby.info\/2014-2020\/wp-content\/uploads\/2019\/06\/kolping2-300x150.jpg 300w\" sizes=\"(max-width: 1024px) 100vw, 1024px\" \/><\/figure>\n\n\n\n<p>9. <strong>Wyposa\u017cenie M\u0142odzie\u017cowej Orkiestry D\u0119tej OSP w Skawie w niezb\u0119dne instrumenty i akcesoria muzyczne na potrzeby dzia\u0142alno\u015bci kulturalnej. <\/strong>Zrealizowa\u0142a OSP w Skawie.<\/p>\n\n\n\n<figure class=\"wp-block-image\"><img decoding=\"async\" width=\"1024\" height=\"512\" src=\"http:\/\/przyjaznadolinaraby.info\/2014-2020\/wp-content\/uploads\/2019\/06\/osp-skawa1-1024x512.jpg\" alt=\"\" class=\"wp-image-2822\" srcset=\"https:\/\/przyjaznadolinaraby.info\/2014-2020\/wp-content\/uploads\/2019\/06\/osp-skawa1-1024x512.jpg 1024w, https:\/\/przyjaznadolinaraby.info\/2014-2020\/wp-content\/uploads\/2019\/06\/osp-skawa1-300x150.jpg 300w\" sizes=\"(max-width: 1024px) 100vw, 1024px\" \/><\/figure>\n\n\n\n<figure class=\"wp-block-image\"><img decoding=\"async\" width=\"1024\" height=\"614\" src=\"http:\/\/przyjaznadolinaraby.info\/2014-2020\/wp-content\/uploads\/2019\/06\/osp-skawa2-1024x614.jpg\" alt=\"\" class=\"wp-image-2823\" srcset=\"https:\/\/przyjaznadolinaraby.info\/2014-2020\/wp-content\/uploads\/2019\/06\/osp-skawa2-1024x614.jpg 1024w, https:\/\/przyjaznadolinaraby.info\/2014-2020\/wp-content\/uploads\/2019\/06\/osp-skawa2-300x180.jpg 300w\" sizes=\"(max-width: 1024px) 100vw, 1024px\" \/><\/figure>\n\n\n\n<p>10. <strong>Wyposa\u017cenie zespo\u0142u i dzia\u0142anie pod has\u0142em &#8222;Przesz\u0142o\u015b\u0107 naszym wzorem, przysz\u0142o\u015b\u0107 naszym celem&#8221;<\/strong>. Zrealizowa\u0142o Stowarzyszenie Ma\u0142olipnicanie.<\/p>\n\n\n\n<figure class=\"wp-block-image\"><img decoding=\"async\" width=\"1024\" height=\"341\" src=\"http:\/\/przyjaznadolinaraby.info\/2014-2020\/wp-content\/uploads\/2019\/06\/ma\u0142olipnicanie-1024x341.jpg\" alt=\"\" class=\"wp-image-2817\" srcset=\"https:\/\/przyjaznadolinaraby.info\/2014-2020\/wp-content\/uploads\/2019\/06\/ma\u0142olipnicanie-1024x341.jpg 1024w, https:\/\/przyjaznadolinaraby.info\/2014-2020\/wp-content\/uploads\/2019\/06\/ma\u0142olipnicanie-300x100.jpg 300w\" sizes=\"(max-width: 1024px) 100vw, 1024px\" \/><\/figure>\n\n\n\n<p>11. <strong>Doposa\u017cenie zespo\u0142u regionalnego dzia\u0142aj\u0105cego przy Parafii \u015bw. Anny w Chy\u017cnem. <\/strong>Zrealizowa\u0142a  Parafii \u015bw. Anny w Chy\u017cnem.<\/p>\n\n\n\n<figure class=\"wp-block-image\"><img decoding=\"async\" width=\"1024\" height=\"512\" src=\"http:\/\/przyjaznadolinaraby.info\/2014-2020\/wp-content\/uploads\/2019\/06\/parafia-1024x512.jpg\" alt=\"\" class=\"wp-image-2818\" srcset=\"https:\/\/przyjaznadolinaraby.info\/2014-2020\/wp-content\/uploads\/2019\/06\/parafia-1024x512.jpg 1024w, https:\/\/przyjaznadolinaraby.info\/2014-2020\/wp-content\/uploads\/2019\/06\/parafia-300x150.jpg 300w\" sizes=\"(max-width: 1024px) 100vw, 1024px\" \/><\/figure>\n","protected":false},"excerpt":{"rendered":"<p>Wyposa\u017cenie podmiot\u00f3w dzia\u0142aj\u0105cych w sferze kultury na obszarze dzia\u0142ania Stowarzyszenia Przyjazna Dolina Raby i Czarnej Orawy. Zadania w ramach projektu: 1.Utworzenie ch\u00f3ru \u017ce\u0144skiego i wyposa\u017cenie w stroje galowe i niezb\u0119dne akcesoria. Zrealizowa\u0142o Stowarzyszenie Alternatywa Chab\u00f3wka 2. Wyposa\u017cenie Stowarzyszenia &#8222;Orawianki&#8221; w stroje regionalne. Zrealizowa\u0142o Stowarzyszenie &#8221; Orawianki&#8221;. 3. Wyposa\u017cenie podmiotu dzia\u0142aj\u0105cego w sferze kultury . Zrealizowa\u0142a <a href=\"https:\/\/przyjaznadolinaraby.info\/2014-2020\/projekt-grantowy-wyposazenie-podmiotow-dzialajacych-w-sferze-kultury-na-obszarze-dzialania-stowarzyszenia-przyjazna-dolina-raby-i-czarnej-orawy\/\" class=\"more-link\">&#8230;<span class=\"screen-reader-text\">  Projekt Grantowy:<\/span><\/a><\/p>\n","protected":false},"author":6,"featured_media":0,"parent":0,"menu_order":0,"comment_status":"closed","ping_status":"closed","template":"","meta":{"_monsterinsights_skip_tracking":false,"_monsterinsights_sitenote_active":false,"_monsterinsights_sitenote_note":"","_monsterinsights_sitenote_category":0,"footnotes":""},"tags":[],"acf":[],"_links":{"self":[{"href":"https:\/\/przyjaznadolinaraby.info\/2014-2020\/wp-json\/wp\/v2\/pages\/2780"}],"collection":[{"href":"https:\/\/przyjaznadolinaraby.info\/2014-2020\/wp-json\/wp\/v2\/pages"}],"about":[{"href":"https:\/\/przyjaznadolinaraby.info\/2014-2020\/wp-json\/wp\/v2\/types\/page"}],"author":[{"embeddable":true,"href":"https:\/\/przyjaznadolinaraby.info\/2014-2020\/wp-json\/wp\/v2\/users\/6"}],"replies":[{"embeddable":true,"href":"https:\/\/przyjaznadolinaraby.info\/2014-2020\/wp-json\/wp\/v2\/comments?post=2780"}],"version-history":[{"count":0,"href":"https:\/\/przyjaznadolinaraby.info\/2014-2020\/wp-json\/wp\/v2\/pages\/2780\/revisions"}],"wp:attachment":[{"href":"https:\/\/przyjaznadolinaraby.info\/2014-2020\/wp-json\/wp\/v2\/media?parent=2780"}],"wp:term":[{"taxonomy":"post_tag","embeddable":true,"href":"https:\/\/przyjaznadolinaraby.info\/2014-2020\/wp-json\/wp\/v2\/tags?post=2780"}],"curies":[{"name":"wp","href":"https:\/\/api.w.org\/{rel}","templated":true}]}}