{"id":2866,"date":"2019-07-15T15:00:51","date_gmt":"2019-07-15T13:00:51","guid":{"rendered":"http:\/\/przyjaznadolinaraby.info\/2014-2020\/?page_id=2866"},"modified":"2022-09-13T23:58:51","modified_gmt":"2022-09-13T21:58:51","slug":"zachowanie-dziedzictwa-lokalnego-obszaru-stowarzyszenia-przyjazna-dolina-raby-i-czarnej-orawy","status":"publish","type":"page","link":"https:\/\/przyjaznadolinaraby.info\/2014-2020\/zachowanie-dziedzictwa-lokalnego-obszaru-stowarzyszenia-przyjazna-dolina-raby-i-czarnej-orawy\/","title":{"rendered":"Zachowanie dziedzictwa lokalnego obszaru Stowarzyszenia Przyjazna Dolina Raby i Czarnej Orawy."},"content":{"rendered":"\r\n<figure class=\"wp-block-image\"><img decoding=\"async\" width=\"1024\" height=\"724\" class=\"wp-image-2873\" src=\"http:\/\/przyjaznadolinaraby.info\/2014-2020\/wp-content\/uploads\/2019\/07\/garnt-kapliczki-1-1024x724.jpg\" alt=\"\" srcset=\"https:\/\/przyjaznadolinaraby.info\/2014-2020\/wp-content\/uploads\/2019\/07\/garnt-kapliczki-1-1024x724.jpg 1024w, https:\/\/przyjaznadolinaraby.info\/2014-2020\/wp-content\/uploads\/2019\/07\/garnt-kapliczki-1-300x212.jpg 300w\" sizes=\"(max-width: 1024px) 100vw, 1024px\" \/><\/figure>\r\n\r\n\r\n\r\n<p><strong>Zadania w ramach projektu:<\/strong><\/p>\r\n\r\n\r\n\r\n<ol>\r\n<li><strong>Zachowanie dziedzictwa lokalnego poprzez odnowienie zabytkowej kapliczki przydro\u017cnej w Lipnicy Ma\u0142ej. <\/strong> Zrealizowa\u0142o <strong>Stowarzyszenie Ma\u0142olipnicanie<\/strong><\/li>\r\n<\/ol>\r\n\r\n\r\n\r\n<figure class=\"wp-block-image\"><img decoding=\"async\" width=\"1000\" height=\"600\" class=\"wp-image-2870\" src=\"http:\/\/przyjaznadolinaraby.info\/2014-2020\/wp-content\/uploads\/2019\/07\/Kapliczka-zdj\u0119cia-2.jpg\" alt=\"\" srcset=\"https:\/\/przyjaznadolinaraby.info\/2014-2020\/wp-content\/uploads\/2019\/07\/Kapliczka-zdj\u0119cia-2.jpg 1000w, https:\/\/przyjaznadolinaraby.info\/2014-2020\/wp-content\/uploads\/2019\/07\/Kapliczka-zdj\u0119cia-2-300x180.jpg 300w\" sizes=\"(max-width: 1000px) 100vw, 1000px\" \/><\/figure>\r\n\r\n\r\n\r\n<p><strong>2. Zachowanie dziedzictwa kulturowego poprzez remont zabytkowych kapliczek na terenie Gminy Spytkowice<\/strong> . Zrealizowa\u0142o <strong>Stowarzyszenie Gospodynie ze Spytkowic. <\/strong><\/p>\r\n\r\n\r\n\r\n<figure class=\"wp-block-image\"><img decoding=\"async\" width=\"709\" height=\"1024\" class=\"wp-image-2871\" src=\"http:\/\/przyjaznadolinaraby.info\/2014-2020\/wp-content\/uploads\/2019\/07\/zdj\u0119cia1-709x1024.jpg\" alt=\"\" srcset=\"https:\/\/przyjaznadolinaraby.info\/2014-2020\/wp-content\/uploads\/2019\/07\/zdj\u0119cia1-709x1024.jpg 709w, https:\/\/przyjaznadolinaraby.info\/2014-2020\/wp-content\/uploads\/2019\/07\/zdj\u0119cia1-208x300.jpg 208w, https:\/\/przyjaznadolinaraby.info\/2014-2020\/wp-content\/uploads\/2019\/07\/zdj\u0119cia1.jpg 1000w\" sizes=\"(max-width: 709px) 100vw, 709px\" \/><\/figure>\r\n","protected":false},"excerpt":{"rendered":"<p>Zadania w ramach projektu: Zachowanie dziedzictwa lokalnego poprzez odnowienie zabytkowej kapliczki przydro\u017cnej w Lipnicy Ma\u0142ej. Zrealizowa\u0142o Stowarzyszenie Ma\u0142olipnicanie 2. Zachowanie dziedzictwa kulturowego poprzez remont zabytkowych kapliczek na terenie Gminy Spytkowice . Zrealizowa\u0142o Stowarzyszenie Gospodynie ze Spytkowic.<\/p>\n","protected":false},"author":6,"featured_media":0,"parent":0,"menu_order":0,"comment_status":"closed","ping_status":"closed","template":"","meta":{"_monsterinsights_skip_tracking":false,"_monsterinsights_sitenote_active":false,"_monsterinsights_sitenote_note":"","_monsterinsights_sitenote_category":0,"footnotes":""},"tags":[],"acf":[],"_links":{"self":[{"href":"https:\/\/przyjaznadolinaraby.info\/2014-2020\/wp-json\/wp\/v2\/pages\/2866"}],"collection":[{"href":"https:\/\/przyjaznadolinaraby.info\/2014-2020\/wp-json\/wp\/v2\/pages"}],"about":[{"href":"https:\/\/przyjaznadolinaraby.info\/2014-2020\/wp-json\/wp\/v2\/types\/page"}],"author":[{"embeddable":true,"href":"https:\/\/przyjaznadolinaraby.info\/2014-2020\/wp-json\/wp\/v2\/users\/6"}],"replies":[{"embeddable":true,"href":"https:\/\/przyjaznadolinaraby.info\/2014-2020\/wp-json\/wp\/v2\/comments?post=2866"}],"version-history":[{"count":1,"href":"https:\/\/przyjaznadolinaraby.info\/2014-2020\/wp-json\/wp\/v2\/pages\/2866\/revisions"}],"predecessor-version":[{"id":9999,"href":"https:\/\/przyjaznadolinaraby.info\/2014-2020\/wp-json\/wp\/v2\/pages\/2866\/revisions\/9999"}],"wp:attachment":[{"href":"https:\/\/przyjaznadolinaraby.info\/2014-2020\/wp-json\/wp\/v2\/media?parent=2866"}],"wp:term":[{"taxonomy":"post_tag","embeddable":true,"href":"https:\/\/przyjaznadolinaraby.info\/2014-2020\/wp-json\/wp\/v2\/tags?post=2866"}],"curies":[{"name":"wp","href":"https:\/\/api.w.org\/{rel}","templated":true}]}}