{"id":301,"date":"2016-07-28T14:34:34","date_gmt":"2016-07-28T12:34:34","guid":{"rendered":"http:\/\/przyjaznadolinaraby.info\/2014-2020\/?page_id=301"},"modified":"2024-01-30T13:27:06","modified_gmt":"2024-01-30T12:27:06","slug":"czlonkostwo-w-lgd","status":"publish","type":"page","link":"https:\/\/przyjaznadolinaraby.info\/2014-2020\/czlonkostwo-w-lgd\/","title":{"rendered":"Cz\u0142onkostwo w LGD"},"content":{"rendered":"<p>:::<a href=\"http:\/\/przyjaznadolinaraby.info\/2014-2020\/wp-content\/uploads\/2023\/06\/Deklaracja_osoba_fizyczna-nowa.doc\"> Deklaracja osoba fizyczna 2023 <\/a>format\u00a0<span style=\"color: #ff0000;\"><strong>doc<\/strong><\/span><br \/>\n:::<a href=\"http:\/\/www.przyjaznadolinaraby.info\/images\/stories\/Deklaracja%20sektor%20publiczny%202016.doc\">\u00a0<\/a><a href=\"http:\/\/przyjaznadolinaraby.info\/2014-2020\/wp-content\/uploads\/2023\/06\/Deklaracja_osoba-prawna-nowa.doc\">Deklaracja osoba prawna 2023<\/a>\u00a0format\u00a0<span style=\"color: #ff0000;\"><strong>doc<\/strong><\/span><\/p>\n<p><a href=\"http:\/\/przyjaznadolinaraby.info\/2014-2020\/wp-content\/uploads\/2023\/06\/oswidczenie-o-zameldowaniu.docx\">::: O\u015bwidczenie o zameldowaniu<\/a><\/p>\n<p><span style=\"color: #ff0000;\"><strong>UWAGI<\/strong><\/span><\/p>\n<p>W przypadku z\u0142o\u017cenia deklaracji cz\u0142onkowskiej sektor spo\u0142eczny- mieszkaniec, konieczne jest do\u0142\u0105czenie rekomendacji \u017ce dana osoba udziela si\u0119 aktywnie w \u017cyciu spo\u0142ecznym i lokalnym oraz o\u015bwiadczenie o zameldowaniu na terenie dzia\u0142ania LGD.<\/p>\n<p>W przypadku z\u0142o\u017cenia deklaracji cz\u0142onkowskiej\u00a0 przez osob\u0119 prawn\u0105 ( NGO), konieczne jest do\u0142\u0105czenie uchwa\u0142y w sprawie przy\u0142\u0105czenia do LGD. Przyk\u0142adowa uchwa\u0142a do pobrania\u00a0 tutaj: : <a href=\"http:\/\/przyjaznadolinaraby.info\/2014-2020\/wp-content\/uploads\/2024\/01\/uchwala_przystapienie_do_LGD-2024.doc\">wz\u00f3r uchwa\u0142y<\/a><\/p>\n<p>W przypadku z\u0142o\u017cenia deklaracji cz\u0142onkowskiej przez podmiot prowadz\u0105cy dzia\u0142alno\u015b\u0107 gospodarcz\u0105 konieczne jest do\u0142\u0105czenie ksero wpisu do ewidencji dzia\u0142alno\u015bci gospodarczej lub ksero odpisu z KRSu.<\/p>\n","protected":false},"excerpt":{"rendered":"<p>::: Deklaracja osoba fizyczna 2023 format\u00a0doc :::\u00a0Deklaracja osoba prawna 2023\u00a0format\u00a0doc ::: O\u015bwidczenie o zameldowaniu UWAGI W przypadku z\u0142o\u017cenia deklaracji cz\u0142onkowskiej sektor spo\u0142eczny- mieszkaniec, konieczne jest do\u0142\u0105czenie rekomendacji \u017ce dana osoba udziela si\u0119 aktywnie w \u017cyciu spo\u0142ecznym i lokalnym oraz o\u015bwiadczenie o zameldowaniu na terenie dzia\u0142ania LGD. W przypadku z\u0142o\u017cenia deklaracji cz\u0142onkowskiej\u00a0 przez osob\u0119 prawn\u0105 ( <a href=\"https:\/\/przyjaznadolinaraby.info\/2014-2020\/czlonkostwo-w-lgd\/\" class=\"more-link\">&#8230;<span class=\"screen-reader-text\">  Cz\u0142onkostwo w LGD<\/span><\/a><\/p>\n","protected":false},"author":6,"featured_media":0,"parent":0,"menu_order":6,"comment_status":"closed","ping_status":"closed","template":"","meta":{"_monsterinsights_skip_tracking":false,"_monsterinsights_sitenote_active":false,"_monsterinsights_sitenote_note":"","_monsterinsights_sitenote_category":0,"footnotes":""},"tags":[],"acf":[],"_links":{"self":[{"href":"https:\/\/przyjaznadolinaraby.info\/2014-2020\/wp-json\/wp\/v2\/pages\/301"}],"collection":[{"href":"https:\/\/przyjaznadolinaraby.info\/2014-2020\/wp-json\/wp\/v2\/pages"}],"about":[{"href":"https:\/\/przyjaznadolinaraby.info\/2014-2020\/wp-json\/wp\/v2\/types\/page"}],"author":[{"embeddable":true,"href":"https:\/\/przyjaznadolinaraby.info\/2014-2020\/wp-json\/wp\/v2\/users\/6"}],"replies":[{"embeddable":true,"href":"https:\/\/przyjaznadolinaraby.info\/2014-2020\/wp-json\/wp\/v2\/comments?post=301"}],"version-history":[{"count":9,"href":"https:\/\/przyjaznadolinaraby.info\/2014-2020\/wp-json\/wp\/v2\/pages\/301\/revisions"}],"predecessor-version":[{"id":10754,"href":"https:\/\/przyjaznadolinaraby.info\/2014-2020\/wp-json\/wp\/v2\/pages\/301\/revisions\/10754"}],"wp:attachment":[{"href":"https:\/\/przyjaznadolinaraby.info\/2014-2020\/wp-json\/wp\/v2\/media?parent=301"}],"wp:term":[{"taxonomy":"post_tag","embeddable":true,"href":"https:\/\/przyjaznadolinaraby.info\/2014-2020\/wp-json\/wp\/v2\/tags?post=301"}],"curies":[{"name":"wp","href":"https:\/\/api.w.org\/{rel}","templated":true}]}}