{"id":3268,"date":"2019-12-17T22:01:37","date_gmt":"2019-12-17T21:01:37","guid":{"rendered":"http:\/\/przyjaznadolinaraby.info\/2014-2020\/?page_id=3268"},"modified":"2022-09-14T02:29:07","modified_gmt":"2022-09-14T00:29:07","slug":"kryteria-oceny-operacji","status":"publish","type":"page","link":"https:\/\/przyjaznadolinaraby.info\/2014-2020\/kryteria-oceny-operacji\/","title":{"rendered":"Kryteria oceny operacji"},"content":{"rendered":"\r\n<ul>\r\n<li>Kryteria wyboru operacji realizowanych przez podmioty inne ni\u017c LGD (w tym dla PREMII i Rozwoju dzia\u0142alno\u015bci) \u2013 <a href=\"https:\/\/drive.google.com\/file\/d\/1SdoQTS_hZRUYXP43hSS3H1LdnqL0PyIU\/view?usp=sharing\">OTW\u00d3RZ<\/a>\r\n\r\n<\/li>\r\n<li>Kryteria wyboru operacji grantowych \u2013 <a href=\"https:\/\/drive.google.com\/open?id=1OPWITW0C9QRdM2IDdUxTXcYNpqx1OcRx\" target=\"_blank\" rel=\"noreferrer noopener\">OTW\u00d3RZ<\/a>\r\n\r\n<\/li>\r\n<li>Kryteria wyboru operacji w\u0142asnych LGD \u2013 <a href=\"https:\/\/drive.google.com\/open?id=1OMxBWtpR_VUAYBUQVw0gy79CK13jTAiD\" target=\"_blank\" rel=\"noreferrer noopener\">OTW\u00d3RZ<\/a>\r\n\r\n<\/li>\r\n<\/ul>\r\n","protected":false},"excerpt":{"rendered":"<p>Kryteria wyboru operacji realizowanych przez podmioty inne ni\u017c LGD (w tym dla PREMII i Rozwoju dzia\u0142alno\u015bci) \u2013 OTW\u00d3RZ Kryteria wyboru operacji grantowych \u2013 OTW\u00d3RZ Kryteria wyboru operacji w\u0142asnych LGD \u2013 OTW\u00d3RZ<\/p>\n","protected":false},"author":6,"featured_media":0,"parent":0,"menu_order":10,"comment_status":"closed","ping_status":"closed","template":"","meta":{"_monsterinsights_skip_tracking":false,"_monsterinsights_sitenote_active":false,"_monsterinsights_sitenote_note":"","_monsterinsights_sitenote_category":0,"footnotes":""},"tags":[],"acf":[],"_links":{"self":[{"href":"https:\/\/przyjaznadolinaraby.info\/2014-2020\/wp-json\/wp\/v2\/pages\/3268"}],"collection":[{"href":"https:\/\/przyjaznadolinaraby.info\/2014-2020\/wp-json\/wp\/v2\/pages"}],"about":[{"href":"https:\/\/przyjaznadolinaraby.info\/2014-2020\/wp-json\/wp\/v2\/types\/page"}],"author":[{"embeddable":true,"href":"https:\/\/przyjaznadolinaraby.info\/2014-2020\/wp-json\/wp\/v2\/users\/6"}],"replies":[{"embeddable":true,"href":"https:\/\/przyjaznadolinaraby.info\/2014-2020\/wp-json\/wp\/v2\/comments?post=3268"}],"version-history":[{"count":1,"href":"https:\/\/przyjaznadolinaraby.info\/2014-2020\/wp-json\/wp\/v2\/pages\/3268\/revisions"}],"predecessor-version":[{"id":9901,"href":"https:\/\/przyjaznadolinaraby.info\/2014-2020\/wp-json\/wp\/v2\/pages\/3268\/revisions\/9901"}],"wp:attachment":[{"href":"https:\/\/przyjaznadolinaraby.info\/2014-2020\/wp-json\/wp\/v2\/media?parent=3268"}],"wp:term":[{"taxonomy":"post_tag","embeddable":true,"href":"https:\/\/przyjaznadolinaraby.info\/2014-2020\/wp-json\/wp\/v2\/tags?post=3268"}],"curies":[{"name":"wp","href":"https:\/\/api.w.org\/{rel}","templated":true}]}}