{"id":3989,"date":"2020-03-11T13:02:03","date_gmt":"2020-03-11T12:02:03","guid":{"rendered":"http:\/\/przyjaznadolinaraby.info\/2014-2020\/?page_id=3989"},"modified":"2021-09-08T14:28:38","modified_gmt":"2021-09-08T12:28:38","slug":"2020-2","status":"publish","type":"page","link":"https:\/\/przyjaznadolinaraby.info\/2014-2020\/2020-2\/","title":{"rendered":"2020"},"content":{"rendered":"\n<p><a href=\"http:\/\/przyjaznadolinaraby.info\/2014-2020\/2019\/12\/16\/nabor-nr-2-2020-podejmowanie-dzialalnosci-gospodarczej\/\"><strong>Nab\u00f3r nr 2\/2020<\/strong><\/a><\/p>\n\n\n\n<p>Protok\u00f3\u0142 z Rady: <a href=\"https:\/\/drive.google.com\/open?id=15NvxogfiQvC0cuNnxR8T_p2TPJ9bk447\">Potok\u00f3\u0142 nr XXII<\/a><\/p>\n\n\n\n<p>Listy:<\/p>\n\n\n\n<p><a href=\"https:\/\/drive.google.com\/file\/d\/1VkbUH9U9dDKkBbSEdIxxR6wn-qsVeP6G\/view\">Lista operacji zgodnych z og\u0142oszeniem o naborze i zgodnych z LSR nab\u00f3r nr 2\/2020<\/a><\/p>\n\n\n\n<p><a href=\"https:\/\/drive.google.com\/file\/d\/1aEbBm2oeR-HUpTjultm09FwdPNULEZD3\/view\">Lista operacji wybranych, nab\u00f3r nr 2\/2020<\/a><\/p>\n\n\n\n<p><a href=\"http:\/\/przyjaznadolinaraby.info\/2014-2020\/2019\/12\/16\/nabor-nr-3-2020-rozwijanie-dzialalnosci-gospodarczej\/\"><strong>Nab\u00f3r nr 3\/2020<\/strong><\/a><\/p>\n\n\n\n<p>Protok\u00f3\u0142 z Rady:<a href=\"https:\/\/drive.google.com\/open?id=15NvxogfiQvC0cuNnxR8T_p2TPJ9bk447\">Protok\u00f3\u0142 nr XXII<\/a><\/p>\n\n\n\n<p> Protok\u00f3\u0142 z Rady:<a href=\"https:\/\/drive.google.com\/file\/d\/1-IqaDcnkmn-eT3uRdgemesYbO2_3clkQ\/view?usp=sharing\">Protok\u00f3\u0142 nr XXIV <\/a>  (rozpatrzenie protestu)<\/p>\n\n\n\n<p>Listy:<\/p>\n\n\n\n<p><a href=\"https:\/\/drive.google.com\/file\/d\/1lIySWOJBuMhuPhgHP4h3t1AEKAMasi28\/view\">Lista operacji zgodnych z og\u0142oszeniem o naborze i zgodnych z LSR nab\u00f3r 3\/2020<\/a><\/p>\n\n\n\n<p><a href=\"https:\/\/drive.google.com\/file\/d\/1RsiZqB4yHE8QjNCHEEfxPWOMgl-fd7j8\/view\">Lista operacji wybranych, nab\u00f3r nr 3\/2020<\/a><\/p>\n\n\n\n<p>Po prote\u015bcie:  <a href=\"https:\/\/drive.google.com\/file\/d\/1D_TUddUY_TL4FVmVhG_iB7ME70Un1vWE\/view?usp=sharing\">Lista operacji wybranych, nab\u00f3r nr 3\/2020 <\/a><\/p>\n\n\n\n<p>Po prote\u015bcie:  <a href=\"https:\/\/drive.google.com\/file\/d\/15IEo_-TcSvYzfKJ09ufUv6Yub4dxTIkU\/view?usp=sharing\">Lista techniczna, nab\u00f3r nr 3\/2020  <\/a><\/p>\n\n\n\n<p><\/p>\n\n\n\n<p><a href=\"http:\/\/przyjaznadolinaraby.info\/2014-2020\/2019\/12\/16\/nabor-nr-7-2020-rozwijanie-dzialalnosci-gospodarczej\/\"><strong>Nab\u00f3r nr 7\/2020<\/strong><\/a><\/p>\n\n\n\n<p>Protok\u00f3\u0142 z Rady: <a href=\"https:\/\/drive.google.com\/open?id=15NvxogfiQvC0cuNnxR8T_p2TPJ9bk447\">Protok\u00f3\u0142 nr XXII<\/a><\/p>\n\n\n\n<p>Listy:<\/p>\n\n\n\n<p><a href=\"https:\/\/drive.google.com\/file\/d\/1Q7OqgzCkBuD7O8DGahVf4vit9xjIxVet\/view\">Lista operacji zgodnych z og\u0142oszeniem o naborze i zgodnych z LSR nab\u00f3r nr 7\/2020.<\/a><\/p>\n\n\n\n<p><a href=\"https:\/\/drive.google.com\/file\/d\/17SYNN-cOjqY39GTS1uL80bDQf1dG-b5R\/view\">Lista operacji wybranych, nab\u00f3r nr 7\/2020<\/a><\/p>\n\n\n\n<p><a href=\"http:\/\/przyjaznadolinaraby.info\/2014-2020\/2020\/02\/20\/nabor-nr-8-2020-promowanie-obszaru-objetego-lsr-w-tym-produktow-lub-uslug-lokalnych-dzialania-promocyjne-obszaru-lgd-i-produktow-lokalnych\/\"><strong>Nab\u00f3r nr 8\/2020<\/strong><\/a><\/p>\n\n\n\n<p>Protok\u00f3\u0142 z Rady: <a href=\"https:\/\/drive.google.com\/open?id=1QEKSTsaPMkDKOZtOooGWUFy00TH1zryy\">Protok\u00f3\u0142 nr XXIII<\/a><\/p>\n\n\n\n<p>Listy:<\/p>\n\n\n\n<p><a href=\"https:\/\/drive.google.com\/open?id=1GkkTvoDC1oVVgLJzZCrtaR--UILzKBUB\">Lista operacji zgodnych z og\u0142oszeniem o naborze i zgodnych z LSR nab\u00f3r nr 8\/2020<\/a><\/p>\n\n\n\n<p><a href=\"https:\/\/drive.google.com\/open?id=1Ip0KpxRpv474FZGYKVSZ-vq89CasXS0h\">Lista operacji wybranych nab\u00f3r nr 8\/2020<\/a><\/p>\n\n\n\n<p><a href=\"http:\/\/przyjaznadolinaraby.info\/2014-2020\/2020\/02\/20\/nabor-nr-9-2020-zachowanie-dziedzictwa-lokalnego-zabytki-poddane-pracom-konserwatorskim-w-wyniku-wsparcia-w-ramach-lsr\/\"><strong>Nab\u00f3r  nr 9\/2020<\/strong><\/a><\/p>\n\n\n\n<p>Protok\u00f3\u0142 z Rady: <a href=\"https:\/\/drive.google.com\/open?id=1QEKSTsaPMkDKOZtOooGWUFy00TH1zryy\">Protok\u00f3\u0142 nr XXIII<\/a><\/p>\n\n\n\n<p>Listy:<\/p>\n\n\n\n<p><a href=\"https:\/\/drive.google.com\/open?id=1lElrp0PoIuX0HPkUxIQdM2EXuwj7sCTA\">Lista operacji zgodnych z og\u0142oszeniem o naborze i zgodnych z LSR nab\u00f3r nr 9\/2020<\/a><\/p>\n\n\n\n<p><a href=\"https:\/\/drive.google.com\/open?id=1qEUWhtO8Bb07dCGSACklvBhy8o0cF0WV\">Lista operacji wybranych, nab\u00f3r 9\/2020<\/a><\/p>\n\n\n\n<p><a href=\"http:\/\/przyjaznadolinaraby.info\/2014-2020\/2020\/02\/20\/nabor-nr-10-2020-wzmocnienia-kapitalu-spolecznego-w-tym-przez-podnoszenie-wiedzy-spolecznosci-lokalnej-w-zakresie-ochrony-srodowiska-i-zmian-klimatycznych-takze-z-wykorzystaniem-rozwiazan\/\"><strong>Nab\u00f3r nr 10\/2020<\/strong><\/a><\/p>\n\n\n\n<p>Protok\u00f3\u0142 z Rady: <a href=\"https:\/\/drive.google.com\/open?id=1l4tIqn_erKd-PP9V1UAN_ikAMnMbdQAr\">Protok\u00f3\u0142 nr XXIII<\/a><\/p>\n\n\n\n<p>Listy:<\/p>\n\n\n\n<p><a href=\"https:\/\/drive.google.com\/open?id=1OD306GwSEiK30UHIGsaFfSuKqtoPE7MQ\">Lista operacji zgodnych z og\u0142oszeniem o naborze i zgodnych z LSR nab\u00f3r nr 10\/2020<\/a><\/p>\n\n\n\n<p><a href=\"https:\/\/drive.google.com\/open?id=1cC_K99ArqY495Beo8u-aga56itLsjK7w\">Lista operacji wybranych, nab\u00f3r 10\/2020<\/a><\/p>\n\n\n\n<p><a href=\"http:\/\/przyjaznadolinaraby.info\/2014-2020\/2020\/02\/20\/nabor-nr-6-2020-promowania-obszaru-objetego-lsr-w-tym-produktow-lub-uslug-lokalnychwydarzenia-rekreacyjno-sportowe-2\/\"><strong>Nab\u00f3r nr 11\/2020<\/strong><\/a><\/p>\n\n\n\n<p>Protok\u00f3\u0142 z Rady: <a href=\"https:\/\/drive.google.com\/open?id=1QEKSTsaPMkDKOZtOooGWUFy00TH1zryy\">Protok\u00f3\u0142 nr XXIII<\/a><\/p>\n\n\n\n<p>Listy:<\/p>\n\n\n\n<p><a href=\"https:\/\/drive.google.com\/open?id=1PBPBxrK0Uhj2TBh0waiGVYpbtN5UX76s\">Lista operacji zgodnych z og\u0142oszeniem o naborze i zgodnych z LSR nab\u00f3r nr 11\/2020<\/a><\/p>\n\n\n\n<p><a href=\"https:\/\/drive.google.com\/open?id=1fxm10pzomU9Z0dSPQXJH3cI8Funbuss0\">Lista operacji wybranych, nab\u00f3r nr 11\/2020<\/a><\/p>\n\n\n\n<p><a href=\"http:\/\/przyjaznadolinaraby.info\/2014-2020\/2020\/02\/17\/2-2020-g-granty-wyposazenie-podmiotow-dzialajacych-w-sferze-kultury\/\"><strong>GRANTY: Nab\u00f3r nr 2\/2020\/G<\/strong><\/a><\/p>\n\n\n\n<p>Protok\u00f3\u0142 z Rady: <a href=\"https:\/\/drive.google.com\/open?id=1QEKSTsaPMkDKOZtOooGWUFy00TH1zryy\">Protok\u00f3l nr XXIII<\/a><\/p>\n\n\n\n<p><a href=\"https:\/\/drive.google.com\/open?id=1k-jzmBNKT_VdmfwAFLoMByDQtaJ8egJE\">Lista grantobiorc\u00f3w<\/a><\/p>\n\n\n\n<p><strong><a href=\"http:\/\/przyjaznadolinaraby.info\/2014-2020\/2020\/08\/07\/nabor-nr-12-2020-rozwoj-przedsiebiorczosci-na-obszarze-wiejskim-objetym-strategia-rozwoju-lokalnego-kierowanego-przez-spolecznosc-przez-podejmowanie-dzialalnosci-gospodarczejutwor\/\">Nab\u00f3r nr 12\/2020<\/a><\/strong><\/p>\n\n\n\n<p>Protok\u00f3\u0142 z Rady: <a href=\"https:\/\/drive.google.com\/file\/d\/1Z-Inyhs850tP3tAiIsJw1yvQz-vO2C_-\/view?usp=sharing\">Protok\u00f3\u0142 nr XXV<\/a><\/p>\n\n\n\n<p>Listy:<\/p>\n\n\n\n<p><a href=\"https:\/\/drive.google.com\/file\/d\/1gPa-RwSs7Wzy2QgBYeTtZjiIMOJr5jS8\/view\">Lista operacji zgodnych z og\u0142oszeniem o naborze i zgodnych z LSR nab\u00f3r nr 12\/2020<\/a><\/p>\n\n\n\n<p><a href=\"https:\/\/drive.google.com\/file\/d\/1WJUutxtWpBCIsBcMNaWJEc-Ge6AHOcvT\/view\">Lista operacji wybranych, nab\u00f3r nr 12\/2020<\/a><\/p>\n\n\n\n<p><a href=\"http:\/\/przyjaznadolinaraby.info\/2014-2020\/2020\/02\/20\/nabor-nr-6-2020-promowania-obszaru-objetego-lsr-w-tym-produktow-lub-uslug-lokalnychwydarzenia-rekreacyjno-sportowe-2\/\"><strong>Nab\u00f3r nr 13\/2020<\/strong><\/a><\/p>\n\n\n\n<p>Protok\u00f3\u0142 z Rady: <a href=\"https:\/\/drive.google.com\/file\/d\/1Z-Inyhs850tP3tAiIsJw1yvQz-vO2C_-\/view?usp=sharing\">Protok\u00f3\u0142 nr XXV<\/a><\/p>\n\n\n\n<p>Listy:<\/p>\n\n\n\n<p><a href=\"https:\/\/drive.google.com\/file\/d\/1usEQLbFmqWDRcIQP4vf4yL5frv5p43El\/view\">Lista operacji zgodnych z og\u0142oszeniem o naborze i zgodnych z LSR nab\u00f3r nr 13\/2020<\/a><\/p>\n\n\n\n<p><a href=\"https:\/\/drive.google.com\/file\/d\/1zBGJYoO_g4tFrKupSa3FYPMDqKx6F0sr\/view\">Lista operacji wybranych, nab\u00f3r nr 13\/2020<\/a><\/p>\n\n\n<p><!--EndFragment--><\/p>\n<p><\/p>\n\n\n<p><a href=\"http:\/\/przyjaznadolinaraby.info\/2014-2020\/2020\/11\/12\/informacja-nr-3-2020-ow-o-planowanej-do-realizacji-operacji-wlasnej\/\"><strong>Nab\u00f3r nr 3\/2020\/OW<\/strong><\/a><\/p>\n\n\n\n<p> Protok\u00f3\u0142 z Rady: <\/p>\n\n\n\n<p><a href=\"https:\/\/drive.google.com\/file\/d\/1vF19ytYMMzTkRQZOI7MF-NQkngToZAUo\/view?usp=sharing\">Protok\u00f3\u0142 nr XXVII<\/a><\/p>\n","protected":false},"excerpt":{"rendered":"<p>Nab\u00f3r nr 2\/2020 Protok\u00f3\u0142 z Rady: Potok\u00f3\u0142 nr XXII Listy: Lista operacji zgodnych z og\u0142oszeniem o naborze i zgodnych z LSR nab\u00f3r nr 2\/2020 Lista operacji wybranych, nab\u00f3r nr 2\/2020 Nab\u00f3r nr 3\/2020 Protok\u00f3\u0142 z Rady:Protok\u00f3\u0142 nr XXII Protok\u00f3\u0142 z Rady:Protok\u00f3\u0142 nr XXIV (rozpatrzenie protestu) Listy: Lista operacji zgodnych z og\u0142oszeniem o naborze i zgodnych <a href=\"https:\/\/przyjaznadolinaraby.info\/2014-2020\/2020-2\/\" class=\"more-link\">&#8230;<span class=\"screen-reader-text\">  2020<\/span><\/a><\/p>\n","protected":false},"author":6,"featured_media":0,"parent":0,"menu_order":0,"comment_status":"closed","ping_status":"closed","template":"","meta":{"_monsterinsights_skip_tracking":false,"_monsterinsights_sitenote_active":false,"_monsterinsights_sitenote_note":"","_monsterinsights_sitenote_category":0,"footnotes":""},"tags":[],"acf":[],"_links":{"self":[{"href":"https:\/\/przyjaznadolinaraby.info\/2014-2020\/wp-json\/wp\/v2\/pages\/3989"}],"collection":[{"href":"https:\/\/przyjaznadolinaraby.info\/2014-2020\/wp-json\/wp\/v2\/pages"}],"about":[{"href":"https:\/\/przyjaznadolinaraby.info\/2014-2020\/wp-json\/wp\/v2\/types\/page"}],"author":[{"embeddable":true,"href":"https:\/\/przyjaznadolinaraby.info\/2014-2020\/wp-json\/wp\/v2\/users\/6"}],"replies":[{"embeddable":true,"href":"https:\/\/przyjaznadolinaraby.info\/2014-2020\/wp-json\/wp\/v2\/comments?post=3989"}],"version-history":[{"count":0,"href":"https:\/\/przyjaznadolinaraby.info\/2014-2020\/wp-json\/wp\/v2\/pages\/3989\/revisions"}],"wp:attachment":[{"href":"https:\/\/przyjaznadolinaraby.info\/2014-2020\/wp-json\/wp\/v2\/media?parent=3989"}],"wp:term":[{"taxonomy":"post_tag","embeddable":true,"href":"https:\/\/przyjaznadolinaraby.info\/2014-2020\/wp-json\/wp\/v2\/tags?post=3989"}],"curies":[{"name":"wp","href":"https:\/\/api.w.org\/{rel}","templated":true}]}}