{"id":4081,"date":"2020-03-23T12:14:08","date_gmt":"2020-03-23T11:14:08","guid":{"rendered":"http:\/\/przyjaznadolinaraby.info\/2014-2020\/?page_id=4081"},"modified":"2020-04-08T16:14:32","modified_gmt":"2020-04-08T14:14:32","slug":"grant","status":"publish","type":"page","link":"https:\/\/przyjaznadolinaraby.info\/2014-2020\/grant\/","title":{"rendered":"Grant"},"content":{"rendered":"\n<p><strong><em>Wzmocnienie kapita\u0142u spo\u0142ecznego mieszka\u0144c\u00f3w obszaru Stowarzyszenia Przyjazna Dolina Raby i Czarnej Orawy(warsztaty i szkolenia bazuj\u0105ce na dziedzictwie kulturowym lub przyrodniczym obszaru)<\/em><\/strong><\/p>\n\n\n\n<figure class=\"wp-block-image\"><img decoding=\"async\" width=\"1024\" height=\"724\" src=\"http:\/\/przyjaznadolinaraby.info\/2014-2020\/wp-content\/uploads\/2020\/04\/grant-warsztaty-na-www-1-1024x724.jpg\" alt=\"\" class=\"wp-image-4226\" srcset=\"https:\/\/przyjaznadolinaraby.info\/2014-2020\/wp-content\/uploads\/2020\/04\/grant-warsztaty-na-www-1-1024x724.jpg 1024w, https:\/\/przyjaznadolinaraby.info\/2014-2020\/wp-content\/uploads\/2020\/04\/grant-warsztaty-na-www-1-300x212.jpg 300w\" sizes=\"(max-width: 1024px) 100vw, 1024px\" \/><\/figure>\n\n\n\n<p>Zadania:<\/p>\n\n\n\n<p>1. \u201eIdymy ku Tobie Orawo\u201d warsztaty zorganizowane przez Stowarzyszenie Rodzina Kolpinga.<\/p>\n\n\n\n<figure class=\"wp-block-image\"><img decoding=\"async\" width=\"605\" height=\"267\" src=\"http:\/\/przyjaznadolinaraby.info\/2014-2020\/wp-content\/uploads\/2020\/03\/image.png\" alt=\"\" class=\"wp-image-4082\" srcset=\"https:\/\/przyjaznadolinaraby.info\/2014-2020\/wp-content\/uploads\/2020\/03\/image.png 605w, https:\/\/przyjaznadolinaraby.info\/2014-2020\/wp-content\/uploads\/2020\/03\/image-300x132.png 300w\" sizes=\"(max-width: 605px) 100vw, 605px\" \/><\/figure>\n\n\n\n<figure class=\"wp-block-image\"><img decoding=\"async\" width=\"597\" height=\"794\" src=\"http:\/\/przyjaznadolinaraby.info\/2014-2020\/wp-content\/uploads\/2020\/03\/image-1.png\" alt=\"\" class=\"wp-image-4083\" srcset=\"https:\/\/przyjaznadolinaraby.info\/2014-2020\/wp-content\/uploads\/2020\/03\/image-1.png 597w, https:\/\/przyjaznadolinaraby.info\/2014-2020\/wp-content\/uploads\/2020\/03\/image-1-226x300.png 226w\" sizes=\"(max-width: 597px) 100vw, 597px\" \/><\/figure>\n\n\n\n<p>2. \u201ePrzez zielon\u0105 granic\u0119\u2026czyli Rajd Kurier\u00f3w\u201d wydarzenie zorganizowane przez Stowarzyszenie Historii Spytkowic.<\/p>\n\n\n\n<figure class=\"wp-block-image\"><img decoding=\"async\" width=\"449\" height=\"337\" src=\"http:\/\/przyjaznadolinaraby.info\/2014-2020\/wp-content\/uploads\/2020\/03\/image-2.png\" alt=\"\" class=\"wp-image-4084\" srcset=\"https:\/\/przyjaznadolinaraby.info\/2014-2020\/wp-content\/uploads\/2020\/03\/image-2.png 449w, https:\/\/przyjaznadolinaraby.info\/2014-2020\/wp-content\/uploads\/2020\/03\/image-2-300x225.png 300w\" sizes=\"(max-width: 449px) 100vw, 449px\" \/><\/figure>\n\n\n\n<figure class=\"wp-block-image\"><img decoding=\"async\" width=\"450\" height=\"338\" src=\"http:\/\/przyjaznadolinaraby.info\/2014-2020\/wp-content\/uploads\/2020\/03\/image-3.png\" alt=\"\" class=\"wp-image-4085\" srcset=\"https:\/\/przyjaznadolinaraby.info\/2014-2020\/wp-content\/uploads\/2020\/03\/image-3.png 450w, https:\/\/przyjaznadolinaraby.info\/2014-2020\/wp-content\/uploads\/2020\/03\/image-3-300x225.png 300w\" sizes=\"(max-width: 450px) 100vw, 450px\" \/><\/figure>\n\n\n\n<figure class=\"wp-block-image\"><img decoding=\"async\" width=\"410\" height=\"546\" src=\"http:\/\/przyjaznadolinaraby.info\/2014-2020\/wp-content\/uploads\/2020\/03\/image-4.png\" alt=\"\" class=\"wp-image-4086\" srcset=\"https:\/\/przyjaznadolinaraby.info\/2014-2020\/wp-content\/uploads\/2020\/03\/image-4.png 410w, https:\/\/przyjaznadolinaraby.info\/2014-2020\/wp-content\/uploads\/2020\/03\/image-4-225x300.png 225w\" sizes=\"(max-width: 410px) 100vw, 410px\" \/><\/figure>\n\n\n\n<p>3. \u201eMuzyka \u0142\u0105czy pokolenia\u201d \u2013 warsztaty muzyczne zorganizowane przez Ochotnicz\u0105 Stra\u017c Po\u017carn\u0105 w Skawie<\/p>\n\n\n\n<figure class=\"wp-block-image\"><img decoding=\"async\" width=\"586\" height=\"446\" src=\"http:\/\/przyjaznadolinaraby.info\/2014-2020\/wp-content\/uploads\/2020\/03\/image-12.png\" alt=\"\" class=\"wp-image-4119\" srcset=\"https:\/\/przyjaznadolinaraby.info\/2014-2020\/wp-content\/uploads\/2020\/03\/image-12.png 586w, https:\/\/przyjaznadolinaraby.info\/2014-2020\/wp-content\/uploads\/2020\/03\/image-12-300x228.png 300w\" sizes=\"(max-width: 586px) 100vw, 586px\" \/><\/figure>\n\n\n\n<figure class=\"wp-block-image\"><img decoding=\"async\" src=\"blob:http:\/\/przyjaznadolinaraby.info\/41c7561a-ffce-46b7-92d2-70a554b3f54c\" alt=\"\"\/><\/figure>\n\n\n\n<p> 4. Warsztaty muzyczno-wokalne \u2013 zorganizowane przez Miros\u0142awa Krauzowicz<\/p>\n\n\n\n<figure class=\"wp-block-image\"><img decoding=\"async\" width=\"558\" height=\"720\" src=\"http:\/\/przyjaznadolinaraby.info\/2014-2020\/wp-content\/uploads\/2020\/03\/image-5.png\" alt=\"\" class=\"wp-image-4087\" srcset=\"https:\/\/przyjaznadolinaraby.info\/2014-2020\/wp-content\/uploads\/2020\/03\/image-5.png 558w, https:\/\/przyjaznadolinaraby.info\/2014-2020\/wp-content\/uploads\/2020\/03\/image-5-233x300.png 233w\" sizes=\"(max-width: 558px) 100vw, 558px\" \/><\/figure>\n\n\n\n<p>5. \u201eRoz\u015bpiewana&nbsp; Dolina Raby\u201d warsztaty wokalno-aktorskie zorganizowane przez Pani\u0105 King\u0119 Brandys-W\u00f3jcik<\/p>\n\n\n\n<p><\/p>\n\n\n\n<figure class=\"wp-block-image\"><img decoding=\"async\" width=\"566\" height=\"630\" src=\"http:\/\/przyjaznadolinaraby.info\/2014-2020\/wp-content\/uploads\/2020\/03\/image-6.png\" alt=\"\" class=\"wp-image-4088\" srcset=\"https:\/\/przyjaznadolinaraby.info\/2014-2020\/wp-content\/uploads\/2020\/03\/image-6.png 566w, https:\/\/przyjaznadolinaraby.info\/2014-2020\/wp-content\/uploads\/2020\/03\/image-6-270x300.png 270w\" sizes=\"(max-width: 566px) 100vw, 566px\" \/><\/figure>\n\n\n\n<p>6. \u201eCy bocycie orawskie zwyki\u201d warsztaty zorganizowane przez Stowarzyszenie M\u0142olipnicanie.<\/p>\n\n\n\n<p><\/p>\n\n\n\n<figure class=\"wp-block-image\"><img decoding=\"async\" width=\"556\" height=\"368\" src=\"http:\/\/przyjaznadolinaraby.info\/2014-2020\/wp-content\/uploads\/2020\/03\/image-7.png\" alt=\"\" class=\"wp-image-4089\" srcset=\"https:\/\/przyjaznadolinaraby.info\/2014-2020\/wp-content\/uploads\/2020\/03\/image-7.png 556w, https:\/\/przyjaznadolinaraby.info\/2014-2020\/wp-content\/uploads\/2020\/03\/image-7-300x199.png 300w\" sizes=\"(max-width: 556px) 100vw, 556px\" \/><\/figure>\n\n\n\n<p><\/p>\n\n\n\n<figure class=\"wp-block-image\"><img decoding=\"async\" width=\"562\" height=\"374\" src=\"http:\/\/przyjaznadolinaraby.info\/2014-2020\/wp-content\/uploads\/2020\/03\/image-8.png\" alt=\"\" class=\"wp-image-4090\" srcset=\"https:\/\/przyjaznadolinaraby.info\/2014-2020\/wp-content\/uploads\/2020\/03\/image-8.png 562w, https:\/\/przyjaznadolinaraby.info\/2014-2020\/wp-content\/uploads\/2020\/03\/image-8-300x200.png 300w\" sizes=\"(max-width: 562px) 100vw, 562px\" \/><\/figure>\n\n\n\n<p><\/p>\n\n\n\n<figure class=\"wp-block-image\"><img decoding=\"async\" width=\"571\" height=\"376\" src=\"http:\/\/przyjaznadolinaraby.info\/2014-2020\/wp-content\/uploads\/2020\/03\/image-9.png\" alt=\"\" class=\"wp-image-4091\" srcset=\"https:\/\/przyjaznadolinaraby.info\/2014-2020\/wp-content\/uploads\/2020\/03\/image-9.png 571w, https:\/\/przyjaznadolinaraby.info\/2014-2020\/wp-content\/uploads\/2020\/03\/image-9-300x198.png 300w\" sizes=\"(max-width: 571px) 100vw, 571px\" \/><\/figure>\n\n\n\n<p><br>7. Warsztaty ceramiczne i malarstwa, warsztaty zorganizowane przez Parafi\u0119 w Chy\u017cnem.<\/p>\n\n\n\n<figure class=\"wp-block-image\"><img decoding=\"async\" src=\"blob:http:\/\/przyjaznadolinaraby.info\/ac99e9ec-1a96-4325-b931-7061a1483b86\" alt=\"\"\/><\/figure>\n\n\n\n<p><\/p>\n\n\n\n<figure class=\"wp-block-image\"><img decoding=\"async\" width=\"353\" height=\"470\" src=\"http:\/\/przyjaznadolinaraby.info\/2014-2020\/wp-content\/uploads\/2020\/03\/image-11.png\" alt=\"\" class=\"wp-image-4093\" srcset=\"https:\/\/przyjaznadolinaraby.info\/2014-2020\/wp-content\/uploads\/2020\/03\/image-11.png 353w, https:\/\/przyjaznadolinaraby.info\/2014-2020\/wp-content\/uploads\/2020\/03\/image-11-225x300.png 225w\" sizes=\"(max-width: 353px) 100vw, 353px\" \/><\/figure>\n\n\n\n<p><br><\/p>\n","protected":false},"excerpt":{"rendered":"<p>Wzmocnienie kapita\u0142u spo\u0142ecznego mieszka\u0144c\u00f3w obszaru Stowarzyszenia Przyjazna Dolina Raby i Czarnej Orawy(warsztaty i szkolenia bazuj\u0105ce na dziedzictwie kulturowym lub przyrodniczym obszaru) Zadania: 1. \u201eIdymy ku Tobie Orawo\u201d warsztaty zorganizowane przez Stowarzyszenie Rodzina Kolpinga. 2. \u201ePrzez zielon\u0105 granic\u0119\u2026czyli Rajd Kurier\u00f3w\u201d wydarzenie zorganizowane przez Stowarzyszenie Historii Spytkowic. 3. \u201eMuzyka \u0142\u0105czy pokolenia\u201d \u2013 warsztaty muzyczne zorganizowane przez Ochotnicz\u0105 <a href=\"https:\/\/przyjaznadolinaraby.info\/2014-2020\/grant\/\" class=\"more-link\">&#8230;<span class=\"screen-reader-text\">  Grant<\/span><\/a><\/p>\n","protected":false},"author":6,"featured_media":0,"parent":0,"menu_order":0,"comment_status":"closed","ping_status":"closed","template":"","meta":{"_monsterinsights_skip_tracking":false,"_monsterinsights_sitenote_active":false,"_monsterinsights_sitenote_note":"","_monsterinsights_sitenote_category":0,"footnotes":""},"tags":[],"acf":[],"_links":{"self":[{"href":"https:\/\/przyjaznadolinaraby.info\/2014-2020\/wp-json\/wp\/v2\/pages\/4081"}],"collection":[{"href":"https:\/\/przyjaznadolinaraby.info\/2014-2020\/wp-json\/wp\/v2\/pages"}],"about":[{"href":"https:\/\/przyjaznadolinaraby.info\/2014-2020\/wp-json\/wp\/v2\/types\/page"}],"author":[{"embeddable":true,"href":"https:\/\/przyjaznadolinaraby.info\/2014-2020\/wp-json\/wp\/v2\/users\/6"}],"replies":[{"embeddable":true,"href":"https:\/\/przyjaznadolinaraby.info\/2014-2020\/wp-json\/wp\/v2\/comments?post=4081"}],"version-history":[{"count":0,"href":"https:\/\/przyjaznadolinaraby.info\/2014-2020\/wp-json\/wp\/v2\/pages\/4081\/revisions"}],"wp:attachment":[{"href":"https:\/\/przyjaznadolinaraby.info\/2014-2020\/wp-json\/wp\/v2\/media?parent=4081"}],"wp:term":[{"taxonomy":"post_tag","embeddable":true,"href":"https:\/\/przyjaznadolinaraby.info\/2014-2020\/wp-json\/wp\/v2\/tags?post=4081"}],"curies":[{"name":"wp","href":"https:\/\/api.w.org\/{rel}","templated":true}]}}