{"id":461,"date":"2016-08-12T14:22:52","date_gmt":"2016-08-12T12:22:52","guid":{"rendered":"http:\/\/przyjaznadolinaraby.info\/2014-2020\/?page_id=461"},"modified":"2022-09-13T22:26:20","modified_gmt":"2022-09-13T20:26:20","slug":"ksiega-wizualizacji","status":"publish","type":"page","link":"https:\/\/przyjaznadolinaraby.info\/2014-2020\/ksiega-wizualizacji\/","title":{"rendered":"Ksi\u0119ga wizualizacji"},"content":{"rendered":"<p><strong>Wszystkich beneficjent\u00f3w, kt\u00f3rzy otrzymaj\u0105 pomoc (podpisz\u0105 umow\u0119 i otrzymaj\u0105 dotacj\u0119) obowi\u0105zuje poinformowanie opinii publicznej o celu operacji i wsparciu operacji z Europejskiego Funduszu Rolnego na rzecz Rozwoju Obszar\u00f3w Wiejskich: Europa inwestuj\u0105ca w obszary wiejskie&#8221;.<\/strong><strong>Zmiany w Ksi\u0119dze wizualizacji znaku PROW 2014-2020 od 1 stycznia 2021 r. &#8211; <a href=\"https:\/\/www.gov.pl\/attachment\/1a3513b6-3791-43fe-b322-1b6a700840ff\">Ksi\u0119ga wizualizacji i logotypy &#8211; Ministerstwo Rolnictwa i Rozwoju Wsi &#8211; Portal Gov.pl (www.gov.pl)<\/a><\/strong><\/p>\n<p>\u201eKsi\u0119ga wizualizacji znaku PROW 2014-2020\u201d zawiera informacje na temat <strong>podstawowych obowi\u0105zk\u00f3w beneficjenta<\/strong> w zakresie informowania o otrzymanej pomocy z Unii Europejskiej, w tym z EFRROW i Programu Rozwoju Obszar\u00f3w Wiejskich na lata 2014-2020 (PROW 2014-2020).<\/p>\n<p>Wszystkich beneficjent\u00f3w obowi\u0105zuje poinformowanie opinii publicznej o celu operacji i wsparciu operacji z EFRROW poprzez oznaczenie logo UE, sloganem \u201eEuropejski Fundusz Rolny na rzecz Rozwoju Obszar\u00f3w Wiejskich: Europa inwestuj\u0105ca w obszary wiejskie\u201d oraz logo PROW 2014-2020&#8243;.<\/p>\n<p><strong>W sytuacji, kiedy beneficjent nie dysponuje stron\u0105 internetow\u0105, a jedynie kontem na portalu spo\u0142eczno\u015bciowym:<\/strong><\/p>\n<p>&#8211; narz\u0119dzia marketingowe w formie medi\u00f3w spo\u0142eczno\u015bciowych czy kana\u0142\u00f3w filmowych maj\u0105 okre\u015blone wymagania oraz ograniczenia techniczne np. co do ilo\u015bci znak\u00f3w, uk\u0142adu tre\u015bci na stronach, mo\u017cliwo\u015bci dodawania element\u00f3w, a w Ksi\u0119dze wizualizacji znaku PROW 2014-2020 zasady stosowania znak\u00f3w i slogan\u00f3w nie obejmuj\u0105 przyk\u0142ad\u00f3w ich stosowania w mediach spo\u0142eczno\u015bciowych, proponuje si\u0119 przyj\u0119cie nast\u0119puj\u0105cych za\u0142o\u017ce\u0144: 1)<strong> fanpage na Facebooku<\/strong> dedykowany danej operacji powinien zawiera\u0107 sta\u0142\u0105 i niezmienn\u0105 informacj\u0119 o wsp\u00f3\u0142finansowaniu w widocznym miejscu, np. jako plansza zawieraj\u0105ca logotypy i slogany. W\u00f3wczas nie ma konieczno\u015bci ka\u017cdorazowego ologowywania post\u00f3w, zdj\u0119\u0107 czy filmik\u00f3w zamieszczanych na tym fanpage\u2019u. Przez analogi\u0119 nale\u017cy ologowywa\u0107 konta dedykowane wy\u0142\u0105cznie tej operacji w innych mediach spo\u0142eczno\u015bciowych. Serwisy spo\u0142eczno\u015bciowe umo\u017cliwiaj\u0105 umieszczenie zdj\u0119cia profilowego, wi\u0119kszego i pod\u0142u\u017cnego zdj\u0119cia w tle oraz kr\u00f3tkiego opisu. Proponuje umieszczenie obowi\u0105zkowego zestawu logotyp\u00f3w i sloganu (jak na materia\u0142ach promocyjnych bez tre\u015bci merytorycznych) na zdj\u0119ciu w tle, a d\u0142u\u017cszej informacji nt. realizowanej operacji \u2013 w miejscu umo\u017cliwiaj\u0105cym wprowadzenie tekstu, opisu profilu. Podobnie jak w przypadku plakat\u00f3w, je\u017celi pe\u0142ne brzmienie celu, czy nazwy operacji jest bardzo d\u0142ugie, mo\u017cliwe jest skr\u00f3cenie ich tre\u015bci tak, aby zachowa\u0107 merytoryczny sens celu\/nazwy operacji. *<\/p>\n<p><strong>Wskaz\u00f3wki odno\u015bnie odpowiedniego oznakowania film\u00f3w,program\u00f3w zw\u0142aszcza tych umieszczanych na serwisie YOUTUBE.\u00a0<\/strong><\/p>\n<p>\u201eW przypadku prowadzenia dzia\u0142a\u0144 informacyjnych w Internecie (filmy, programy, itd.), kt\u00f3re zawieraj\u0105 informacje merytoryczne, ka\u017cde takie dzia\u0142anie nale\u017cy oznakowa\u0107 w formie np. tablicy\/ kadru zamieszczonego na pocz\u0105tku lub na ko\u0144cu materia\u0142u lub w trakcie trwania materia\u0142u, z czasem emisji nie kr\u00f3tszym ni\u017c 3 sekundy. Obowi\u0105zkowe do zamieszczenia s\u0105 nast\u0119puj\u0105ce elementy:<\/p>\n<ul>\n<li>znak (symbol) Unii Europejskiej,<\/li>\n<li>logo PROW 2014-2020,<\/li>\n<li>slogan \u201eEuropejski Fundusz Rolny na rzecz Rozwoju Obszar\u00f3w Wiejskich: Europa inwestuj\u0105ca w obszary wiejskie\u201d,<\/li>\n<li>odes\u0142anie do instytucji odpowiedzialnej za tre\u015b\u0107 materia\u0142u informacyjnego, np. w formie: Materia\u0142 opracowany przez\u2026,<\/li>\n<li>odes\u0142anie do Instytucji Zarz\u0105dzaj\u0105cej PROW 2014-2020, w nast\u0119puj\u0105cej formie: Instytucja Zarz\u0105dzaj\u0105ca PROW 2014-2020 \u2013 Minister Rolnictwa i Rozwoju Wsi,<\/li>\n<li>informacja o wsp\u00f3\u0142finansowaniu materia\u0142u ze \u015brodk\u00f3w UE w nast\u0119puj\u0105cej formie: Materia\u0142 wsp\u00f3\u0142finansowany ze \u015brodk\u00f3w Unii Europejskiej w ramach (np. schematu I, schematu II) Pomocy Technicznej Programu Rozwoju Obszar\u00f3w Wiejskich na lata 2014-2020,<\/li>\n<li>oraz inne logo, kt\u00f3rego zamieszczenie jest wymagane lub dopuszczalne (logo LEADER, logo KSOW, logo unijnego lub krajowego systemu jako\u015bci \u017cywno\u015bci, logo beneficjenta, lokalnej grupy dzia\u0142ania, herb\/logo wojew\u00f3dztwa, gminy lub god\u0142o pa\u0144stwowe). W przypadku umieszczania herbu wojew\u00f3dztwa, gminy lub god\u0142a pa\u0144stwowego nale\u017cy obok symbolu UE zamie\u015bci\u0107 wskazanie na udzia\u0142 Unii poprzez tekst: Unia Europejska. Tekst Unia Europejska mo\u017cna zamie\u015bci\u0107 poni\u017cej lub po prawej stronie symbolu UE.<\/li>\n<\/ul>\n<p><strong>YouTube<\/strong> \u2013 z uwagi na ograniczenia dot. mo\u017cliwo\u015bci zamieszczenia grafiki (logotyp\u00f3w) w opisie pod filmem oraz brak mo\u017cliwo\u015bci zamieszczenia logo na pocz\u0105tku ze wzgl\u0119du na vlogowy charakter publikowanych film\u00f3w na YouTube, proponuje si\u0119:<\/p>\n<ul>\n<li>zamieszczenie ologowania na ko\u0144cu filmu (pocz\u0105tku lub w \u015brodku) zgodnie z Ksi\u0119g\u0105 wizualizacji znaku PROW 2014-2020 (je\u015bli nagranie filmu zosta\u0142o sfinansowane w ramach projektu), lub<\/li>\n<li>zamieszczenie w opisie filmu slogan\u00f3w oraz link\u00f3w do stron zawieraj\u0105cych pe\u0142ne ologowanie informacji o projekcie: np. strony operacji, strony KSOW, strony beneficjenta (je\u015bli produkcja filmu nie by\u0142a sfinansowana w ramach danej operacji a film pochodzi z innego \u017ar\u00f3d\u0142a i jest wykorzystywany w ramach PROW 2014-2020 jako wzmocnienie przekazu kampanii).\u201d<\/li>\n<\/ul>\n<p>Jednocze\u015bnie przypominam, i\u017c zgodnie z Ksi\u0119g\u0105 wizualizacji znaku PROW 2014-2020, ka\u017cdy beneficjent zobowi\u0105zany jest minimum do zamieszczenia informacji o uzyskanym wsparciu (informacja o wsp\u00f3\u0142finansowaniu operacji wraz z \u201epaskiem logotyp\u00f3w\u201d):<\/p>\n<ul>\n<li><strong>na swojej stronie internetowej<\/strong> (musi zajmowa\u0107 min. 25% widocznego ekranu) oraz<\/li>\n<li><strong>umieszczenia w swojej siedzibie w widocznym miejscu plakatu format min. A3.<\/strong><\/li>\n<\/ul>\n<p>Ponadto w przypadku operacji, w ramach kt\u00f3rych tworzone s\u0105 r\u00f3\u017cnorodne materia\u0142y informacyjno-promocyjne, wszystkie one musz\u0105 zawiera\u0107 odniesienie do wsp\u00f3\u0142finansowania operacji ze \u015brodk\u00f3w PROW 2014-2020. Dla przypomnienia zamieszczam link do strony internetowej, na kt\u00f3rej umieszczona jest Ksi\u0119ga wizualizacji znaku PROW 2014-2020, kt\u00f3ra szczeg\u00f3\u0142owo opisuje wszystkie wymogi odno\u015bnie promocji Programu &#8211;\u00a0<a href=\"https:\/\/www.gov.pl\/web\/rolnictwo\/ksiega-wizualizacji-i-logotypy\">https:\/\/www.gov.pl\/web\/rolnictwo\/ksiega-wizualizacji-i-logotypy<\/a><\/p>\n<p>Zgodnie z postanowieniami um\u00f3w na realizacj\u0119 operacji, niewywi\u0105zywanie si\u0119 z realizacji obowi\u0105zku informacyjno-promocyjnego Programu, mo\u017ce skutkowa\u0107 na\u0142o\u017ceniem korekty finansowej na beneficjenta.<\/p>\n<p>W razie w\u0105tpliwo\u015bci w tym wzgl\u0119dzie, prosz\u0119 o kontakt z osobami z ramienia Jednostki Regionalnej KSOW Wojew\u00f3dztwa Ma\u0142opolskiego z naszego zespo\u0142u.<\/p>\n<p><strong>Niezb\u0119dne logotypy, w tym logo PROW 2014-2020 i Unii Europejskiej, znajduj\u0105 si\u0119 w poni\u017cszych plikach.<\/strong><\/p>\n<p><strong>Pobierz pliki:<\/strong><\/p>\n<ul>\n<li><a href=\"https:\/\/www.gov.pl\/attachment\/1a3513b6-3791-43fe-b322-1b6a700840ff\">Ksi\u0119ga wizualizacji znaku PROW 2014-2020(stycze\u0144 2021)<\/a><\/li>\n<li><a href=\"https:\/\/www.gov.pl\/attachment\/06826592-1ff6-411d-9f7d-35def1f90869\"> Za\u0142\u0105czniki do ksi\u0119gi wizualizacji znaku PROW 2014-2020 (.rar 11,7 MB) <\/a><\/li>\n<li><a href=\"https:\/\/www.gov.pl\/documents\/912055\/913531\/PROW-2014-2020-logo-kolor.rar\/96a29550-a2b2-91e0-15f1-918b83bcdda4\"> Logo PROW 2014-2020 (kolor) (.rar 444,34 kB) <\/a><\/li>\n<li><a href=\"https:\/\/www.gov.pl\/documents\/912055\/913531\/PROW-2014-2020-logo-mono.rar\/0dca790f-d2eb-a485-6c8e-2807cb5ca6ac\"> Logo PROW 2014-2020 (mono) (.rar 424,22 kB) <\/a><\/li>\n<li><a href=\"https:\/\/www.gov.pl\/documents\/912055\/913531\/PROW-2014-2020-logo-achromatyczne.rar\/09b50a6f-a0de-d39b-7c96-3eec7d49aa5d\"> Logo PROW 2014-2020 (achromatyczne) (.rar 376,35 kB) <\/a><\/li>\n<li><a href=\"https:\/\/www.gov.pl\/documents\/912055\/913531\/logo+KSOW.rar\/e69353a5-2686-045f-b610-f9b5dff8369b\"> LOGOTYP KSOW (.rar 234,39 kB) <\/a><\/li>\n<li><a href=\"https:\/\/www.gov.pl\/documents\/912055\/913531\/logo+LEADER.rar\/adf09e71-1f9f-b171-2add-aa7c3e51f6ab\"> LOGOTYP LEADER (.rar 68,05 kB) <\/a><\/li>\n<li><a href=\"https:\/\/www.gov.pl\/documents\/912055\/913531\/logo+SIR.rar\/bc82c8db-6020-ab59-41e1-c1724bbcf1c1\"> LOGOTYP SIR (.rar 1,14 MB) <\/a><\/li>\n<li><a href=\"https:\/\/www.gov.pl\/documents\/912055\/913531\/Symbol+UE+%28jpg%29.rar\/e7c2fb07-d78d-f153-c5c5-6f93f46b5240\">Symbol UE (JPG) (.rar 71,45 kB) <\/a><\/li>\n<li><a href=\"https:\/\/www.gov.pl\/documents\/912055\/913531\/Symbol+UE+%28eps%29.rar\/2acc8790-8798-eedb-c158-59ae259664ec\">Symbol UE (EPS) (.rar 120,54 kB) <\/a><\/li>\n<\/ul>\n<p><strong>Informujemy, i\u017c nie ma obowi\u0105zku dodawania logo LGD ale zach\u0119camy do umieszczenia r\u00f3wnie\u017c naszego logo- do pobrania poni\u017cej.<\/strong><\/p>\n<ul>\n<li><a href=\"https:\/\/drive.google.com\/open?id=12MeBqDWNryEG8avsJKJir8tPSv6Uujt0\">Logo.ai<\/a><\/li>\n<li><a href=\"https:\/\/drive.google.com\/open?id=1Fu0w5yQTH5tlxt4dtx4kD28_OqaHF_ko\">Logo.eps<\/a><\/li>\n<li><a href=\"https:\/\/drive.google.com\/open?id=1VSBMfy878Mkwup7fJeL-QpS4z53o5ZNU\">Logo.jpg<\/a><\/li>\n<li><a href=\"https:\/\/drive.google.com\/open?id=1HlsFHic6JoF_3_jVYYKQMKiUmYiknYoq\">Logo.png<\/a><\/li>\n<\/ul>\n<p>Przyk\u0142ad bilbordu, plakatu, tablicy informacyjnej z logo LGD- do pobrania <a href=\"http:\/\/przyjaznadolinaraby.info\/2014-2020\/wp-content\/uploads\/2018\/11\/tablica-plakat.docx\">tutaj.<\/a> UWAGA- nie dotyczy projekt\u00f3w grantowych! <a href=\"http:\/\/przyjaznadolinaraby.info\/2014-2020\/wp-content\/uploads\/2018\/11\/tablica-plakat.docx\">tablica-plakat<\/a> .*doc <a href=\"http:\/\/przyjaznadolinaraby.info\/2014-2020\/wp-content\/uploads\/2018\/11\/tablica-plakat.pdf\">tablica-plakat\u00a0<\/a>.*pdf<\/p>\n","protected":false},"excerpt":{"rendered":"<p>Wszystkich beneficjent\u00f3w, kt\u00f3rzy otrzymaj\u0105 pomoc (podpisz\u0105 umow\u0119 i otrzymaj\u0105 dotacj\u0119) obowi\u0105zuje poinformowanie opinii publicznej o celu operacji i wsparciu operacji z Europejskiego Funduszu Rolnego na rzecz Rozwoju Obszar\u00f3w Wiejskich: Europa inwestuj\u0105ca w obszary wiejskie&#8221;.Zmiany w Ksi\u0119dze wizualizacji znaku PROW 2014-2020 od 1 stycznia 2021 r. &#8211; Ksi\u0119ga wizualizacji i logotypy &#8211; Ministerstwo Rolnictwa i Rozwoju <a href=\"https:\/\/przyjaznadolinaraby.info\/2014-2020\/ksiega-wizualizacji\/\" class=\"more-link\">&#8230;<span class=\"screen-reader-text\">  Ksi\u0119ga wizualizacji<\/span><\/a><\/p>\n","protected":false},"author":6,"featured_media":0,"parent":0,"menu_order":5,"comment_status":"closed","ping_status":"closed","template":"","meta":{"_monsterinsights_skip_tracking":false,"_monsterinsights_sitenote_active":false,"_monsterinsights_sitenote_note":"","_monsterinsights_sitenote_category":0,"footnotes":""},"tags":[],"acf":[],"_links":{"self":[{"href":"https:\/\/przyjaznadolinaraby.info\/2014-2020\/wp-json\/wp\/v2\/pages\/461"}],"collection":[{"href":"https:\/\/przyjaznadolinaraby.info\/2014-2020\/wp-json\/wp\/v2\/pages"}],"about":[{"href":"https:\/\/przyjaznadolinaraby.info\/2014-2020\/wp-json\/wp\/v2\/types\/page"}],"author":[{"embeddable":true,"href":"https:\/\/przyjaznadolinaraby.info\/2014-2020\/wp-json\/wp\/v2\/users\/6"}],"replies":[{"embeddable":true,"href":"https:\/\/przyjaznadolinaraby.info\/2014-2020\/wp-json\/wp\/v2\/comments?post=461"}],"version-history":[{"count":2,"href":"https:\/\/przyjaznadolinaraby.info\/2014-2020\/wp-json\/wp\/v2\/pages\/461\/revisions"}],"predecessor-version":[{"id":9918,"href":"https:\/\/przyjaznadolinaraby.info\/2014-2020\/wp-json\/wp\/v2\/pages\/461\/revisions\/9918"}],"wp:attachment":[{"href":"https:\/\/przyjaznadolinaraby.info\/2014-2020\/wp-json\/wp\/v2\/media?parent=461"}],"wp:term":[{"taxonomy":"post_tag","embeddable":true,"href":"https:\/\/przyjaznadolinaraby.info\/2014-2020\/wp-json\/wp\/v2\/tags?post=461"}],"curies":[{"name":"wp","href":"https:\/\/api.w.org\/{rel}","templated":true}]}}