{"id":5028,"date":"2020-07-13T09:13:17","date_gmt":"2020-07-13T07:13:17","guid":{"rendered":"http:\/\/przyjaznadolinaraby.info\/2014-2020\/?page_id=5028"},"modified":"2020-07-13T09:13:19","modified_gmt":"2020-07-13T07:13:19","slug":"podejmowanie-dzialalnosci-gospodarczej","status":"publish","type":"page","link":"https:\/\/przyjaznadolinaraby.info\/2014-2020\/podejmowanie-dzialalnosci-gospodarczej\/","title":{"rendered":"Podejmowanie dzia\u0142alno\u015bci gospodarczej"},"content":{"rendered":"\n<p>Poprzez realizacj\u0119 zadania pn. \u201eZa\u0142o\u017cenie dzia\u0142alno\u015bci gospodarczej o nazwie personalizowana odzie\u017c sk\u00f3rzana Ewelina Jurzec\u201d, powsta\u0142o miejsce gdzie jest projektowana i produkowana najwy\u017cszej jako\u015bci odzie\u017c sk\u00f3rzana ze sk\u00f3r pochodzenia w\u0142oskiego. Dodatkowym atutem firmy jest mo\u017cliwo\u015b\u0107 personalizacji zam\u00f3wienia. Odzie\u017c dost\u0119pna jest w sklepie internetowym. Siedziba firmy znajduje si\u0119 w Rabce-Zdr\u00f3j.<\/p>\n\n\n\n<figure class=\"wp-block-image\"><img decoding=\"async\" width=\"1000\" height=\"563\" src=\"http:\/\/przyjaznadolinaraby.info\/2014-2020\/wp-content\/uploads\/2020\/07\/strona.png\" alt=\"\" class=\"wp-image-5029\" srcset=\"https:\/\/przyjaznadolinaraby.info\/2014-2020\/wp-content\/uploads\/2020\/07\/strona.png 1000w, https:\/\/przyjaznadolinaraby.info\/2014-2020\/wp-content\/uploads\/2020\/07\/strona-300x169.png 300w\" sizes=\"(max-width: 1000px) 100vw, 1000px\" \/><\/figure>\n\n\n\n<p>W ramach operacji pn. \u201eUtworzenie przedsi\u0119biorstwa tj. Studio haftu i reklamy\u201d wprowadzono na rynek nowe i znacz\u0105co ulepszone\u00a0 us\u0142ugi w zakresie\u00a0 haftu komputerowego, grawerowanie i drukowanie spersonalizowanych materia\u0142\u00f3w promocyjnych.<\/p>\n\n\n\n<figure class=\"wp-block-image\"><img decoding=\"async\" width=\"576\" height=\"1024\" src=\"http:\/\/przyjaznadolinaraby.info\/2014-2020\/wp-content\/uploads\/2020\/07\/IMG_20181115_194831-1-576x1024.jpg\" alt=\"\" class=\"wp-image-5030\" srcset=\"https:\/\/przyjaznadolinaraby.info\/2014-2020\/wp-content\/uploads\/2020\/07\/IMG_20181115_194831-1-576x1024.jpg 576w, https:\/\/przyjaznadolinaraby.info\/2014-2020\/wp-content\/uploads\/2020\/07\/IMG_20181115_194831-1-169x300.jpg 169w, https:\/\/przyjaznadolinaraby.info\/2014-2020\/wp-content\/uploads\/2020\/07\/IMG_20181115_194831-1.jpg 1000w\" sizes=\"(max-width: 576px) 100vw, 576px\" \/><\/figure>\n\n\n\n<p>Dzi\u0119ki realizacji operacji pn. \u201eZakup wyposa\u017cenia dla nowoutworzonej firmy FIZODAR \u015bwiadcz\u0105cej us\u0142ugi mobilne w zakresie fizjoterapii.\u201d powsta\u0142a firma \u015bwiadcz\u0105ca us\u0142ugi w bran\u017cy zdrowia w zakresie\u00a0 fizjoterapii. Dzia\u0142alno\u015b\u0107 opiera si\u0119 na \u015bwiadczeniu us\u0142ug rehabilitacyjnych i relaksacyjnych w miejscy wskazanym przez klienta. Firma oferuje bogaty wachlarz us\u0142ug: rehabilitacj\u0119 ruchow\u0105, terapi\u0119 manualn\u0105 kr\u0119gos\u0142upa, masa\u017c klasyczny kr\u0119gos\u0142upa, karku i ko\u0144czyn, elektroterapi\u0119, terapi\u0119 fal\u0105 uderzeniow\u0105, masa\u017c relaksacyjny, sportowy oraz gor\u0105cymi kamieniami.<\/p>\n\n\n\n<figure class=\"wp-block-image\"><img decoding=\"async\" width=\"768\" height=\"1024\" src=\"http:\/\/przyjaznadolinaraby.info\/2014-2020\/wp-content\/uploads\/2020\/07\/IMG_20180324_113407-1-768x1024.jpg\" alt=\"\" class=\"wp-image-5031\" srcset=\"https:\/\/przyjaznadolinaraby.info\/2014-2020\/wp-content\/uploads\/2020\/07\/IMG_20180324_113407-1-768x1024.jpg 768w, https:\/\/przyjaznadolinaraby.info\/2014-2020\/wp-content\/uploads\/2020\/07\/IMG_20180324_113407-1-225x300.jpg 225w, https:\/\/przyjaznadolinaraby.info\/2014-2020\/wp-content\/uploads\/2020\/07\/IMG_20180324_113407-1.jpg 1000w\" sizes=\"(max-width: 768px) 100vw, 768px\" \/><figcaption>dav<\/figcaption><\/figure>\n\n\n\n<p>Realizuj\u0105c operacje pn. \u201eUtworzenie studia projektowego architektury drewnianej KOLIBA\u201d powsta\u0142o miejsce wyposa\u017cone w odpowiedni sprz\u0119t do prac projektowych oraz do \u015bwiadczenia us\u0142ug w spos\u00f3b innowacyjny. Dzi\u0119ki zakupionemu wyposa\u017ceniu: komputery, monitory,, ploter, drukarka 3 D, laminator, bindownica, urz\u0105dzenie wielofunkcyjne firma KOLIBA oferuje swoim odbiorcom wysoki wachlarz us\u0142ug.<\/p>\n\n\n\n<figure class=\"wp-block-image\"><img decoding=\"async\" width=\"1000\" height=\"1000\" src=\"http:\/\/przyjaznadolinaraby.info\/2014-2020\/wp-content\/uploads\/2020\/07\/Fot.12.-1.jpg\" alt=\"\" class=\"wp-image-5032\" srcset=\"https:\/\/przyjaznadolinaraby.info\/2014-2020\/wp-content\/uploads\/2020\/07\/Fot.12.-1.jpg 1000w, https:\/\/przyjaznadolinaraby.info\/2014-2020\/wp-content\/uploads\/2020\/07\/Fot.12.-1-300x300.jpg 300w, https:\/\/przyjaznadolinaraby.info\/2014-2020\/wp-content\/uploads\/2020\/07\/Fot.12.-1-150x150.jpg 150w\" sizes=\"(max-width: 1000px) 100vw, 1000px\" \/><\/figure>\n\n\n\n<p>Dzi\u0119ki realizacji operacji pn. \u201eUtworzenie nowego przedsi\u0119biorstwa w zakresie \u015bwiadczenia us\u0142ug zwi\u0105zanych z animacj\u0105 czasu wolnego\u201d powsta\u0142a firma ENCEPENCE, kt\u00f3ra w swojej ofercie posiada kreatywne zaj\u0119cia warsztatowe (sensoplastyka, mini disco, folklorystyka, zaj\u0119cia r\u0119kodzielnicze, warsztaty balonowe). Ponadto dost\u0119pna jest us\u0142uga animacji dla dzieci podczas imprez plenerowych, organizacja wycieczek animacyjnych.<\/p>\n\n\n\n<figure class=\"wp-block-image\"><img decoding=\"async\" width=\"1000\" height=\"667\" src=\"http:\/\/przyjaznadolinaraby.info\/2014-2020\/wp-content\/uploads\/2020\/07\/IMG_0925.jpg\" alt=\"\" class=\"wp-image-5033\" srcset=\"https:\/\/przyjaznadolinaraby.info\/2014-2020\/wp-content\/uploads\/2020\/07\/IMG_0925.jpg 1000w, https:\/\/przyjaznadolinaraby.info\/2014-2020\/wp-content\/uploads\/2020\/07\/IMG_0925-300x200.jpg 300w\" sizes=\"(max-width: 1000px) 100vw, 1000px\" \/><\/figure>\n\n\n\n<p>Dzi\u0119ki realizacji operacji pn. \u201eUtworzenie nowego przedsi\u0119biorstwa w zakresie \u015bwiadczenia us\u0142ug zwi\u0105zanych z animacj\u0105 czasu wolnego\u201d powsta\u0142a firma ENCEPENCE, kt\u00f3ra w swojej ofercie posiada kreatywne zaj\u0119cia warsztatowe (sensoplastyka, mini disco, folklorystyka, zaj\u0119cia r\u0119kodzielnicze, warsztaty balonowe). Ponadto dost\u0119pna jest us\u0142uga animacji dla dzieci podczas imprez plenerowych, organizacja wycieczek animacyjnych.<\/p>\n\n\n\n<figure class=\"wp-block-image\"><img decoding=\"async\" width=\"1000\" height=\"750\" src=\"http:\/\/przyjaznadolinaraby.info\/2014-2020\/wp-content\/uploads\/2020\/07\/5-3.jpg\" alt=\"\" class=\"wp-image-5034\" srcset=\"https:\/\/przyjaznadolinaraby.info\/2014-2020\/wp-content\/uploads\/2020\/07\/5-3.jpg 1000w, https:\/\/przyjaznadolinaraby.info\/2014-2020\/wp-content\/uploads\/2020\/07\/5-3-300x225.jpg 300w\" sizes=\"(max-width: 1000px) 100vw, 1000px\" \/><\/figure>\n\n\n\n<p>Poprzez realizacj\u0119 operacji pn. \u201e Przygotowanie\u00a0 i wyposa\u017cenie nowoutworzonego biura rachunkowego\u201d na terenie Stowarzyszenie Przyjazna Dolina Raby i Czarnej Orawy powsta\u0142a nowa firma oferuj\u0105ca swoje us\u0142ugi w zakresie rozlicze\u0144 finansowo-ksi\u0119gowych.<\/p>\n\n\n\n<figure class=\"wp-block-image\"><img decoding=\"async\" width=\"768\" height=\"1024\" src=\"http:\/\/przyjaznadolinaraby.info\/2014-2020\/wp-content\/uploads\/2020\/07\/20181011_105629-1-768x1024.jpg\" alt=\"\" class=\"wp-image-5035\" srcset=\"https:\/\/przyjaznadolinaraby.info\/2014-2020\/wp-content\/uploads\/2020\/07\/20181011_105629-1-768x1024.jpg 768w, https:\/\/przyjaznadolinaraby.info\/2014-2020\/wp-content\/uploads\/2020\/07\/20181011_105629-1-225x300.jpg 225w, https:\/\/przyjaznadolinaraby.info\/2014-2020\/wp-content\/uploads\/2020\/07\/20181011_105629-1.jpg 1000w\" sizes=\"(max-width: 768px) 100vw, 768px\" \/><\/figure>\n\n\n\n<p>Poprzez realizacj\u0119 operacji \u00a0pn. \u201eAutomatyzacja budynk\u00f3w\u201d powsta\u0142a nowa firma oferuj\u0105ca produkty w postaci Smart home polegaj\u0105ce na tworzeniu inteligentnego domu.<\/p>\n\n\n\n<figure class=\"wp-block-image\"><img decoding=\"async\" width=\"1000\" height=\"750\" src=\"http:\/\/przyjaznadolinaraby.info\/2014-2020\/wp-content\/uploads\/2020\/07\/20191106_081457.jpg\" alt=\"\" class=\"wp-image-5036\" srcset=\"https:\/\/przyjaznadolinaraby.info\/2014-2020\/wp-content\/uploads\/2020\/07\/20191106_081457.jpg 1000w, https:\/\/przyjaznadolinaraby.info\/2014-2020\/wp-content\/uploads\/2020\/07\/20191106_081457-300x225.jpg 300w\" sizes=\"(max-width: 1000px) 100vw, 1000px\" \/><\/figure>\n","protected":false},"excerpt":{"rendered":"<p>Poprzez realizacj\u0119 zadania pn. \u201eZa\u0142o\u017cenie dzia\u0142alno\u015bci gospodarczej o nazwie personalizowana odzie\u017c sk\u00f3rzana Ewelina Jurzec\u201d, powsta\u0142o miejsce gdzie jest projektowana i produkowana najwy\u017cszej jako\u015bci odzie\u017c sk\u00f3rzana ze sk\u00f3r pochodzenia w\u0142oskiego. Dodatkowym atutem firmy jest mo\u017cliwo\u015b\u0107 personalizacji zam\u00f3wienia. Odzie\u017c dost\u0119pna jest w sklepie internetowym. Siedziba firmy znajduje si\u0119 w Rabce-Zdr\u00f3j. W ramach operacji pn. \u201eUtworzenie przedsi\u0119biorstwa tj. <a href=\"https:\/\/przyjaznadolinaraby.info\/2014-2020\/podejmowanie-dzialalnosci-gospodarczej\/\" class=\"more-link\">&#8230;<span class=\"screen-reader-text\">  Podejmowanie dzia\u0142alno\u015bci gospodarczej<\/span><\/a><\/p>\n","protected":false},"author":6,"featured_media":0,"parent":0,"menu_order":0,"comment_status":"closed","ping_status":"closed","template":"","meta":{"_monsterinsights_skip_tracking":false,"_monsterinsights_sitenote_active":false,"_monsterinsights_sitenote_note":"","_monsterinsights_sitenote_category":0,"footnotes":""},"tags":[],"acf":[],"_links":{"self":[{"href":"https:\/\/przyjaznadolinaraby.info\/2014-2020\/wp-json\/wp\/v2\/pages\/5028"}],"collection":[{"href":"https:\/\/przyjaznadolinaraby.info\/2014-2020\/wp-json\/wp\/v2\/pages"}],"about":[{"href":"https:\/\/przyjaznadolinaraby.info\/2014-2020\/wp-json\/wp\/v2\/types\/page"}],"author":[{"embeddable":true,"href":"https:\/\/przyjaznadolinaraby.info\/2014-2020\/wp-json\/wp\/v2\/users\/6"}],"replies":[{"embeddable":true,"href":"https:\/\/przyjaznadolinaraby.info\/2014-2020\/wp-json\/wp\/v2\/comments?post=5028"}],"version-history":[{"count":0,"href":"https:\/\/przyjaznadolinaraby.info\/2014-2020\/wp-json\/wp\/v2\/pages\/5028\/revisions"}],"wp:attachment":[{"href":"https:\/\/przyjaznadolinaraby.info\/2014-2020\/wp-json\/wp\/v2\/media?parent=5028"}],"wp:term":[{"taxonomy":"post_tag","embeddable":true,"href":"https:\/\/przyjaznadolinaraby.info\/2014-2020\/wp-json\/wp\/v2\/tags?post=5028"}],"curies":[{"name":"wp","href":"https:\/\/api.w.org\/{rel}","templated":true}]}}