{"id":5039,"date":"2020-07-13T09:21:24","date_gmt":"2020-07-13T07:21:24","guid":{"rendered":"http:\/\/przyjaznadolinaraby.info\/2014-2020\/?page_id=5039"},"modified":"2020-07-13T09:21:28","modified_gmt":"2020-07-13T07:21:28","slug":"rozwoj-dzialalnosci-gospodarczej","status":"publish","type":"page","link":"https:\/\/przyjaznadolinaraby.info\/2014-2020\/rozwoj-dzialalnosci-gospodarczej\/","title":{"rendered":"Rozw\u00f3j dzia\u0142alno\u015bci gospodarczej"},"content":{"rendered":"\n<p>W ramach rozwoju dzia\u0142alno\u015bci gospodarczej firma Jarosz Figft Club\nzrealizowa\u0142a operacj\u0119 pn. \u201eUtworzenie hali treningowej z zapleczem&nbsp; Klubu sportowego Jarosz Fight Club\u201d.&nbsp; Dzi\u0119ki realizacji projektu&nbsp; zosta\u0142y wdro\u017cone nowe us\u0142ugi na obszarze\nPrzyjaznej Doliny Raby i Czarnej Orawy w postaci treningu brazylijskiego Jiu\nJitsu i Judo dla dzieci kobiet, grupy pocz\u0105tkuj\u0105cej, zaawansowanej oraz os\u00f3b z\nniepe\u0142nosprawno\u015bci\u0105 intelektualn\u0105. Oferta Klubu pozwala na to, aby ka\u017cdy mia\u0142\nmo\u017cliwo\u015b\u0107 spr\u00f3bowania swoich si\u0142 w&nbsp;\nsztukach walki. Treningi&nbsp;\ndopasowane s\u0105 do stopnia zaawansowania uczestnik\u00f3w. <\/p>\n\n\n\n<p>strona internetowa: <a href=\"https:\/\/lukaszjarosz.pl\/\">https:\/\/lukaszjarosz.pl\/<\/a><\/p>\n\n\n\n<figure class=\"wp-block-image\"><img decoding=\"async\" width=\"768\" height=\"1024\" src=\"http:\/\/przyjaznadolinaraby.info\/2014-2020\/wp-content\/uploads\/2020\/07\/IMG_6478-1-768x1024.jpg\" alt=\"\" class=\"wp-image-5040\" srcset=\"https:\/\/przyjaznadolinaraby.info\/2014-2020\/wp-content\/uploads\/2020\/07\/IMG_6478-1-768x1024.jpg 768w, https:\/\/przyjaznadolinaraby.info\/2014-2020\/wp-content\/uploads\/2020\/07\/IMG_6478-1-225x300.jpg 225w, https:\/\/przyjaznadolinaraby.info\/2014-2020\/wp-content\/uploads\/2020\/07\/IMG_6478-1.jpg 1000w\" sizes=\"(max-width: 768px) 100vw, 768px\" \/><\/figure>\n\n\n\n<p>Firma Handlowo-Us\u0142ugowa \u201ePukalska\u201d zrealizowa\u0142a operacje pn. \u201eBudowa\nrekreacyjnego niskoemisyjnego obiektu maj\u0105cego na celu rozw\u00f3j prowadzonej\ndzia\u0142alno\u015bci poprzez wprowadzenie nowatorskich us\u0142ug turystycznych\u201d. &nbsp;Dzi\u0119ki zastosowaniu nowoczesnych technologii\nsprzyjaj\u0105cych ochronie \u015brodowiska powsta\u0142 obiekt &nbsp;przyjazny \u015brodowisku. Utworzenie miejsca\nnoclegowego w formie niezale\u017cnego domu wzbogaci\u0142o ofert\u0119 turystyczn\u0105 regionu\noraz znacz\u0105co wp\u0142yn\u0119\u0142o &nbsp;na promocj\u0119\nca\u0142ego regionu LGD. <\/p>\n\n\n\n<p>FB: #miedzywierchami<\/p>\n\n\n\n<figure class=\"wp-block-image\"><img decoding=\"async\" width=\"1000\" height=\"563\" src=\"http:\/\/przyjaznadolinaraby.info\/2014-2020\/wp-content\/uploads\/2020\/07\/MI\u0118DZY-WIERCHAMI-2-1.jpg\" alt=\"\" class=\"wp-image-5041\" srcset=\"https:\/\/przyjaznadolinaraby.info\/2014-2020\/wp-content\/uploads\/2020\/07\/MI\u0118DZY-WIERCHAMI-2-1.jpg 1000w, https:\/\/przyjaznadolinaraby.info\/2014-2020\/wp-content\/uploads\/2020\/07\/MI\u0118DZY-WIERCHAMI-2-1-300x169.jpg 300w\" sizes=\"(max-width: 1000px) 100vw, 1000px\" \/><\/figure>\n\n\n\n<p>Firma\nOrawa-Trans w ramach rozwoju istniej\u0105cej dzia\u0142alno\u015bci gospodarczej realizowa\u0142a\noperacj\u0119 pn. \u201eRozw\u00f3j mikroprzedsi\u0119biorstwa, wzrost zatrudnienia poprzez\nrozbudow\u0119 centrum odnowy biologicznej\u201d. Inwestycja stanowi naturalne\nrozwini\u0119cie dzia\u0142alno\u015bci prowadzaj\u0105c do swojej oferty us\u0142ugi z zakresu odnowy\nbiologicznej, pozwoli na organizacj\u0119 turnus\u00f3w zdrowotnych z zabiegami\nzdrowotnymi.<\/p>\n\n\n\n<p>Strona internetowa: <a href=\"https:\/\/orawski-dwor.pl\/\">https:\/\/orawski-dwor.pl\/<\/a><\/p>\n\n\n\n<figure class=\"wp-block-image\"><img decoding=\"async\" width=\"1000\" height=\"667\" src=\"http:\/\/przyjaznadolinaraby.info\/2014-2020\/wp-content\/uploads\/2020\/07\/DSC_8878-1.jpg\" alt=\"\" class=\"wp-image-5042\" srcset=\"https:\/\/przyjaznadolinaraby.info\/2014-2020\/wp-content\/uploads\/2020\/07\/DSC_8878-1.jpg 1000w, https:\/\/przyjaznadolinaraby.info\/2014-2020\/wp-content\/uploads\/2020\/07\/DSC_8878-1-300x200.jpg 300w\" sizes=\"(max-width: 1000px) 100vw, 1000px\" \/><\/figure>\n\n\n\n<p>Firma Handlowo-Us\u0142ugowa Tomasz Klimas zrealizowa\u0142a operacj\u0119 pn. \u201eRozw\u00f3j dzia\u0142alno\u015bci gospodarczej poprzez budow\u0119 nowoczesnej Myjni Samoobs\u0142ugowej w Rabce-Zdr\u00f3j\u201d. Dzi\u0119ki przedsi\u0119wzi\u0119ciu na terenie Stowarzyszenia Przyjazna Dolina Raby i Czarnej Orawy powsta\u0142a\u00a0 nowoczesna myjnia samochodowa \u2013 samoobs\u0142ugowa.<\/p>\n\n\n\n<figure class=\"wp-block-image\"><img decoding=\"async\" width=\"1000\" height=\"667\" src=\"http:\/\/przyjaznadolinaraby.info\/2014-2020\/wp-content\/uploads\/2020\/07\/IMG_3571.jpg\" alt=\"\" class=\"wp-image-5043\" srcset=\"https:\/\/przyjaznadolinaraby.info\/2014-2020\/wp-content\/uploads\/2020\/07\/IMG_3571.jpg 1000w, https:\/\/przyjaznadolinaraby.info\/2014-2020\/wp-content\/uploads\/2020\/07\/IMG_3571-300x200.jpg 300w\" sizes=\"(max-width: 1000px) 100vw, 1000px\" \/><figcaption><br><br><\/figcaption><\/figure>\n\n\n\n<p>Salon Fryzjerski Damsko-M\u0119ski \u201eMonika\u201d zrealizowa\u0142 operacje pn. \u201eWzrost konkurencyjno\u015bci salonu fryzjerskiego MONIKA poprzez uruchomienie nowego salonu, wprowadzenie innowacyjnych us\u0142ug archeologicznych i wzrost zatrudnienia\u201d. Salon to wizyt\u00f3wka wysokiej jako\u015bci \u015bwiadczonych w nim us\u0142ug z szeroko poj\u0119tej dzia\u0142alno\u015bci fryzjerskiej. Innowacyjna us\u0142uga z zakresu trychnologii pozwoli zidentyfikowa\u0107 przyczyny z\u0142ego stanu sk\u00f3ry g\u0142owy, w\u0142os\u00f3w, \u0142ysienia, eliminacja \u017ar\u00f3d\u0142a problem. <\/p>\n\n\n\n<figure class=\"wp-block-image\"><img decoding=\"async\" width=\"1000\" height=\"563\" src=\"http:\/\/przyjaznadolinaraby.info\/2014-2020\/wp-content\/uploads\/2020\/07\/82250183_2520593741535220_1521321237794521088_n-1.jpg\" alt=\"\" class=\"wp-image-5044\" srcset=\"https:\/\/przyjaznadolinaraby.info\/2014-2020\/wp-content\/uploads\/2020\/07\/82250183_2520593741535220_1521321237794521088_n-1.jpg 1000w, https:\/\/przyjaznadolinaraby.info\/2014-2020\/wp-content\/uploads\/2020\/07\/82250183_2520593741535220_1521321237794521088_n-1-300x169.jpg 300w\" sizes=\"(max-width: 1000px) 100vw, 1000px\" \/><\/figure>\n\n\n\n<p>                                                  <\/p>\n","protected":false},"excerpt":{"rendered":"<p>W ramach rozwoju dzia\u0142alno\u015bci gospodarczej firma Jarosz Figft Club zrealizowa\u0142a operacj\u0119 pn. \u201eUtworzenie hali treningowej z zapleczem&nbsp; Klubu sportowego Jarosz Fight Club\u201d.&nbsp; Dzi\u0119ki realizacji projektu&nbsp; zosta\u0142y wdro\u017cone nowe us\u0142ugi na obszarze Przyjaznej Doliny Raby i Czarnej Orawy w postaci treningu brazylijskiego Jiu Jitsu i Judo dla dzieci kobiet, grupy pocz\u0105tkuj\u0105cej, zaawansowanej oraz os\u00f3b z niepe\u0142nosprawno\u015bci\u0105 <a href=\"https:\/\/przyjaznadolinaraby.info\/2014-2020\/rozwoj-dzialalnosci-gospodarczej\/\" class=\"more-link\">&#8230;<span class=\"screen-reader-text\">  Rozw\u00f3j dzia\u0142alno\u015bci gospodarczej<\/span><\/a><\/p>\n","protected":false},"author":6,"featured_media":0,"parent":0,"menu_order":0,"comment_status":"closed","ping_status":"closed","template":"","meta":{"_monsterinsights_skip_tracking":false,"_monsterinsights_sitenote_active":false,"_monsterinsights_sitenote_note":"","_monsterinsights_sitenote_category":0,"footnotes":""},"tags":[],"acf":[],"_links":{"self":[{"href":"https:\/\/przyjaznadolinaraby.info\/2014-2020\/wp-json\/wp\/v2\/pages\/5039"}],"collection":[{"href":"https:\/\/przyjaznadolinaraby.info\/2014-2020\/wp-json\/wp\/v2\/pages"}],"about":[{"href":"https:\/\/przyjaznadolinaraby.info\/2014-2020\/wp-json\/wp\/v2\/types\/page"}],"author":[{"embeddable":true,"href":"https:\/\/przyjaznadolinaraby.info\/2014-2020\/wp-json\/wp\/v2\/users\/6"}],"replies":[{"embeddable":true,"href":"https:\/\/przyjaznadolinaraby.info\/2014-2020\/wp-json\/wp\/v2\/comments?post=5039"}],"version-history":[{"count":0,"href":"https:\/\/przyjaznadolinaraby.info\/2014-2020\/wp-json\/wp\/v2\/pages\/5039\/revisions"}],"wp:attachment":[{"href":"https:\/\/przyjaznadolinaraby.info\/2014-2020\/wp-json\/wp\/v2\/media?parent=5039"}],"wp:term":[{"taxonomy":"post_tag","embeddable":true,"href":"https:\/\/przyjaznadolinaraby.info\/2014-2020\/wp-json\/wp\/v2\/tags?post=5039"}],"curies":[{"name":"wp","href":"https:\/\/api.w.org\/{rel}","templated":true}]}}