{"id":69,"date":"2016-07-19T13:16:58","date_gmt":"2016-07-19T11:16:58","guid":{"rendered":"http:\/\/przyjaznadolinaraby.info\/2014-2020\/?page_id=69"},"modified":"2024-02-21T12:01:04","modified_gmt":"2024-02-21T11:01:04","slug":"wladze","status":"publish","type":"page","link":"https:\/\/przyjaznadolinaraby.info\/2014-2020\/wladze\/","title":{"rendered":"W\u0142adze"},"content":{"rendered":"<p><strong>Zarz\u0105d LGD<\/strong><\/p>\n<p><span style=\"text-decoration: underline;\">Prezes<\/span><\/p>\n<p>1.Gabriela STACHURA<\/p>\n<p><span style=\"text-decoration: underline;\">Wiceprezes<\/span><\/p>\n<p>2.Ryszard TRACZYK<\/p>\n<p><span style=\"text-decoration: underline;\">Cz\u0142onkowie Zarz\u0105du<\/span><\/p>\n<p>3. Sylwia Krauzowicz<br \/>\n4. Teresa Byd\u0142o\u0144<br \/>\n5. Stanis\u0142aw Ko\u0142odziej<br \/>\n6. Krzysztof Bagadzi\u0144ski<br \/>\n7. Tomasz Sutor<br \/>\n8. Artur G\u00f3rka<\/p>\n<p><strong>Rada LGD<\/strong><\/p>\n<p><span style=\"text-decoration: underline;\">Przewodnicz\u0105ca Rady<\/span><\/p>\n<p>1.Ma\u0142gorzata Kulawiak<\/p>\n<p><span style=\"text-decoration: underline;\">Cz\u0142onkowie Rady:<\/span><\/p>\n<p>2. Przemys\u0142aw S\u0119k<br \/>\n3. Dorota Frys<br \/>\n4. Joanna Kosek<br \/>\n5. Bernadeta Ko\u0142odziej<br \/>\n6. Anna Gut<br \/>\n7. Ma\u0142gorzata Gromala<br \/>\n8. Jolanta \u015awider<br \/>\n9. Przemys\u0142aw Zaj\u0105c<br \/>\n10. Patryk Rudnicki<br \/>\n11. Aleksandra Pa\u017cucha<br \/>\n12. Damian \u017bmuda<br \/>\n13. Jolanta Walek<br \/>\n14. Micha\u0142 Piekarczyk<br \/>\n15. Bogdan Jazowski<br \/>\n16. Anna Tomala<br \/>\n17. Teresa Zarycka<br \/>\n18. Karol Krzysiak<\/p>\n<p>&nbsp;<\/p>\n<p><strong>Komisja rewizyjna<\/strong><\/p>\n<p><span style=\"text-decoration: underline;\">Przewodnicz\u0105cy <\/span><\/p>\n<p>1.Ignacy Piziak-Rapacz<\/p>\n<p><span style=\"text-decoration: underline;\">Cz\u0142onkowie komisji:<\/span><\/p>\n<p>2. Piotr Derek<br \/>\n3. Kazimierz Bielak<br \/>\n4. Zbigniew Suwada<br \/>\n5. Iwona Smoli\u0144ska<br \/>\n6. Ewa Smardz-Chlebek<\/p>\n","protected":false},"excerpt":{"rendered":"<p>Zarz\u0105d LGD Prezes 1.Gabriela STACHURA Wiceprezes 2.Ryszard TRACZYK Cz\u0142onkowie Zarz\u0105du 3. Sylwia Krauzowicz 4. Teresa Byd\u0142o\u0144 5. Stanis\u0142aw Ko\u0142odziej 6. Krzysztof Bagadzi\u0144ski 7. Tomasz Sutor 8. Artur G\u00f3rka Rada LGD Przewodnicz\u0105ca Rady 1.Ma\u0142gorzata Kulawiak Cz\u0142onkowie Rady: 2. Przemys\u0142aw S\u0119k 3. Dorota Frys 4. Joanna Kosek 5. Bernadeta Ko\u0142odziej 6. Anna Gut 7. Ma\u0142gorzata Gromala 8. <a href=\"https:\/\/przyjaznadolinaraby.info\/2014-2020\/wladze\/\" class=\"more-link\">&#8230;<span class=\"screen-reader-text\">  W\u0142adze<\/span><\/a><\/p>\n","protected":false},"author":6,"featured_media":0,"parent":0,"menu_order":4,"comment_status":"closed","ping_status":"closed","template":"","meta":{"_monsterinsights_skip_tracking":false,"_monsterinsights_sitenote_active":false,"_monsterinsights_sitenote_note":"","_monsterinsights_sitenote_category":0,"footnotes":""},"tags":[],"acf":[],"_links":{"self":[{"href":"https:\/\/przyjaznadolinaraby.info\/2014-2020\/wp-json\/wp\/v2\/pages\/69"}],"collection":[{"href":"https:\/\/przyjaznadolinaraby.info\/2014-2020\/wp-json\/wp\/v2\/pages"}],"about":[{"href":"https:\/\/przyjaznadolinaraby.info\/2014-2020\/wp-json\/wp\/v2\/types\/page"}],"author":[{"embeddable":true,"href":"https:\/\/przyjaznadolinaraby.info\/2014-2020\/wp-json\/wp\/v2\/users\/6"}],"replies":[{"embeddable":true,"href":"https:\/\/przyjaznadolinaraby.info\/2014-2020\/wp-json\/wp\/v2\/comments?post=69"}],"version-history":[{"count":7,"href":"https:\/\/przyjaznadolinaraby.info\/2014-2020\/wp-json\/wp\/v2\/pages\/69\/revisions"}],"predecessor-version":[{"id":10777,"href":"https:\/\/przyjaznadolinaraby.info\/2014-2020\/wp-json\/wp\/v2\/pages\/69\/revisions\/10777"}],"wp:attachment":[{"href":"https:\/\/przyjaznadolinaraby.info\/2014-2020\/wp-json\/wp\/v2\/media?parent=69"}],"wp:term":[{"taxonomy":"post_tag","embeddable":true,"href":"https:\/\/przyjaznadolinaraby.info\/2014-2020\/wp-json\/wp\/v2\/tags?post=69"}],"curies":[{"name":"wp","href":"https:\/\/api.w.org\/{rel}","templated":true}]}}