{"id":71,"date":"2016-07-19T13:17:04","date_gmt":"2016-07-19T11:17:04","guid":{"rendered":"http:\/\/przyjaznadolinaraby.info\/2014-2020\/?page_id=71"},"modified":"2023-07-13T13:04:03","modified_gmt":"2023-07-13T11:04:03","slug":"statut","status":"publish","type":"page","link":"https:\/\/przyjaznadolinaraby.info\/2014-2020\/statut\/","title":{"rendered":"Statut"},"content":{"rendered":"<p><a href=\"http:\/\/przyjaznadolinaraby.info\/2014-2020\/wp-content\/uploads\/2023\/07\/statut-30.05.2023-2.docx\">STATUT STOWARZYSZENIA PRZYJAZNA DOLINA RABY i CZARNEJ ORAWY<\/a><\/p>\n<ul>\n<li>aktualny, obowi\u0105zuje od 30.05.2023r.<\/li>\n<\/ul>\n<p><strong>Archiwum<\/strong><\/p>\n<ul>\n<li><a href=\"http:\/\/przyjaznadolinaraby.info\/2014-2020\/wp-content\/uploads\/2023\/01\/statut-zmieniony-13.12.2022.pdf\">STATUT STOWARZYSZENIA PRZYJAZNA DOLINA RABY i CZARNEJ ORAWY<\/a>&#8212; wersja obowi\u0105zuj\u0105c do 29.05.2023r.<\/li>\n<li><a href=\"https:\/\/drive.google.com\/open?id=16YwaRREP4CbZerYVmlGBhbjx-SdNQQ4D\">STATUT STOWARZYSZENIA PRZYJAZNA DOLINA RABY i CZARNEJ ORAWY<\/a>&#8212; wersja obowi\u0105zuj\u0105c do 12.12.2022r.<\/li>\n<li><a href=\"http:\/\/www.przyjaznadolinaraby.info\/images\/LGD\/STATUT%2012.2015.docx\">STATUT STOWARZYSZENIA PRZYJAZNA DOLINA RABY i CZARNEJ ORAWY- wersja obowi\u0105zuj\u0105c do 04.06.2019r.<\/a><\/li>\n<li><a href=\"http:\/\/www.przyjaznadolinaraby.info\/images\/LGD\/STATUT%2012.2015.docx\">STATUT STOWARZYSZENIA PRZYJAZNA DOLINA RABY i CZARNEJ ORAWY- wersja obowi\u0105zuj\u0105c do 28.04.2019r.<\/a><\/li>\n<\/ul>\n","protected":false},"excerpt":{"rendered":"<p>STATUT STOWARZYSZENIA PRZYJAZNA DOLINA RABY i CZARNEJ ORAWY aktualny, obowi\u0105zuje od 30.05.2023r. Archiwum STATUT STOWARZYSZENIA PRZYJAZNA DOLINA RABY i CZARNEJ ORAWY&#8212; wersja obowi\u0105zuj\u0105c do 29.05.2023r. STATUT STOWARZYSZENIA PRZYJAZNA DOLINA RABY i CZARNEJ ORAWY&#8212; wersja obowi\u0105zuj\u0105c do 12.12.2022r. STATUT STOWARZYSZENIA PRZYJAZNA DOLINA RABY i CZARNEJ ORAWY- wersja obowi\u0105zuj\u0105c do 04.06.2019r. STATUT STOWARZYSZENIA PRZYJAZNA DOLINA RABY i <a href=\"https:\/\/przyjaznadolinaraby.info\/2014-2020\/statut\/\" class=\"more-link\">&#8230;<span class=\"screen-reader-text\">  Statut<\/span><\/a><\/p>\n","protected":false},"author":6,"featured_media":0,"parent":0,"menu_order":3,"comment_status":"closed","ping_status":"closed","template":"","meta":{"_monsterinsights_skip_tracking":false,"_monsterinsights_sitenote_active":false,"_monsterinsights_sitenote_note":"","_monsterinsights_sitenote_category":0,"footnotes":""},"tags":[],"acf":[],"_links":{"self":[{"href":"https:\/\/przyjaznadolinaraby.info\/2014-2020\/wp-json\/wp\/v2\/pages\/71"}],"collection":[{"href":"https:\/\/przyjaznadolinaraby.info\/2014-2020\/wp-json\/wp\/v2\/pages"}],"about":[{"href":"https:\/\/przyjaznadolinaraby.info\/2014-2020\/wp-json\/wp\/v2\/types\/page"}],"author":[{"embeddable":true,"href":"https:\/\/przyjaznadolinaraby.info\/2014-2020\/wp-json\/wp\/v2\/users\/6"}],"replies":[{"embeddable":true,"href":"https:\/\/przyjaznadolinaraby.info\/2014-2020\/wp-json\/wp\/v2\/comments?post=71"}],"version-history":[{"count":7,"href":"https:\/\/przyjaznadolinaraby.info\/2014-2020\/wp-json\/wp\/v2\/pages\/71\/revisions"}],"predecessor-version":[{"id":10600,"href":"https:\/\/przyjaznadolinaraby.info\/2014-2020\/wp-json\/wp\/v2\/pages\/71\/revisions\/10600"}],"wp:attachment":[{"href":"https:\/\/przyjaznadolinaraby.info\/2014-2020\/wp-json\/wp\/v2\/media?parent=71"}],"wp:term":[{"taxonomy":"post_tag","embeddable":true,"href":"https:\/\/przyjaznadolinaraby.info\/2014-2020\/wp-json\/wp\/v2\/tags?post=71"}],"curies":[{"name":"wp","href":"https:\/\/api.w.org\/{rel}","templated":true}]}}