{"id":73,"date":"2016-07-19T13:17:12","date_gmt":"2016-07-19T11:17:12","guid":{"rendered":"http:\/\/przyjaznadolinaraby.info\/2014-2020\/?page_id=73"},"modified":"2023-08-09T13:35:01","modified_gmt":"2023-08-09T11:35:01","slug":"regulaminy","status":"publish","type":"page","link":"https:\/\/przyjaznadolinaraby.info\/2014-2020\/regulaminy\/","title":{"rendered":"Regulaminy"},"content":{"rendered":"<p><strong>Rada<\/strong><\/p>\n<p><a href=\"http:\/\/przyjaznadolinaraby.info\/2014-2020\/wp-content\/uploads\/2023\/08\/Regulamin-Rady-zmiana-07.2023.pdf\">Regulamin Rady <\/a> obowi\u0105zuj\u0105cy od 21.07.2023 r. (aktualna wersja)<\/p>\n<p>Archiwalne wersje:<\/p>\n<p><a href=\"http:\/\/przyjaznadolinaraby.info\/2014-2020\/wp-content\/uploads\/2018\/04\/Regulamin-Rady-najnowsza-najnowszy-z-kwietnia.pdf\">Regulamin Rady<\/a> obowi\u0105zuj\u0105cy od 09.04.2018 r. do 21.07.2023<\/p>\n<p><a href=\"http:\/\/przyjaznadolinaraby.info\/2014-2020\/wp-content\/uploads\/2016\/07\/Regulamin-Rady-najnowsza-wersja-09.2017.pdf\">Regulamin Rady<\/a>\u00a0obowi\u0105zuj\u0105cy od 06.09.2017 r. do 09.04.2018<\/p>\n<p><a href=\"http:\/\/przyjaznadolinaraby.info\/2014-2020\/wp-content\/uploads\/2016\/07\/Regulamin-Rady-najnowsza-wersja-1.docx\">Regulamin<\/a><a href=\"http:\/\/przyjaznadolinaraby.info\/2014-2020\/wp-content\/uploads\/2016\/07\/Regulamin-Rady-najnowsza-wersja-1.docx\"> Rady<\/a>\u00a0obowi\u0105zuj\u0105cy od 22.02.2017 r. do 06.09.2017<\/p>\n<p><a href=\"http:\/\/www.przyjaznadolinaraby.info\/images\/LGD\/regulaminy\/Regulamin%20Rady%20najnowsza%20wersja.docx\">Regulamin Rady<\/a>\u00a0obowi\u0105zuj\u0105cy od 08.06.2016 do 22.02.2017<\/p>\n<p><a href=\"http:\/\/przyjaznadolinaraby.info\/2014-2020\/wp-content\/uploads\/2016\/07\/Regulamin-Rady-najnowsza-wersja.docx\">Regulamin Rady<\/a>\u00a0obowi\u0105zuj\u0105cy od 21.12.2015 do 08.06.2016<\/p>\n<p><strong>Zarz\u0105d<\/strong><\/p>\n<p><a href=\"http:\/\/przyjaznadolinaraby.info\/2014-2020\/wp-content\/uploads\/2023\/08\/regulamin-zarzadu-zmieniony-07.2023.pdf\">Regulamin Zarz\u0105du <\/a> obowi\u0105zuj\u0105cy od 21.07.2023 (aktualna wersja)<\/p>\n<p>Archiwalne wersje:<\/p>\n<p><a href=\"https:\/\/drive.google.com\/file\/d\/1xCXfGBAvvX6uoQbFzSIuJZbLPF1RR0nG\/view?usp=sharing\">Regulamin Zarz\u0105du<\/a> obowi\u0105zuj\u0105cy od 21.01.2019 do 21.07.2023<\/p>\n<p><a href=\"http:\/\/www.przyjaznadolinaraby.info\/images\/LGD\/regulaminy\/Regulamin%20Zarz\u0105du_12_2015.docx\">Regulamin Zarz\u0105du<\/a> obowi\u0105zuj\u0105cy od 18.11.2015 do 20.01.2019<\/p>\n<p><strong>Komisja rewizyjna<\/strong><\/p>\n<p><a href=\"http:\/\/przyjaznadolinaraby.info\/2014-2020\/wp-content\/uploads\/2023\/08\/Regulamin-Komisji-Rewizyjnej-zmiana-2023.pdf\">Regulamin Komisji Rewizyjnej <\/a> obowi\u0105zuj\u0105cy od 21.07.2023 (aktualna wersja)<\/p>\n<p>Archiwalne wersje:<\/p>\n<p><a href=\"http:\/\/www.przyjaznadolinaraby.info\/images\/LGD\/regulaminy\/Regulamin%20Komisji%20Rewizyjnej_12_2015.docx\">Regulamin Komisji Rewizyjnej<\/a> obowi\u0105zuj\u0105cy od 18.11.2015 do 21.07.2023<\/p>\n<p><strong>Walne Zebranie Stowarzyszenia Przyjazna Dolina Raby i Czarnej Orawy<\/strong><\/p>\n<p><a href=\"http:\/\/przyjaznadolinaraby.info\/2014-2020\/wp-content\/uploads\/2023\/08\/Regulamin-Walnego-Zebrania-zmieniony-07.2023.pdf\">Regulamin Walnego Zebrania <\/a> &#8211; obowi\u0105zuj\u0105cy od 21.07.2023 (aktualna wersja)<\/p>\n<p>Archiwalne wersje:<\/p>\n<p><a href=\"https:\/\/drive.google.com\/file\/d\/1Ta0acipZ0cIcT6hzn5zdQleE0QhscwGh\/view?usp=sharing\">Regulamin Walnego Zebrania<\/a> &#8211; obowi\u0105zuj\u0105cy od 21.01.2019 do 21.07.2023 r.<\/p>\n<p><a href=\"http:\/\/przyjaznadolinaraby.info\/2014-2020\/wp-content\/uploads\/2018\/07\/Regulamin-Walnego-Zebrania-zmiany-ok.pdf\">Regulamin Walnego Zebrania <\/a>&#8211; obowi\u0105zuj\u0105cy od 18.11.2015 do 20.01.2019r.<\/p>\n","protected":false},"excerpt":{"rendered":"<p>Rada Regulamin Rady obowi\u0105zuj\u0105cy od 21.07.2023 r. (aktualna wersja) Archiwalne wersje: Regulamin Rady obowi\u0105zuj\u0105cy od 09.04.2018 r. do 21.07.2023 Regulamin Rady\u00a0obowi\u0105zuj\u0105cy od 06.09.2017 r. do 09.04.2018 Regulamin Rady\u00a0obowi\u0105zuj\u0105cy od 22.02.2017 r. do 06.09.2017 Regulamin Rady\u00a0obowi\u0105zuj\u0105cy od 08.06.2016 do 22.02.2017 Regulamin Rady\u00a0obowi\u0105zuj\u0105cy od 21.12.2015 do 08.06.2016 Zarz\u0105d Regulamin Zarz\u0105du obowi\u0105zuj\u0105cy od 21.07.2023 (aktualna wersja) Archiwalne wersje: <a href=\"https:\/\/przyjaznadolinaraby.info\/2014-2020\/regulaminy\/\" class=\"more-link\">&#8230;<span class=\"screen-reader-text\">  Regulaminy<\/span><\/a><\/p>\n","protected":false},"author":6,"featured_media":0,"parent":0,"menu_order":7,"comment_status":"closed","ping_status":"closed","template":"","meta":{"_monsterinsights_skip_tracking":false,"_monsterinsights_sitenote_active":false,"_monsterinsights_sitenote_note":"","_monsterinsights_sitenote_category":0,"footnotes":""},"tags":[],"acf":[],"_links":{"self":[{"href":"https:\/\/przyjaznadolinaraby.info\/2014-2020\/wp-json\/wp\/v2\/pages\/73"}],"collection":[{"href":"https:\/\/przyjaznadolinaraby.info\/2014-2020\/wp-json\/wp\/v2\/pages"}],"about":[{"href":"https:\/\/przyjaznadolinaraby.info\/2014-2020\/wp-json\/wp\/v2\/types\/page"}],"author":[{"embeddable":true,"href":"https:\/\/przyjaznadolinaraby.info\/2014-2020\/wp-json\/wp\/v2\/users\/6"}],"replies":[{"embeddable":true,"href":"https:\/\/przyjaznadolinaraby.info\/2014-2020\/wp-json\/wp\/v2\/comments?post=73"}],"version-history":[{"count":9,"href":"https:\/\/przyjaznadolinaraby.info\/2014-2020\/wp-json\/wp\/v2\/pages\/73\/revisions"}],"predecessor-version":[{"id":10625,"href":"https:\/\/przyjaznadolinaraby.info\/2014-2020\/wp-json\/wp\/v2\/pages\/73\/revisions\/10625"}],"wp:attachment":[{"href":"https:\/\/przyjaznadolinaraby.info\/2014-2020\/wp-json\/wp\/v2\/media?parent=73"}],"wp:term":[{"taxonomy":"post_tag","embeddable":true,"href":"https:\/\/przyjaznadolinaraby.info\/2014-2020\/wp-json\/wp\/v2\/tags?post=73"}],"curies":[{"name":"wp","href":"https:\/\/api.w.org\/{rel}","templated":true}]}}