{"id":9293,"date":"2022-06-14T12:57:21","date_gmt":"2022-06-14T10:57:21","guid":{"rendered":"http:\/\/przyjaznadolinaraby.info\/2014-2020\/?page_id=9293"},"modified":"2022-09-13T22:37:25","modified_gmt":"2022-09-13T20:37:25","slug":"plan-wlaczenia-spolecznosci","status":"publish","type":"page","link":"https:\/\/przyjaznadolinaraby.info\/2014-2020\/plan-wlaczenia-spolecznosci\/","title":{"rendered":"PLAN W\u0141\u0104CZENIA SPO\u0141ECZNO\u015aCI"},"content":{"rendered":"<div>\n<figure><img decoding=\"async\" src=\"http:\/\/przyjaznadolinaraby.info\/2014-2020\/wp-content\/uploads\/2022\/06\/loga-4.png\" \/><\/figure>\n<p>\u201cEuropejski Fundusz Rolny na rzecz Rozwoju Obszar\u00f3w Wiejskich: Europa inwestuj\u0105ca w obszary wiejskie\u201d Operacja maj\u0105ca na celu wspieranie lokalnego rozwoju na obszarach wiejskich, wsp\u00f3\u0142finansowana jest ze \u015brodk\u00f3w Unii Europejskiej w ramach dzia\u0142ania \u201eWsparcie dla rozwoju lokalnego w ramach inicjatywy LEADER\u201d w ramach poddzia\u0142ania\u00a0 <strong> \u201eWsparcie przygotowawcze\u201d <\/strong> \u00a0obj\u0119tego Programem Rozwoju Obszar\u00f3w Wiejskich na lata 2014 \u2013 2020. Przewidywane wyniki operacji: zrealizowanie planu w\u0142\u0105czenia spo\u0142eczno\u015bci, zgodnie z opisem procesu przygotowania LSR, finansowy post\u0119p we wdra\u017caniu LSR.<\/p>\n<\/div>\n<p>W tworzeniu LSR uczestniczy\u0107 b\u0119dzie spo\u0142eczno\u015b\u0107 lokalna. Planujemy przeprowadzenie 5 spotka\u0144 konsultacyjnych ze spo\u0142eczno\u015bci\u0105, po jednym w ka\u017cdej z gmin wchodz\u0105cych w sk\u0142ad LGD tematyka spotka\u0144 b\u0119dzie r\u00f3\u017cnorodna zwi\u0105zana z wprowadzeniem na teren rozwi\u0105za\u0144 zwi\u0105zanych z innowacyjno\u015bci\u0105 klimatem czy te\u017c cyfryzacj\u0105. Prowadzona b\u0119dzie strona internetowa na \u0142amach kt\u00f3rej zamieszczane b\u0119d\u0105 na bie\u017c\u0105co informacje zwi\u0105zane z terminami konsultacji, na stronie zamieszczona b\u0119dzie r\u00f3wnie\u017c ankieta dla mieszka\u0144c\u00f3w chc\u0105cych w\u0142\u00f3czy\u0107 si\u0119 do tworzenia LSR. Na pocz\u0105tku definiowane b\u0119d\u0105 problemy. Okre\u015blenie problemu to opis uwarunkowa\u0144 danej niepo\u017c\u0105danej sytuacji, przedstawionych na tyle szczeg\u00f3\u0142owo, aby mo\u017cna by\u0142o odpowiednio zaplanowa\u0107 dzia\u0142ania. Na etapie definiowania potrzeb i problem\u00f3w (tzw. partycypacyjna diagnoza) nasz zesp\u00f3\u0142 zadaniowy zadba szczeg\u00f3lnie o to, aby w pracach brali udzia\u0142 &#8211; na r\u00f3wnych zasadach i przy w miar\u0119 zachowanych proporcjach &#8211; przedstawiciele wszystkich trzech sektor\u00f3w, na kt\u00f3rych oparte jest dzia\u0142anie LGD, tj. przedstawiciele sektora spo\u0142ecznego, publicznego i gospodarczego, oraz mieszka\u0144cy.<\/p>\n<p>W reprezentatywnym dla spo\u0142eczno\u015bci zespole zostanie przeprowadzona analiza problem\u00f3w, kt\u00f3ra b\u0119dzie mie\u0107 form\u0119 tzw. drzewa problem\u00f3w, za pomoc\u0105 kt\u00f3rego zidentyfikujemy problem kluczowy.<\/p>\n<p>Analiza cel\u00f3w polega\u0107 b\u0119dzie na prze\u0142o\u017ceniu problem\u00f3w przedstawionych za pomoc\u0105 drzewa problem\u00f3w na propozycj\u0119 konkretnych rozwi\u0105za\u0144. Powstaje tzw. drzewo cel\u00f3w, kt\u00f3re definiuje cele og\u00f3lne i szczeg\u00f3\u0142owe oraz rezultaty projektu.<\/p>\n<p>Misja, wizja i cele strategiczne b\u0119d\u0105 prze\u0142o\u017cone na cele poszczeg\u00f3lnych grup interesariuszy. Dlatego po zdefiniowaniu cel\u00f3w zostanie ustalona ich hierarchia. Jedn\u0105 z metod, kt\u00f3r\u0105 wykorzystamy b\u0119d\u0105 ankiety sformu\u0142owane np. w formie pyta\u0144 zamkni\u0119tych i otwartych.<\/p>\n<p>Kolejnym etapem b\u0119dzie wykonanie matrycy logicznej, czyli tabelarycznego opisu poszczeg\u00f3lnych cel\u00f3w. W kolumnach znajd\u0105 si\u0119 dzia\u0142ania oraz efekty (produkty, rezultaty, oddzia\u0142ywanie) oraz zwi\u0105zki przyczynowo &#8211; skutkowe pomi\u0119dzy nimi. W wierszach definiuje si\u0119 mierniki na poszczeg\u00f3lnych poziomach, sposoby ich mierzenia oraz zasoby. Dodatkowo w matrycy zamieszcza si\u0119 informacje o \u201eza\u0142o\u017ceniach\u201d rozumianych, jako czynniki, na kt\u00f3re nie mamy wp\u0142ywu, a musz\u0105 one zosta\u0107 spe\u0142nione lub stanowi\u0105 potencjalne ryzyko. Matryca logiczna projektu zawiera\u0107 b\u0119dzie nast\u0119puj\u0105ce elementy: Cel g\u0142\u00f3wny (nadrz\u0119dny), Cel bezpo\u015bredni (szczeg\u00f3\u0142owy); rezultaty; dzia\u0142ania i \u015brodki\/zasoby\/wk\u0142ad.<\/p>\n<p>Hierarchizacja cel\u00f3w i budowanie matrycy logicznej to etapy, podczas kt\u00f3rych poszukuje si\u0119 rozwi\u0105za\u0144 dla zdefiniowanych problem\u00f3w. W zapisach strategii prze\u0142o\u017c\u0105 si\u0119 one na opisy przedsi\u0119wzi\u0119\u0107 i potencjalnych beneficjent\u00f3w \u2013 projektodawc\u00f3w.<\/p>\n<p>Ka\u017cdemu celowi przypisane b\u0119d\u0105 wska\u017aniki sukcesu, kt\u00f3re podlega\u0107 b\u0119d\u0105 konsultacjom poszczeg\u00f3lnych, zainteresowanych \u015brodowisk. Prawid\u0142owe ustalenie wska\u017anik\u00f3w realizacji cel\u00f3w i wykonania zada\u0144 ma znaczenie kluczowe dla przysz\u0142ej realizacji LSR.<\/p>\n<p>W teorii zarz\u0105dzania wyr\u00f3\u017cnia si\u0119 trzy rodzaje wska\u017anik\u00f3w mierz\u0105cych rezultaty realizowanych zada\u0144 (przedsi\u0119wzi\u0119\u0107, projekt\u00f3w, program\u00f3w):przy czym wska\u017aniki oddzia\u0142ywania mog\u0105 by\u0107 uwa\u017cane jednocze\u015bnie za wska\u017aniki stopnia realizacji celu, w jakim podj\u0119to realizacj\u0119 danego zadania\/ przedsi\u0119wzi\u0119cia\/ projektu\/ programu. Wydaje si\u0119 jasne, \u017ce w\u0142a\u015bnie wska\u017aniki oddzia\u0142ywania musz\u0105 by\u0107 \u2013 zw\u0142aszcza na poziomie wieloletniej strategii \u2013 uznane za najwa\u017cniejsze dla obszaru. Je\u015bli nie potrafimy wykaza\u0107 wp\u0142ywu (na og\u00f3\u0142 po\u015bredniego) naszych dzia\u0142a\u0144 na warto\u015bci wska\u017anik\u00f3w oddzia\u0142ywania, to nie mamy podstaw twierdzi\u0107, \u017ce nasze dzia\u0142ania s\u0105 celowe.<\/p>\n<p>LGD b\u0119dzie przeprowadza\u0107 ankietyzacj\u0119 mieszka\u0144c\u00f3w, ale tak\u017ce poszczeg\u00f3lnych, zidentyfikowanych w procesie tworzenia LSR grup interes\u00f3w z obszaru. Metod zaanga\u017cowania interesariuszy b\u0119dziemy stosowa\u0107 wiele, ale ich wyb\u00f3r powinien by\u0107 uzale\u017cniony od tego, co dany pomiot chce osi\u0105gn\u0105\u0107 i na jakim poziomie chce si\u0119 zaanga\u017cowa\u0107 we wsp\u00f3\u0142prac\u0119. Przygotowani jeste\u015bmy na prowadzenie spotka\u0144 i warsztat\u00f3w bada\u0144 opinii itp.<\/p>\n<p>Proces tworzenia LSR b\u0119dzie ukierunkowany na zagadnienia dotycz\u0105ce g\u0142\u00f3wnych cech podej\u015bcia LEADER, oraz na zagadnienia obejmuj\u0105ce mi\u0119dzy innymi:<\/p>\n<ul>\n<li>innowacyjno\u015b\u0107 &#8211; poprzez w\u0142\u0105czenie spo\u0142eczno\u015bci lokalnej w proces zdefiniowania innowacyjno\u015bci obszaru LSR;<\/li>\n<li>cyfryzacj\u0119 &#8211; poprzez rozwijanie zdolno\u015bci cyfrowych mieszka\u0144c\u00f3w oraz rozw\u00f3j obszaru w oparciu o nowoczesne technologie cyfrowe;<\/li>\n<li>\u015brodowisko i klimat &#8211; poprzez analiz\u0119 rozwi\u0105za\u0144, a nast\u0119pnie wdro\u017cenie mechanizm\u00f3w wp\u0142ywaj\u0105cych na rozw\u00f3j zielonej gospodarki i przeciwdzia\u0142anie zmianom klimatycznym;<\/li>\n<li>zmiany demograficzne \u2013 poprzez analiz\u0119 zmian demograficznych na obszarze LSR z uwzgl\u0119dnieniem starzenia si\u0119 spo\u0142ecze\u0144stwa oraz wyludnienia oraz wdro\u017cenie mechanizm\u00f3w sprzyjaj\u0105cych w\u0142\u0105czeniu ludzi m\u0142odych, senior\u00f3w oraz kobiet w proces zarz\u0105dzania rozwojem;<\/li>\n<li>partnerstwo w realizacji LSR \u2013 poprzez w\u0142\u0105czenie przedstawicieli poszczeg\u00f3lnych sektor\u00f3w (partner\u00f3w spo\u0142ecznych, gospodarczych i publicznych) w proces kierowania rozwojem, a tak\u017ce poprzez wzmacnianie edukacji lider\u00f3w lokalnej spo\u0142eczno\u015bci, prowadz\u0105ce do wsp\u00f3lnej realizacji przedsi\u0119wzi\u0119\u0107 i projekt\u00f3w.<\/li>\n<\/ul>\n<p>Nad ca\u0142ym procesem budowy LSR czuwa\u0142 b\u0119dzie Zarz\u0105d LGD, kt\u00f3rego g\u0142\u00f3wn\u0105 rol\u0105 b\u0119dzie usprawnianie ca\u0142ego procesu budowy LSR, dbanie o wysok\u0105 jako\u015b\u0107 poszczeg\u00f3lnych etap\u00f3w prac i zatwierdzanie ich efekt\u00f3w. Ponadto istotnym elementem b\u0119dzie r\u00f3wnie\u017c udzia\u0142 organu Stowarzyszenia jakim jest Walne Zebranie Cz\u0142onk\u00f3w, kt\u00f3re zaopiniuje i ostatecznie zatwierdzi wypracowan\u0105 koncepcj\u0119 LSR.<\/p>\n<p>W\u0142\u0105czenie lokalnej spo\u0142eczno\u015bci w proces opracowywania LSR zapewnia przygotowanie dokumentu (LSR) kt\u00f3ry odzwierciedla realne potrzeby i kierunki rozwoju obszaru LSR. Przygotowywana LSR przewidywana jest do wsp\u00f3\u0142finansowania ze \u015brodk\u00f3w Europejskiego Funduszu Rolnego na rzecz Rozwoju Obszar\u00f3w Wiejskich w ramach Programu Rozwoju Obszar\u00f3w Wiejskich. Podczas dzia\u0142a\u0144 zaplanowanych w planie w\u0142\u0105czenia spo\u0142eczno\u015bci realizowany b\u0119dzie obowi\u0105zek dotycz\u0105cy informowania i rozpowszechniania informacji o pomocy otrzymanej z EFRROW, zgodnie z warunkami okre\u015blonymi w Ksi\u0119dze wizualizacji znaku Programu Rozwoju Obszar\u00f3w Wiejskich.<\/p>\n","protected":false},"excerpt":{"rendered":"<p>\u201cEuropejski Fundusz Rolny na rzecz Rozwoju Obszar\u00f3w Wiejskich: Europa inwestuj\u0105ca w obszary wiejskie\u201d Operacja maj\u0105ca na celu wspieranie lokalnego rozwoju na obszarach wiejskich, wsp\u00f3\u0142finansowana jest ze \u015brodk\u00f3w Unii Europejskiej w ramach dzia\u0142ania \u201eWsparcie dla rozwoju lokalnego w ramach inicjatywy LEADER\u201d w ramach poddzia\u0142ania\u00a0 \u201eWsparcie przygotowawcze\u201d \u00a0obj\u0119tego Programem Rozwoju Obszar\u00f3w Wiejskich na lata 2014 \u2013 2020. <a href=\"https:\/\/przyjaznadolinaraby.info\/2014-2020\/plan-wlaczenia-spolecznosci\/\" class=\"more-link\">&#8230;<span class=\"screen-reader-text\">  PLAN W\u0141\u0104CZENIA SPO\u0141ECZNO\u015aCI<\/span><\/a><\/p>\n","protected":false},"author":6,"featured_media":0,"parent":0,"menu_order":0,"comment_status":"closed","ping_status":"closed","template":"","meta":{"_monsterinsights_skip_tracking":false,"_monsterinsights_sitenote_active":false,"_monsterinsights_sitenote_note":"","_monsterinsights_sitenote_category":0,"footnotes":""},"tags":[],"acf":[],"_links":{"self":[{"href":"https:\/\/przyjaznadolinaraby.info\/2014-2020\/wp-json\/wp\/v2\/pages\/9293"}],"collection":[{"href":"https:\/\/przyjaznadolinaraby.info\/2014-2020\/wp-json\/wp\/v2\/pages"}],"about":[{"href":"https:\/\/przyjaznadolinaraby.info\/2014-2020\/wp-json\/wp\/v2\/types\/page"}],"author":[{"embeddable":true,"href":"https:\/\/przyjaznadolinaraby.info\/2014-2020\/wp-json\/wp\/v2\/users\/6"}],"replies":[{"embeddable":true,"href":"https:\/\/przyjaznadolinaraby.info\/2014-2020\/wp-json\/wp\/v2\/comments?post=9293"}],"version-history":[{"count":3,"href":"https:\/\/przyjaznadolinaraby.info\/2014-2020\/wp-json\/wp\/v2\/pages\/9293\/revisions"}],"predecessor-version":[{"id":9936,"href":"https:\/\/przyjaznadolinaraby.info\/2014-2020\/wp-json\/wp\/v2\/pages\/9293\/revisions\/9936"}],"wp:attachment":[{"href":"https:\/\/przyjaznadolinaraby.info\/2014-2020\/wp-json\/wp\/v2\/media?parent=9293"}],"wp:term":[{"taxonomy":"post_tag","embeddable":true,"href":"https:\/\/przyjaznadolinaraby.info\/2014-2020\/wp-json\/wp\/v2\/tags?post=9293"}],"curies":[{"name":"wp","href":"https:\/\/api.w.org\/{rel}","templated":true}]}}