{"id":9347,"date":"2022-07-13T12:45:47","date_gmt":"2022-07-13T10:45:47","guid":{"rendered":"http:\/\/przyjaznadolinaraby.info\/2014-2020\/?page_id=9347"},"modified":"2023-10-24T15:24:07","modified_gmt":"2023-10-24T13:24:07","slug":"rekrutacja-uczestnikow","status":"publish","type":"page","link":"https:\/\/przyjaznadolinaraby.info\/2014-2020\/rekrutacja-uczestnikow\/","title":{"rendered":"Rekrutacja uczestnik\u00f3w"},"content":{"rendered":"<p>Szanowni Pa\u0144stwo,<\/p>\n<p>Z przyjemno\u015bci\u0105 informujemy, i\u017c rozpocz\u0119\u0142a si\u0119 rekrutacja uczestnik\u00f3w do Plac\u00f3wki Wsparcia Dziennego w Piekielniku. Wszystkich zainteresowanych prosimy o zapoznanie si\u0119 z Regulaminem Rekrutacyjnym oraz o wype\u0142nienie dokument\u00f3w aplikacyjnych i z\u0142o\u017cenia ich w biurze projektu LGD pod adresem:<\/p>\n<p><strong>Rokiciny Podhala\u0144skie 14 A, 34-721 Raba Wy\u017cna<\/strong><\/p>\n<p><strong>od pn. &#8211; pt. w godzinach od 08.00 do 14.00<\/strong><\/p>\n<p><strong>REKRUTACJI DZIECKA DO PLAC\u00d3WKI <\/strong>DOKONUJ\u0104 RODZICE\/OPIEKUNI PRAWNI SK\u0141ADAJ\u0104C:<\/p>\n<p><strong>-FORMULARZ REKRUTACJI ORAZ WYMAGANY KOMPLET DOKUMENT\u00d3W POTWIERDZAJ\u0104CYCH\u00a0 SYTUACJ\u0118 RODZINN\u0104<\/strong><br \/>\n(O\u015aWIADCZENIA, ZA\u015aWIADCZENIA, KSEROKOPIE)<\/p>\n<p>Decyzj\u0119 o przyj\u0119ciu dziecka do plac\u00f3wki podejmie Komisja Rekrutacyjna w oparciu o wymogi zawarte w Regulaminie Regkrutacji.<\/p>\n<p><strong>Dokumenty rekrutacyjne mo\u017cna pobra\u0107:<\/strong><\/p>\n<ul>\n<li>w biurze projektu \u2013 Stowarzyszenie Przyjazna Dolina Raby i Czarnej Orawy adres: Rokiciny Podhala\u0144skie 14a, 34-721 Raba Wy\u017cna<\/li>\n<li>na stronie internetowej LGD : http:\/\/przyjaznadolinaraby.info\/ w zak\u0142adce: Plac\u00f3wka Wsparcia Dziennego<\/li>\n<\/ul>\n<p>Dokumenty rekrutacyjne nale\u017cy z\u0142o\u017cy\u0107 w terminie<\/p>\n<p><strong>od 18.07.2022 do 08.08.2022 <\/strong><\/p>\n<p>I cykl 18-24.07.2022<\/p>\n<p>II cykl 25-31.07.2022<\/p>\n<p>oraz III cykl 1-8.08.2022<\/p>\n<p>w biurze projektu lub wys\u0142a\u0107 na adres biura projektowego za po\u015brednictwem operatora pocztowego lub <strong>za po\u015brednictwem poczty elektronicznej na adres mailowy: <a href=\"mailto:lgd.rokiciny@interia.pl\">lgd.rokiciny@interia.pl<\/a><\/strong><\/p>\n<p>Od 09.08.2022 dokumenty b\u0119d\u0105 przyjmowane w spos\u00f3b ci\u0105g\u0142y w miar\u0119 dost\u0119pno\u015bci miejsc w plac\u00f3wce.<\/p>\n<p>Biuro projektu, w kt\u00f3rym przyjmowane b\u0119d\u0105 zg\u0142oszenia uczestnik\u00f3w to Stowarzyszenie Przyjazna Dolina Raby i Czarnej Orawy adres: Rokiciny Podhala\u0144skie 14a, 34-721 Raba Wy\u017cna czynne:<\/p>\n<p>OD PONIEDZIA\u0141KU DO PI\u0104TKU W GODZINACH : 8:00 \u2013 14:00<\/p>\n<p><strong>DOKUMENTY DO POBRANIA:<\/strong><\/p>\n<ul>\n<li>Formularz zg\u0142oszeniowy dziecka &#8211; <strong><a href=\"https:\/\/docs.google.com\/document\/d\/1ztOKtfTVZw5wA5LTzx_1Octlk4lxVu0R\/edit?usp=sharing&amp;ouid=116599793592344562435&amp;rtpof=true&amp;sd=true\">word<\/a><\/strong> \/<strong><a href=\"https:\/\/drive.google.com\/file\/d\/10wT5W5w51e_1CVRtISppo_G1JSeKUNBe\/view?usp=sharing\"> pdf<\/a><\/strong><\/li>\n<li><a href=\"http:\/\/przyjaznadolinaraby.info\/2014-2020\/wp-content\/uploads\/2022\/10\/Regulamin-rekrutacji-Placowka-Wsparcia-Dziennego.pdf\">Regulamin rekrutacji Plac\u00f3wka Wsparcia Dziennego<\/a><\/li>\n<\/ul>\n<p><img decoding=\"async\" src=\"http:\/\/www.nadbialaprzemsza.org.pl\/images\/pasek_logo_RPO.jpg\" alt=\"\" \/><\/p>\n<p><img decoding=\"async\" class=\"alignnone size-full wp-image-10656\" src=\"http:\/\/przyjaznadolinaraby.info\/2014-2020\/wp-content\/uploads\/2022\/08\/EFRR_kolor-300dpi.jpg\" alt=\"\" width=\"2371\" height=\"209\" srcset=\"https:\/\/przyjaznadolinaraby.info\/2014-2020\/wp-content\/uploads\/2022\/08\/EFRR_kolor-300dpi.jpg 2371w, https:\/\/przyjaznadolinaraby.info\/2014-2020\/wp-content\/uploads\/2022\/08\/EFRR_kolor-300dpi-300x26.jpg 300w, https:\/\/przyjaznadolinaraby.info\/2014-2020\/wp-content\/uploads\/2022\/08\/EFRR_kolor-300dpi-1024x90.jpg 1024w\" sizes=\"(max-width: 2371px) 100vw, 2371px\" \/><\/p>\n","protected":false},"excerpt":{"rendered":"<p>Szanowni Pa\u0144stwo, Z przyjemno\u015bci\u0105 informujemy, i\u017c rozpocz\u0119\u0142a si\u0119 rekrutacja uczestnik\u00f3w do Plac\u00f3wki Wsparcia Dziennego w Piekielniku. Wszystkich zainteresowanych prosimy o zapoznanie si\u0119 z Regulaminem Rekrutacyjnym oraz o wype\u0142nienie dokument\u00f3w aplikacyjnych i z\u0142o\u017cenia ich w biurze projektu LGD pod adresem: Rokiciny Podhala\u0144skie 14 A, 34-721 Raba Wy\u017cna od pn. &#8211; pt. w godzinach od 08.00 do <a href=\"https:\/\/przyjaznadolinaraby.info\/2014-2020\/rekrutacja-uczestnikow\/\" class=\"more-link\">&#8230;<span class=\"screen-reader-text\">  Rekrutacja uczestnik\u00f3w<\/span><\/a><\/p>\n","protected":false},"author":6,"featured_media":0,"parent":0,"menu_order":0,"comment_status":"closed","ping_status":"closed","template":"","meta":{"_monsterinsights_skip_tracking":false,"_monsterinsights_sitenote_active":false,"_monsterinsights_sitenote_note":"","_monsterinsights_sitenote_category":0,"footnotes":""},"tags":[],"acf":[],"_links":{"self":[{"href":"https:\/\/przyjaznadolinaraby.info\/2014-2020\/wp-json\/wp\/v2\/pages\/9347"}],"collection":[{"href":"https:\/\/przyjaznadolinaraby.info\/2014-2020\/wp-json\/wp\/v2\/pages"}],"about":[{"href":"https:\/\/przyjaznadolinaraby.info\/2014-2020\/wp-json\/wp\/v2\/types\/page"}],"author":[{"embeddable":true,"href":"https:\/\/przyjaznadolinaraby.info\/2014-2020\/wp-json\/wp\/v2\/users\/6"}],"replies":[{"embeddable":true,"href":"https:\/\/przyjaznadolinaraby.info\/2014-2020\/wp-json\/wp\/v2\/comments?post=9347"}],"version-history":[{"count":5,"href":"https:\/\/przyjaznadolinaraby.info\/2014-2020\/wp-json\/wp\/v2\/pages\/9347\/revisions"}],"predecessor-version":[{"id":10661,"href":"https:\/\/przyjaznadolinaraby.info\/2014-2020\/wp-json\/wp\/v2\/pages\/9347\/revisions\/10661"}],"wp:attachment":[{"href":"https:\/\/przyjaznadolinaraby.info\/2014-2020\/wp-json\/wp\/v2\/media?parent=9347"}],"wp:term":[{"taxonomy":"post_tag","embeddable":true,"href":"https:\/\/przyjaznadolinaraby.info\/2014-2020\/wp-json\/wp\/v2\/tags?post=9347"}],"curies":[{"name":"wp","href":"https:\/\/api.w.org\/{rel}","templated":true}]}}