{"id":9357,"date":"2022-07-14T09:19:17","date_gmt":"2022-07-14T07:19:17","guid":{"rendered":"http:\/\/przyjaznadolinaraby.info\/2014-2020\/?page_id=9357"},"modified":"2023-10-25T12:51:47","modified_gmt":"2023-10-25T10:51:47","slug":"zapytania-ofertowe","status":"publish","type":"page","link":"https:\/\/przyjaznadolinaraby.info\/2014-2020\/zapytania-ofertowe\/","title":{"rendered":"Zapytania ofertowe"},"content":{"rendered":"\r\n<p><strong>Zapraszamy do sk\u0142adania ofert na przebudow\u0119 strony internetowej<\/strong><\/p>\r\n\r\n\r\n\r\n<p>Stowarzyszenie Przyjazna Dolina Raby i Czarnej Orawy zaprasza do sk\u0142adania ofert na przebudow\u0119 strony internetowej http:\/\/przyjaznadolinaraby.info\/ w ramach projektu pn. Plac\u00f3wka Wsparcia Dziennego wsp\u00f3\u0142finansowanego ze \u015brodk\u00f3w Europejskiego Funduszu Spo\u0142ecznego w ramach Regionalnego Programu Operacyjnego Wojew\u00f3dztwa Ma\u0142opolskiego na lata 2014-2020.<\/p>\r\n\r\n\r\n\r\n<p>Wszelkie szczeg\u00f3\u0142y znajd\u0105 Pa\u0144stwo w ZAPROSZENIU NR 1\/07\/2022.<\/p>\r\n\r\n\r\n\r\n<p><a href=\"https:\/\/drive.google.com\/file\/d\/1oLE_fs4KICSDJRMpCJjXugNQd4S17kJ-\/view?usp=sharing\">Oferta_zaproszenie_PDF<\/a><\/p>\r\n\r\n\r\n\r\n<p><a href=\"https:\/\/drive.google.com\/file\/d\/1jdnQU6p9o55bFidEv7XzvXHPcqVLCjFQ\/view?usp=sharing\">Oferta_formularz_PDF<\/a><\/p>\r\n\r\n\r\n\r\n<p><a href=\"https:\/\/drive.google.com\/file\/d\/1I6W6ve8EVSsvFJ9NUEIyg7Xl7A9cgQZv\/view?usp=sharing\">Oferta_formularz<\/a><\/p>\r\n<p><img decoding=\"async\" class=\"alignnone size-full wp-image-10670\" src=\"http:\/\/przyjaznadolinaraby.info\/2014-2020\/wp-content\/uploads\/2023\/10\/LOGOTYPY-OK.jpg\" alt=\"\" width=\"2079\" height=\"169\" srcset=\"https:\/\/przyjaznadolinaraby.info\/2014-2020\/wp-content\/uploads\/2023\/10\/LOGOTYPY-OK.jpg 2079w, https:\/\/przyjaznadolinaraby.info\/2014-2020\/wp-content\/uploads\/2023\/10\/LOGOTYPY-OK-300x24.jpg 300w, https:\/\/przyjaznadolinaraby.info\/2014-2020\/wp-content\/uploads\/2023\/10\/LOGOTYPY-OK-1024x83.jpg 1024w\" sizes=\"(max-width: 2079px) 100vw, 2079px\" \/><\/p>\r\n","protected":false},"excerpt":{"rendered":"<p>Zapraszamy do sk\u0142adania ofert na przebudow\u0119 strony internetowej Stowarzyszenie Przyjazna Dolina Raby i Czarnej Orawy zaprasza do sk\u0142adania ofert na przebudow\u0119 strony internetowej http:\/\/przyjaznadolinaraby.info\/ w ramach projektu pn. Plac\u00f3wka Wsparcia Dziennego wsp\u00f3\u0142finansowanego ze \u015brodk\u00f3w Europejskiego Funduszu Spo\u0142ecznego w ramach Regionalnego Programu Operacyjnego Wojew\u00f3dztwa Ma\u0142opolskiego na lata 2014-2020. Wszelkie szczeg\u00f3\u0142y znajd\u0105 Pa\u0144stwo w ZAPROSZENIU NR 1\/07\/2022. <a href=\"https:\/\/przyjaznadolinaraby.info\/2014-2020\/zapytania-ofertowe\/\" class=\"more-link\">&#8230;<span class=\"screen-reader-text\">  Zapytania ofertowe<\/span><\/a><\/p>\n","protected":false},"author":6,"featured_media":0,"parent":0,"menu_order":0,"comment_status":"closed","ping_status":"closed","template":"","meta":{"_monsterinsights_skip_tracking":false,"_monsterinsights_sitenote_active":false,"_monsterinsights_sitenote_note":"","_monsterinsights_sitenote_category":0,"footnotes":""},"tags":[],"acf":[],"_links":{"self":[{"href":"https:\/\/przyjaznadolinaraby.info\/2014-2020\/wp-json\/wp\/v2\/pages\/9357"}],"collection":[{"href":"https:\/\/przyjaznadolinaraby.info\/2014-2020\/wp-json\/wp\/v2\/pages"}],"about":[{"href":"https:\/\/przyjaznadolinaraby.info\/2014-2020\/wp-json\/wp\/v2\/types\/page"}],"author":[{"embeddable":true,"href":"https:\/\/przyjaznadolinaraby.info\/2014-2020\/wp-json\/wp\/v2\/users\/6"}],"replies":[{"embeddable":true,"href":"https:\/\/przyjaznadolinaraby.info\/2014-2020\/wp-json\/wp\/v2\/comments?post=9357"}],"version-history":[{"count":3,"href":"https:\/\/przyjaznadolinaraby.info\/2014-2020\/wp-json\/wp\/v2\/pages\/9357\/revisions"}],"predecessor-version":[{"id":10672,"href":"https:\/\/przyjaznadolinaraby.info\/2014-2020\/wp-json\/wp\/v2\/pages\/9357\/revisions\/10672"}],"wp:attachment":[{"href":"https:\/\/przyjaznadolinaraby.info\/2014-2020\/wp-json\/wp\/v2\/media?parent=9357"}],"wp:term":[{"taxonomy":"post_tag","embeddable":true,"href":"https:\/\/przyjaznadolinaraby.info\/2014-2020\/wp-json\/wp\/v2\/tags?post=9357"}],"curies":[{"name":"wp","href":"https:\/\/api.w.org\/{rel}","templated":true}]}}