{"id":96,"date":"2016-07-19T13:34:12","date_gmt":"2016-07-19T11:34:12","guid":{"rendered":"http:\/\/przyjaznadolinaraby.info\/2014-2020\/?page_id=96"},"modified":"2023-08-01T08:56:44","modified_gmt":"2023-08-01T06:56:44","slug":"lsr","status":"publish","type":"page","link":"https:\/\/przyjaznadolinaraby.info\/2014-2020\/lsr\/","title":{"rendered":"Strategia Rozwoju Lokalnego"},"content":{"rendered":"<p><a href=\"http:\/\/przyjaznadolinaraby.info\/2014-2020\/wp-content\/uploads\/2023\/07\/LSR-Przyjazna-DolinaRaby-lipiec-oszczednosci-2023-1-1.doc\">Strategia Rozwoju Lokalnego Kierowanego przez Spo\u0142eczno\u015b\u0107 Stowarzyszenia PRZYJAZNA DOLINA RABY I CZARNEJ ORAWY na lata 2014-2020<\/a> &#8211; aktualna wersja, obowi\u0105zuje od lipca 2023<\/p>\n<p style=\"text-align: left;\"><strong>Archiwalne wersje:<\/strong><\/p>\n<p><a href=\"http:\/\/przyjaznadolinaraby.info\/2014-2020\/wp-content\/uploads\/2023\/05\/LSR-Przyjazna-DolinaRaby-kwiecien-2023-pr-ws.pdf\">Strategia Rozwoju Lokalnego Kierowanego przez Spo\u0142eczno\u015b\u0107 Stowarzyszenia PRZYJAZNA DOLINA RABY I CZARNEJ ORAWY na lata 2014-2020<\/a> &#8211; aktualna wersja, obowi\u0105zuje od 28 kwietnia 2023<\/p>\n<p><a href=\"http:\/\/przyjaznadolinaraby.info\/2014-2020\/wp-content\/uploads\/2023\/02\/LSR-Przyjazna-DolinaRaby-styczen-2023.pdf\">Strategia Rozwoju Lokalnego Kierowanego przez Spo\u0142eczno\u015b\u0107 Stowarzyszenia PRZYJAZNA DOLINA RABY I CZARNEJ ORAWY na lata 2014-2020<\/a> &#8211; aktualna wersja, obowi\u0105zuje od 27 kwietnia 2023<\/p>\n<p><a href=\"http:\/\/przyjaznadolinaraby.info\/2014-2020\/wp-content\/uploads\/2022\/09\/LSR-Przyjazna-DolinaRaby-lipiecj-2022-wersja-zakceptowana.pdf\">Strategia Rozwoju Lokalnego Kierowanego przez Spo\u0142eczno\u015b\u0107 Stowarzyszenia PRZYJAZNA DOLINA RABY I CZARNEJ ORAWY na lata 2014-2020<\/a> &#8211; aktualna wersja, obowi\u0105zuje do 10 stycznia 2023 r.<\/p>\n<p><span style=\"font-size: 14pt;\"><a href=\"https:\/\/drive.google.com\/file\/d\/121XgUxwJ65mud2VwPIGHO53m8y9QFYah\/view?usp=sharing\"><span style=\"font-size: 12pt;\">Strategia Rozwoju Lokalnego Kierowanego przez Spo\u0142eczno\u015b\u0107 Stowarzyszenia PRZYJAZNA DOLINA RABY I CZARNEJ ORAWY na lata 2014-2020<\/span><\/a><\/span> &#8211; aktualna wersja, obowi\u0105zuje do 09 sierpnia 2022 r.<\/p>\n<p><span style=\"font-size: 14pt;\"><a href=\"https:\/\/drive.google.com\/file\/d\/1ReirtlITAJO-UmZwQHw7nJ46qP3dvRfw\/view?usp=sharing\"><span style=\"font-size: 12pt;\">Strategia Rozwoju Lokalnego Kierowanego przez Spo\u0142eczno\u015b\u0107 Stowarzyszenia PRZYJAZNA DOLINA RABY I CZARNEJ ORAWY na lata 2014-2020<\/span><\/a><\/span>\u00a0&#8211; aktualna wersja, obowi\u0105zuje do 8 czerwca 2022 r.<\/p>\n<p><span style=\"font-size: 14pt;\"><a href=\"https:\/\/drive.google.com\/file\/d\/1Trua-PaxMTqAlA88mEO_wss6lxL06hAU\/view?usp=sharing\"><span style=\"font-size: 12pt;\">Strategia Rozwoju Lokalnego Kierowanego przez Spo\u0142eczno\u015b\u0107 Stowarzyszenia PRZYJAZNA DOLINA RABY I CZARNEJ ORAWY na lata 2014-2020<\/span><\/a><\/span> &#8211; aktualna wersja, obowi\u0105zuje do 11 maja 2022 r.<\/p>\n<p><span style=\"font-size: 14pt;\"><span style=\"font-size: 12pt;\"><a href=\"https:\/\/drive.google.com\/file\/d\/1-pFf0Zt5C9UrT6AKS2xgw8oZlncmCiQl\/view?usp=sharing\">Strategia Rozwoju Lokalnego Kierowanego przez Spo\u0142eczno\u015b\u0107 Stowarzyszenia PRZYJAZNA DOLINA RABY I CZARNEJ ORAWY na lata 2014-2020<\/a><\/span><\/span>\u00a0&#8211; wersja obowi\u0105zuje od\u00a0 23 marca 2021r do 07 listopada 2021<\/p>\n<p><a href=\"https:\/\/drive.google.com\/file\/d\/1F8QyP0p0FEcQcgLaJQT_mkdAZAje7nCv\/view?usp=sharing\">Strategia Rozwoju Lokalnego Kierowanego przez Spo\u0142eczno\u015b\u0107 Stowarzyszenia PRZYJAZNA DOLINA RABY I CZARNEJ ORAWY na lata 2014-2020<\/a>\u00a0&#8211; wersja obowi\u0105zuje od\u00a0 21 wrze\u015bnia 2020r do 22.03.2021<\/p>\n<p><a href=\"https:\/\/drive.google.com\/file\/d\/1F8QyP0p0FEcQcgLaJQT_mkdAZAje7nCv\/view?usp=sharing\">Strategia Rozwoju Lokalnego Kierowanego przez Spo\u0142eczno\u015b\u0107 Stowarzyszenia PRZYJAZNA DOLINA RABY I CZARNEJ ORAWY na lata 2014-2020<\/a>\u00a0&#8211; wersja obowi\u0105zuje od 23 lipca 2020 do 21 wrze\u015bnia 2020r<\/p>\n<p><a href=\"https:\/\/drive.google.com\/file\/d\/1-ler33hD4rU_Vq4jkbPEHQtDvjUOF0Z2\/view?usp=sharing\">Strategia Rozwoju Lokalnego Kierowanego przez Spo\u0142eczno\u015b\u0107 Stowarzyszenia PRZYJAZNA DOLINA RABY I CZARNEJ ORAWY na lata 2014-2020<\/a>\u00a0&#8211; wersja obowi\u0105zuje od 16 czerwca 2020 do 22.07.2020 sierpnia 2020r<\/p>\n<p><a href=\"https:\/\/drive.google.com\/open?id=1uL0lL8PmmPu5XgIV25GZ84IlxGUFI_gg\">Strategia Rozwoju Lokalnego Kierowanego przez Spo\u0142eczno\u015b\u0107 Stowarzyszenia PRZYJAZNA DOLINA RABY I CZARNEJ ORAWY na lata 2014-2020<\/a>\u00a0&#8211; wersja obowi\u0105zuje od 26 maja do 15 czerwca 2020r<\/p>\n<p><a href=\"https:\/\/drive.google.com\/file\/d\/1DqtV7mzNpkxDyxs4Jr9Xtk6_aqNWZVmx\/view\">Strategia Rozwoju Lokalnego Kierowanego przez Spo\u0142eczno\u015b\u0107 Stowarzyszenia PRZYJAZNA DOLINA RABY I CZARNEJ ORAWY na lata 2014-2020<\/a>\u00a0&#8211; wersja obowi\u0105zuje od 06 lutego do 25 maja 2020r<\/p>\n<p><a href=\"https:\/\/drive.google.com\/file\/d\/19u0Bk5dpZrnBRYkn3rIdC9auGKuOLGdh\/view?usp=sharing\">Strategia Rozwoju Lokalnego Kierowanego przez Spo\u0142eczno\u015b\u0107 Stowarzyszenia PRZYJAZNA DOLINA RABY I CZARNEJ ORAWY na lata 2014-2020<\/a>\u00a0&#8211; wersja obowi\u0105zuje od 07 stycznia 2020r.\u00a0 do 06 lutego 2020r.<\/p>\n<p><a href=\"https:\/\/drive.google.com\/open?id=1683kvRJi0ujyO1gCoY5op7Svr7Q9hZlH\">Strategia Rozwoju Lokalnego Kierowanego przez Spo\u0142eczno\u015b\u0107 Stowarzyszenia PRZYJAZNA DOLINA RABY I CZARNEJ ORAWY na lata 2014-2020<\/a>\u00a0&#8211; wersja obowi\u0105zuje od 03 pa\u017adziernika 2019 do 07 stycznia 2020r<\/p>\n<p><a href=\"https:\/\/drive.google.com\/open?id=1RJXsN0iL4YN0wslzg9uF6pm7dpnjL-uB\">Strategia Rozwoju Lokalnego Kierowanego przez Spo\u0142eczno\u015b\u0107 Stowarzyszenia PRZYJAZNA DOLINA RABY I CZARNEJ ORAWY na lata 2014-2020<\/a>\u00a0&#8211; wersja obowi\u0105zuje od 30 maja 2019 do 03 pa\u017adziernika 2019<\/p>\n<p><a href=\"https:\/\/drive.google.com\/open?id=1pfjbhxEO5ubD25WhLwk6V_ZxWSZcu6GW\">Strategia Rozwoju Lokalnego Kierowanego przez Spo\u0142eczno\u015b\u0107 Stowarzyszenia PRZYJAZNA DOLINA RABY I CZARNEJ ORAWY na lata 2014-2020<\/a>\u00a0&#8211; wersja obowi\u0105zuj\u0105ca od 21 stycznia 2019 do 29 maja 2019r.<\/p>\n<p><a href=\"http:\/\/przyjaznadolinaraby.info\/2014-2020\/wp-content\/uploads\/2018\/11\/LSR_listopad-zmiana-operacja-w\u0142asna.doc\">Strategia Rozwoju Lokalnego Kierowanego przez Spo\u0142eczno\u015b\u0107 Stowarzyszenia PRZYJAZNA DOLINA RABY I CZARNEJ ORAWY na lata 2014-2020<\/a>\u00a0&#8211; wersja obowi\u0105zuj\u0105ca od 07.11.2018 do 21 stycznia 2019<\/p>\n<p><a href=\"http:\/\/przyjaznadolinaraby.info\/2014-2020\/wp-content\/uploads\/2018\/04\/LSR_PRZYJAZNA-DOLINA-RABY-I-CZARNEJ-ORAWY-06.09.2017-2-zmiana-granty-na_konkursy.pdf\">Strategia Rozwoju Lokalnego Kierowanego przez Spo\u0142eczno\u015b\u0107 Stowarzyszenia PRZYJAZNA DOLINA RABY I CZARNEJ ORAWY na lata 2014-2020<\/a>\u00a0&#8211; wersja obowi\u0105zuj\u0105ca od 09.04.2018 do 07.11.2018<\/p>\n<p><a href=\"http:\/\/przyjaznadolinaraby.info\/2014-2020\/wp-content\/uploads\/2016\/07\/LSR_PRZYJAZNA-DOLINA-RABY-I-CZARNEJ-ORAWY-04.01.2018.pdf\">Strategia Rozwoju Lokalnego Kierowanego przez Spo\u0142eczno\u015b\u0107 Stowarzyszenia PRZYJAZNA DOLINA RABY I CZARNEJ ORAWY na lata 2014-2020<\/a>\u00a0&#8211; wersja obowi\u0105zuj\u0105ca od 04.01.2018 do 09.04.2018<\/p>\n<p><a href=\"http:\/\/przyjaznadolinaraby.info\/2014-2020\/wp-content\/uploads\/2016\/07\/LSR_PRZYJAZNA-DOLINA-RABY-I-CZARNEJ-ORAWY-09.2017.pdf\">Strategia Rozwoju Lokalnego Kierowanego przez Spo\u0142eczno\u015b\u0107 Stowarzyszenia PRZYJAZNA DOLINA RABY I CZARNEJ ORAWY na lata 2014-2020<\/a> &#8211; wersja obowi\u0105zuj\u0105ca od 06.09.2017 do 04.01.2018<\/p>\n<p><a href=\"http:\/\/przyjaznadolinaraby.info\/2014-2020\/wp-content\/uploads\/2016\/07\/LSR_PRZYJAZNA-DOLINA-RABY-I-CZARNEJ-ORAWY-luty-2017.pdf\">Strategia Rozwoju Lokalnego Kierowanego przez Spo\u0142eczno\u015b\u0107 Stowarzyszenia PRZYJAZNA DOLINA RABY I CZARNEJ ORAWY na lata 2014-2020<\/a>\u00a0&#8211; obowi\u0105zuj\u0105ca \u00a0od 22.02.2017 do 06.09.2017<\/p>\n<p><a href=\"http:\/\/przyjaznadolinaraby.info\/2014-2020\/wp-content\/uploads\/2016\/07\/LSR_PRZYJAZNA-DOLINA-RABY-I-CZARNEJ-ORAWY-poprawki-do-umowy-word-2013.doc\">Strategia Rozwoju Lokalnego Kierowanego przez Spo\u0142eczno\u015b\u0107 Stowarzyszenia PRZYJAZNA DOLINA RABY I CZARNEJ ORAWY na lata 2014-2020<\/a> &#8211; obowi\u0105zuj\u0105ca \u00a0od 20.09.2016 do 22.02.2017<\/p>\n<p><a href=\"http:\/\/www.przyjaznadolinaraby.info\/images\/Strategia%20Rozwoju%20Lokalnego.pdf\">Strategia Rozwoju Lokalnego Kierowanego przez Spo\u0142eczno\u015b\u0107 Stowarzyszenia PRZYJAZNA DOLINA RABY I CZARNEJ ORAWY na lata 2014-2020<\/a> &#8211; obowi\u0105zuj\u0105ca od 08.06.2016 do 20.09.2016<\/p>\n<p><a href=\"http:\/\/przyjaznadolinaraby.info\/2014-2020\/wp-content\/uploads\/2016\/07\/LSR_PRZYJAZNA-DOLINA-RABY-I-CZARNEJ-ORAWY.pdf\">Strategia Rozwoju Lokalnego Kierowanego przez Spo\u0142eczno\u015b\u0107 Stowarzyszenia PRZYJAZNA DOLINA RABY I CZARNEJ ORAWY na lata 2014-2020<\/a> &#8211; obowi\u0105zuj\u0105ca od 21.12.2015 do 08.06.2016<\/p>\n","protected":false},"excerpt":{"rendered":"<p>Strategia Rozwoju Lokalnego Kierowanego przez Spo\u0142eczno\u015b\u0107 Stowarzyszenia PRZYJAZNA DOLINA RABY I CZARNEJ ORAWY na lata 2014-2020 &#8211; aktualna wersja, obowi\u0105zuje od lipca 2023 Archiwalne wersje: Strategia Rozwoju Lokalnego Kierowanego przez Spo\u0142eczno\u015b\u0107 Stowarzyszenia PRZYJAZNA DOLINA RABY I CZARNEJ ORAWY na lata 2014-2020 &#8211; aktualna wersja, obowi\u0105zuje od 28 kwietnia 2023 Strategia Rozwoju Lokalnego Kierowanego przez Spo\u0142eczno\u015b\u0107 <a href=\"https:\/\/przyjaznadolinaraby.info\/2014-2020\/lsr\/\" class=\"more-link\">&#8230;<span class=\"screen-reader-text\">  Strategia Rozwoju Lokalnego<\/span><\/a><\/p>\n","protected":false},"author":6,"featured_media":0,"parent":0,"menu_order":2,"comment_status":"closed","ping_status":"closed","template":"","meta":{"_monsterinsights_skip_tracking":false,"_monsterinsights_sitenote_active":false,"_monsterinsights_sitenote_note":"","_monsterinsights_sitenote_category":0,"footnotes":""},"tags":[],"acf":[],"_links":{"self":[{"href":"https:\/\/przyjaznadolinaraby.info\/2014-2020\/wp-json\/wp\/v2\/pages\/96"}],"collection":[{"href":"https:\/\/przyjaznadolinaraby.info\/2014-2020\/wp-json\/wp\/v2\/pages"}],"about":[{"href":"https:\/\/przyjaznadolinaraby.info\/2014-2020\/wp-json\/wp\/v2\/types\/page"}],"author":[{"embeddable":true,"href":"https:\/\/przyjaznadolinaraby.info\/2014-2020\/wp-json\/wp\/v2\/users\/6"}],"replies":[{"embeddable":true,"href":"https:\/\/przyjaznadolinaraby.info\/2014-2020\/wp-json\/wp\/v2\/comments?post=96"}],"version-history":[{"count":18,"href":"https:\/\/przyjaznadolinaraby.info\/2014-2020\/wp-json\/wp\/v2\/pages\/96\/revisions"}],"predecessor-version":[{"id":10617,"href":"https:\/\/przyjaznadolinaraby.info\/2014-2020\/wp-json\/wp\/v2\/pages\/96\/revisions\/10617"}],"wp:attachment":[{"href":"https:\/\/przyjaznadolinaraby.info\/2014-2020\/wp-json\/wp\/v2\/media?parent=96"}],"wp:term":[{"taxonomy":"post_tag","embeddable":true,"href":"https:\/\/przyjaznadolinaraby.info\/2014-2020\/wp-json\/wp\/v2\/tags?post=96"}],"curies":[{"name":"wp","href":"https:\/\/api.w.org\/{rel}","templated":true}]}}