{"id":10160,"date":"2022-10-03T15:03:46","date_gmt":"2022-10-03T13:03:46","guid":{"rendered":"http:\/\/przyjaznadolinaraby.info\/nowaperspektywa\/?page_id=10160"},"modified":"2025-12-17T13:16:25","modified_gmt":"2025-12-17T12:16:25","slug":"kontakt-2","status":"publish","type":"page","link":"https:\/\/przyjaznadolinaraby.info\/nowaperspektywa\/kontakt-2\/","title":{"rendered":"Kontakt"},"content":{"rendered":"<p><strong>PLAC\u00d3WKA WSPARCIA DZIENNEGO:<\/strong><br \/>\n<strong>Centrum rozwoju dzieci i m\u0142odzie\u017cy \u201eHoryzont\u201d<\/strong><\/p>\n<p>Adres:<br \/>\nSzko\u0142a Podstawowa im. K. Makuszy\u0144skiego w Piekielniku,<br \/>\n<strong>Piekielnik 202, 34-472 Piekielnik<\/strong><br \/>\nTel. (+48) 515 442 763<br \/>\nE-mail: pwdhoryzont@gmail.com<\/p>\n<p>&nbsp;<\/p>\n<p><strong>Biuro Projektu:<\/strong><\/p>\n<p>Stowarzyszenie Przyjazna Dolina Raby i Czarnej Orawy<\/p>\n<p>Sieniawa 8b<\/p>\n<p>Tel.(18) 26 78 648\/ (+48)500 475 840<\/p>\n<p>e-mail: lgd.rokiciny@interia.pl<\/p>\n<p>&nbsp;<\/p>\n<p><strong>TELEFONICZNY PUNKT INFORORMACYJNY:<\/strong><\/p>\n<p>(+48) 515 442 763\u00a0 od poniedzia\u0142ku do pi\u0105tku w godzinach od 12- 20<\/p>\n<p>&nbsp;<\/p>\n<p><img decoding=\"async\" class=\"alignnone size-full wp-image-10670\" src=\"http:\/\/przyjaznadolinaraby.info\/nowaperspektywa\/wp-content\/uploads\/2023\/10\/LOGOTYPY-OK.jpg\" alt=\"\" width=\"2079\" height=\"169\" srcset=\"https:\/\/przyjaznadolinaraby.info\/nowaperspektywa\/wp-content\/uploads\/2023\/10\/LOGOTYPY-OK.jpg 2079w, https:\/\/przyjaznadolinaraby.info\/nowaperspektywa\/wp-content\/uploads\/2023\/10\/LOGOTYPY-OK-300x24.jpg 300w, https:\/\/przyjaznadolinaraby.info\/nowaperspektywa\/wp-content\/uploads\/2023\/10\/LOGOTYPY-OK-1024x83.jpg 1024w\" sizes=\"(max-width: 2079px) 100vw, 2079px\" \/><\/p>\n","protected":false},"excerpt":{"rendered":"<p>PLAC\u00d3WKA WSPARCIA DZIENNEGO: Centrum rozwoju dzieci i m\u0142odzie\u017cy \u201eHoryzont\u201d Adres: Szko\u0142a Podstawowa im. K. Makuszy\u0144skiego w Piekielniku, Piekielnik 202, 34-472 Piekielnik Tel. (+48) 515 442 763 E-mail: pwdhoryzont@gmail.com &nbsp; Biuro Projektu: Stowarzyszenie Przyjazna Dolina Raby i Czarnej Orawy Sieniawa 8b Tel.(18) 26 78 648\/ (+48)500 475 840 e-mail: lgd.rokiciny@interia.pl &nbsp; TELEFONICZNY PUNKT INFORORMACYJNY: (+48) 515 <a href=\"https:\/\/przyjaznadolinaraby.info\/nowaperspektywa\/kontakt-2\/\" class=\"more-link\">&#8230;<span class=\"screen-reader-text\">  Kontakt<\/span><\/a><\/p>\n","protected":false},"author":6,"featured_media":0,"parent":0,"menu_order":0,"comment_status":"closed","ping_status":"closed","template":"","meta":{"_monsterinsights_skip_tracking":false,"_monsterinsights_sitenote_active":false,"_monsterinsights_sitenote_note":"","_monsterinsights_sitenote_category":0,"footnotes":""},"tags":[],"acf":[],"_links":{"self":[{"href":"https:\/\/przyjaznadolinaraby.info\/nowaperspektywa\/wp-json\/wp\/v2\/pages\/10160"}],"collection":[{"href":"https:\/\/przyjaznadolinaraby.info\/nowaperspektywa\/wp-json\/wp\/v2\/pages"}],"about":[{"href":"https:\/\/przyjaznadolinaraby.info\/nowaperspektywa\/wp-json\/wp\/v2\/types\/page"}],"author":[{"embeddable":true,"href":"https:\/\/przyjaznadolinaraby.info\/nowaperspektywa\/wp-json\/wp\/v2\/users\/6"}],"replies":[{"embeddable":true,"href":"https:\/\/przyjaznadolinaraby.info\/nowaperspektywa\/wp-json\/wp\/v2\/comments?post=10160"}],"version-history":[{"count":5,"href":"https:\/\/przyjaznadolinaraby.info\/nowaperspektywa\/wp-json\/wp\/v2\/pages\/10160\/revisions"}],"predecessor-version":[{"id":12679,"href":"https:\/\/przyjaznadolinaraby.info\/nowaperspektywa\/wp-json\/wp\/v2\/pages\/10160\/revisions\/12679"}],"wp:attachment":[{"href":"https:\/\/przyjaznadolinaraby.info\/nowaperspektywa\/wp-json\/wp\/v2\/media?parent=10160"}],"wp:term":[{"taxonomy":"post_tag","embeddable":true,"href":"https:\/\/przyjaznadolinaraby.info\/nowaperspektywa\/wp-json\/wp\/v2\/tags?post=10160"}],"curies":[{"name":"wp","href":"https:\/\/api.w.org\/{rel}","templated":true}]}}