{"id":11223,"date":"2024-03-11T15:11:17","date_gmt":"2024-03-11T14:11:17","guid":{"rendered":"https:\/\/przyjaznadolinaraby.info\/nowaperspektywa\/?page_id=11223"},"modified":"2026-01-26T12:19:26","modified_gmt":"2026-01-26T11:19:26","slug":"harmonogram-realizacji-planu-komunikacji","status":"publish","type":"page","link":"https:\/\/przyjaznadolinaraby.info\/nowaperspektywa\/harmonogram-realizacji-planu-komunikacji\/","title":{"rendered":"Plan Komunikacji z Lokaln\u0105 Spo\u0142eczno\u015bci\u0105 na lata 2023-2029"},"content":{"rendered":"<p>Zapraszamy do zapoznania si\u0119 z Planem Komunikacji z Lokaln\u0105 Spo\u0142eczno\u015bci\u0105 na lata 2023-2029 oraz aktualnym Harmonogramem realizacji Planu komunikacji<\/p>\n<p>&nbsp;<\/p>\n<p><strong><a href=\"https:\/\/przyjaznadolinaraby.info\/nowaperspektywa\/wp-content\/uploads\/2026\/01\/za._nr_2_Plan_komunikacji_z_lokaln_spoecznoci-aktualizacja-styczen-2026.pdf\">Plan komunikacji z lokaln\u0105 spo\u0142eczno\u015bci\u0105 <\/a><\/strong>23.01.2026<\/p>\n<p>&nbsp;<\/p>\n<p><strong><a href=\"https:\/\/przyjaznadolinaraby.info\/nowaperspektywa\/wp-content\/uploads\/2026\/01\/Harmonogram-realizacji-Planu-komunikacji-2026.pdf\">Harmonogram realizacji Planu komunikacji 2026<\/a> &#8211;<\/strong> stycze\u0144 2026<\/p>\n<p>&nbsp;<\/p>\n<h1><strong style=\"font-size: 16px;\">Wersje archiwalne\u00a0 Planu Komunikacji z lokaln\u0105 spo\u0142eczno\u015bci\u0105:<\/strong><\/h1>\n<p><strong><a href=\"https:\/\/przyjaznadolinaraby.info\/nowaperspektywa\/wp-content\/uploads\/2024\/12\/za._nr_2_Plan_komunikacji_z_lokaln_spoecznoci-aktualizacja-grudzien-2024.pdf\">Plan komunikacji z lokaln\u0105 spo\u0142eczno\u015bci\u0105 <\/a><\/strong>20.12.2024<\/p>\n<p><strong><a href=\"https:\/\/przyjaznadolinaraby.info\/nowaperspektywa\/wp-content\/uploads\/2024\/07\/za._nr_2_Plan_komunikacji_z_lokaln_spoecznoci-aktualizacja-czerwiec-2024.pdf\">Plan komunikacji z lokaln\u0105 spo\u0142eczno\u015bci\u0105 26.06.2024<\/a><\/strong><\/p>\n<p><strong><a href=\"http:\/\/przyjaznadolinaraby.info\/nowaperspektywa\/wp-content\/uploads\/2024\/03\/za._nr_2_Plan_komunikacji_z_lokaln_spoecznoci1-nowa-wersja.pdf\">Plan komunikacji z lokaln\u0105 spo\u0142eczno\u015bci\u0105<\/a>&#8211; <\/strong>11.01.2024<\/p>\n<p>&nbsp;<\/p>\n<p>&nbsp;<\/p>\n<p><strong>Wersje archiwalne Harmonogramu realizacji Planu rok 2026:<\/strong><\/p>\n<p><strong><a href=\"https:\/\/przyjaznadolinaraby.info\/nowaperspektywa\/wp-content\/uploads\/2025\/12\/Harmonogram-realizacji-Planu-komunikacji-2026.pdf\">Harmonogram realizacji Planu komunikacji 2026<\/a> &#8211;<\/strong> listopad 2025<\/p>\n<p>&nbsp;<\/p>\n<p><strong>Wersje archiwalne Harmonogramu realizacji Planu rok 2025 :<\/strong><\/p>\n<p><strong><a href=\"https:\/\/przyjaznadolinaraby.info\/nowaperspektywa\/wp-content\/uploads\/2025\/07\/Harmonogram_realizacji_planu_komunikacji_aktualziacja_czerwiec_2025.pdf\">Harmonogram realizacji Planu komunikacji 2025<\/a> &#8211;<\/strong> czerwiec 2025<\/p>\n<p><strong><a href=\"https:\/\/przyjaznadolinaraby.info\/nowaperspektywa\/wp-content\/uploads\/2025\/04\/Harmonogram-realizacji-Planu-komunikacji-2025-aktualziacja-marzec-2025.pdf\">Harmonogram realizacji Planu komunikacji 2025<\/a> &#8211;<\/strong> marzec 2025<\/p>\n<p><strong><a href=\"https:\/\/przyjaznadolinaraby.info\/nowaperspektywa\/wp-content\/uploads\/2024\/12\/Harmonogram-realizacji-Planu-komunikacji-2025.pdf\">Harmonogram realizacji Planu komunikacji 2025<\/a> <\/strong>&#8211; grudzie\u0144 2024<\/p>\n<p><strong><a href=\"https:\/\/przyjaznadolinaraby.info\/nowaperspektywa\/wp-content\/uploads\/2024\/12\/Harmonogram-realizacji-Planu-komunikacji-2024-grudzien-2024.pdf\">Harmonogram realizacji Planu komunikacji 2024<\/a> &#8211;<\/strong> grudzie\u0144 2024<\/p>\n<p><strong><a href=\"https:\/\/przyjaznadolinaraby.info\/nowaperspektywa\/wp-content\/uploads\/2024\/12\/Harmonogram-realizacji-Planu-komunikacji-2025.pdf\">Harmonogram realizacji Planu komunikacji 2025<\/a> <\/strong>&#8211; grudzie\u0144 2024<\/p>\n<p>&nbsp;<\/p>\n<p><strong>Wersje archiwalne Harmonogramu realizacji Planu rok 2024 :<\/strong><\/p>\n<p><strong><a href=\"https:\/\/przyjaznadolinaraby.info\/nowaperspektywa\/wp-content\/uploads\/2024\/11\/Harmonogram-realizacji-Planu-komunikacji-2024-zmiany-terminu-wrzesien-2024.pdf\">Harmonogram realizacji Planu komunikacji<\/a><\/strong> &#8211;\u00a0 wrzesie\u0144 2024<\/p>\n<p><strong><a href=\"https:\/\/przyjaznadolinaraby.info\/nowaperspektywa\/wp-content\/uploads\/2024\/06\/Harmonogram-realizacji-Planu-komunikacji-2024-czerwiec-2024.pdf\">Harmonogram realizacji Planu komunikacji<\/a><\/strong> &#8211; czerwiec 2024<\/p>\n<p><b><a role=\"link\" href=\"http:\/\/przyjaznadolinaraby.info\/nowaperspektywa\/wp-content\/uploads\/2024\/03\/Harmonogram-realizacji-Planu-komunikacji-2024-na-strone.pdf\">Harmonogram realizacji planu komunikacji 2024<\/a><\/b><\/p>\n","protected":false},"excerpt":{"rendered":"<p>Zapraszamy do zapoznania si\u0119 z Planem Komunikacji z Lokaln\u0105 Spo\u0142eczno\u015bci\u0105 na lata 2023-2029 oraz aktualnym Harmonogramem realizacji Planu komunikacji &nbsp; Plan komunikacji z lokaln\u0105 spo\u0142eczno\u015bci\u0105 23.01.2026 &nbsp; Harmonogram realizacji Planu komunikacji 2026 &#8211; stycze\u0144 2026 &nbsp; Wersje archiwalne\u00a0 Planu Komunikacji z lokaln\u0105 spo\u0142eczno\u015bci\u0105: Plan komunikacji z lokaln\u0105 spo\u0142eczno\u015bci\u0105 20.12.2024 Plan komunikacji z lokaln\u0105 spo\u0142eczno\u015bci\u0105 26.06.2024 <a href=\"https:\/\/przyjaznadolinaraby.info\/nowaperspektywa\/harmonogram-realizacji-planu-komunikacji\/\" class=\"more-link\">&#8230;<span class=\"screen-reader-text\">  Plan Komunikacji z Lokaln\u0105 Spo\u0142eczno\u015bci\u0105 na lata 2023-2029<\/span><\/a><\/p>\n","protected":false},"author":6,"featured_media":0,"parent":0,"menu_order":0,"comment_status":"closed","ping_status":"closed","template":"","meta":{"_monsterinsights_skip_tracking":false,"_monsterinsights_sitenote_active":false,"_monsterinsights_sitenote_note":"","_monsterinsights_sitenote_category":0,"footnotes":""},"tags":[],"acf":[],"_links":{"self":[{"href":"https:\/\/przyjaznadolinaraby.info\/nowaperspektywa\/wp-json\/wp\/v2\/pages\/11223"}],"collection":[{"href":"https:\/\/przyjaznadolinaraby.info\/nowaperspektywa\/wp-json\/wp\/v2\/pages"}],"about":[{"href":"https:\/\/przyjaznadolinaraby.info\/nowaperspektywa\/wp-json\/wp\/v2\/types\/page"}],"author":[{"embeddable":true,"href":"https:\/\/przyjaznadolinaraby.info\/nowaperspektywa\/wp-json\/wp\/v2\/users\/6"}],"replies":[{"embeddable":true,"href":"https:\/\/przyjaznadolinaraby.info\/nowaperspektywa\/wp-json\/wp\/v2\/comments?post=11223"}],"version-history":[{"count":14,"href":"https:\/\/przyjaznadolinaraby.info\/nowaperspektywa\/wp-json\/wp\/v2\/pages\/11223\/revisions"}],"predecessor-version":[{"id":12751,"href":"https:\/\/przyjaznadolinaraby.info\/nowaperspektywa\/wp-json\/wp\/v2\/pages\/11223\/revisions\/12751"}],"wp:attachment":[{"href":"https:\/\/przyjaznadolinaraby.info\/nowaperspektywa\/wp-json\/wp\/v2\/media?parent=11223"}],"wp:term":[{"taxonomy":"post_tag","embeddable":true,"href":"https:\/\/przyjaznadolinaraby.info\/nowaperspektywa\/wp-json\/wp\/v2\/tags?post=11223"}],"curies":[{"name":"wp","href":"https:\/\/api.w.org\/{rel}","templated":true}]}}