{"id":11341,"date":"2024-06-03T09:57:06","date_gmt":"2024-06-03T07:57:06","guid":{"rendered":"https:\/\/przyjaznadolinaraby.info\/nowaperspektywa\/?page_id=11341"},"modified":"2025-10-13T11:29:53","modified_gmt":"2025-10-13T09:29:53","slug":"procedury","status":"publish","type":"page","link":"https:\/\/przyjaznadolinaraby.info\/nowaperspektywa\/procedury\/","title":{"rendered":"Procedury"},"content":{"rendered":"<p>&nbsp;<\/p>\n<p style=\"text-align: center;\"><strong>Procedura oceny i wyboru operacji\u00a0<\/strong><strong>w ramach Planu Strategicznego dla Wsp\u00f3lnej Polityki Rolnej na lata 2023\u20132027\u00a0<\/strong><strong>dla interwencji I.13.1 LEADER\/Rozw\u00f3j Lokalny Kierowany przez Spo\u0142eczno\u015b\u0107 (RLKS)\u00a0<\/strong><strong>realizowanych przez podmioty inne ni\u017c LGD (konkurs)\u00a0<\/strong><strong>oraz\u00a0<\/strong><strong>operacji w\u0142asnych LGD<\/strong><\/p>\n<p>wersja aktualna<\/p>\n<p>obowi\u0105zuj\u0105ca od 09.07.2025<\/p>\n<p><a href=\"https:\/\/przyjaznadolinaraby.info\/nowaperspektywa\/wp-content\/uploads\/2025\/07\/PROCEDURA.pdf\">PROCEDURA<\/a><\/p>\n<p><a href=\"https:\/\/przyjaznadolinaraby.info\/nowaperspektywa\/wp-content\/uploads\/2025\/07\/Zalnr1.pdf\">Za\u0142\u0105cznik nr 1 Karta oceny formalno-merytorycznej<\/a><\/p>\n<p><a href=\"https:\/\/przyjaznadolinaraby.info\/nowaperspektywa\/wp-content\/uploads\/2025\/07\/Zalnr2.pdf\">Za\u0142\u0105cznik nr 2 Karta oceny wed\u0142ug lokalnych kryteri\u00f3w<\/a><\/p>\n<p><a href=\"https:\/\/przyjaznadolinaraby.info\/nowaperspektywa\/wp-content\/uploads\/2025\/07\/Zalnr3.pdf\">Za\u0142\u0105cznik nr 3 Ustalanie kwoty wsparcia<\/a><\/p>\n<p>&nbsp;<\/p>\n<p>wersja archiwalna<\/p>\n<p>obowi\u0105zuj\u0105ca od 29.04.2025 do 08.07.2025<\/p>\n<p><a href=\"https:\/\/przyjaznadolinaraby.info\/nowaperspektywa\/wp-content\/uploads\/2025\/05\/PROCEDURA-KONKURSOWA-i-WLASNE-29.04.2025-ostateczna.docx\">PROCEDURA <\/a><\/p>\n<p><a href=\"https:\/\/przyjaznadolinaraby.info\/nowaperspektywa\/wp-content\/uploads\/2025\/05\/Zalacznik-nr-1-Karta-oceny-formalno-merytorycznej-wzor-1.pdf\">Za\u0142\u0105cznik nr 1 Karta oceny formalno-merytorycznej <\/a><\/p>\n<p><a href=\"https:\/\/przyjaznadolinaraby.info\/nowaperspektywa\/wp-content\/uploads\/2025\/05\/Zalacznik-nr-2-Karta-oceny-wedlug-lokalnych-kryteriow-3-1.pdf\">Za\u0142\u0105cznik nr 2 Karta oceny wed\u0142ug lokalnych kryteri\u00f3w <\/a><\/p>\n<p><a href=\"https:\/\/przyjaznadolinaraby.info\/nowaperspektywa\/wp-content\/uploads\/2025\/05\/Zalacznik-nr-3-Ustalanie-kwoty-wsparcia-2-1.pdf\">Za\u0142\u0105cznik nr 3 Ustalanie kwoty wsparcia<\/a><\/p>\n<p>obowi\u0105zuj\u0105ca od 06.02.2024 do 28.04.2025<\/p>\n<p><a href=\"https:\/\/przyjaznadolinaraby.info\/nowaperspektywa\/wp-content\/uploads\/2025\/05\/PROCEDURA-KONKURSOWA-i-WLASNE-06.02.2025.pdf\">PROCEDURA <\/a><\/p>\n<p><a href=\"https:\/\/przyjaznadolinaraby.info\/nowaperspektywa\/wp-content\/uploads\/2025\/05\/Zalacznik-nr-1-Karta-oceny-formalno-merytorycznej-wzor.pdf\">Za\u0142\u0105cznik nr 1 Karta oceny formalno-merytorycznej\u00a0<\/a><\/p>\n<p><a href=\"https:\/\/przyjaznadolinaraby.info\/nowaperspektywa\/wp-content\/uploads\/2025\/05\/Zalacznik-nr-2-Karta-oceny-wedlug-lokalnych-kryteriow-3.pdf\">Za\u0142\u0105cznik nr 2 Karta oceny wed\u0142ug lokalnych kryteri\u00f3w <\/a><\/p>\n<p><a href=\"https:\/\/przyjaznadolinaraby.info\/nowaperspektywa\/wp-content\/uploads\/2025\/05\/Zalacznik-nr-3-Ustalanie-kwoty-wsparcia-2.docx\">Za\u0142\u0105cznik nr 3 Ustalanie kwoty wsparcia\u00a0<\/a><\/p>\n<p>obowi\u0105zuj\u0105ca od 29.04.2024 do 05.02.2025<\/p>\n<p><a role=\"link\" href=\"https:\/\/przyjaznadolinaraby.info\/nowaperspektywa\/wp-content\/uploads\/2024\/06\/PROCEDURA-KONKURSOWA-i-WLASNE-9.pdf\">PROCEDURA <\/a><\/p>\n<p><a role=\"link\" href=\"https:\/\/przyjaznadolinaraby.info\/nowaperspektywa\/wp-content\/uploads\/2024\/06\/Zalacznik-nr-1-Karta-oceny-wedlug-podstawowych-lokalnych-kryteriow-3.pdf\">Za\u0142\u0105cznik nr 1 Karta oceny wed\u0142ug podstawowych lokalnych kryteri\u00f3w \u00a0<\/a><\/p>\n<p><a role=\"link\" href=\"https:\/\/przyjaznadolinaraby.info\/nowaperspektywa\/wp-content\/uploads\/2024\/06\/Zalacznik-nr-2-Karta-oceny-premiujacej-3.pdf\">Za\u0142\u0105cznik nr 2 Karta oceny premiuj\u0105cej<\/a><\/p>\n<p><a role=\"link\" href=\"https:\/\/przyjaznadolinaraby.info\/nowaperspektywa\/wp-content\/uploads\/2024\/06\/Zalacznik-nr-3-Ustalanie-kwoty-wsparcia-2.pdf\">Za\u0142\u0105cznik nr 3 Ustalanie kwoty wsparcia<\/a><\/p>\n<p>&nbsp;<\/p>\n<p><strong>\u00a0<\/strong><\/p>\n<p style=\"text-align: center;\"><strong>Procedura oceny i wyboru operacji\u00a0<\/strong><strong>w ramach Europejskiego Funduszu Spo\u0142ecznego Plus\u00a0<\/strong><strong>i Europejskiego Funduszu Rozwoju Regionalnego\u00a0<\/strong><strong>na lata 2021-2027\u00a0<\/strong><strong>w formule <\/strong><strong>RLKS (Rozw\u00f3j Lokalny Kierowany przez Spo\u0142eczno\u015b\u0107)<\/strong><\/p>\n<p>&nbsp;<\/p>\n<p><span style=\"text-align: center;\">wersja aktualna obowi\u0105zuj\u0105ca od 03.10.2025<\/span><\/p>\n<p>&nbsp;<\/p>\n<p><a href=\"https:\/\/przyjaznadolinaraby.info\/nowaperspektywa\/wp-content\/uploads\/2025\/10\/PROCEDURA-KONKURSOWA-EFS-i-EFRR-03.10.2025.pdf\">PROCEDURA KONKURSOWA EFS+ i EFRR 03.10.2025<\/a><\/p>\n<p>&nbsp;<\/p>\n<p>wersja archiwalna<\/p>\n<p><span style=\"text-align: center;\">obowi\u0105zuj\u0105ca od 20.08.2025 do 02.10.2025<\/span><\/p>\n<p><a href=\"https:\/\/przyjaznadolinaraby.info\/nowaperspektywa\/wp-content\/uploads\/2025\/09\/PROCEDURA-KONKURSOWA-EFS-i-EFRR-20.08.2025.pdf\">PROCEDURA<\/a><\/p>\n<p>obowi\u0105zuj\u0105ca od 29.04.2025 do 19.08.2025<\/p>\n<p><a role=\"link\" href=\"https:\/\/przyjaznadolinaraby.info\/nowaperspektywa\/wp-content\/uploads\/2024\/06\/PROCEDURA-KONKURSOWA-EFS-i-EFRR-6.pdf\">PROCEDURA\u00a0<\/a><\/p>\n<p><a role=\"link\" href=\"https:\/\/przyjaznadolinaraby.info\/nowaperspektywa\/wp-content\/uploads\/2024\/06\/Zalacznik-nr-1-FEM-Karta-oceny-wedlug-podstawowych-lokalnych-kryteriow-1.pdf\">Za\u0142\u0105cznik nr 1 FEM Karta oceny wed\u0142ug podstawowych lokalnych kryteri\u00f3w<\/a><\/p>\n<p><a role=\"link\" href=\"https:\/\/przyjaznadolinaraby.info\/nowaperspektywa\/wp-content\/uploads\/2024\/06\/Zalacznik-nr-2-FEM-Karta-oceny-premiujacej-1.pdf\">Za\u0142\u0105cznik nr 2 FEM Karta oceny premiuj\u0105cej<\/a><\/p>\n<p>&nbsp;<\/p>\n<p style=\"text-align: center;\"><strong>Procedura ustalania niebudz\u0105cych w\u0105tpliwo\u015bci interpretacyjnych kryteri\u00f3w wyboru operacji<\/strong><\/p>\n<p><a href=\"https:\/\/przyjaznadolinaraby.info\/nowaperspektywa\/wp-content\/uploads\/2024\/06\/PROCEDURA-USTALANIA-KRYTERIOW-WYBORU-OPERACJI.pdf\">PROCEDURA \u00a0<\/a>wersja aktualna obowi\u0105zuj\u0105ca od 29.04.2024<\/p>\n","protected":false},"excerpt":{"rendered":"<p>&nbsp; Procedura oceny i wyboru operacji\u00a0w ramach Planu Strategicznego dla Wsp\u00f3lnej Polityki Rolnej na lata 2023\u20132027\u00a0dla interwencji I.13.1 LEADER\/Rozw\u00f3j Lokalny Kierowany przez Spo\u0142eczno\u015b\u0107 (RLKS)\u00a0realizowanych przez podmioty inne ni\u017c LGD (konkurs)\u00a0oraz\u00a0operacji w\u0142asnych LGD wersja aktualna obowi\u0105zuj\u0105ca od 09.07.2025 PROCEDURA Za\u0142\u0105cznik nr 1 Karta oceny formalno-merytorycznej Za\u0142\u0105cznik nr 2 Karta oceny wed\u0142ug lokalnych kryteri\u00f3w Za\u0142\u0105cznik nr 3 <a href=\"https:\/\/przyjaznadolinaraby.info\/nowaperspektywa\/procedury\/\" class=\"more-link\">&#8230;<span class=\"screen-reader-text\">  Procedury<\/span><\/a><\/p>\n","protected":false},"author":6,"featured_media":0,"parent":0,"menu_order":0,"comment_status":"closed","ping_status":"closed","template":"","meta":{"_monsterinsights_skip_tracking":false,"_monsterinsights_sitenote_active":false,"_monsterinsights_sitenote_note":"","_monsterinsights_sitenote_category":0,"footnotes":""},"tags":[],"acf":[],"_links":{"self":[{"href":"https:\/\/przyjaznadolinaraby.info\/nowaperspektywa\/wp-json\/wp\/v2\/pages\/11341"}],"collection":[{"href":"https:\/\/przyjaznadolinaraby.info\/nowaperspektywa\/wp-json\/wp\/v2\/pages"}],"about":[{"href":"https:\/\/przyjaznadolinaraby.info\/nowaperspektywa\/wp-json\/wp\/v2\/types\/page"}],"author":[{"embeddable":true,"href":"https:\/\/przyjaznadolinaraby.info\/nowaperspektywa\/wp-json\/wp\/v2\/users\/6"}],"replies":[{"embeddable":true,"href":"https:\/\/przyjaznadolinaraby.info\/nowaperspektywa\/wp-json\/wp\/v2\/comments?post=11341"}],"version-history":[{"count":11,"href":"https:\/\/przyjaznadolinaraby.info\/nowaperspektywa\/wp-json\/wp\/v2\/pages\/11341\/revisions"}],"predecessor-version":[{"id":12533,"href":"https:\/\/przyjaznadolinaraby.info\/nowaperspektywa\/wp-json\/wp\/v2\/pages\/11341\/revisions\/12533"}],"wp:attachment":[{"href":"https:\/\/przyjaznadolinaraby.info\/nowaperspektywa\/wp-json\/wp\/v2\/media?parent=11341"}],"wp:term":[{"taxonomy":"post_tag","embeddable":true,"href":"https:\/\/przyjaznadolinaraby.info\/nowaperspektywa\/wp-json\/wp\/v2\/tags?post=11341"}],"curies":[{"name":"wp","href":"https:\/\/api.w.org\/{rel}","templated":true}]}}