{"id":11495,"date":"2024-12-12T12:56:54","date_gmt":"2024-12-12T11:56:54","guid":{"rendered":"https:\/\/przyjaznadolinaraby.info\/nowaperspektywa\/?page_id=11495"},"modified":"2024-12-12T13:09:25","modified_gmt":"2024-12-12T12:09:25","slug":"plan-szkolen","status":"publish","type":"page","link":"https:\/\/przyjaznadolinaraby.info\/nowaperspektywa\/plan-szkolen\/","title":{"rendered":"Plan szkole\u0144"},"content":{"rendered":"<p><strong>Plan szkole\u0144 dla cz\u0142onk\u00f3w organu decyzyjnego i pracownik\u00f3w biura\u00a0<\/strong><strong>Stowarzyszenia Przyjazna Dolina Raby i Czarnej Orawy<\/strong><\/p>\n<p>W celu efektywnego wykorzystania zasob\u00f3w ludzkich i zapewnienia profesjonalnej realizacji zada\u0144 w ramach wdra\u017cania Lokalnej Strategii Rozwoju na lata 2023-2029 przez Stowarzyszenie Przyjazna Dolina Raby i Czarnej Orawy przyjmuje si\u0119 og\u00f3lne za\u0142o\u017cenia polityki szkoleniowej w LGD, w zakresie podnoszenia i doskonalenia kwalifikacji zawodowych pracownik\u00f3w oraz cz\u0142onk\u00f3w Rady LGD.<\/p>\n<p>&nbsp;<\/p>\n<p><a href=\"https:\/\/przyjaznadolinaraby.info\/nowaperspektywa\/wp-content\/uploads\/2024\/12\/Plan-szkolen-2024-2029-10.12.2024.pdf\">Plan szkole\u0144 2024-2029 &#8211; 10.12.2024<\/a><\/p>\n<p>&nbsp;<\/p>\n<p><strong>Wersje archiwalne:<\/strong><\/p>\n<p><a href=\"https:\/\/przyjaznadolinaraby.info\/nowaperspektywa\/wp-content\/uploads\/2024\/12\/Plan-szkolen-2024-2029-29.04.2024.docx\">Plan szkole\u0144 2024-2029\u00a0 &#8211; 29.04.2024<\/a><\/p>\n","protected":false},"excerpt":{"rendered":"<p>Plan szkole\u0144 dla cz\u0142onk\u00f3w organu decyzyjnego i pracownik\u00f3w biura\u00a0Stowarzyszenia Przyjazna Dolina Raby i Czarnej Orawy W celu efektywnego wykorzystania zasob\u00f3w ludzkich i zapewnienia profesjonalnej realizacji zada\u0144 w ramach wdra\u017cania Lokalnej Strategii Rozwoju na lata 2023-2029 przez Stowarzyszenie Przyjazna Dolina Raby i Czarnej Orawy przyjmuje si\u0119 og\u00f3lne za\u0142o\u017cenia polityki szkoleniowej w LGD, w zakresie podnoszenia i <a href=\"https:\/\/przyjaznadolinaraby.info\/nowaperspektywa\/plan-szkolen\/\" class=\"more-link\">&#8230;<span class=\"screen-reader-text\">  Plan szkole\u0144<\/span><\/a><\/p>\n","protected":false},"author":6,"featured_media":0,"parent":0,"menu_order":0,"comment_status":"closed","ping_status":"closed","template":"","meta":{"_monsterinsights_skip_tracking":false,"_monsterinsights_sitenote_active":false,"_monsterinsights_sitenote_note":"","_monsterinsights_sitenote_category":0,"footnotes":""},"tags":[],"acf":[],"_links":{"self":[{"href":"https:\/\/przyjaznadolinaraby.info\/nowaperspektywa\/wp-json\/wp\/v2\/pages\/11495"}],"collection":[{"href":"https:\/\/przyjaznadolinaraby.info\/nowaperspektywa\/wp-json\/wp\/v2\/pages"}],"about":[{"href":"https:\/\/przyjaznadolinaraby.info\/nowaperspektywa\/wp-json\/wp\/v2\/types\/page"}],"author":[{"embeddable":true,"href":"https:\/\/przyjaznadolinaraby.info\/nowaperspektywa\/wp-json\/wp\/v2\/users\/6"}],"replies":[{"embeddable":true,"href":"https:\/\/przyjaznadolinaraby.info\/nowaperspektywa\/wp-json\/wp\/v2\/comments?post=11495"}],"version-history":[{"count":4,"href":"https:\/\/przyjaznadolinaraby.info\/nowaperspektywa\/wp-json\/wp\/v2\/pages\/11495\/revisions"}],"predecessor-version":[{"id":11502,"href":"https:\/\/przyjaznadolinaraby.info\/nowaperspektywa\/wp-json\/wp\/v2\/pages\/11495\/revisions\/11502"}],"wp:attachment":[{"href":"https:\/\/przyjaznadolinaraby.info\/nowaperspektywa\/wp-json\/wp\/v2\/media?parent=11495"}],"wp:term":[{"taxonomy":"post_tag","embeddable":true,"href":"https:\/\/przyjaznadolinaraby.info\/nowaperspektywa\/wp-json\/wp\/v2\/tags?post=11495"}],"curies":[{"name":"wp","href":"https:\/\/api.w.org\/{rel}","templated":true}]}}