{"id":11508,"date":"2024-12-13T09:52:29","date_gmt":"2024-12-13T08:52:29","guid":{"rendered":"https:\/\/przyjaznadolinaraby.info\/nowaperspektywa\/?page_id=11508"},"modified":"2024-12-13T09:52:29","modified_gmt":"2024-12-13T08:52:29","slug":"operacje-wlasne","status":"publish","type":"page","link":"https:\/\/przyjaznadolinaraby.info\/nowaperspektywa\/operacje-wlasne\/","title":{"rendered":"Operacje w\u0142asne"},"content":{"rendered":"<p>Operacje konkursowe &#8211; operacja w\u0142asna<\/p>\n<p>W ramach LSR Stowarzyszenie Przyjazna Dolina Raby i Czarnej Orawy zaplanowa\u0142a opcj\u0119 prowadzenia wybranych przedsi\u0119wzi\u0119\u0107 poprzez realizacj\u0119 tzw. Operacji W\u0142asnych.<\/p>\n<p><strong>Operacje tego typu b\u0119d\u0105 og\u0142aszane w drodze konkursu i realizowane przez LGD je\u017celi wniosek przygotowany przez LGD otrzyma dofinansowanie lub przez inny podmiot z obszaru LGD, je\u015bli tak zako\u0144czy si\u0119 ocena z\u0142o\u017conych w konkursie wniosk\u00f3w.<\/strong><\/p>\n<p><strong>LGD\u00a0 zaplanowa\u0142a w LSR realizacj\u0119 trzech operacji<\/strong> finansowanych ze\u00a0 \u015brodk\u00f3w PS WPR:<\/p>\n<ul>\n<li><strong>Operacja dotycz\u0105ca Poprowadzenia Akademii Lider\u00f3w Lokalnych\u00a0 <\/strong>o \u0142\u0105cznej warto\u015bci \u00a0100 000 EUR (\u017ar\u00f3d\u0142o finansowania PS WPR), realizowana b\u0119dzie w zakresie w\u0142\u0105czenia spo\u0142ecznego senior\u00f3w, ludzi m\u0142odych i os\u00f3b w niekorzystnej sytuacji;<\/li>\n<li><strong>Operacja dotycz\u0105ca Kojarzenia partner\u00f3w i animowanie do realizacji innowacyjnych, wsp\u00f3lnych projekt\u00f3w\u00a0<\/strong>o \u0142\u0105cznej warto\u015bci \u00a025 000EUR (\u017ar\u00f3d\u0142o finansowania PS WPR), realizowana b\u0119dzie w zakresie kszta\u0142towania \u015bwiadomo\u015bci obywatelskiej<br \/>\no znaczeniu zr\u00f3wnowa\u017conego rolnictwa, gospodarki rolno-spo\u017cywczej, zielonej gospodarki, biogospodarki, wsparcie rozwoju wiedzy<br \/>\ni umiej\u0119tno\u015bci w zakresie innowacyjno\u015bci, cyfryzacji i przedsi\u0119biorczo\u015bci, a tak\u017ce wzmacnianie program\u00f3w edukacji lider\u00f3w \u017cycia publicznego i spo\u0142ecznego, z wy\u0142\u0105czeniem inwestycji infrastrukturalnych;<\/li>\n<li><strong>Operacja dotycz\u0105ca<\/strong> <strong>Integracji i aktywizacji os\u00f3b z niepe\u0142nosprawno\u015bciami i ich opiekun\u00f3w oraz wzmocnienie potencja\u0142u podmiot\u00f3w dzia\u0142aj\u0105cych na ich rzecz <\/strong>o \u0142\u0105cznej warto\u015bci \u00a025 000 EUR (\u017ar\u00f3d\u0142o finansowania PS WPR), realizowana b\u0119dzie w zakresie w\u0142\u0105czenia spo\u0142ecznego senior\u00f3w, ludzi m\u0142odych i os\u00f3b w niekorzystnej sytuacji<\/li>\n<\/ul>\n<p>&nbsp;<\/p>\n<p><strong>Zaplanowane operacje s\u0105 odpowiedzi\u0105 na zaspokojenie potrzeb stwierdzonych w analizie obszaru LSR.<\/strong><\/p>\n<p>&nbsp;<\/p>\n","protected":false},"excerpt":{"rendered":"<p>Operacje konkursowe &#8211; operacja w\u0142asna W ramach LSR Stowarzyszenie Przyjazna Dolina Raby i Czarnej Orawy zaplanowa\u0142a opcj\u0119 prowadzenia wybranych przedsi\u0119wzi\u0119\u0107 poprzez realizacj\u0119 tzw. Operacji W\u0142asnych. Operacje tego typu b\u0119d\u0105 og\u0142aszane w drodze konkursu i realizowane przez LGD je\u017celi wniosek przygotowany przez LGD otrzyma dofinansowanie lub przez inny podmiot z obszaru LGD, je\u015bli tak zako\u0144czy si\u0119 <a href=\"https:\/\/przyjaznadolinaraby.info\/nowaperspektywa\/operacje-wlasne\/\" class=\"more-link\">&#8230;<span class=\"screen-reader-text\">  Operacje w\u0142asne<\/span><\/a><\/p>\n","protected":false},"author":6,"featured_media":0,"parent":0,"menu_order":0,"comment_status":"closed","ping_status":"closed","template":"","meta":{"_monsterinsights_skip_tracking":false,"_monsterinsights_sitenote_active":false,"_monsterinsights_sitenote_note":"","_monsterinsights_sitenote_category":0,"footnotes":""},"tags":[],"acf":[],"_links":{"self":[{"href":"https:\/\/przyjaznadolinaraby.info\/nowaperspektywa\/wp-json\/wp\/v2\/pages\/11508"}],"collection":[{"href":"https:\/\/przyjaznadolinaraby.info\/nowaperspektywa\/wp-json\/wp\/v2\/pages"}],"about":[{"href":"https:\/\/przyjaznadolinaraby.info\/nowaperspektywa\/wp-json\/wp\/v2\/types\/page"}],"author":[{"embeddable":true,"href":"https:\/\/przyjaznadolinaraby.info\/nowaperspektywa\/wp-json\/wp\/v2\/users\/6"}],"replies":[{"embeddable":true,"href":"https:\/\/przyjaznadolinaraby.info\/nowaperspektywa\/wp-json\/wp\/v2\/comments?post=11508"}],"version-history":[{"count":1,"href":"https:\/\/przyjaznadolinaraby.info\/nowaperspektywa\/wp-json\/wp\/v2\/pages\/11508\/revisions"}],"predecessor-version":[{"id":11509,"href":"https:\/\/przyjaznadolinaraby.info\/nowaperspektywa\/wp-json\/wp\/v2\/pages\/11508\/revisions\/11509"}],"wp:attachment":[{"href":"https:\/\/przyjaznadolinaraby.info\/nowaperspektywa\/wp-json\/wp\/v2\/media?parent=11508"}],"wp:term":[{"taxonomy":"post_tag","embeddable":true,"href":"https:\/\/przyjaznadolinaraby.info\/nowaperspektywa\/wp-json\/wp\/v2\/tags?post=11508"}],"curies":[{"name":"wp","href":"https:\/\/api.w.org\/{rel}","templated":true}]}}