{"id":11551,"date":"2025-01-07T12:32:05","date_gmt":"2025-01-07T11:32:05","guid":{"rendered":"https:\/\/przyjaznadolinaraby.info\/nowaperspektywa\/?page_id=11551"},"modified":"2025-01-07T14:55:21","modified_gmt":"2025-01-07T13:55:21","slug":"dodatkowe-srodki-dla-ngo","status":"publish","type":"page","link":"https:\/\/przyjaznadolinaraby.info\/nowaperspektywa\/dodatkowe-srodki-dla-ngo\/","title":{"rendered":"Baza dla NGO"},"content":{"rendered":"<p>Baza \u015brodk\u00f3w, z kt\u00f3rych mog\u0105 korzysta\u0107 organizacje pozarz\u0105dowe-<strong><span style=\"text-decoration: underline;\"> uwaga: <\/span>nie s\u0105 to \u015brodki, o kt\u00f3re mo\u017cna aplikowa\u0107 w LGD.<\/strong><\/p>\n<p>&nbsp;<\/p>\n<p><a href=\"https:\/\/www.malopolska.pl\/samorzad\/organizacje-pozarzadowe\/dotacje-dla-ngo\">Dotacje dla NGO \u00bb Ma\u0142opolska<\/a><\/p>\n<p>&nbsp;<\/p>\n<p><a href=\"https:\/\/fundusze.ngo.pl\/aktualne?gad_source=1&amp;gclid=Cj0KCQiAvvO7BhC-ARIsAGFyToX9ym5GaoU3Mwvzk07nIxXV1-NUERAIcOIwEqnifMd2EyRRmjFtGM4aApZhEALw_wcB\">Aktualne konkursy &#8211; ngo.pl<\/a><\/p>\n<p>&nbsp;<\/p>\n<p><a href=\"https:\/\/granty.pl\/\">Portal o dotacjach | granty.pl<\/a><\/p>\n<p>&nbsp;<\/p>\n<p><a href=\"https:\/\/nowedotacjeunijne.eu\/programy-2021-2027\/malopolskie\/\">ma\u0142opolskie &#8211; Nowe Dotacje Unijne 2021-2027 &#8211; konkursy unijne<\/a><\/p>\n<p>&nbsp;<\/p>\n<p>&nbsp;<\/p>\n","protected":false},"excerpt":{"rendered":"<p>Baza \u015brodk\u00f3w, z kt\u00f3rych mog\u0105 korzysta\u0107 organizacje pozarz\u0105dowe- uwaga: nie s\u0105 to \u015brodki, o kt\u00f3re mo\u017cna aplikowa\u0107 w LGD. &nbsp; Dotacje dla NGO \u00bb Ma\u0142opolska &nbsp; Aktualne konkursy &#8211; ngo.pl &nbsp; Portal o dotacjach | granty.pl &nbsp; ma\u0142opolskie &#8211; Nowe Dotacje Unijne 2021-2027 &#8211; konkursy unijne &nbsp; &nbsp;<\/p>\n","protected":false},"author":6,"featured_media":0,"parent":0,"menu_order":0,"comment_status":"closed","ping_status":"closed","template":"","meta":{"_monsterinsights_skip_tracking":false,"_monsterinsights_sitenote_active":false,"_monsterinsights_sitenote_note":"","_monsterinsights_sitenote_category":0,"footnotes":""},"tags":[],"acf":[],"_links":{"self":[{"href":"https:\/\/przyjaznadolinaraby.info\/nowaperspektywa\/wp-json\/wp\/v2\/pages\/11551"}],"collection":[{"href":"https:\/\/przyjaznadolinaraby.info\/nowaperspektywa\/wp-json\/wp\/v2\/pages"}],"about":[{"href":"https:\/\/przyjaznadolinaraby.info\/nowaperspektywa\/wp-json\/wp\/v2\/types\/page"}],"author":[{"embeddable":true,"href":"https:\/\/przyjaznadolinaraby.info\/nowaperspektywa\/wp-json\/wp\/v2\/users\/6"}],"replies":[{"embeddable":true,"href":"https:\/\/przyjaznadolinaraby.info\/nowaperspektywa\/wp-json\/wp\/v2\/comments?post=11551"}],"version-history":[{"count":6,"href":"https:\/\/przyjaznadolinaraby.info\/nowaperspektywa\/wp-json\/wp\/v2\/pages\/11551\/revisions"}],"predecessor-version":[{"id":11560,"href":"https:\/\/przyjaznadolinaraby.info\/nowaperspektywa\/wp-json\/wp\/v2\/pages\/11551\/revisions\/11560"}],"wp:attachment":[{"href":"https:\/\/przyjaznadolinaraby.info\/nowaperspektywa\/wp-json\/wp\/v2\/media?parent=11551"}],"wp:term":[{"taxonomy":"post_tag","embeddable":true,"href":"https:\/\/przyjaznadolinaraby.info\/nowaperspektywa\/wp-json\/wp\/v2\/tags?post=11551"}],"curies":[{"name":"wp","href":"https:\/\/api.w.org\/{rel}","templated":true}]}}