{"id":11573,"date":"2025-01-15T10:12:07","date_gmt":"2025-01-15T09:12:07","guid":{"rendered":"https:\/\/przyjaznadolinaraby.info\/nowaperspektywa\/?page_id=11573"},"modified":"2025-11-24T11:49:56","modified_gmt":"2025-11-24T10:49:56","slug":"wyniki-naborow","status":"publish","type":"page","link":"https:\/\/przyjaznadolinaraby.info\/nowaperspektywa\/wyniki-naborow\/","title":{"rendered":"Wyniki nabor\u00f3w"},"content":{"rendered":"<p><a href=\"https:\/\/przyjaznadolinaraby.info\/nowaperspektywa\/wyniki-naboru-443830-2025-rozwoj-przedsiebiorczosci-poprzez-podejmowanie-dzialalnosci-gospodarczej-start-dg\/\">Wyniki naboru 443830\/2025 Rozw\u00f3j przedsi\u0119biorczo\u015bci poprzez podejmowanie dzia\u0142alno\u015bci gospodarczej (Start DG) | Stowarzyszenie Przyjazna Dolina Raby i Czarnej Orawy<\/a><\/p>\n<p>15 sierpnia 2025<\/p>\n<blockquote class=\"wp-embedded-content\" data-secret=\"V3ozxGB0zZ\"><p><a href=\"https:\/\/przyjaznadolinaraby.info\/nowaperspektywa\/wyniki-naboru-443830-2025-rozwoj-przedsiebiorczosci-poprzez-podejmowanie-dzialalnosci-gospodarczej-start-dg\/\">Wyniki naboru 443830\/2025 Rozw\u00f3j przedsi\u0119biorczo\u015bci poprzez podejmowanie dzia\u0142alno\u015bci gospodarczej (Start DG)<\/a><\/p><\/blockquote>\n<p><iframe class=\"wp-embedded-content\" sandbox=\"allow-scripts\" security=\"restricted\" style=\"position: absolute; clip: rect(1px, 1px, 1px, 1px);\" title=\"&#8222;Wyniki naboru 443830\/2025 Rozw\u00f3j przedsi\u0119biorczo\u015bci poprzez podejmowanie dzia\u0142alno\u015bci gospodarczej (Start DG)&#8221; &#8212; Stowarzyszenie Przyjazna Dolina Raby i Czarnej Orawy\" src=\"https:\/\/przyjaznadolinaraby.info\/nowaperspektywa\/wyniki-naboru-443830-2025-rozwoj-przedsiebiorczosci-poprzez-podejmowanie-dzialalnosci-gospodarczej-start-dg\/embed\/#?secret=QS94mo9Ft1#?secret=V3ozxGB0zZ\" data-secret=\"V3ozxGB0zZ\" width=\"600\" height=\"338\" frameborder=\"0\" marginwidth=\"0\" marginheight=\"0\" scrolling=\"no\"><\/iframe><\/p>\n<p><a href=\"https:\/\/przyjaznadolinaraby.info\/nowaperspektywa\/wyniki-naboru-443833-2025-rozwoj-przedsiebiorczosci-poprzez-rozwijanie-pozarolniczej-dzialalnosci-gospodarczej-rozwoj-dg\/\">Wyniki naboru 443833\/2025 Rozw\u00f3j przedsi\u0119biorczo\u015bci poprzez rozwijanie pozarolniczej dzia\u0142alno\u015bci gospodarczej (Rozw\u00f3j DG) | Stowarzyszenie Przyjazna Dolina Raby i Czarnej Orawy<\/a><\/p>\n<p>15 sierpnia 2025<\/p>\n<blockquote class=\"wp-embedded-content\" data-secret=\"k0MIcbGkMR\"><p><a href=\"https:\/\/przyjaznadolinaraby.info\/nowaperspektywa\/wyniki-naboru-443833-2025-rozwoj-przedsiebiorczosci-poprzez-rozwijanie-pozarolniczej-dzialalnosci-gospodarczej-rozwoj-dg\/\">Wyniki naboru 443833\/2025 Rozw\u00f3j przedsi\u0119biorczo\u015bci poprzez rozwijanie pozarolniczej dzia\u0142alno\u015bci gospodarczej (Rozw\u00f3j DG)<\/a><\/p><\/blockquote>\n<p><iframe class=\"wp-embedded-content\" sandbox=\"allow-scripts\" security=\"restricted\" style=\"position: absolute; clip: rect(1px, 1px, 1px, 1px);\" title=\"&#8222;Wyniki naboru 443833\/2025 Rozw\u00f3j przedsi\u0119biorczo\u015bci poprzez rozwijanie pozarolniczej dzia\u0142alno\u015bci gospodarczej (Rozw\u00f3j DG)&#8221; &#8212; Stowarzyszenie Przyjazna Dolina Raby i Czarnej Orawy\" src=\"https:\/\/przyjaznadolinaraby.info\/nowaperspektywa\/wyniki-naboru-443833-2025-rozwoj-przedsiebiorczosci-poprzez-rozwijanie-pozarolniczej-dzialalnosci-gospodarczej-rozwoj-dg\/embed\/#?secret=aX6WuiX78G#?secret=k0MIcbGkMR\" data-secret=\"k0MIcbGkMR\" width=\"600\" height=\"338\" frameborder=\"0\" marginwidth=\"0\" marginheight=\"0\" scrolling=\"no\"><\/iframe><\/p>\n","protected":false},"excerpt":{"rendered":"<p>Wyniki naboru 443830\/2025 Rozw\u00f3j przedsi\u0119biorczo\u015bci poprzez podejmowanie dzia\u0142alno\u015bci gospodarczej (Start DG) | Stowarzyszenie Przyjazna Dolina Raby i Czarnej Orawy 15 sierpnia 2025 Wyniki naboru 443833\/2025 Rozw\u00f3j przedsi\u0119biorczo\u015bci poprzez rozwijanie pozarolniczej dzia\u0142alno\u015bci gospodarczej (Rozw\u00f3j DG) | Stowarzyszenie Przyjazna Dolina Raby i Czarnej Orawy 15 sierpnia 2025<\/p>\n","protected":false},"author":6,"featured_media":0,"parent":0,"menu_order":0,"comment_status":"closed","ping_status":"closed","template":"","meta":{"_monsterinsights_skip_tracking":false,"_monsterinsights_sitenote_active":false,"_monsterinsights_sitenote_note":"","_monsterinsights_sitenote_category":0,"footnotes":""},"tags":[],"acf":[],"_links":{"self":[{"href":"https:\/\/przyjaznadolinaraby.info\/nowaperspektywa\/wp-json\/wp\/v2\/pages\/11573"}],"collection":[{"href":"https:\/\/przyjaznadolinaraby.info\/nowaperspektywa\/wp-json\/wp\/v2\/pages"}],"about":[{"href":"https:\/\/przyjaznadolinaraby.info\/nowaperspektywa\/wp-json\/wp\/v2\/types\/page"}],"author":[{"embeddable":true,"href":"https:\/\/przyjaznadolinaraby.info\/nowaperspektywa\/wp-json\/wp\/v2\/users\/6"}],"replies":[{"embeddable":true,"href":"https:\/\/przyjaznadolinaraby.info\/nowaperspektywa\/wp-json\/wp\/v2\/comments?post=11573"}],"version-history":[{"count":3,"href":"https:\/\/przyjaznadolinaraby.info\/nowaperspektywa\/wp-json\/wp\/v2\/pages\/11573\/revisions"}],"predecessor-version":[{"id":12626,"href":"https:\/\/przyjaznadolinaraby.info\/nowaperspektywa\/wp-json\/wp\/v2\/pages\/11573\/revisions\/12626"}],"wp:attachment":[{"href":"https:\/\/przyjaznadolinaraby.info\/nowaperspektywa\/wp-json\/wp\/v2\/media?parent=11573"}],"wp:term":[{"taxonomy":"post_tag","embeddable":true,"href":"https:\/\/przyjaznadolinaraby.info\/nowaperspektywa\/wp-json\/wp\/v2\/tags?post=11573"}],"curies":[{"name":"wp","href":"https:\/\/api.w.org\/{rel}","templated":true}]}}