{"id":11583,"date":"2025-01-15T10:24:27","date_gmt":"2025-01-15T09:24:27","guid":{"rendered":"https:\/\/przyjaznadolinaraby.info\/nowaperspektywa\/?page_id=11583"},"modified":"2026-02-11T10:37:08","modified_gmt":"2026-02-11T09:37:08","slug":"wsparcie-ngo","status":"publish","type":"page","link":"https:\/\/przyjaznadolinaraby.info\/nowaperspektywa\/wsparcie-ngo\/","title":{"rendered":"Ankiety monitoruj\u0105ce dla beneficjent\u00f3w 2024-2029"},"content":{"rendered":"<p><span style=\"text-decoration: underline;\"><strong>Start i Rozw\u00f3j DG:<\/strong><\/span><\/p>\n<p><a role=\"link\" href=\"https:\/\/przyjaznadolinaraby.info\/nowaperspektywa\/wp-content\/uploads\/2025\/05\/Ankieta-dla-beneficjentow-2023-2027-Start-i-Rozwoj-DG-1.doc\">Ankieta-dla-beneficjentow-2023-2027-Start-i-Rozwoj-DG\u00a0\u00a0 <\/a>19.05.2025r.<\/p>\n<p>*<\/p>\n<p><span style=\"text-decoration: underline;\"><strong>Poprawa dost\u0119pu do ma\u0142ej infrastruktury publicznej:<\/strong><\/span><\/p>\n<p><a role=\"link\" href=\"https:\/\/przyjaznadolinaraby.info\/nowaperspektywa\/wp-content\/uploads\/2025\/09\/Ankieta-dla-beneficjentow-2023-2027-poprawa-dostepu-do-malej-infrastruktury-publicznej.doc\">Ankieta-dla-beneficjentow-2023-2027-poprawa dost\u0119pu do ma\u0142ej infrastruktury publicznej <\/a>15.09.2025r.<\/p>\n<p>*<\/p>\n<p><span style=\"text-decoration: underline;\"><strong>7.6 RLKS \u2013 Wsparcie oddolnych inicjatyw na obszarach wiejskich, <\/strong><\/span><\/p>\n<p><strong><span style=\"text-decoration: underline;\">Typ<\/span> <span style=\"text-decoration: underline;\">A.\u202f Infrastruktura kultury, typ C. Oferta turystyczna.<\/span><\/strong><\/p>\n<p><strong>FEM na lata 2021-2027; zakres EFRR<\/strong><\/p>\n<p><a role=\"link\" href=\"https:\/\/przyjaznadolinaraby.info\/nowaperspektywa\/wp-content\/uploads\/2025\/11\/Ankieta_beneficjenta_2023-2027_P.1.6._dz.7.6.-typ-A-i-tyb-C-EFRR_.docx\">Ankieta_beneficjenta_2023-2027_FEM_P.1.6._dz.7.6. typ A i typ C EFRR_ <\/a>15.10.2025r.<\/p>\n<p>*<\/p>\n<p><span style=\"text-decoration: underline;\"><strong>6.22 Wsparcie us\u0142ug spo\u0142ecznych i zdrowotnych w regionie \u2013 RLKS <\/strong><\/span><\/p>\n<p><span style=\"text-decoration: underline;\"><strong>Typ projektu:<\/strong> <strong>A. Tworzenie nowych oraz rozw\u00f3j ju\u017c istniej\u0105cych plac\u00f3wek wsparcia dziennego dla dzieci i m\u0142odzie\u017cy<\/strong><\/span><\/p>\n<p><strong>FEM na lata 2021-2027; zakres EFS+<\/strong><\/p>\n<p><a role=\"link\" href=\"https:\/\/przyjaznadolinaraby.info\/nowaperspektywa\/wp-content\/uploads\/2026\/02\/Ankieta_beneficjenta_2023-2027_P.2.6._dz.6.22-typ-A.docx\">Ankieta_beneficjenta_2023-2027_P.2.6._dz.6.22 typ A\u00a0<\/a>1 1.02.2026<\/p>\n<p>*<\/p>\n","protected":false},"excerpt":{"rendered":"<p>Start i Rozw\u00f3j DG: Ankieta-dla-beneficjentow-2023-2027-Start-i-Rozwoj-DG\u00a0\u00a0 19.05.2025r. * Poprawa dost\u0119pu do ma\u0142ej infrastruktury publicznej: Ankieta-dla-beneficjentow-2023-2027-poprawa dost\u0119pu do ma\u0142ej infrastruktury publicznej 15.09.2025r. * 7.6 RLKS \u2013 Wsparcie oddolnych inicjatyw na obszarach wiejskich, Typ A.\u202f Infrastruktura kultury, typ C. Oferta turystyczna. FEM na lata 2021-2027; zakres EFRR Ankieta_beneficjenta_2023-2027_FEM_P.1.6._dz.7.6. typ A i typ C EFRR_ 15.10.2025r. * 6.22 Wsparcie <a href=\"https:\/\/przyjaznadolinaraby.info\/nowaperspektywa\/wsparcie-ngo\/\" class=\"more-link\">&#8230;<span class=\"screen-reader-text\">  Ankiety monitoruj\u0105ce dla beneficjent\u00f3w 2024-2029<\/span><\/a><\/p>\n","protected":false},"author":6,"featured_media":0,"parent":0,"menu_order":0,"comment_status":"closed","ping_status":"closed","template":"","meta":{"_monsterinsights_skip_tracking":false,"_monsterinsights_sitenote_active":false,"_monsterinsights_sitenote_note":"","_monsterinsights_sitenote_category":0,"footnotes":""},"tags":[],"acf":[],"_links":{"self":[{"href":"https:\/\/przyjaznadolinaraby.info\/nowaperspektywa\/wp-json\/wp\/v2\/pages\/11583"}],"collection":[{"href":"https:\/\/przyjaznadolinaraby.info\/nowaperspektywa\/wp-json\/wp\/v2\/pages"}],"about":[{"href":"https:\/\/przyjaznadolinaraby.info\/nowaperspektywa\/wp-json\/wp\/v2\/types\/page"}],"author":[{"embeddable":true,"href":"https:\/\/przyjaznadolinaraby.info\/nowaperspektywa\/wp-json\/wp\/v2\/users\/6"}],"replies":[{"embeddable":true,"href":"https:\/\/przyjaznadolinaraby.info\/nowaperspektywa\/wp-json\/wp\/v2\/comments?post=11583"}],"version-history":[{"count":9,"href":"https:\/\/przyjaznadolinaraby.info\/nowaperspektywa\/wp-json\/wp\/v2\/pages\/11583\/revisions"}],"predecessor-version":[{"id":12785,"href":"https:\/\/przyjaznadolinaraby.info\/nowaperspektywa\/wp-json\/wp\/v2\/pages\/11583\/revisions\/12785"}],"wp:attachment":[{"href":"https:\/\/przyjaznadolinaraby.info\/nowaperspektywa\/wp-json\/wp\/v2\/media?parent=11583"}],"wp:term":[{"taxonomy":"post_tag","embeddable":true,"href":"https:\/\/przyjaznadolinaraby.info\/nowaperspektywa\/wp-json\/wp\/v2\/tags?post=11583"}],"curies":[{"name":"wp","href":"https:\/\/api.w.org\/{rel}","templated":true}]}}