{"id":11596,"date":"2025-01-15T10:50:26","date_gmt":"2025-01-15T09:50:26","guid":{"rendered":"https:\/\/przyjaznadolinaraby.info\/nowaperspektywa\/?page_id=11596"},"modified":"2026-03-31T09:33:23","modified_gmt":"2026-03-31T07:33:23","slug":"ogloszenia-o-naborze","status":"publish","type":"page","link":"https:\/\/przyjaznadolinaraby.info\/nowaperspektywa\/ogloszenia-o-naborze\/","title":{"rendered":"Og\u0142oszenia o naborze"},"content":{"rendered":"<p><a href=\"https:\/\/przyjaznadolinaraby.info\/nowaperspektywa\/ogloszenie-o-naborze-wnioskow-nr-femp-06-22-iz-00-013-26\/\">OG\u0141OSZENIE O NABORZE WNIOSK\u00d3W NR FEMP.06.22-IZ.00-013\/26 |<\/a><\/p>\n<p>Data rozpocz\u0119cia naboru: 16.02.2026 r<\/p>\n<p>Data zako\u0144czenia naboru: 30.04.2026 r. do godz. 15:00<\/p>\n<blockquote class=\"wp-embedded-content\" data-secret=\"JPC7zGqbJF\"><p><a href=\"https:\/\/przyjaznadolinaraby.info\/nowaperspektywa\/ogloszenie-o-naborze-wnioskow-nr-femp-06-22-iz-00-013-26\/\">OG\u0141OSZENIE O NABORZE WNIOSK\u00d3W NR FEMP.06.22-IZ.00-013\/26<\/a><\/p><\/blockquote>\n<p><iframe class=\"wp-embedded-content\" sandbox=\"allow-scripts\" security=\"restricted\" style=\"position: absolute; clip: rect(1px, 1px, 1px, 1px);\" title=\"&#8222;OG\u0141OSZENIE O NABORZE WNIOSK\u00d3W NR FEMP.06.22-IZ.00-013\/26&#8221; &#8212; Stowarzyszenie Przyjazna Dolina Raby i Czarnej Orawy\" src=\"https:\/\/przyjaznadolinaraby.info\/nowaperspektywa\/ogloszenie-o-naborze-wnioskow-nr-femp-06-22-iz-00-013-26\/embed\/#?secret=SbZnH12FpN#?secret=JPC7zGqbJF\" data-secret=\"JPC7zGqbJF\" width=\"600\" height=\"338\" frameborder=\"0\" marginwidth=\"0\" marginheight=\"0\" scrolling=\"no\"><\/iframe><\/p>\n<p>&nbsp;<\/p>\n<p><a href=\"https:\/\/przyjaznadolinaraby.info\/nowaperspektywa\/ogloszenie-o-naborze-wnioskow-nr-femp-07-06-iz-00-086-25\/\">OG\u0141OSZENIE O NABORZE WNIOSK\u00d3W NR FEMP.07.06-IZ.00-086\/25 <\/a><\/p>\n<p>Data rozpocz\u0119cia naboru: 20.10.2025 r.<\/p>\n<p>Data zako\u0144czenia naboru: 30.01.2026 r. do godz. 15:00<\/p>\n<blockquote class=\"wp-embedded-content\" data-secret=\"WQer9hEHWu\"><p><a href=\"https:\/\/przyjaznadolinaraby.info\/nowaperspektywa\/ogloszenie-o-naborze-wnioskow-nr-femp-07-06-iz-00-086-25\/\">OG\u0141OSZENIE O NABORZE WNIOSK\u00d3W  NR FEMP.07.06-IZ.00-086\/25<\/a><\/p><\/blockquote>\n<p><iframe class=\"wp-embedded-content\" sandbox=\"allow-scripts\" security=\"restricted\" style=\"position: absolute; clip: rect(1px, 1px, 1px, 1px);\" title=\"&#8222;OG\u0141OSZENIE O NABORZE WNIOSK\u00d3W  NR FEMP.07.06-IZ.00-086\/25&#8221; &#8212; Stowarzyszenie Przyjazna Dolina Raby i Czarnej Orawy\" src=\"https:\/\/przyjaznadolinaraby.info\/nowaperspektywa\/ogloszenie-o-naborze-wnioskow-nr-femp-07-06-iz-00-086-25\/embed\/#?secret=zslSwFFDMg#?secret=WQer9hEHWu\" data-secret=\"WQer9hEHWu\" width=\"600\" height=\"338\" frameborder=\"0\" marginwidth=\"0\" marginheight=\"0\" scrolling=\"no\"><\/iframe><\/p>\n<p>&nbsp;<\/p>\n<p><a href=\"https:\/\/przyjaznadolinaraby.info\/nowaperspektywa\/ogloszenie-o-naborze-wnioskow-nr-541490-poprawa-dostepu-do-malej-infrastruktury-publicznej\/\">OG\u0141OSZENIE O NABORZE WNIOSK\u00d3W NR 541490 POPRAWA DOST\u0118PU DO MA\u0141EJ INFRASTRUKTURY PUBLICZNEJ<\/a><\/p>\n<p>termin: od\u00a0<strong>29.09.2025 r. do 13.10.2025 r.<\/strong><\/p>\n<blockquote class=\"wp-embedded-content\" data-secret=\"eRnc17iFuM\"><p><a href=\"https:\/\/przyjaznadolinaraby.info\/nowaperspektywa\/ogloszenie-o-naborze-wnioskow-nr-541490-poprawa-dostepu-do-malej-infrastruktury-publicznej\/\">OG\u0141OSZENIE O NABORZE WNIOSK\u00d3W NR 541490 POPRAWA DOST\u0118PU DO MA\u0141EJ INFRASTRUKTURY PUBLICZNEJ<\/a><\/p><\/blockquote>\n<p><iframe class=\"wp-embedded-content\" sandbox=\"allow-scripts\" security=\"restricted\" style=\"position: absolute; clip: rect(1px, 1px, 1px, 1px);\" title=\"&#8222;OG\u0141OSZENIE O NABORZE WNIOSK\u00d3W NR 541490 POPRAWA DOST\u0118PU DO MA\u0141EJ INFRASTRUKTURY PUBLICZNEJ&#8221; &#8212; Stowarzyszenie Przyjazna Dolina Raby i Czarnej Orawy\" src=\"https:\/\/przyjaznadolinaraby.info\/nowaperspektywa\/ogloszenie-o-naborze-wnioskow-nr-541490-poprawa-dostepu-do-malej-infrastruktury-publicznej\/embed\/#?secret=D5bKvrvURp#?secret=eRnc17iFuM\" data-secret=\"eRnc17iFuM\" width=\"600\" height=\"338\" frameborder=\"0\" marginwidth=\"0\" marginheight=\"0\" scrolling=\"no\"><\/iframe><\/p>\n<p><a href=\"https:\/\/przyjaznadolinaraby.info\/nowaperspektywa\/ogloszenie-o-naborze-wnioskow-nr-443830-2025-rozwoj-przedsiebiorczosci-poprzez-podejmowanie-dzialalnosci-gospodarczej-start-dg\/\"><strong>OG\u0141OSZENIE O NABORZE WNIOSK\u00d3W NR 443830\/2025 Rozw\u00f3j przedsi\u0119biorczo\u015bci poprzez podejmowanie dzia\u0142alno\u015bci gospodarczej (Start DG)<\/strong><\/a><\/p>\n<p>termin: <strong>od\u00a002.06.2025 r. do 16.06.2025 r<\/strong>.<\/p>\n<p>&nbsp;<\/p>\n<blockquote class=\"wp-embedded-content\" data-secret=\"ff2Ej8VVXS\"><p><a href=\"https:\/\/przyjaznadolinaraby.info\/nowaperspektywa\/ogloszenie-o-naborze-wnioskow-nr-443830-2025-rozwoj-przedsiebiorczosci-poprzez-podejmowanie-dzialalnosci-gospodarczej-start-dg\/\">OG\u0141OSZENIE O NABORZE WNIOSK\u00d3W NR 443830\/2025 Rozw\u00f3j przedsi\u0119biorczo\u015bci poprzez podejmowanie dzia\u0142alno\u015bci gospodarczej (Start DG)<\/a><\/p><\/blockquote>\n<p><iframe class=\"wp-embedded-content\" sandbox=\"allow-scripts\" security=\"restricted\" style=\"position: absolute; clip: rect(1px, 1px, 1px, 1px);\" title=\"&#8222;OG\u0141OSZENIE O NABORZE WNIOSK\u00d3W NR 443830\/2025 Rozw\u00f3j przedsi\u0119biorczo\u015bci poprzez podejmowanie dzia\u0142alno\u015bci gospodarczej (Start DG)&#8221; &#8212; Stowarzyszenie Przyjazna Dolina Raby i Czarnej Orawy\" src=\"https:\/\/przyjaznadolinaraby.info\/nowaperspektywa\/ogloszenie-o-naborze-wnioskow-nr-443830-2025-rozwoj-przedsiebiorczosci-poprzez-podejmowanie-dzialalnosci-gospodarczej-start-dg\/embed\/#?secret=4uVLD9Epwy#?secret=ff2Ej8VVXS\" data-secret=\"ff2Ej8VVXS\" width=\"600\" height=\"338\" frameborder=\"0\" marginwidth=\"0\" marginheight=\"0\" scrolling=\"no\"><\/iframe><\/p>\n<p>&nbsp;<\/p>\n<p><strong><a href=\"https:\/\/przyjaznadolinaraby.info\/nowaperspektywa\/ogloszenie-o-naborze-wnioskow-nr-443833-2025-rozwoj-przedsiebiorczosci-poprzez-rozwijanie-pozarolniczej-dzialalnosci-gospodarczej-rozwoj-dg\/\">OG\u0141OSZENIE O NABORZE WNIOSK\u00d3W NR 443833\/2025 Rozw\u00f3j przedsi\u0119biorczo\u015bci poprzez rozwijanie pozarolniczej dzia\u0142alno\u015bci gospodarczej (Rozw\u00f3j DG)<\/a><\/strong><\/p>\n<p>termin: <strong>od\u00a002.06.2025 r. do 16.06.2025 r<\/strong>.<\/p>\n<blockquote class=\"wp-embedded-content\" data-secret=\"jgDeKyEbzc\"><p><a href=\"https:\/\/przyjaznadolinaraby.info\/nowaperspektywa\/ogloszenie-o-naborze-wnioskow-nr-443833-2025-rozwoj-przedsiebiorczosci-poprzez-rozwijanie-pozarolniczej-dzialalnosci-gospodarczej-rozwoj-dg\/\">OG\u0141OSZENIE O NABORZE WNIOSK\u00d3W NR 443833\/2025 Rozw\u00f3j przedsi\u0119biorczo\u015bci poprzez rozwijanie pozarolniczej dzia\u0142alno\u015bci gospodarczej (Rozw\u00f3j DG)<\/a><\/p><\/blockquote>\n<p><iframe class=\"wp-embedded-content\" sandbox=\"allow-scripts\" security=\"restricted\" style=\"position: absolute; clip: rect(1px, 1px, 1px, 1px);\" title=\"&#8222;OG\u0141OSZENIE O NABORZE WNIOSK\u00d3W NR 443833\/2025 Rozw\u00f3j przedsi\u0119biorczo\u015bci poprzez rozwijanie pozarolniczej dzia\u0142alno\u015bci gospodarczej (Rozw\u00f3j DG)&#8221; &#8212; Stowarzyszenie Przyjazna Dolina Raby i Czarnej Orawy\" src=\"https:\/\/przyjaznadolinaraby.info\/nowaperspektywa\/ogloszenie-o-naborze-wnioskow-nr-443833-2025-rozwoj-przedsiebiorczosci-poprzez-rozwijanie-pozarolniczej-dzialalnosci-gospodarczej-rozwoj-dg\/embed\/#?secret=S6PoMDCi5t#?secret=jgDeKyEbzc\" data-secret=\"jgDeKyEbzc\" width=\"600\" height=\"338\" frameborder=\"0\" marginwidth=\"0\" marginheight=\"0\" scrolling=\"no\"><\/iframe><\/p>\n<p>&nbsp;<\/p>\n<p>&nbsp;<\/p>\n<p>&nbsp;<\/p>\n<p>&nbsp;<\/p>\n","protected":false},"excerpt":{"rendered":"<p>OG\u0141OSZENIE O NABORZE WNIOSK\u00d3W NR FEMP.06.22-IZ.00-013\/26 | Data rozpocz\u0119cia naboru: 16.02.2026 r Data zako\u0144czenia naboru: 30.04.2026 r. do godz. 15:00 OG\u0141OSZENIE O NABORZE WNIOSK\u00d3W NR FEMP.06.22-IZ.00-013\/26 &nbsp; OG\u0141OSZENIE O NABORZE WNIOSK\u00d3W NR FEMP.07.06-IZ.00-086\/25 Data rozpocz\u0119cia naboru: 20.10.2025 r. Data zako\u0144czenia naboru: 30.01.2026 r. do godz. 15:00 OG\u0141OSZENIE O NABORZE WNIOSK\u00d3W NR FEMP.07.06-IZ.00-086\/25 &nbsp; OG\u0141OSZENIE O <a href=\"https:\/\/przyjaznadolinaraby.info\/nowaperspektywa\/ogloszenia-o-naborze\/\" class=\"more-link\">&#8230;<span class=\"screen-reader-text\">  Og\u0142oszenia o naborze<\/span><\/a><\/p>\n","protected":false},"author":6,"featured_media":0,"parent":0,"menu_order":0,"comment_status":"closed","ping_status":"closed","template":"","meta":{"_monsterinsights_skip_tracking":false,"_monsterinsights_sitenote_active":false,"_monsterinsights_sitenote_note":"","_monsterinsights_sitenote_category":0,"footnotes":""},"tags":[],"acf":[],"_links":{"self":[{"href":"https:\/\/przyjaznadolinaraby.info\/nowaperspektywa\/wp-json\/wp\/v2\/pages\/11596"}],"collection":[{"href":"https:\/\/przyjaznadolinaraby.info\/nowaperspektywa\/wp-json\/wp\/v2\/pages"}],"about":[{"href":"https:\/\/przyjaznadolinaraby.info\/nowaperspektywa\/wp-json\/wp\/v2\/types\/page"}],"author":[{"embeddable":true,"href":"https:\/\/przyjaznadolinaraby.info\/nowaperspektywa\/wp-json\/wp\/v2\/users\/6"}],"replies":[{"embeddable":true,"href":"https:\/\/przyjaznadolinaraby.info\/nowaperspektywa\/wp-json\/wp\/v2\/comments?post=11596"}],"version-history":[{"count":9,"href":"https:\/\/przyjaznadolinaraby.info\/nowaperspektywa\/wp-json\/wp\/v2\/pages\/11596\/revisions"}],"predecessor-version":[{"id":12839,"href":"https:\/\/przyjaznadolinaraby.info\/nowaperspektywa\/wp-json\/wp\/v2\/pages\/11596\/revisions\/12839"}],"wp:attachment":[{"href":"https:\/\/przyjaznadolinaraby.info\/nowaperspektywa\/wp-json\/wp\/v2\/media?parent=11596"}],"wp:term":[{"taxonomy":"post_tag","embeddable":true,"href":"https:\/\/przyjaznadolinaraby.info\/nowaperspektywa\/wp-json\/wp\/v2\/tags?post=11596"}],"curies":[{"name":"wp","href":"https:\/\/api.w.org\/{rel}","templated":true}]}}