{"id":11601,"date":"2025-01-15T14:14:41","date_gmt":"2025-01-15T13:14:41","guid":{"rendered":"https:\/\/przyjaznadolinaraby.info\/nowaperspektywa\/?page_id=11601"},"modified":"2025-03-03T13:13:33","modified_gmt":"2025-03-03T12:13:33","slug":"kody-pkd","status":"publish","type":"page","link":"https:\/\/przyjaznadolinaraby.info\/nowaperspektywa\/kody-pkd\/","title":{"rendered":"Kody PKD"},"content":{"rendered":"<p>Wsparcie mo\u017ce zosta\u0107 udzielone na rozpocz\u0119cie lub rozw\u00f3j r\u00f3\u017cnego rodzaju dzia\u0142alno\u015bci gospodarczej, o ile wpisuje si\u0119 ona w <strong>cele<\/strong> okre\u015blone w LSR oraz <strong>wskazane tam kody PKD<\/strong>*(<strong>UWAGA:<\/strong> 18 grudnia Rada Ministr\u00f3w przyj\u0119\u0142a nowe rozporz\u0105dzenie dotycz\u0105ce Polskiej Klasyfikacji Dzia\u0142alno\u015bci (PKD). Polska Klasyfikacja Dzia\u0142alno\u015bci 2025 zmiany obowi\u0105zuj\u0105 od 1 stycznia 2025 r. <strong>W zwi\u0105zku z wprowadzonymi zmianami nast\u0105pi\u0142a aktualizacja poni\u017cszych kod\u00f3w PKD<\/strong> ).<\/p>\n<p><strong>CEL LSR 1\u00a0<\/strong><\/p>\n<div><strong>Zbudowanie oferty mo\u017cliwo\u015bci rozwoju\u00a0i zagospodarowania czasu wolnego\u00a0<\/strong><\/div>\n<p>&nbsp;<\/p>\n<p><strong>Podmioty z bran\u017cy turystycznej rozumiane b\u0119d\u0105 poprzez ich identyfikacj\u0119 wg Schematu Identyfikacji PKD:<\/strong><\/p>\n<p>\uf0b7 sekcja I &#8211; dzia\u0142 55<strong> &#8211; <\/strong>Zakwaterowanie<\/p>\n<p>\uf0b7 sekcja O \u2013 klasa 77.21 Wypo\u017cyczenie i dzier\u017cawa sprz\u0119tu rekreacyjnego i sportowego<\/p>\n<p>\uf0b7 sekcja O \u2013 dzia\u0142 79 Dzia\u0142alno\u015b\u0107 organizator\u00f3w turystyki, agent\u00f3w turystycznych oraz pozosta\u0142a dzia\u0142alno\u015b\u0107 us\u0142ugowa w zakresie rezerwacji i dzia\u0142alno\u015bci z ni\u0105 zwi\u0105zane;<\/p>\n<p><strong>\u00a0<\/strong><\/p>\n<p><strong>Podmioty z bran\u017cy oko\u0142oturystycznej oraz zwi\u0105zane z us\u0142ugami zagospodarowania czasu wolnego rozumiane b\u0119d\u0105 poprzez ich identyfikacj\u0119 wg Schematu Identyfikacji PKD:<\/strong><\/p>\n<p>\uf0b7 sekcja C \u2013 Grupa 10.1 &#8211; Przetwarzanie i konserwowanie mi\u0119sa oraz produkcja wyrob\u00f3w z mi\u0119sa<\/p>\n<p>\uf0b7 sekcja C \u2013 Grupa 10.3 &#8211; Przetwarzanie i konserwowanie owoc\u00f3w i warzyw<\/p>\n<p>\uf0b7 sekcja C \u2013 Grupa 10.5 &#8211; Wytwarzanie wyrob\u00f3w mleczarskich i lod\u00f3w jadalnych<\/p>\n<p>\uf0b7 sekcja C \u2013 Grupa 10.7 &#8211; Produkcja wyrob\u00f3w piekarniczych i m\u0105cznych<\/p>\n<p>\uf0b7 sekcja C \u2013 Grupa 10.8 &#8211; Produkcja pozosta\u0142ych artyku\u0142\u00f3w spo\u017cywczych<\/p>\n<p>\uf0b7 sekcja C \u2013 Dzia\u0142 11 &#8211; Produkcja napoj\u00f3w<\/p>\n<p>\uf0b7 sekcja C \u2013 Dzia\u0142 13 &#8211; Produkcja wyrob\u00f3w tekstylnych<\/p>\n<p>\uf0b7 sekcja C \u2013 Dzia\u0142 14 &#8211; Produkcja odzie\u017cy<\/p>\n<p>\uf0b7 sekcja C \u2013 Dzia\u0142 15 &#8211; Produkcja sk\u00f3r i wyrob\u00f3w ze sk\u00f3r wyprawionych, produkcja podobnych wyrob\u00f3w z innych materia\u0142\u00f3w<\/p>\n<p>\uf0b7 sekcja G \u2013 klasa 46.24 Sprzeda\u017c hurtowa sk\u00f3r<\/p>\n<p>\uf0b7 sekcja G \u2013 grupa 46.3 Sprzeda\u017c hurtowa \u017cywno\u015bci, napoj\u00f3w i wyrob\u00f3w tytoniowych<\/p>\n<p>\uf0b7 sekcja G \u2013klasa 46.41 Sprzeda\u017c hurtowa wyrob\u00f3w tekstylnych<\/p>\n<p>\uf0b7 sekcja G \u2013klasa 46.42 Sprzeda\u017c hurtowa odzie\u017cy i obuwia<\/p>\n<p>\uf0b7 sekcja G \u2013klasa 47.11 Sprzeda\u017c detaliczna niewyspecjalizowana z przewag\u0105 \u017cywno\u015bci, napoj\u00f3w lub wyrob\u00f3w tytoniowych<\/p>\n<p>\uf0b7 sekcja G \u2013grupa 47.2 &#8211; Sprzeda\u017c detaliczna \u017cywno\u015bci, napoj\u00f3w i wyrob\u00f3w tytoniowych<\/p>\n<p>\uf0b7 sekcja G \u2013 klasa 47.51 sprzeda\u017c detaliczna wyrob\u00f3w tekstylnych<\/p>\n<p>\uf0b7 sekcja G \u2013 grupa 47.6 sprzeda\u017c detaliczna wyrob\u00f3w zwi\u0105zanych z kultur\u0105 i rekreacj\u0105<\/p>\n<p>\uf0b7 sekcja G \u2013klasa 47.71 sprzeda\u017c detaliczna odzie\u017cy<\/p>\n<p>\uf0b7 sekcja G \u2013klasa 47.72 sprzeda\u017c detaliczna obuwia i wyrob\u00f3w sk\u00f3rzanych<\/p>\n<p>\uf0b7 sekcja G \u2013klasa 47.78 Sprzeda\u017c detaliczna pozosta\u0142ych nowych wyrob\u00f3w<\/p>\n<p>\uf0b7 sekcja H \u2013klasa 49.32 Transport drogowy pasa\u017cerski inny ni\u017c rozk\u0142adowy<\/p>\n<p>\uf0b7 sekcja H \u2013klasa 49.34 Transport pasa\u017cerski kolejami linowymi i wyci\u0105gami narciarskimi<\/p>\n<p>\uf0b7 sekcja H \u2013klasa 49.39 Pozosta\u0142y transport l\u0105dowy pasa\u017cerski, gdzie indziej niesklasyfikowany<\/p>\n<p>\uf0b7 sekcja H \u2013klasa 51.10 Transport lotniczy pasa\u017cerski<\/p>\n<p>\uf0b7 sekcja I \u2013 dzia\u0142 56 dzia\u0142alno\u015b\u0107 us\u0142ugowa zwi\u0105zana z wy\u017cywieniem<\/p>\n<p>\uf0b7 sekcja J &#8211; klasa 58.29 Dzia\u0142alno\u015b\u0107 wydawnicza w zakresie pozosta\u0142ego oprogramowania<\/p>\n<p>\uf0b7 sekcja J &#8211; dzia\u0142 59 Dzia\u0142alno\u015b\u0107 zwi\u0105zana z produkcj\u0105 film\u00f3w, nagra\u0144 wideo, program\u00f3w telewizyjnych, nagra\u0144 d\u017awi\u0119kowych i muzycznych<\/p>\n<p>\uf0b7 sekcja K &#8211; podklasa 62.10.B Pozosta\u0142a dzia\u0142alno\u015b\u0107 w zakresie programowania<\/p>\n<p>\uf0b7 sekcja N \u2013 klasa 70.20 Doradztwo w zakresie prowadzenia dzia\u0142alno\u015bci gospodarczej i pozosta\u0142e doradztwo w zakresie zarz\u0105dzania<\/p>\n<p>\uf0b7 sekcja N- klasa 73.11 Dzia\u0142alno\u015b\u0107 agencji reklamowych<\/p>\n<p>\uf0b7 sekcja N- klasa 74.20 Dzia\u0142alno\u015b\u0107 fotograficzna<\/p>\n<p>\uf0b7 sekcja O \u2013 Grupa 77.1 Wynajem i dzier\u017cawa pojazd\u00f3w silnikowych<\/p>\n<p>\uf0b7\u00a0 sekcja O \u2013 klasa 77.39 Wynajem i dzier\u017cawa pozosta\u0142ych maszyn, urz\u0105dze\u0144 oraz d\u00f3br materialnych , gdzie indziej niesklasyfikowane<\/p>\n<p>\uf0b7 sekcja O \u2013 dzia\u0142 81 Dzia\u0142alno\u015b\u0107 us\u0142ugowa zwi\u0105zana z utrzymaniem porz\u0105dku w budynkach i zagospodarowaniem teren\u00f3w zieleni<\/p>\n<p>\uf0b7 sekcja Q \u2013 grupa 85.5 &#8211; Pozosta\u0142e formy edukacji<\/p>\n<p>\uf0b7 sekcja R &#8211; klasa 86.95 \u00a0Dzia\u0142alno\u015b\u0107 w zakresie fizjoterapii<\/p>\n<p>\uf0b7 sekcja S \u2013 dzia\u0142 90 Dzia\u0142alno\u015b\u0107 tw\u00f3rcza i dzia\u0142alno\u015b\u0107 zwi\u0105zana z wystawianiem przedstawie\u0144 artystycznych<\/p>\n<p>\uf0b7 sekcja S \u2013 dzia\u0142 91 Dzia\u0142alno\u015b\u0107 bibliotek, archiw\u00f3w, muze\u00f3w oraz pozosta\u0142a dzia\u0142alno\u015b\u0107 zwi\u0105zana z kultur\u0105<\/p>\n<p>\uf0b7 sekcja S \u2013 dzia\u0142 93 Dzia\u0142alno\u015b\u0107 sportowa, rozrywkowa i rekreacyjna<\/p>\n<p>\uf0b7 sekcja T \u2013 grupa 96.2 Dzia\u0142alno\u015b\u0107 w zakresie us\u0142ug fryzjerskich, piel\u0119gnacji urody, spa i podobnych<\/p>\n<p>\uf0b7 sekcja T \u2013 klasa 96.99 Pozosta\u0142a dzia\u0142alno\u015b\u0107 us\u0142ugowa, gdzie indziej niesklasyfikowana<\/p>\n","protected":false},"excerpt":{"rendered":"<p>Wsparcie mo\u017ce zosta\u0107 udzielone na rozpocz\u0119cie lub rozw\u00f3j r\u00f3\u017cnego rodzaju dzia\u0142alno\u015bci gospodarczej, o ile wpisuje si\u0119 ona w cele okre\u015blone w LSR oraz wskazane tam kody PKD*(UWAGA: 18 grudnia Rada Ministr\u00f3w przyj\u0119\u0142a nowe rozporz\u0105dzenie dotycz\u0105ce Polskiej Klasyfikacji Dzia\u0142alno\u015bci (PKD). Polska Klasyfikacja Dzia\u0142alno\u015bci 2025 zmiany obowi\u0105zuj\u0105 od 1 stycznia 2025 r. W zwi\u0105zku z wprowadzonymi zmianami <a href=\"https:\/\/przyjaznadolinaraby.info\/nowaperspektywa\/kody-pkd\/\" class=\"more-link\">&#8230;<span class=\"screen-reader-text\">  Kody PKD<\/span><\/a><\/p>\n","protected":false},"author":6,"featured_media":0,"parent":0,"menu_order":0,"comment_status":"closed","ping_status":"closed","template":"","meta":{"_monsterinsights_skip_tracking":false,"_monsterinsights_sitenote_active":false,"_monsterinsights_sitenote_note":"","_monsterinsights_sitenote_category":0,"footnotes":""},"tags":[],"acf":[],"_links":{"self":[{"href":"https:\/\/przyjaznadolinaraby.info\/nowaperspektywa\/wp-json\/wp\/v2\/pages\/11601"}],"collection":[{"href":"https:\/\/przyjaznadolinaraby.info\/nowaperspektywa\/wp-json\/wp\/v2\/pages"}],"about":[{"href":"https:\/\/przyjaznadolinaraby.info\/nowaperspektywa\/wp-json\/wp\/v2\/types\/page"}],"author":[{"embeddable":true,"href":"https:\/\/przyjaznadolinaraby.info\/nowaperspektywa\/wp-json\/wp\/v2\/users\/6"}],"replies":[{"embeddable":true,"href":"https:\/\/przyjaznadolinaraby.info\/nowaperspektywa\/wp-json\/wp\/v2\/comments?post=11601"}],"version-history":[{"count":5,"href":"https:\/\/przyjaznadolinaraby.info\/nowaperspektywa\/wp-json\/wp\/v2\/pages\/11601\/revisions"}],"predecessor-version":[{"id":11676,"href":"https:\/\/przyjaznadolinaraby.info\/nowaperspektywa\/wp-json\/wp\/v2\/pages\/11601\/revisions\/11676"}],"wp:attachment":[{"href":"https:\/\/przyjaznadolinaraby.info\/nowaperspektywa\/wp-json\/wp\/v2\/media?parent=11601"}],"wp:term":[{"taxonomy":"post_tag","embeddable":true,"href":"https:\/\/przyjaznadolinaraby.info\/nowaperspektywa\/wp-json\/wp\/v2\/tags?post=11601"}],"curies":[{"name":"wp","href":"https:\/\/api.w.org\/{rel}","templated":true}]}}