{"id":11608,"date":"2025-01-15T14:57:43","date_gmt":"2025-01-15T13:57:43","guid":{"rendered":"https:\/\/przyjaznadolinaraby.info\/nowaperspektywa\/?page_id=11608"},"modified":"2025-01-15T14:59:04","modified_gmt":"2025-01-15T13:59:04","slug":"nabory-3","status":"publish","type":"page","link":"https:\/\/przyjaznadolinaraby.info\/nowaperspektywa\/nabory-3\/","title":{"rendered":"NABORY"},"content":{"rendered":"<p><a href=\"https:\/\/przyjaznadolinaraby.info\/nowaperspektywa\/ogloszenia-o-naborze\/\"><span style=\"text-decoration: underline;\"><strong>OG\u0141OSZENIA O NABORZE WNIOSK\u00d3W<\/strong><\/span><\/a><\/p>\n<p>*<\/p>\n<p><a href=\"https:\/\/przyjaznadolinaraby.info\/nowaperspektywa\/wyniki-naborow\"><span style=\"text-decoration: underline;\"><strong>WYNIKI NABOR\u00d3W<\/strong><\/span><\/a><\/p>\n<p>&nbsp;<\/p>\n","protected":false},"excerpt":{"rendered":"<p>OG\u0141OSZENIA O NABORZE WNIOSK\u00d3W * WYNIKI NABOR\u00d3W &nbsp;<\/p>\n","protected":false},"author":6,"featured_media":0,"parent":0,"menu_order":0,"comment_status":"closed","ping_status":"closed","template":"","meta":{"_monsterinsights_skip_tracking":false,"_monsterinsights_sitenote_active":false,"_monsterinsights_sitenote_note":"","_monsterinsights_sitenote_category":0,"footnotes":""},"tags":[],"acf":[],"_links":{"self":[{"href":"https:\/\/przyjaznadolinaraby.info\/nowaperspektywa\/wp-json\/wp\/v2\/pages\/11608"}],"collection":[{"href":"https:\/\/przyjaznadolinaraby.info\/nowaperspektywa\/wp-json\/wp\/v2\/pages"}],"about":[{"href":"https:\/\/przyjaznadolinaraby.info\/nowaperspektywa\/wp-json\/wp\/v2\/types\/page"}],"author":[{"embeddable":true,"href":"https:\/\/przyjaznadolinaraby.info\/nowaperspektywa\/wp-json\/wp\/v2\/users\/6"}],"replies":[{"embeddable":true,"href":"https:\/\/przyjaznadolinaraby.info\/nowaperspektywa\/wp-json\/wp\/v2\/comments?post=11608"}],"version-history":[{"count":3,"href":"https:\/\/przyjaznadolinaraby.info\/nowaperspektywa\/wp-json\/wp\/v2\/pages\/11608\/revisions"}],"predecessor-version":[{"id":11611,"href":"https:\/\/przyjaznadolinaraby.info\/nowaperspektywa\/wp-json\/wp\/v2\/pages\/11608\/revisions\/11611"}],"wp:attachment":[{"href":"https:\/\/przyjaznadolinaraby.info\/nowaperspektywa\/wp-json\/wp\/v2\/media?parent=11608"}],"wp:term":[{"taxonomy":"post_tag","embeddable":true,"href":"https:\/\/przyjaznadolinaraby.info\/nowaperspektywa\/wp-json\/wp\/v2\/tags?post=11608"}],"curies":[{"name":"wp","href":"https:\/\/api.w.org\/{rel}","templated":true}]}}