{"id":11614,"date":"2025-01-15T15:04:39","date_gmt":"2025-01-15T14:04:39","guid":{"rendered":"https:\/\/przyjaznadolinaraby.info\/nowaperspektywa\/?page_id=11614"},"modified":"2025-01-15T15:04:39","modified_gmt":"2025-01-15T14:04:39","slug":"kwalifikowalnosc-kosztow","status":"publish","type":"page","link":"https:\/\/przyjaznadolinaraby.info\/nowaperspektywa\/kwalifikowalnosc-kosztow\/","title":{"rendered":"Kwalifikowalno\u015b\u0107 koszt\u00f3w"},"content":{"rendered":"<p><strong>Zasady kwalifikowalno\u015bci koszt\u00f3w PS WPR<\/strong><\/p>\n<p><strong>Og\u00f3lne zasady kwalifikowalno\u015bci<\/strong><\/p>\n<p>W zakresie inwestycji realizowanych w ramach art. 73 i art. 77 rozporz\u0105dzenia2021\/2115 finansowanych w formie dotacji, do koszt\u00f3w kwalifikowalnych zalicza si\u0119 w szczeg\u00f3lno\u015bci koszty:<\/p>\n<ul>\n<li>transportu do miejsca realizacji operacji materia\u0142\u00f3w s\u0142u\u017c\u0105cych realizacji operacji oraz maszyn<br \/>\ni urz\u0105dze\u0144 obj\u0119tych operacj\u0105, a tak\u017ce koszty monta\u017cu;<\/li>\n<li>rozbi\u00f3rki i utylizacji materia\u0142\u00f3w szkodliwych pochodz\u0105cych z rozbi\u00f3rki pod warunkiem, \u017ce rozbi\u00f3rka jest niezb\u0119dna w celu realizacji operacji.<\/li>\n<\/ul>\n<p>Do koszt\u00f3w og\u00f3lnych zalicza si\u0119 w szczeg\u00f3lno\u015bci koszty:<\/p>\n<ul>\n<li>przygotowania dokumentacji technicznej operacji, w tym kosztorys\u00f3w inwestorskich, projekt\u00f3w budowlanych, wypis\u00f3w i wyrys\u00f3w z ewidencji grunt\u00f3w i budynk\u00f3w, projektu OZE (odnawialne \u017ar\u00f3d\u0142a energii) i termomodernizacji oraz audytu energetycznego;<\/li>\n<li>sprawowania nadzoru inwestorskiego lub autorskiego;<\/li>\n<li>zwi\u0105zane z kierowaniem robotami budowlanymi.<\/li>\n<\/ul>\n<p>W przypadku gdy pomoc dotyczy zakupu nowych pojazd\u00f3w, nowym pojazdem, zgodnie z przepisami prawa o ruchu drogowym, jest to pojazd fabrycznie nowy, kt\u00f3ry nie by\u0142 zarejestrowany.<\/p>\n<p>Nie s\u0105 wspierane operacje\/inwestycje, kt\u00f3re zosta\u0142y fizycznie uko\u0144czone lub w pe\u0142ni zrealizowane przed z\u0142o\u017ceniem wniosku o przyznanie pomocy, o ile wytyczne szczeg\u00f3\u0142owe nie stanowi\u0105 inaczej.<\/p>\n<p>Nie s\u0105 wspierane operacje\/inwestycje, kt\u00f3re maj\u0105 charakter odtworzeniowy.<\/p>\n<p><strong>Koszty niekwalifikowalne<\/strong><\/p>\n<p>W zakresie inwestycji realizowanych w ramach art. 73 i art. 77 rozporz\u0105dzenia 2021\/2015, finansowanych w formie dotacji, za inwestycje niekwalifikuj\u0105ce si\u0119 do przyznania pomocy uznaje si\u0119 w szczeg\u00f3lno\u015bci:<\/p>\n<ul>\n<li>koszty poniesione przed dniem, w kt\u00f3rym zosta\u0142 z\u0142o\u017cony wniosek o przyznanie pomocy, a w przypadku koszt\u00f3w og\u00f3lnych \u2013 przed dnia 1 stycznia 2023 r.;<\/li>\n<li>koszty og\u00f3lne zwi\u0105zane z operacj\u0105 w cz\u0119\u015bci przekraczaj\u0105cej 10% pozosta\u0142ych koszt\u00f3w kwalifikowalnych;<\/li>\n<li>koszty <strong>remontu budynk\u00f3w lub budowli, je\u015bli nie jest on po\u0142\u0105czony z ich modernizacj\u0105;<\/strong><\/li>\n<li>koszty <strong>zakupu nieruchomo\u015bci;<\/strong><\/li>\n<li>koszty zak\u0142adania sad\u00f3w i plantacji wieloletnich oraz wymiany w nich nasadze\u0144;<\/li>\n<li>koszty leasingu zwrotnego oraz dodatkowe koszty zwi\u0105zane z umow\u0105 leasingu, takie jak mar\u017ca finansuj\u0105cego i ubezpieczenie;<\/li>\n<li>podatek od warto\u015bci dodanej (VAT):<br \/>\n\u2013 w przypadku wnioskodawcy b\u0119d\u0105cego rolnikiem w rozumieniu art. 3 pkt 1 rozporz\u0105dzenia 2021\/2115 uznaje si\u0119, \u017ce VAT jest kosztem niekwalifikowalnym,<br \/>\n\u2013 w przypadku wnioskodawcy b\u0119d\u0105cego osob\u0105 fizyczn\u0105, osob\u0105 prawn\u0105 (w tym r\u00f3wnie\u017c jednostk\u0105 sektora finans\u00f3w publicznych) lub jednostk\u0105 organizacyjn\u0105 nieposiadaj\u0105c\u0105 osobowo\u015bci prawnej nieb\u0119d\u0105cego rolnikiem \u2013 VAT jest kosztem niekwalifikowalnym,<\/li>\n<li>koszt zakupu <strong>u\u017cywanych<\/strong> maszyn, urz\u0105dze\u0144, wyposa\u017cenia, w tym r\u00f3wnie\u017c ich instalacji, z wy\u0142\u0105czeniem eksponat\u00f3w w ramach operacji dotycz\u0105cych dziedzictwa kulturowego;<\/li>\n<li>koszt zakupu zwierz\u0105t, nasion i ich siewu oraz ro\u015blin jednorocznych i ich sadzenia;<\/li>\n<li><strong>koszty zakupu samochod\u00f3w osobowych;<\/strong><\/li>\n<li>koszty rozbudowy infrastruktury 5G i sieci \u015bwiat\u0142owodowej;<\/li>\n<li>koszty inwestycji w nawodnienia w gospodarstwie rolnym oraz zwi\u0105zane z tym koszty budowy uj\u0119\u0107 wody;<\/li>\n<li>koszty zakupu kot\u0142\u00f3w do spalania s\u0142omy;<\/li>\n<li>koszty inwestycji maj\u0105cych na celu dostosowanie do norm lub wymog\u00f3w unijnych, z wyj\u0105tkiem inwestycji wspieranych na zasadach okre\u015blonych w art. 73 ust. 5 rozporz\u0105dzenia 2021\/2115;<\/li>\n<li>koszty <strong>sporz\u0105dzania wniosku o przyznanie pomocy oraz wniosku o p\u0142atno\u015b\u0107.<\/strong><\/li>\n<\/ul>\n<p>Podatek VAT mo\u017ce by\u0107 kwalifikowalny, gdy brak jest prawnej mo\u017cliwo\u015bci odzyskania podatku VAT zgodnie z przepisami prawa krajowego. Oznacza to, \u017ce zap\u0142acony podatek VAT mo\u017ce by\u0107 uznany za koszt kwalifikowalny wy\u0142\u0105cznie w\u00f3wczas, gdy beneficjentowi zgodnie z obowi\u0105zuj\u0105cym prawodawstwem krajowym nie przys\u0142uguje prawo do obni\u017cenia kwoty podatku nale\u017cnego o kwot\u0119 podatku naliczonego lub do ubiegania si\u0119 o zwrot podatku VAT. Posiadanie wy\u017cej wymienionego prawa (potencjalnej prawnej mo\u017cliwo\u015bci) wyklucza uznanie wydatku za kwalifikowalny, nawet je\u015bli faktycznie zwrot nie nast\u0105pi\u0142, np. ze wzgl\u0119du na niepodj\u0119cie przez podmiot czynno\u015bci zamierzaj\u0105cych do realizacji tego prawa.<\/p>\n<p>Sprawdzenie statusu podatnika VAT powinno by\u0107 przeprowadzone podczas weryfikacji wniosku o p\u0142atno\u015b\u0107 w oparciu o udost\u0119pnion\u0105 przez Ministerstwo Finans\u00f3w baz\u0119 podatnik\u00f3w VAT. Obowi\u0105zek dostarczenia interpretacji indywidualnej dotyczy tylko podmiot\u00f3w, kt\u00f3re b\u0119d\u0105 wyst\u0119powa\u0107 w ww. bazie, a do koszt\u00f3w kwalifikowalnych operacji w\u0142\u0105czy\u0142y podatek VAT.\u00a0 Ww. interpretacja wi\u0105\u017ce si\u0119 z uzyskaniem informacji, czy podmiot ma mo\u017cliwo\u015b\u0107 odliczenia podatku VAT w zwi\u0105zku z dzia\u0142alno\u015bci\u0105, na kt\u00f3r\u0105 otrzyma wsparcie.<\/p>\n<p><strong>Racjonalno\u015b\u0107<\/strong><\/p>\n<p>Pomoc przyznaje si\u0119 na operacj\u0119 uzasadnion\u0105 pod wzgl\u0119dem racjonalno\u015bci jej koszt\u00f3w kwalifikowalnych\/inwestycji zaplanowanych do zrealizowania. Operacja musi by\u0107 mo\u017cliwa do wykonania, uzasadniona oraz dostosowana z punktu widzenia celu, zakresu i zak\u0142adanych jej rezultat\u00f3w. Ocen\u0119 racjonalno\u015bci nale\u017cy przeprowadza\u0107 adekwatnie do rodzaju\/specyfiki interwencji, a jej zakres powinien spe\u0142nia\u0107 wszystkie b\u0105d\u017a wybrane z poni\u017cszych aspekt\u00f3w:<\/p>\n<ul>\n<li>uzasadnienie ekonomiczne koszt\u00f3w\/inwestycji, czyli ocen\u0119, w jaki spos\u00f3b zakres rzeczowy wskazany we wniosku o przyznanie pomocy lub wniosku o p\u0142atno\u015b\u0107 przyczyni si\u0119 do osi\u0105gni\u0119cia celu operacji lub wzrostu efektywno\u015bci ekonomicznej przedsi\u0119biorstwa (wzrost przychod\u00f3w, usprawnienie proces\u00f3w produkcji, ograniczenie koszt\u00f3w);<\/li>\n<li>racjonalno\u015b\u0107 technologiczn\u0105 \u2013 sprawdzanie, czy wspierane inwestycje w szczeg\u00f3\u0142owo\u015bci:<br \/>\n\u2013 nie maj\u0105 charakteru inwestycji odtworzeniowej,<br \/>\n\u2013 s\u0105 uzasadnione ze wzgl\u0119du na komplementarno\u015b\u0107 technologiczn\u0105,<br \/>\n\u2013 s\u0105 uzasadnione ze wzgl\u0119du na profil produkcji,<br \/>\n\u2013 s\u0105 uzasadnione ze wzgl\u0119du na skale produkcji, wykazuj\u0105 mo\u017cliwo\u015b\u0107 zbytu produkcji w przypadku wzrostu mocy produkcyjnych,<\/li>\n<li>racjonalno\u015b\u0107 kosztow\u0105 \u2013 sprawdzenie czy planowane koszty\/szacunkowe koszty planowanych inwestycji obj\u0119te zakresem rzeczowym operacji s\u0105 rynkowe lub czy zosta\u0142y oszacowane na podstawie cen rynkowych.<\/li>\n<\/ul>\n<p>Ocena racjonalno\u015bci przeprowadzania jest na etapie oceny merytorycznej wniosku o przyznanie pomocy, a tak\u017ce ka\u017cdorazowo w przypadku zmian maj\u0105cych wp\u0142yw na zakres rzeczowo-finansowych operacji.<\/p>\n<p>Weryfikacja racjonalno\u015bci koszt\u00f3w\/inwestycji jest dokonywana poprzez por\u00f3wnanie cen zawartych we wniosku o przyznanie pomocy lub wniosku o p\u0142atno\u015b\u0107 z cenami okre\u015blonymi m.in.:<\/p>\n<ul>\n<li>w stosowanych powszechnie aktualnych publikacjach w przedmiotowym zakresie;<\/li>\n<li>w aktualnych cennikach bran\u017cowych, katalogach;<\/li>\n<li>w cennikach, ofertach zamieszczonych na stronie internetowej potencjalnego wykonawcy;<\/li>\n<li>w drodze telefonicznego rozpoznania ceny kosztu zadania u producent\u00f3w urz\u0105dze\u0144\/wykonawc\u00f3w danego typu zada\u0144;<\/li>\n<li>w innych wnioskach o przyznanie pomocy lub wnioskach o p\u0142atno\u015b\u0107 z\u0142o\u017conych w podobnym czasie i o por\u00f3wnywalnym zakresie rzeczowym.<\/li>\n<\/ul>\n<p>W przypadku, gdy inwestycja jest unikatowa lub skomplikowania czy te\u017c jej ocena jest utrudniana ze wzgl\u0119du na wysokie zaawansowanie technologiczne przedmiotu operacji lub specyfik\u0119 operacji, dokonuje si\u0119 oceny w ramach eksperckiej oceny racjonalno\u015bci koszt\u00f3w, tj. grupy ekspert\u00f3w z r\u00f3\u017cnych bran\u017c (np. budowlanej, dotycz\u0105cej zakupu wyposa\u017cenia, sprz\u0119tu rolniczego), w sk\u0142adzie umo\u017cliwiaj\u0105cym ocen\u0119 wniosk\u00f3w o przyznanie pomocy lub wniosk\u00f3w o p\u0142atno\u015b\u0107.<\/p>\n","protected":false},"excerpt":{"rendered":"<p>Zasady kwalifikowalno\u015bci koszt\u00f3w PS WPR Og\u00f3lne zasady kwalifikowalno\u015bci W zakresie inwestycji realizowanych w ramach art. 73 i art. 77 rozporz\u0105dzenia2021\/2115 finansowanych w formie dotacji, do koszt\u00f3w kwalifikowalnych zalicza si\u0119 w szczeg\u00f3lno\u015bci koszty: transportu do miejsca realizacji operacji materia\u0142\u00f3w s\u0142u\u017c\u0105cych realizacji operacji oraz maszyn i urz\u0105dze\u0144 obj\u0119tych operacj\u0105, a tak\u017ce koszty monta\u017cu; rozbi\u00f3rki i utylizacji materia\u0142\u00f3w <a href=\"https:\/\/przyjaznadolinaraby.info\/nowaperspektywa\/kwalifikowalnosc-kosztow\/\" class=\"more-link\">&#8230;<span class=\"screen-reader-text\">  Kwalifikowalno\u015b\u0107 koszt\u00f3w<\/span><\/a><\/p>\n","protected":false},"author":6,"featured_media":0,"parent":0,"menu_order":0,"comment_status":"closed","ping_status":"closed","template":"","meta":{"_monsterinsights_skip_tracking":false,"_monsterinsights_sitenote_active":false,"_monsterinsights_sitenote_note":"","_monsterinsights_sitenote_category":0,"footnotes":""},"tags":[],"acf":[],"_links":{"self":[{"href":"https:\/\/przyjaznadolinaraby.info\/nowaperspektywa\/wp-json\/wp\/v2\/pages\/11614"}],"collection":[{"href":"https:\/\/przyjaznadolinaraby.info\/nowaperspektywa\/wp-json\/wp\/v2\/pages"}],"about":[{"href":"https:\/\/przyjaznadolinaraby.info\/nowaperspektywa\/wp-json\/wp\/v2\/types\/page"}],"author":[{"embeddable":true,"href":"https:\/\/przyjaznadolinaraby.info\/nowaperspektywa\/wp-json\/wp\/v2\/users\/6"}],"replies":[{"embeddable":true,"href":"https:\/\/przyjaznadolinaraby.info\/nowaperspektywa\/wp-json\/wp\/v2\/comments?post=11614"}],"version-history":[{"count":1,"href":"https:\/\/przyjaznadolinaraby.info\/nowaperspektywa\/wp-json\/wp\/v2\/pages\/11614\/revisions"}],"predecessor-version":[{"id":11615,"href":"https:\/\/przyjaznadolinaraby.info\/nowaperspektywa\/wp-json\/wp\/v2\/pages\/11614\/revisions\/11615"}],"wp:attachment":[{"href":"https:\/\/przyjaznadolinaraby.info\/nowaperspektywa\/wp-json\/wp\/v2\/media?parent=11614"}],"wp:term":[{"taxonomy":"post_tag","embeddable":true,"href":"https:\/\/przyjaznadolinaraby.info\/nowaperspektywa\/wp-json\/wp\/v2\/tags?post=11614"}],"curies":[{"name":"wp","href":"https:\/\/api.w.org\/{rel}","templated":true}]}}