{"id":11714,"date":"2025-03-27T13:57:06","date_gmt":"2025-03-27T12:57:06","guid":{"rendered":"https:\/\/przyjaznadolinaraby.info\/nowaperspektywa\/?page_id=11714"},"modified":"2025-08-12T10:25:21","modified_gmt":"2025-08-12T08:25:21","slug":"zajecia-edukacyjne-dla-dzieci-i-mlodziezy","status":"publish","type":"page","link":"https:\/\/przyjaznadolinaraby.info\/nowaperspektywa\/zajecia-edukacyjne-dla-dzieci-i-mlodziezy\/","title":{"rendered":"Zaj\u0119cia edukacyjne dla dzieci i m\u0142odzie\u017cy"},"content":{"rendered":"<h1 class=\"imgspacing text-uppercase fs-3 mb-4 text-center ms-2 me-2 aos-init aos-animate\" data-aos=\"fade-down\">Rozwijaj swoje talenty! Zaj\u0119cia z angielskiego i ta\u0144ca dla dzieci i m\u0142odzie\u017cy<\/h1>\n<p class=\"\" data-start=\"56\" data-end=\"183\">Stowarzyszenie Przyjazna Dolina Raby i Czarnej Orawy serdecznie zaprasza do udzia\u0142u w projekcie\u00a0<strong data-start=\"141\" data-end=\"180\">\u201eZaj\u0119cia edukacyjne dla dzieci i m\u0142odzie\u017cy\u201d, (FEMP.06.13-IP.01-1095\/24-00)<\/strong>!<\/p>\n<p class=\"\" data-start=\"185\" data-end=\"438\">Projekt obejmuje organizacj\u0119 zaj\u0119\u0107 pozalekcyjnych w formie zaj\u0119\u0107 z j\u0119zyka angielskiego i ta\u0144ca.\u00a0Zaj\u0119cia skierowane s\u0105 do dzieci i m\u0142odzie\u017cy: uczni\u00f3w\/uczennic szk\u00f3\u0142 podstawowych z terenu Gminy Raba Wy\u017cna i Czarny Dunajec. Ilo\u015b\u0107 miejsc ograniczona!<\/p>\n<p class=\"\" data-start=\"684\" data-end=\"810\">Osoby zainteresowane udzia\u0142em prosimy o wype\u0142nienie formularza zg\u0142oszeniowego (za\u0142\u0105cznik) oraz zapoznanie si\u0119 z regulaminem.<\/p>\n<p class=\"\" data-start=\"812\" data-end=\"914\">W razie pyta\u0144 zapraszamy do kontaktu:<br data-start=\"849\" data-end=\"852\" \/><strong data-start=\"855\" data-end=\"866\">E-mail:<\/strong>\u00a0\u00a0lgd.rokiciny@interia.pl<br data-start=\"882\" data-end=\"885\" \/><strong data-start=\"888\" data-end=\"900\">Telefon:<\/strong>\u00a0\u00a0500 475 840\/ 18 26 78 648<\/p>\n<p data-start=\"812\" data-end=\"914\"><img decoding=\"async\" class=\"alignnone size-full wp-image-11697\" src=\"https:\/\/przyjaznadolinaraby.info\/nowaperspektywa\/wp-content\/uploads\/2025\/03\/plakat-angielski-taniec.png\" alt=\"\" width=\"1587\" height=\"2245\" srcset=\"https:\/\/przyjaznadolinaraby.info\/nowaperspektywa\/wp-content\/uploads\/2025\/03\/plakat-angielski-taniec.png 1587w, https:\/\/przyjaznadolinaraby.info\/nowaperspektywa\/wp-content\/uploads\/2025\/03\/plakat-angielski-taniec-212x300.png 212w, https:\/\/przyjaznadolinaraby.info\/nowaperspektywa\/wp-content\/uploads\/2025\/03\/plakat-angielski-taniec-724x1024.png 724w\" sizes=\"(max-width: 1587px) 100vw, 1587px\" \/><\/p>\n<p>&nbsp;<\/p>\n<p data-start=\"812\" data-end=\"914\"><img decoding=\"async\" class=\"alignnone size-full wp-image-11723\" src=\"https:\/\/przyjaznadolinaraby.info\/nowaperspektywa\/wp-content\/uploads\/2025\/03\/Info-na-strone-i-fb-1.jpg\" alt=\"\" width=\"1015\" height=\"1239\" srcset=\"https:\/\/przyjaznadolinaraby.info\/nowaperspektywa\/wp-content\/uploads\/2025\/03\/Info-na-strone-i-fb-1.jpg 1015w, https:\/\/przyjaznadolinaraby.info\/nowaperspektywa\/wp-content\/uploads\/2025\/03\/Info-na-strone-i-fb-1-246x300.jpg 246w, https:\/\/przyjaznadolinaraby.info\/nowaperspektywa\/wp-content\/uploads\/2025\/03\/Info-na-strone-i-fb-1-839x1024.jpg 839w\" sizes=\"(max-width: 1015px) 100vw, 1015px\" \/><\/p>\n<p data-start=\"812\" data-end=\"914\"><strong>Filmik z j\u0119zykiem migowym i lektorem oraz napisami- zaj\u0119cia edukacyjne:<\/strong><\/p>\n<h2><a href=\"https:\/\/youtu.be\/1S0g7_OGw8I\">https:\/\/youtu.be\/1S0g7_OGw8I<\/a><\/h2>\n<p>W biurze projektu s\u0105 dost\u0119pne materia\u0142y promocyjne przet\u0142umaczone na j\u0119zyk Braille oraz p\u0119tla indukcyjna.<\/p>\n<p>Materia\u0142y rekrutacyjne udost\u0119pniamy wielokana\u0142owo: przez maila( z adresu: lgd.rokiciny@interia.pl), w biurze projektu- Sieniawa 8B oraz udzielamy informacji telefonicznie: 182678648\/500475840. Formularze dost\u0119pne s\u0105 w biurze w wersji dwustronnej \u2013 zach\u0119camy, by r\u00f3wnie\u017c dostarcza\u0107 wydruki dwustronne. Wsp\u00f3lnie zadbajmy o nasz\u0105 planet\u0119!<\/p>\n<p>Dokumenty rekrutacyjne mo\u017cna pobra\u0107 poni\u017cej:<\/p>\n<h2>Pliki do pobrania:<\/h2>\n<section id=\"files\">\n<div class=\"download\">\n<p><a role=\"link\" href=\"https:\/\/przyjaznadolinaraby.info\/nowaperspektywa\/wp-content\/uploads\/2025\/03\/FORMULARZ-ZGLOSZENIOWY.docx\">1.Formularz zg\u0142oszeniowy<\/a><\/p>\n<\/div>\n<div class=\"download\">\n<p><a role=\"link\" href=\"https:\/\/przyjaznadolinaraby.info\/nowaperspektywa\/wp-content\/uploads\/2025\/03\/Zasady_przetwarzania_danych-RODO-.docx\">2.Zasady przetwarzania danych<\/a><\/p>\n<\/div>\n<div class=\"download\">\n<p><a href=\"https:\/\/przyjaznadolinaraby.info\/nowaperspektywa\/wp-content\/uploads\/2025\/06\/Regulamin-rekrutacji.odt\">3.Regulamin rekrutacji<\/a><\/p>\n<\/div>\n<div class=\"download\">\n<p><a role=\"link\" href=\"https:\/\/przyjaznadolinaraby.info\/nowaperspektywa\/wp-content\/uploads\/2025\/03\/wizerunek.docx\">4.Zgoda na wykorzystanie wizerunku\u00a0<\/a><\/p>\n<p>***<\/p>\n<\/div>\n<p><strong>Ka\u017cdy dzie\u0144 to Dzie\u0144 Rower\u00f3w- jako forma \u0142agodzenia zmian klimatu!<\/strong> W ramach projektu \u201eZaj\u0119cia z angielskiego i ta\u0144ca dla dzieci i m\u0142odzie\u017cy\u201d zach\u0119camy wszystkich uczestnik\u00f3w i ich rodziny do wybierania roweru zamiast samochodu jako formy dojazdu na zaj\u0119cia. To prosty spos\u00f3b, by zadba\u0107 o zdrowie, kondycj\u0119 i klimat \u2013 codzienny wyb\u00f3r, kt\u00f3ry ma znaczenie!<br \/>\nPoka\u017cmy, \u017ce mo\u017cna aktywnie uczestniczy\u0107 w projekcie i jednocze\u015bnie troszczy\u0107 si\u0119 o \u015brodowisko.<\/p>\n<\/section>\n<h3 data-start=\"183\" data-end=\"230\"><strong data-start=\"190\" data-end=\"230\">Dost\u0119pno\u015b\u0107 miejsc realizacji zadania<\/strong><\/h3>\n<p data-start=\"232\" data-end=\"338\">Miejsce realizacji zadania oraz biuro projektowe s\u0105 <strong data-start=\"284\" data-end=\"337\">w pe\u0142ni dost\u0119pne dla os\u00f3b z niepe\u0142nosprawno\u015bciami<\/strong>.<\/p>\n<p data-start=\"340\" data-end=\"507\">W razie <strong>dodatkowych potrzeb<\/strong> zapraszamy do kontaktu z biurem projektu: lgd.rokiciny@interia.pl, 182678648\/500475840 .<\/p>\n<p data-start=\"340\" data-end=\"507\">W zale\u017cno\u015bci od <strong>indywidualnych potrzeb<\/strong>, mo\u017cliwe b\u0119dzie zapewnienie odpowiedniego wsparcia, m.in.:<\/p>\n<ul data-start=\"509\" data-end=\"1259\">\n<li data-start=\"509\" data-end=\"636\">\n<p data-start=\"511\" data-end=\"636\">dla os\u00f3b <strong data-start=\"520\" data-end=\"571\">niewidomych, s\u0142abowidz\u0105cych i g\u0142uchoniewidomych<\/strong> \u2013 np. pomoc asystencka, mo\u017cliwo\u015b\u0107 wprowadzenia psa asystuj\u0105cego;<\/p>\n<\/li>\n<li data-start=\"637\" data-end=\"722\">\n<p data-start=\"639\" data-end=\"722\">dla os\u00f3b <strong data-start=\"648\" data-end=\"678\">g\u0142uchych i niedos\u0142ysz\u0105cych<\/strong> \u2013 np. zapewnienie t\u0142umacza j\u0119zyka migowego;<\/p>\n<\/li>\n<li data-start=\"723\" data-end=\"877\">\n<p data-start=\"725\" data-end=\"877\">dla os\u00f3b z <strong data-start=\"736\" data-end=\"767\">niepe\u0142nosprawno\u015bci\u0105 ruchow\u0105<\/strong> \u2013 m.in. dost\u0119pno\u015b\u0107 architektoniczna budynku, pomoc asystenta, w razie potrzeby transport na miejsce wydarze\u0144;<\/p>\n<\/li>\n<li data-start=\"878\" data-end=\"1115\">\n<p data-start=\"880\" data-end=\"1115\">dla os\u00f3b z <strong data-start=\"891\" data-end=\"928\">niepe\u0142nosprawno\u015bci\u0105 intelektualn\u0105<\/strong> lub z <strong data-start=\"935\" data-end=\"964\">zaburzeniami psychicznymi<\/strong> \u2013 np. wyd\u0142u\u017cenie czasu trwania wsparcia, przygotowanie materia\u0142\u00f3w w formacie ETR (Easy to Read), pomoc asystencka, ograniczenie bod\u017ac\u00f3w sensorycznych;<\/p>\n<\/li>\n<li data-start=\"1116\" data-end=\"1259\">\n<p data-start=\"1118\" data-end=\"1259\">dla os\u00f3b z <strong data-start=\"1129\" data-end=\"1165\">trudno\u015bciami w komunikowaniu si\u0119<\/strong> \u2013 np. materia\u0142y w wersjach alternatywnych: audio, symbole, rysunki, infografiki, tablice AAC.<\/p>\n<\/li>\n<\/ul>\n<p>***<\/p>\n<p class=\"elementToProof\"><b>Zg\u0142oszenia podejrzenia niezgodno\u015bci z Kart\u0105 Praw Podstawowych Unii Europejskiej i Konwencj\u0105 o prawach os\u00f3b niepe\u0142nosprawnych<\/b><\/p>\n<div class=\"elementToProof\">\n<p class=\"elementToProof\">Beneficjent Stowarzyszenie Przyjazna Dolina Raby i Czarnej Orawy zobowi\u0105zany jest do realizacji Projektu zgodnie z prawami i wolno\u015bciami okre\u015blonymi w <u><a id=\"OWA186cf14e-ce98-f154-1448-66c448fe4af7\" class=\"x_x_x_x_x_x_x_x_x_OWAAutoLink\" title=\"Oryginalny adres URL: https:\/\/isap.sejm.gov.pl\/isap.nsf\/DocDetails.xsp?id=wdu20120001169. Kliknij lub naci\u015bnij, je\u015bli ufasz temu linkowi.\" href=\"https:\/\/isap.sejm.gov.pl\/isap.nsf\/DocDetails.xsp?id=wdu20120001169\">Konwencji o prawach os\u00f3b niepe\u0142nosprawnych<\/a><\/u>, sporz\u0105dzonej w Nowym Jorku dnia 13 grudnia 2006 r. (Dz. U. z 2012 r. poz. 1169 z p\u00f3\u017an. zm.), zwanej dalej\u00a0<b>KPON<\/b>\u00a0oraz\u00a0<u><a id=\"OWA7f3d05ba-2d03-c856-d831-3aab37ac2cd5\" class=\"x_x_x_x_x_x_x_x_x_OWAAutoLink\" title=\"Oryginalny adres URL: https:\/\/eur-lex.europa.eu\/legal-content\/PL\/TXT\/?qid=1528270482410&amp;uri=CELEX:12012P\/TXT. Kliknij lub naci\u015bnij, je\u015bli ufasz temu linkowi.\" href=\"https:\/\/eur-lex.europa.eu\/legal-content\/PL\/TXT\/?qid=1528270482410&amp;uri=CELEX:12012P\/TXT\">Kart\u0105 Praw Podstawowych Unii Europejskiej<\/a><\/u>\u00a0(Dz. U. UE. C. z 2007 r. Nr 303, str. 1 z p\u00f3\u017an.zm) zwanej dalej\u00a0<b>KPP<\/b>.<\/p>\n<\/div>\n<div class=\"elementToProof\">\n<p class=\"elementToProof\">Uczestnicy projektu mog\u0105 zg\u0142asza\u0107 podejrzenie o niezgodno\u015bci realizowanego Projektu lub dzia\u0142a\u0144 Beneficjenta z KPON lub KPP na adres mailowy\u00a0<u><a id=\"OWA757c05e4-8ac2-0940-9b52-a43edeca378c\" class=\"x_x_x_x_x_x_x_x_x_OWAAutoLink\" title=\"mailto:KPP_KPON@umwm.malopolska.pl\" href=\"mailto:KPP_KPON@umwm.malopolska.pl\">KPP_KPON@umwm.malopolska.pl<\/a><\/u><\/p>\n<\/div>\n<div class=\"elementToProof\">\n<p class=\"elementToProof\">Wi\u0119cej na ten temat znajdziesz na stronie\u00a0<u><a id=\"OWAa63709cc-339e-3bde-af37-8acf484a083a\" class=\"x_x_x_x_x_x_x_x_x_OWAAutoLink\" title=\"Oryginalny adres URL: https:\/\/www.fundusze.malopolska.pl\/poradnik\/8312-zgloszenia-podejrzenia-niezgodnosci-z-karta-praw-podstawowych-unii-europejskiej-i. Kliknij lub naci\u015bnij, je\u015bli ufasz temu linkowi.\" href=\"https:\/\/www.fundusze.malopolska.pl\/poradnik\/8312-zgloszenia-podejrzenia-niezgodnosci-z-karta-praw-podstawowych-unii-europejskiej-i\">Funduszy Europejskich dla Ma\u0142opolski.<\/a><\/u><\/p>\n<\/div>\n<p>&nbsp;<\/p>\n<p>&nbsp;<\/p>\n","protected":false},"excerpt":{"rendered":"<p>Rozwijaj swoje talenty! Zaj\u0119cia z angielskiego i ta\u0144ca dla dzieci i m\u0142odzie\u017cy Stowarzyszenie Przyjazna Dolina Raby i Czarnej Orawy serdecznie zaprasza do udzia\u0142u w projekcie\u00a0\u201eZaj\u0119cia edukacyjne dla dzieci i m\u0142odzie\u017cy\u201d, (FEMP.06.13-IP.01-1095\/24-00)! Projekt obejmuje organizacj\u0119 zaj\u0119\u0107 pozalekcyjnych w formie zaj\u0119\u0107 z j\u0119zyka angielskiego i ta\u0144ca.\u00a0Zaj\u0119cia skierowane s\u0105 do dzieci i m\u0142odzie\u017cy: uczni\u00f3w\/uczennic szk\u00f3\u0142 podstawowych z terenu <a href=\"https:\/\/przyjaznadolinaraby.info\/nowaperspektywa\/zajecia-edukacyjne-dla-dzieci-i-mlodziezy\/\" class=\"more-link\">&#8230;<span class=\"screen-reader-text\">  Zaj\u0119cia edukacyjne dla dzieci i m\u0142odzie\u017cy<\/span><\/a><\/p>\n","protected":false},"author":6,"featured_media":0,"parent":0,"menu_order":0,"comment_status":"closed","ping_status":"closed","template":"","meta":{"_monsterinsights_skip_tracking":false,"_monsterinsights_sitenote_active":false,"_monsterinsights_sitenote_note":"","_monsterinsights_sitenote_category":0,"footnotes":""},"tags":[],"acf":[],"_links":{"self":[{"href":"https:\/\/przyjaznadolinaraby.info\/nowaperspektywa\/wp-json\/wp\/v2\/pages\/11714"}],"collection":[{"href":"https:\/\/przyjaznadolinaraby.info\/nowaperspektywa\/wp-json\/wp\/v2\/pages"}],"about":[{"href":"https:\/\/przyjaznadolinaraby.info\/nowaperspektywa\/wp-json\/wp\/v2\/types\/page"}],"author":[{"embeddable":true,"href":"https:\/\/przyjaznadolinaraby.info\/nowaperspektywa\/wp-json\/wp\/v2\/users\/6"}],"replies":[{"embeddable":true,"href":"https:\/\/przyjaznadolinaraby.info\/nowaperspektywa\/wp-json\/wp\/v2\/comments?post=11714"}],"version-history":[{"count":19,"href":"https:\/\/przyjaznadolinaraby.info\/nowaperspektywa\/wp-json\/wp\/v2\/pages\/11714\/revisions"}],"predecessor-version":[{"id":12288,"href":"https:\/\/przyjaznadolinaraby.info\/nowaperspektywa\/wp-json\/wp\/v2\/pages\/11714\/revisions\/12288"}],"wp:attachment":[{"href":"https:\/\/przyjaznadolinaraby.info\/nowaperspektywa\/wp-json\/wp\/v2\/media?parent=11714"}],"wp:term":[{"taxonomy":"post_tag","embeddable":true,"href":"https:\/\/przyjaznadolinaraby.info\/nowaperspektywa\/wp-json\/wp\/v2\/tags?post=11714"}],"curies":[{"name":"wp","href":"https:\/\/api.w.org\/{rel}","templated":true}]}}