{"id":11964,"date":"2025-05-26T14:44:56","date_gmt":"2025-05-26T12:44:56","guid":{"rendered":"https:\/\/przyjaznadolinaraby.info\/nowaperspektywa\/?page_id=11964"},"modified":"2026-03-31T14:57:11","modified_gmt":"2026-03-31T12:57:11","slug":"aktualnosci-centrum-podwilk","status":"publish","type":"page","link":"https:\/\/przyjaznadolinaraby.info\/nowaperspektywa\/aktualnosci-centrum-podwilk\/","title":{"rendered":"Aktualno\u015bci Centrum Podwilk"},"content":{"rendered":"<p>*<\/p>\n<p><a href=\"https:\/\/przyjaznadolinaraby.info\/nowaperspektywa\/wp-content\/uploads\/2026\/03\/zal-nr-6-Lista-rankingowa-12.02.2026-Podwilk.pdf\"><strong>WYNIKI REKRUTACJI UCZESTNIK\u00d3W CENTRUM US\u0141UG SPO\u0141ECZNYCH W PODWILKU z dnia 12.02.2026<\/strong><\/a><\/p>\n<p><a href=\"https:\/\/przyjaznadolinaraby.info\/nowaperspektywa\/wp-content\/uploads\/2025\/12\/zal-nr-6-Lista-rankingowa-31-10.docx\"><strong>WYNIKI REKRUTACJI UCZESTNIK\u00d3W CENTRUM US\u0141UG SPO\u0141ECZNYCH W PODWILKU z dnia 31.10.2025\u00a0<\/strong><\/a><\/p>\n<p><a href=\"https:\/\/przyjaznadolinaraby.info\/nowaperspektywa\/wp-content\/uploads\/2025\/12\/zal-nr-6-Lista-rankingowa.docx\"><strong>WYNIKI REKRUTACJI UCZESTNIK\u00d3W CENTRUM US\u0141UG SPO\u0141ECZNYCH W PODWILKU z dnia 23.09.2025\u00a0<\/strong><\/a><\/p>\n<p><a href=\"https:\/\/przyjaznadolinaraby.info\/nowaperspektywa\/wp-content\/uploads\/2025\/09\/zal-6-Lista-Rankingowa-OSOBY-NIESAMODZIELNE.xlsx\"><strong>WYNIKI REKRUTACJI UCZESTNIK\u00d3W CENTRUM US\u0141UG SPO\u0141ECZNYCH W PODWILKU z dnia 24.07.2025\u00a0<\/strong><\/a><\/p>\n<p>W ci\u0105gu 5 dni od daty publikacji listy rankingowej potencjalny uczestnik ma mo\u017cliwo\u015b\u0107 odwo\u0142ania si\u0119 i ponownej oceny. Po ewentualnym rozpatrzeniu odwo\u0142a\u0144 zostanie opublikowana ostateczna lista przyj\u0119tych, a nast\u0119pnie podpisana zostanie umowa z uczestnikiem projektu.<\/p>\n<p>*<\/p>\n<p><strong><a href=\"https:\/\/przyjaznadolinaraby.info\/nowaperspektywa\/nabor-na-stanowisko-koordynator-ka-opieki-wytchnieniowej-i-wypozyczalni-sprzetu-rehabilitacyjnego-w-centrum-wsparcia-uslug-spolecznych-w-podwilku\/\">Nab\u00f3r na stanowisko: Koordynator\/ka opieki wytchnieniowej i wypo\u017cyczalni sprz\u0119tu rehabilitacyjnego w Centrum wsparcia us\u0142ug spo\u0142ecznych w Podwilku<\/a><\/strong><\/p>\n<p><a href=\"https:\/\/przyjaznadolinaraby.info\/nowaperspektywa\/drugi-etap-rekrutacji-na-stanowisko-terapeuta-zajeciowy-koordynator-ka-opieki-wytchnieniowej-i-wypozyczalni-sprzetu-rehabilitacyjneg-w-centrum-wsparcia-uslug-spolecznych-w-podwilku\/\">Drugi etap rekrutacji na stanowisko- Koordynator\/ka opieki wytchnieniowej i wypo\u017cyczalni sprz\u0119tu rehabilitacyjnego w Centrum wsparcia us\u0142ug spo\u0142ecznych w Podwilku<\/a><\/p>\n<p><a href=\"https:\/\/przyjaznadolinaraby.info\/nowaperspektywa\/wyniki-naboru-na-stanowisko-koordynator-ka-opieki-wytchnieniowej-i-wypozyczalni-sprzetu-rehabilitacyjnego-w-centrum-wsparcia-uslug-spolecznych-w-podwilku\/\">Wyniki naboru na stanowisko: Koordynator\/ka opieki wytchnieniowej i wypo\u017cyczalni sprz\u0119tu rehabilitacyjnego w Centrum wsparcia us\u0142ug spo\u0142ecznych w Podwilku <\/a><\/p>\n<p>*<\/p>\n<p><a href=\"https:\/\/przyjaznadolinaraby.info\/nowaperspektywa\/nabor-na-stanowisko-terapeuta-zajeciowy-zajecia-grupowe-oraz-indywidualne-w-centrum-wsparcia-uslug-spolecznych-w-podwilku\/\"><span style=\"text-decoration: underline;\"><strong>Nab\u00f3r na stanowisko: Terapeuta Zaj\u0119ciowy- zaj\u0119cia grupowe oraz indywidualne w Centrum Wsparcia Us\u0142ug Spo\u0142ecznych w Podwilku<\/strong><\/span><\/a><\/p>\n<p><span style=\"text-decoration: underline;\"><a href=\"https:\/\/przyjaznadolinaraby.info\/nowaperspektywa\/drugi-etap-rekrutacji-na-stanowisko-terapeuta-zajeciowy-zajecia-grupowe-oraz-indywidualne-w-centrum-wsparcia-uslug-spolecznych-w-podwilku\/\">Drugi etap rekrutacji na stanowisko Terapeuta Zaj\u0119ciowy- zaj\u0119cia grupowe oraz indywidualne w Centrum Wsparcia Us\u0142ug Spo\u0142ecznych w Podwilku<\/a><\/span><\/p>\n<p><span style=\"text-decoration: underline;\"><a href=\"https:\/\/przyjaznadolinaraby.info\/nowaperspektywa\/wyniki-naboru-na-stanowisko-instruktora-jogi-w-centrum-wsparcia-uslug-spolecznych-w-podwilku-2\/\">Wyniki naboru na stanowisko Terapeuta Zaj\u0119ciowy- zaj\u0119cia grupowe oraz indywidualne<em>\u00a0<\/em> w Centrum Wsparcia Us\u0142ug Spo\u0142ecznych w Podwilku<\/a><\/span><\/p>\n<p>*<\/p>\n<p><a href=\"https:\/\/przyjaznadolinaraby.info\/nowaperspektywa\/nabor-na-stanowisko-instruktora-jogi-w-centrum-wsparcia-uslug-spolecznych-w-podwilku\/\"><span style=\"text-decoration: underline;\"><strong>Nab\u00f3r na stanowisko: <em>Instruktora Jogi\u00a0<\/em> w Centrum Wsparcia Us\u0142ug Spo\u0142ecznych w Podwilku<\/strong><\/span><\/a><\/p>\n<p><span style=\"text-decoration: underline;\"><a href=\"https:\/\/przyjaznadolinaraby.info\/nowaperspektywa\/drugi-etap-rekrutacji-na-stanowisko-instruktora-jogi-w-centrum-wsparcia-uslug-spolecznych-w-podwilku\/\">Drugi etap rekrutacji na stanowisko <em>Instruktora Jogi\u00a0<\/em> w Centrum Wsparcia Us\u0142ug Spo\u0142ecznych w Podwilku<\/a><\/span><\/p>\n<p><span style=\"text-decoration: underline;\"><a href=\"https:\/\/przyjaznadolinaraby.info\/nowaperspektywa\/wyniki-naboru-na-stanowisko-instruktora-jogi-w-centrum-wsparcia-uslug-spolecznych-w-podwilku\/\">Wyniki naboru na stanowisko <em>Instruktora Jogi\u00a0<\/em> w Centrum Wsparcia Us\u0142ug Spo\u0142ecznych w Podwilku<\/a><\/span><\/p>\n<p>*<\/p>\n<p><a href=\"https:\/\/przyjaznadolinaraby.info\/nowaperspektywa\/nabor-na-stanowisko-fizjoterapeuta-zajecia-grupowe-oraz-indywidualne-w-centrum-wsparcia-uslug-spolecznych-w-podwilku\/\"><span style=\"text-decoration: underline;\"><strong>Nab\u00f3r na stanowisko: fizjoterapeuta- zaj\u0119cia grupowe oraz indywidualne w Centrum Wsparcia Us\u0142ug Spo\u0142ecznych w Podwilku<\/strong><\/span><\/a><\/p>\n<p><span style=\"text-decoration: underline;\"><a href=\"https:\/\/przyjaznadolinaraby.info\/nowaperspektywa\/drugi-etap-rekrutacji-na-stanowisko-fizjoterapeuta-zajecia-grupowe-oraz-indywidualne-w-centrum-wsparcia-uslug-spolecznych-w-podwilku\/\">Drugi etap rekrutacji na stanowisko fizjoterapeuta- zaj\u0119cia grupowe oraz indywidualne w Centrum Wsparcia Us\u0142ug Spo\u0142ecznych w Podwilku<\/a><\/span><\/p>\n<p><span style=\"text-decoration: underline;\"><a href=\"https:\/\/przyjaznadolinaraby.info\/nowaperspektywa\/wyniki-naboru-na-stanowisko-fizjoterapeuta-zajecia-grupowe-oraz-indywidualne-w-centrum-wsparcia-uslug-spolecznych-w-podwilku\/\">Wyniki naboru na stanowisko fizjoterapeuta zaj\u0119cia grupowe oraz indywidualne w Centrum Wsparcia Us\u0142ug Spo\u0142ecznych w Podwilku<\/a><\/span><\/p>\n<p>*<\/p>\n<p><span style=\"text-decoration: underline;\"><strong><a href=\"https:\/\/przyjaznadolinaraby.info\/nowaperspektywa\/nabor-na-stanowisko-psycholog-prowadzenie-terapii-psychologicznej-w-centrum-wsparcia-uslug-spolecznych-w-podwilku\/\">Nab\u00f3r na stanowisko: PSYCHOLOG (prowadzenie terapii psychologicznej)<\/a><\/strong><\/span><\/p>\n<p><a href=\"https:\/\/przyjaznadolinaraby.info\/nowaperspektywa\/nabor-na-stanowisko-psycholog-prowadzenie-terapii-psychologicznej-w-centrum-wsparcia-uslug-spolecznych-w-podwilku-2\/\"><span style=\"text-decoration: underline;\">Drugi etap rekrutacji na stanowisko PSYCHOLOG (prowadzenie terapii psychologicznej)<\/span><\/a><\/p>\n<p><a href=\"https:\/\/przyjaznadolinaraby.info\/nowaperspektywa\/wyniki-naboru-na-stanowisko-psycholog-prowadzenie-terapii-psychologicznej-w-centrum-wsparcia-uslug-spolecznych-w-podwilku\/\"><span style=\"text-decoration: underline;\">Wyniki naboru na stanowisko PSYCHOLOG \u2013 prowadzenie terapii psychologicznej<\/span><\/a><\/p>\n<p>*<\/p>\n<p><span style=\"text-decoration: underline;\"><strong><a href=\"https:\/\/przyjaznadolinaraby.info\/nowaperspektywa\/nabor-na-stanowisko-pielegniarki-w-centrum-wsparcia-uslug-spolecznych-w-podwilku\/\">Nab\u00f3r na stanowisko: piel\u0119gniarki w Centrum Wsparcia Us\u0142ug Spo\u0142ecznych w Podwilku<\/a><\/strong><\/span><\/p>\n<p><a href=\"https:\/\/przyjaznadolinaraby.info\/nowaperspektywa\/drugi-etap-rekrutacji-na-stanowisko-pielegniarki-w-centrum-wsparcia-uslug-spolecznych-w-podwilku\/\"><span style=\"text-decoration: underline;\">Drugi etap rekrutacji na stanowisko piel\u0119gniarki w Centrum Wsparcia Us\u0142ug Spo\u0142ecznych w Podwilku<\/span><\/a><\/p>\n<p><a href=\"https:\/\/przyjaznadolinaraby.info\/nowaperspektywa\/wyniki-naboru-na-stanowisko-pielegniarki-w-centrum-wsparcia-uslug-spolecznych-w-podwilku\/\"><span style=\"text-decoration: underline;\">Wyniki naboru na stanowisko piel\u0119gniarki w Centrum Wsparcia Us\u0142ug Spo\u0142ecznych w Podwilku<\/span><\/a><\/p>\n<p>&nbsp;<\/p>\n<p>*<\/p>\n<p><a href=\"https:\/\/przyjaznadolinaraby.info\/nowaperspektywa\/nabor-na-stanowisko-asystenta-osoby-niepelnosprawnej-w-centrum-wsparcia-uslug-spolecznych-w-czarnym-dunajcu-2\/\"><span style=\"text-decoration: underline;\"><strong>Nab\u00f3r na stanowisko: asystenta osoby niepe\u0142nosprawnej w Centrum Wsparcia Us\u0142ug Spo\u0142ecznych w Podwilku.<\/strong><\/span><\/a><\/p>\n<p><span style=\"text-decoration: underline;\"><a href=\"https:\/\/przyjaznadolinaraby.info\/nowaperspektywa\/drugie-etap-rekrutacji-na-asystenta-osoby-niepelnosprawnej-w-centrum-wsparcia-uslug-spolecznych-w-podwilku\/\">Drugi etap rekrutacji na asystenta osoby niepe\u0142nosprawnej w Centrum Wsparcia Us\u0142ug Spo\u0142ecznych w Podwilku.<\/a><\/span><\/p>\n<p><span style=\"text-decoration: underline;\"><a href=\"https:\/\/przyjaznadolinaraby.info\/nowaperspektywa\/wyniki-naboru-na-stanowisko-asystent-osoby-niepelnosprawnej-w-centrum-wsparcia-uslug-spolecznych-w-podwilku\/\">Wyniki naboru na stanowisko Asystent osoby niepe\u0142nosprawnej w Centrum Wsparcia Us\u0142ug Spo\u0142ecznych w Podwilku<\/a><\/span><\/p>\n<p>*<\/p>\n<p>&nbsp;<\/p>\n","protected":false},"excerpt":{"rendered":"<p>* WYNIKI REKRUTACJI UCZESTNIK\u00d3W CENTRUM US\u0141UG SPO\u0141ECZNYCH W PODWILKU z dnia 12.02.2026 WYNIKI REKRUTACJI UCZESTNIK\u00d3W CENTRUM US\u0141UG SPO\u0141ECZNYCH W PODWILKU z dnia 31.10.2025\u00a0 WYNIKI REKRUTACJI UCZESTNIK\u00d3W CENTRUM US\u0141UG SPO\u0141ECZNYCH W PODWILKU z dnia 23.09.2025\u00a0 WYNIKI REKRUTACJI UCZESTNIK\u00d3W CENTRUM US\u0141UG SPO\u0141ECZNYCH W PODWILKU z dnia 24.07.2025\u00a0 W ci\u0105gu 5 dni od daty publikacji listy rankingowej potencjalny <a href=\"https:\/\/przyjaznadolinaraby.info\/nowaperspektywa\/aktualnosci-centrum-podwilk\/\" class=\"more-link\">&#8230;<span class=\"screen-reader-text\">  Aktualno\u015bci Centrum Podwilk<\/span><\/a><\/p>\n","protected":false},"author":6,"featured_media":0,"parent":0,"menu_order":0,"comment_status":"closed","ping_status":"closed","template":"","meta":{"_monsterinsights_skip_tracking":false,"_monsterinsights_sitenote_active":false,"_monsterinsights_sitenote_note":"","_monsterinsights_sitenote_category":0,"footnotes":""},"tags":[],"acf":[],"_links":{"self":[{"href":"https:\/\/przyjaznadolinaraby.info\/nowaperspektywa\/wp-json\/wp\/v2\/pages\/11964"}],"collection":[{"href":"https:\/\/przyjaznadolinaraby.info\/nowaperspektywa\/wp-json\/wp\/v2\/pages"}],"about":[{"href":"https:\/\/przyjaznadolinaraby.info\/nowaperspektywa\/wp-json\/wp\/v2\/types\/page"}],"author":[{"embeddable":true,"href":"https:\/\/przyjaznadolinaraby.info\/nowaperspektywa\/wp-json\/wp\/v2\/users\/6"}],"replies":[{"embeddable":true,"href":"https:\/\/przyjaznadolinaraby.info\/nowaperspektywa\/wp-json\/wp\/v2\/comments?post=11964"}],"version-history":[{"count":39,"href":"https:\/\/przyjaznadolinaraby.info\/nowaperspektywa\/wp-json\/wp\/v2\/pages\/11964\/revisions"}],"predecessor-version":[{"id":12846,"href":"https:\/\/przyjaznadolinaraby.info\/nowaperspektywa\/wp-json\/wp\/v2\/pages\/11964\/revisions\/12846"}],"wp:attachment":[{"href":"https:\/\/przyjaznadolinaraby.info\/nowaperspektywa\/wp-json\/wp\/v2\/media?parent=11964"}],"wp:term":[{"taxonomy":"post_tag","embeddable":true,"href":"https:\/\/przyjaznadolinaraby.info\/nowaperspektywa\/wp-json\/wp\/v2\/tags?post=11964"}],"curies":[{"name":"wp","href":"https:\/\/api.w.org\/{rel}","templated":true}]}}