{"id":11966,"date":"2025-05-26T14:45:08","date_gmt":"2025-05-26T12:45:08","guid":{"rendered":"https:\/\/przyjaznadolinaraby.info\/nowaperspektywa\/?page_id=11966"},"modified":"2026-03-31T14:58:12","modified_gmt":"2026-03-31T12:58:12","slug":"aktualnosci-centrum-czarny-dunajec","status":"publish","type":"page","link":"https:\/\/przyjaznadolinaraby.info\/nowaperspektywa\/aktualnosci-centrum-czarny-dunajec\/","title":{"rendered":"Aktualno\u015bci Centrum Czarny Dunajec"},"content":{"rendered":"<p data-start=\"890\" data-end=\"1003\">*<\/p>\n<p data-start=\"890\" data-end=\"1003\"><a role=\"link\" href=\"https:\/\/przyjaznadolinaraby.info\/nowaperspektywa\/wp-content\/uploads\/2026\/03\/zal-nr-6-Lista-rankingowa-20.02.2026-CZD.pdf\"><strong>WYNIKI REKRUTACJI UCZESTNIK\u00d3W CENTRUM US\u0141UG SPO\u0141ECZNYCH W CZARNYM DUNAJCU Z DNIA 20.02.2026<\/strong><\/a><\/p>\n<p data-start=\"890\" data-end=\"1003\"><a href=\"https:\/\/przyjaznadolinaraby.info\/nowaperspektywa\/wp-content\/uploads\/2026\/01\/Lista-rankingowa-30.12.2025.pdf\"><strong>WYNIKI REKRUTACJI UCZESTNIK\u00d3W CENTRUM US\u0141UG SPO\u0141ECZNYCH W CZARNYM DUNAJCU Z DNIA 30.12.2025<\/strong><\/a><\/p>\n<p data-start=\"890\" data-end=\"1003\"><a href=\"https:\/\/przyjaznadolinaraby.info\/nowaperspektywa\/wp-content\/uploads\/2026\/01\/Lista-rankingowa-Czarny-Dunajec-20.11.2025.pdf\"><strong>WYNIKI REKRUTACJI UCZESTNIK\u00d3W CENTRUM US\u0141UG SPO\u0141ECZNYCH W CZARNYM DUNAJCU Z DNIA 20.11.2025<\/strong><\/a><\/p>\n<p data-start=\"890\" data-end=\"1003\"><a href=\"https:\/\/przyjaznadolinaraby.info\/nowaperspektywa\/wp-content\/uploads\/2025\/11\/WYNIKI-REKRUTACJI-UCZESTNIKOW-CENTRUM-USLUG-SPOLECZNYCH-W-CZARNY-DUNAJCU-z-dnia-20.10.2025-.pdf\"><strong>WYNIKI REKRUTACJI UCZESTNIK\u00d3W CENTRUM US\u0141UG SPO\u0141ECZNYCH W CZARNYM DUNAJCU Z DNIA 20.10.2025<\/strong><\/a><\/p>\n<p data-start=\"890\" data-end=\"1003\"><a href=\"https:\/\/przyjaznadolinaraby.info\/nowaperspektywa\/wp-content\/uploads\/2025\/09\/Lista-rankingowa-z-dnia-28.07.2025-osoby-niesamodzielne-Czarny-Dunajec.pdf\"><strong>WYNIKI REKRUTACJI UCZESTNIK\u00d3W CENTRUM US\u0141UG SPO\u0141ECZNYCH W CZARNYM DUNAJCU Z DNIA 28.07.2025<\/strong><\/a><\/p>\n<p data-start=\"890\" data-end=\"1003\">W ci\u0105gu 5 dni od daty publikacji listy rankingowej potencjalny uczestnik ma mo\u017cliwo\u015b\u0107 odwo\u0142ania si\u0119 i ponownej oceny. Po ewentualnym rozpatrzeniu odwo\u0142a\u0144 zostanie opublikowana ostateczna lista przyj\u0119tych, a nast\u0119pnie podpisana zostanie umowa z uczestnikiem projektu.<\/p>\n<p data-start=\"890\" data-end=\"1003\">*<\/p>\n<p data-start=\"890\" data-end=\"1003\"><a href=\"https:\/\/przyjaznadolinaraby.info\/nowaperspektywa\/nabor-na-stanowisko-koordynator-ka-opieki-wytchnieniowej-i-wypozyczalni-sprzetu-rehabilitacyjnego-w-centrum-wsparcia-uslug-spolecznych-w-czarnym-dunajcu\/\">Nab\u00f3r na stanowisko: Koordynator\/ka opieki wytchnieniowej i wypo\u017cyczalni sprz\u0119tu rehabilitacyjnego w Centrum wsparcia us\u0142ug spo\u0142ecznych w Czarnym Dunajcu <\/a><\/p>\n<p data-start=\"890\" data-end=\"1003\"><a href=\"https:\/\/przyjaznadolinaraby.info\/nowaperspektywa\/drugi-etap-rekrutacji-na-stanowisko-koordynator-ka-opieki-wytchnieniowej-i-wypozyczalni-sprzetu-rehabilitacyjnego-w-centrum-wsparcia-uslug-spolecznych-w-czarnym-dunajcu\/\">Drugi etap rekrutacji na stanowisko: Koordynator\/ka opieki wytchnieniowej i wypo\u017cyczalni sprz\u0119tu rehabilitacyjnego w Centrum wsparcia us\u0142ug spo\u0142ecznych w Czarnym Dunajcu<\/a><\/p>\n<p data-start=\"890\" data-end=\"1003\"><a href=\"https:\/\/przyjaznadolinaraby.info\/nowaperspektywa\/wyniki-naboru-na-stanowisko-instruktora-jogi-w-centrum-wsparcia-uslug-spolecznych-w-czarnym-dunajcu-2\/\">Wyniki naboru na stanowisko Koordynator\/ka opieki wytchnieniowej i wypo\u017cyczalni sprz\u0119tu rehabilitacyjnego w Centrum wsparcia us\u0142ug spo\u0142ecznych w Czarnym Dunajcu | Stowarzyszenie Przyjazna Dolina Raby i Czarnej Orawy<\/a><\/p>\n<p data-start=\"890\" data-end=\"1003\">*<\/p>\n<p data-start=\"890\" data-end=\"1003\"><strong><a href=\"https:\/\/przyjaznadolinaraby.info\/nowaperspektywa\/nabor-na-stanowisko-osoba-prowadzaca-terapie-zajeciowa-zajecia-grupowe-oraz-indywidualne-w-centrum-wsparcia-uslug-spolecznych-w-czarnym-dunajcu\/\">Nab\u00f3r na stanowisko: osoba prowadz\u0105ca terapi\u0119 zaj\u0119ciow\u0105 \u2013 zaj\u0119cia grupowe oraz indywidualne w Centrum wsparcia us\u0142ug spo\u0142ecznych w Czarnym Dunajcu | Stowarzyszenie Przyjazna Dolina Raby i Czarnej Orawy<\/a><\/strong><\/p>\n<p data-start=\"890\" data-end=\"1003\">*<\/p>\n<p><a role=\"link\" href=\"https:\/\/przyjaznadolinaraby.info\/nowaperspektywa\/nabor-na-stanowisko-instruktora-jogi-w-centrum-wsparcia-uslug-spolecznych-w-czarnym-dunajcu\/\"><strong>Nab\u00f3r na stanowisko:\u00a0<em>Instruktora Jogi\u00a0<\/em> w Centrum Wsparcia Us\u0142ug Spo\u0142ecznych w Czarny Dunajcu<\/strong><\/a><\/p>\n<p><strong><a role=\"link\" href=\"https:\/\/przyjaznadolinaraby.info\/nowaperspektywa\/drugi-etap-rekrutacji-na-stanowisko-instruktora-jogi-w-centrum-wsparcia-uslug-spolecznych-w-czarnym-dunajcu\/\">Drugi etap rekrutacji na stanowisko\u00a0<em>Instruktora Jogi\u00a0<\/em> w Centrum Wsparcia Us\u0142ug Spo\u0142ecznych <\/a><a role=\"link\" href=\"https:\/\/przyjaznadolinaraby.info\/nowaperspektywa\/drugi-etap-rekrutacji-na-stanowisko-instruktora-jogi-w-centrum-wsparcia-uslug-spolecznych-w-czarnym-dunajcu\/\"> w Czarny Dunajcu<\/a><\/strong><\/p>\n<p><strong><a role=\"link\" href=\"https:\/\/przyjaznadolinaraby.info\/nowaperspektywa\/wyniki-naboru-na-stanowisko-instruktora-jogi-w-centrum-wsparcia-uslug-spolecznych-w-czarnym-dunajcu\/\">Wyniki naboru na stanowisko\u00a0<em>Instruktora Jogi\u00a0<\/em> w Centrum Wsparcia Us\u0142ug Spo\u0142ecznych <\/a><a role=\"link\" href=\"https:\/\/przyjaznadolinaraby.info\/nowaperspektywa\/nabor-na-stanowisko-instruktora-jogi-w-centrum-wsparcia-uslug-spolecznych-w-podwilku\/\"> w Czarny Dunajcu<\/a><\/strong><\/p>\n<p data-start=\"890\" data-end=\"1003\">*<\/p>\n<p><span style=\"text-decoration: underline;\"><strong><a href=\"https:\/\/przyjaznadolinaraby.info\/nowaperspektywa\/nabor-na-stanowisko-fizjoterapeuta-zajecia-grupowe-oraz-indywidualne-w-centrum-wsparcia-uslug-spolecznych-w-czarnym-dunajcu-2\/\">Nab\u00f3r na stanowisko: fizjoterapeuta- zaj\u0119cia grupowe w Centrum Wsparcia Us\u0142ug Spo\u0142ecznych w Czarnym Dunajcu<\/a><\/strong><\/span><\/p>\n<p><span style=\"text-decoration: underline;\"><a href=\"https:\/\/przyjaznadolinaraby.info\/nowaperspektywa\/drugi-etap-rekrutacji-na-stanowisko-fizjoterapeuta-zajecia-grupowe-w-centrum-wsparcia-uslug-spolecznych-w-czarnym-dunajcu\/\">Drugi etap rekrutacji na stanowisko fizjoterapeuta zaj\u0119cia grupowe w Centrum wsparcia us\u0142ug spo\u0142ecznych w Czarnym Dunajcu<\/a><\/span><\/p>\n<p><span style=\"text-decoration: underline;\"><a href=\"https:\/\/przyjaznadolinaraby.info\/nowaperspektywa\/wyniki-naboru-na-stanowisko-fizjoterapeuta-zajecia-grupowe-w-centrum-wsparcia-uslug-spolecznych-w-czarnym-dunajcu\/\">Wyniki naboru na stanowisko fizjoterapeuta zaj\u0119cia grupowe w Centrum Wsparcia Us\u0142ug Spo\u0142ecznych w Czarnym Dunajcu<\/a><\/span><\/p>\n<p>*<\/p>\n<p><span style=\"text-decoration: underline;\"><strong><a href=\"https:\/\/przyjaznadolinaraby.info\/nowaperspektywa\/nabor-na-stanowisko-fizjoterapeuta-zajecia-grupowe-oraz-indywidualne-w-centrum-wsparcia-uslug-spolecznych-w-czarnym-dunajcu\/\">Nab\u00f3r na stanowisko: fizjoterapeuta- zaj\u0119cia grupowe oraz indywidualne w Centrum Wsparcia Us\u0142ug Spo\u0142ecznych w Czarnym Dunajcu<\/a><\/strong><\/span><\/p>\n<p><span style=\"text-decoration: underline;\"><a href=\"https:\/\/przyjaznadolinaraby.info\/nowaperspektywa\/drugi-etap-rekrutacji-na-stanowisko-fizjoterapeuta-zajecia-grupowe-oraz-indywidualne-w-centrum-wsparcia-uslug-spolecznych-w-czarnym-dunajcu\/\">Drugi etap rekrutacji na stanowisko fizjoterapeuta zaj\u0119cia grupowe oraz indywidualne w Centrum wsparcia us\u0142ug spo\u0142ecznych w Czarnym Dunajcu<\/a><\/span><\/p>\n<p><span style=\"text-decoration: underline;\"><a href=\"https:\/\/przyjaznadolinaraby.info\/nowaperspektywa\/wyniki-naboru-na-stanowisko-fizjoterapeuta-zajecia-grupowe-oraz-indywidualne-w-centrum-wsparcia-uslug-spolecznych-w-czarnym-dunajcu\/\">Wyniki naboru na stanowisko fizjoterapeuta zaj\u0119cia grupowe oraz indywidualne w Centrum Wsparcia Us\u0142ug Spo\u0142ecznych w Czarnym Dunajcu<\/a><\/span><\/p>\n<p>*<\/p>\n<p><span style=\"text-decoration: underline;\"><strong><a href=\"https:\/\/przyjaznadolinaraby.info\/nowaperspektywa\/nabor-na-stanowisko-pielegniarki-w-centrum-wsparcia-uslug-spolecznych-w-czarnym-dunajcu-2\/\">Nab\u00f3r na stanowisko: PSYCHOLOG (prowadzenie terapii psychologicznej)<\/a><\/strong><\/span><\/p>\n<p><a href=\"https:\/\/przyjaznadolinaraby.info\/nowaperspektywa\/drugi-etap-rekrutacji-na-stanowisko-psycholog-prowadzenie-terapii-psychologicznej-w-centrum-wsparcia-uslug-spolecznych-w-czarnym-dunajcu\/\"><span style=\"text-decoration: underline;\">Drugi etap rekrutacji na stanowisko PSYCHOLOG (prowadzenie terapii psychologicznej)<\/span><\/a><\/p>\n<p><a href=\"https:\/\/przyjaznadolinaraby.info\/nowaperspektywa\/wyniki-naboru-na-stanowisko-psycholog-prowadzenie-terapii-psychologicznej-w-centrum-wsparcia-uslug-spolecznych-w-czarnym-dunajcu\/\"><span style=\"text-decoration: underline;\">Wyniki naboru na stanowisko PSYCHOLOG \u2013 prowadzenie terapii psychologicznej<\/span><\/a><\/p>\n<p>*<\/p>\n<p><a href=\"https:\/\/przyjaznadolinaraby.info\/nowaperspektywa\/nabor-na-stanowisko-pielegniarki-w-centrum-wsparcia-uslug-spolecznych-w-czarnym-dunajcu\/\"><span style=\"text-decoration: underline;\"><strong>Nab\u00f3r na stanowisko: piel\u0119gniarki <\/strong><strong>Centrum wsparcia us\u0142ug spo\u0142ecznych w Czarnym Dunajcu<\/strong><\/span><\/a><\/p>\n<p><span style=\"text-decoration: underline;\"><a href=\"https:\/\/przyjaznadolinaraby.info\/nowaperspektywa\/drugi-etap-rekrutacji-na-stanowisko-pielegniarki-w-centrum-wsparcia-uslug-spolecznych-w-czarnym-dunajcu\/\">Drugi etap rekrutacji na stanowisko piel\u0119gniarki w Centrum Wsparcia Us\u0142ug Spo\u0142ecznych w Czarnym Dunajcu<\/a><\/span><\/p>\n<p><span style=\"text-decoration: underline;\"><a href=\"https:\/\/przyjaznadolinaraby.info\/nowaperspektywa\/wyniki-naboru-na-stanowisko-pielegniarki-w-centrum-wsparcia-uslug-spolecznych-w-czarnym-dunajcu\/\">Wyniki naboru na stanowisko piel\u0119gniarki w Centrum Wsparcia Us\u0142ug Spo\u0142ecznych w Czarnym Dunajcu<\/a><\/span><\/p>\n<p>&nbsp;<\/p>\n<p><a href=\"https:\/\/przyjaznadolinaraby.info\/nowaperspektywa\/nabor-na-stanowisko-asystenta-osoby-niepelnosprawnej-w-centrum-wsparcia-uslug-spolecznych-w-czarnym-dunajcu\/\"><span style=\"text-decoration: underline;\"><strong>Nab\u00f3r na stanowisko: asystenta osoby niepe\u0142nosprawnej w Centrum wsparcia us\u0142ug spo\u0142ecznych w Czarnym Dunajcu.<\/strong><\/span><\/a><\/p>\n<p><a href=\"https:\/\/przyjaznadolinaraby.info\/nowaperspektywa\/drugi-etap-rekrutacji-na-asystenta-osoby-niepelnosprawnej-w-centrum-wsparcia-uslug-spolecznych-w-czarnym-dunajcu\/\"><span style=\"text-decoration: underline;\">Drugi etap rekrutacji na asystenta osoby niepe\u0142nosprawnej w Centrum Wsparcia Us\u0142ug Spo\u0142ecznych w Czarnym Dunajcu.<\/span><\/a><\/p>\n<p><span style=\"text-decoration: underline;\"><a href=\"https:\/\/przyjaznadolinaraby.info\/nowaperspektywa\/wyniki-naboru-na-stanowisko-asystent-osoby-niepelnosprawnej-w-centrum-wsparcia-uslug-spolecznych-w-czarnym-dunajcu\/\">Wyniki naboru na stanowisko Asystent osoby niepe\u0142nosprawnej w Centrum Wsparcia Us\u0142ug Spo\u0142ecznych w Czarnym Dunajcu<\/a><\/span><\/p>\n<p>*<\/p>\n<p>&nbsp;<\/p>\n<p>&nbsp;<\/p>\n","protected":false},"excerpt":{"rendered":"<p>* WYNIKI REKRUTACJI UCZESTNIK\u00d3W CENTRUM US\u0141UG SPO\u0141ECZNYCH W CZARNYM DUNAJCU Z DNIA 20.02.2026 WYNIKI REKRUTACJI UCZESTNIK\u00d3W CENTRUM US\u0141UG SPO\u0141ECZNYCH W CZARNYM DUNAJCU Z DNIA 30.12.2025 WYNIKI REKRUTACJI UCZESTNIK\u00d3W CENTRUM US\u0141UG SPO\u0141ECZNYCH W CZARNYM DUNAJCU Z DNIA 20.11.2025 WYNIKI REKRUTACJI UCZESTNIK\u00d3W CENTRUM US\u0141UG SPO\u0141ECZNYCH W CZARNYM DUNAJCU Z DNIA 20.10.2025 WYNIKI REKRUTACJI UCZESTNIK\u00d3W CENTRUM US\u0141UG SPO\u0141ECZNYCH <a href=\"https:\/\/przyjaznadolinaraby.info\/nowaperspektywa\/aktualnosci-centrum-czarny-dunajec\/\" class=\"more-link\">&#8230;<span class=\"screen-reader-text\">  Aktualno\u015bci Centrum Czarny Dunajec<\/span><\/a><\/p>\n","protected":false},"author":6,"featured_media":0,"parent":0,"menu_order":0,"comment_status":"closed","ping_status":"closed","template":"","meta":{"_monsterinsights_skip_tracking":false,"_monsterinsights_sitenote_active":false,"_monsterinsights_sitenote_note":"","_monsterinsights_sitenote_category":0,"footnotes":""},"tags":[],"acf":[],"_links":{"self":[{"href":"https:\/\/przyjaznadolinaraby.info\/nowaperspektywa\/wp-json\/wp\/v2\/pages\/11966"}],"collection":[{"href":"https:\/\/przyjaznadolinaraby.info\/nowaperspektywa\/wp-json\/wp\/v2\/pages"}],"about":[{"href":"https:\/\/przyjaznadolinaraby.info\/nowaperspektywa\/wp-json\/wp\/v2\/types\/page"}],"author":[{"embeddable":true,"href":"https:\/\/przyjaznadolinaraby.info\/nowaperspektywa\/wp-json\/wp\/v2\/users\/6"}],"replies":[{"embeddable":true,"href":"https:\/\/przyjaznadolinaraby.info\/nowaperspektywa\/wp-json\/wp\/v2\/comments?post=11966"}],"version-history":[{"count":41,"href":"https:\/\/przyjaznadolinaraby.info\/nowaperspektywa\/wp-json\/wp\/v2\/pages\/11966\/revisions"}],"predecessor-version":[{"id":12847,"href":"https:\/\/przyjaznadolinaraby.info\/nowaperspektywa\/wp-json\/wp\/v2\/pages\/11966\/revisions\/12847"}],"wp:attachment":[{"href":"https:\/\/przyjaznadolinaraby.info\/nowaperspektywa\/wp-json\/wp\/v2\/media?parent=11966"}],"wp:term":[{"taxonomy":"post_tag","embeddable":true,"href":"https:\/\/przyjaznadolinaraby.info\/nowaperspektywa\/wp-json\/wp\/v2\/tags?post=11966"}],"curies":[{"name":"wp","href":"https:\/\/api.w.org\/{rel}","templated":true}]}}