{"id":12019,"date":"2025-06-12T11:36:37","date_gmt":"2025-06-12T09:36:37","guid":{"rendered":"https:\/\/przyjaznadolinaraby.info\/nowaperspektywa\/?page_id=12019"},"modified":"2025-06-20T12:17:30","modified_gmt":"2025-06-20T10:17:30","slug":"opis-projektu-centrum-czarny-dunajec","status":"publish","type":"page","link":"https:\/\/przyjaznadolinaraby.info\/nowaperspektywa\/opis-projektu-centrum-czarny-dunajec\/","title":{"rendered":"Opis projektu Centrum Czarny Dunajec"},"content":{"rendered":"<h1 class=\"fs-4 text-lg-start text-md-start text-sm-start text-center fw-bold mb-4\">Centrum wsparcia us\u0142ug spo\u0142ecznych w Czarnym Dunajcu<\/h1>\n<p><img decoding=\"async\" class=\"alignnone size-full wp-image-11853\" src=\"https:\/\/przyjaznadolinaraby.info\/nowaperspektywa\/wp-content\/uploads\/2025\/05\/logotypy-FEM.jpg\" alt=\"\" width=\"1490\" height=\"117\" srcset=\"https:\/\/przyjaznadolinaraby.info\/nowaperspektywa\/wp-content\/uploads\/2025\/05\/logotypy-FEM.jpg 1490w, https:\/\/przyjaznadolinaraby.info\/nowaperspektywa\/wp-content\/uploads\/2025\/05\/logotypy-FEM-300x24.jpg 300w, https:\/\/przyjaznadolinaraby.info\/nowaperspektywa\/wp-content\/uploads\/2025\/05\/logotypy-FEM-1024x80.jpg 1024w\" sizes=\"(max-width: 1490px) 100vw, 1490px\" \/><\/p>\n<p><strong>Tytu\u0142 projektu: Centrum Wsparcia Us\u0142ug Spo\u0142ecznych w Czarnym Dunajcu, FEMP.06.21-IP.01-1284\/24-00<\/strong><\/p>\n<p><strong>Grupa docelowa<\/strong><\/p>\n<p>Projekt przeznaczony dla 60 os\u00f3b potrzebuj\u0105cych wsparcia w codziennym funkcjonowaniu, w tym ze wzgl\u0119du na wiek niepe\u0142nosprawno\u015b\u0107 czy zaburzenia psychiczne oraz 60 opiekun\u00f3w\/ek nieformalnych\/ faktycznych. \u0141\u0105cznie 120 os\u00f3b.<\/p>\n<p>Centrum zlokalizowane jest w Czarnym Dunajcu przy ul. Ojca \u015awi\u0119tego Jana Paw\u0142a II 144.<\/p>\n<p><strong>Opis projektu:<\/strong><\/p>\n<p>Projekt zak\u0142ada utworzenie Dziennego Domu Opieki, Centrum Wsparcia dla opiekun\u00f3w\/ek nieformalnych\/faktycznych, a tak\u017ce wypo\u017cyczalni sprz\u0119tu rehabilitacyjnego. Opr\u00f3cz powy\u017cej opisanej oferty, projekt obejmuje wsparcie emocjonalne i praktyczne, a tak\u017ce rozw\u00f3j kompetencji spo\u0142ecznych i \u017cyciowych uczestnik\u00f3w\/czek. Utworzenie miejsca bezpiecznego, dostosowanego do potrzeb u\u017cytkownik\u00f3w\/czek, w kt\u00f3rym b\u0119d\u0105 mogli przebywa\u0107 w ci\u0105gu dnia, otrzymuj\u0105c odpowiedni\u0105 opiek\u0119 co zwi\u0119kszy dost\u0119pno\u015b\u0107 do us\u0142ug opieku\u0144czo specjalistycznych i pozwoli na w\u0142\u0105czenie ich w \u017cycie spo\u0142eczne. Ide\u0105 projektu jest praca na rzecz wyr\u00f3wnania szans w dost\u0119pnie do d\u00f3br i us\u0142ug na terenie gminy Czarny Dunajec, gdzie dost\u0119p do takich us\u0142ug jest ograniczony. Powstanie miejsca wsparcia w lokalnej spo\u0142eczno\u015bci, blisko miejsca zamieszkania umo\u017cliwi uczestnikom\/czkom dalsze samodzielne funkcjonowanie. W ramach projektu zaplanowano r\u00f3wnie\u017c u\u0142atwienie dost\u0119pu do sprz\u0119tu wspieraj\u0105cego codzienne funkcjonowanie oraz zapewnienie transportu i posi\u0142k\u00f3w dla u\u017cytkownik\u00f3w\/czek.<\/p>\n<p>W projekcie przewidziane jest wsparcie w codziennych obowi\u0105zkach opiekun\u00f3w\/ek faktycznych co pozwoli im na odpoczynek i regeneracj\u0119, zwi\u0119kszaj\u0105c ich wydolno\u015b\u0107 opieku\u0144cz\u0105 i umo\u017cliwiaj\u0105c dalsze prawid\u0142owe pe\u0142nienie funkcji opieku\u0144czych, a wyposa\u017cenie plac\u00f3wki w odpowiedni sprz\u0119t rehabilitacyjny, terapeutyczny i medyczny oraz zatrudnienie wykwalifikowanego personelu tj. terapeuci\/tki, psychologowie\/psycholo\u017cki, pracownicy\/ce socjalni i piel\u0119gniarki\/piel\u0119gniarze zapewni wsparcie na najwy\u017cszym poziomie.<\/p>\n<p><strong>Zakres us\u0142ug<\/strong><\/p>\n<p>W ramach wsparcia uczestnicy\/czki mog\u0105 skorzysta\u0107 z nast\u0119puj\u0105cego zakresu us\u0142ug:<\/p>\n<p><strong>I. Dzienny Dom Opieki<\/strong>\u00a0w kt\u00f3rym \u015bwiadczone b\u0119d\u0105 us\u0142ugi opieku\u0144czo-piel\u0119gnacyjne, wspomagaj\u0105ce oraz terapeutyczne, zapewniaj\u0105ce potrzebuj\u0105cym osobom wsparcie w codziennym funkcjonowaniu, udzielanie informacji, edukacj\u0119 i poradnictwo, podnoszenie sprawno\u015bci oraz aktywizacje do uczestnictwa w \u017cyciu spo\u0142ecznym w celu usprawnienia psychicznego i fizycznego.<\/p>\n<p>Us\u0142ugi opieku\u0144czo-piel\u0119gnacyjne \u00a0obejmuj\u0105:<\/p>\n<ul>\n<li>zaspokojenie potrzeb \u017cyciowych w tym zapewnienie bezpiecznego miejsca do sp\u0119dzania czasu i wsparcie opieku\u0144cze dostosowane do indywidualnych potrzeb uczestnik\u00f3w\/czek;<\/li>\n<li>us\u0142ugi piel\u0119gnacyjne tj. pomoc w utrzymaniu higieny osobistej, obs\u0142uga pomocy medycznych, wsparcie w codziennych czynno\u015bciach, podawanie lek\u00f3w oraz udzielanie pierwszej pomocy w nag\u0142ych przypadkach;<\/li>\n<li>zapewnienie dw\u00f3ch posi\u0142k\u00f3w w tym jednego ciep\u0142ego i wsparcie w ich spo\u017cywaniu, je\u015bli jest potrzebne. W uzasadnionych przypadkach zostanie wprowadzona us\u0142uga dowo\u017cenia posi\u0142k\u00f3w (us\u0142uga terenowa) w przypadku choroby uczestnika\/czki;<\/li>\n<li>zapewnienie dowozu z\/do plac\u00f3wki;<\/li>\n<li>pomoc i doradztwo w radzeniu sobie z trudno\u015bciami \u017cyciowymi i bie\u017c\u0105cymi sprawami dnia codziennego.<\/li>\n<\/ul>\n<p>Us\u0142ugi wspomagaj\u0105ce obejmuj\u0105<\/p>\n<ul>\n<li>udzielanie informacji, edukacj\u0119, wsparcie i poradnictwo, zar\u00f3wno dla podopiecznych, jak i ich rodzin\/opiekun\u00f3w\/ek faktycznych;<\/li>\n<li>wsp\u00f3\u0142prac\u0119 z rodzin\u0105\/opiekunami\/kami w zakresie rozwi\u0105zywania problem\u00f3w podopiecznych, wskazywaniu rozwi\u0105za\u0144 maj\u0105cych na celu popraw\u0119 ich funkcjonowania, udzielaniu wsparcia w zachowaniu wi\u0119zi rodzinnych i nawi\u0105zywaniu kontakt\u00f3w z innymi, przeprowadzaniu rozm\u00f3w wspieraj\u0105cych, udzielaniu wskaz\u00f3wek i informacji pomagaj\u0105cych opiekunom w opiece.<\/li>\n<\/ul>\n<p>Us\u0142ugi wspomagaj\u0105ce maj\u0105 wymiar indywidualny, a ich rozszerzenie realizowane b\u0119dzie w ramach Centrum Wsparcia Opiekun\u00f3w\/ek Nieformalnych\/Faktycznych.<\/p>\n<p>Us\u0142ugi terapeutyczne obejmuj\u0105:<\/p>\n<ul>\n<li>terapi\u0119 ruchow\u0105, w tym spacerowanie (nordic walking), gimnastyka og\u00f3lnousprawniaj\u0105ca, zaj\u0119cia z wykorzystaniem sprz\u0119t\u00f3w sportowych, zaj\u0119cia kinezyterapii, maj\u0105ce na celu rehabilitacj\u0119 i usprawnianie zaburzonych funkcji organizmu;<\/li>\n<li>arterterapi\u0119 \u2013 wykorzystanie procesu tw\u00f3rczego, jak rysunek, malarstwo, modelowanie, tworzenie kola\u017cy, aby u\u0142atwi\u0107 wyra\u017canie emocji, pobudzi\u0107 kreatywno\u015b\u0107, wspiera\u0107 rozw\u00f3j osobisty i emocjonalny;<\/li>\n<li>muzykoterapi\u0119 \u2013 wykorzystanie muzyki i d\u017awi\u0119k\u00f3w do cel\u00f3w terapeutycznych np. poprzez gr\u0119 na instrumentach, \u015bpiew czy s\u0142uchanie muzyki, w celu redukcji stresu, poprawy samopoczucia, rozwijania umiej\u0119tno\u015bci komunikacyjnych i spo\u0142ecznych;<\/li>\n<li>biblioterapi\u0119- wykorzystanie literatury i czytania tekst\u00f3w literackich jako narz\u0119dzia terapeutycznego, aby pom\u00f3c w radzeniu sobie z emocjami, zrozumieniu w\u0142asnych do\u015bwiadcze\u0144, prze\u017cy\u0107 oraz rozwijaniu empatii i samowiedzy;<\/li>\n<li>ludoterapi\u0119 \u2013 rozwija umiej\u0119tno\u015bci spo\u0142eczne, wspiera rozw\u00f3j emocjonalny, uczy wsp\u00f3\u0142pracy i rozwi\u0105zywania konflikt\u00f3w poprzez gry i zabawy;<\/li>\n<li>choreoterapi\u0119 \u2013 wykorzystanie ruch i ta\u0144ca, pomaga w poprawie kondycji fizycznej, regulacji emocji, wyra\u017caniu siebie oraz budowaniu pewno\u015bci siebie;<\/li>\n<li>terapi\u0119 reaminiscencji wywo\u0142uje pozytywne emocje, buduje poczucie to\u017csamo\u015bci i warto\u015bci oraz wspiera procesy refleksji i akceptacji, poprzez wspomnienia i rozmowy;<\/li>\n<li>terapi\u0119 informatyczna, wykorzystuje technologi\u0119 komputerow\u0105 i internetow\u0105 np. poprzez gry komputerowe, programy edukacyjne, terapi\u0119 online;<\/li>\n<li>ergoterapi\u0119, pomaga w radzeniu sobie z codziennymi czynno\u015bciami, poprzez wykorzystanie odpowiednich technik, narz\u0119dzi i terapii zaj\u0119ciowej, poprawia sprawno\u015b\u0107 ruchow\u0105, niezale\u017cno\u015b\u0107 i umiej\u0119tno\u015bci \u017cyciowe;<\/li>\n<li>animaloterapii, wykorzystuje kontakt z zwierz\u0119tami w celach terapeutycznych. Pomaga w redukcji stresu, poprawie nastroju, zwi\u0119kszeniu poczucia bezpiecze\u0144stwa oraz rozwijaniu umiej\u0119tno\u015bci spo\u0142ecznych;<\/li>\n<li>terapi\u0119 r\u0119ki, skupia si\u0119 na poprawie funkcji r\u0119ki i koordynacji ruchowej poprzez r\u00f3\u017cnorodne \u0107wiczenia, masa\u017ce, manipulacje przedmiotami czy terapi\u0119 zaj\u0119ciow\u0105, jest szczeg\u00f3lnie pomocna dla os\u00f3b z zaburzeniami ruchowymi, urazami, problemami neurologicznymi;<\/li>\n<li>treningi podtrzymywania umiej\u0119tno\u015bci dbania o higien\u0119 i wygl\u0105d oraz samoobs\u0142ug\u0119 i umiej\u0119tno\u015bci spo\u0142ecznych, koncentruje si\u0119 na rozwijaniu umiej\u0119tno\u015bci codziennego funkcjonowania. Treningi obejm\u0105 praktyczne \u0107wiczenia zwi\u0105zane z higien\u0105 osobist\u0105, dbaniem o wygl\u0105d, rozwijaniem umiej\u0119tno\u015bci spo\u0142ecznych, jak komunikacja, wsp\u00f3\u0142praca czy radzenie sobie w grupie. Zwi\u0119ksz\u0105 one niezale\u017cno\u015b\u0107 i samodzielno\u015b\u0107 \u017cyciow\u0105 uczestnika\/czki;<\/li>\n<li>terapi\u0119 psychologiczn\u0105 zapewniaj\u0105c\u0105 zdrowie psychiczne osobom wymagaj\u0105cym wsparcia w codziennym funkcjonowaniu, cz\u0119sto pr\u00f3buj\u0105cym odnale\u017a\u0107 si\u0119 w nowej sytuacji \u017cyciowej;<\/li>\n<li>terapia kulinarna, przygotowywanie posi\u0142k\u00f3w.<\/li>\n<\/ul>\n<p>Czas wolny b\u0119dzie organizowany z wykorzystaniem lokalnych zasob\u00f3w, m.in. kulturalnych, instytucjonalnych, przyrodniczych poprzez wsp\u00f3lne spacery edukacyjno-rekreacyjne, wycieczki piesze po miejscowo\u015bci, pikniki w miejscach wypoczynku, organizacja wyj\u015b\u0107 do instytucji kulturalno-o\u015bwiatowych, organizowanie prelekcji\/spotka\u0144 dotycz\u0105cych np. zagadnie\u0144 zwi\u0105zanych z tematyk\u0105 spo\u0142eczn\u0105, zdrowotn\u0105 i bezpiecze\u0144stwem.<\/p>\n<p><strong>II.Centrum wsparcia dla opiekun\u00f3w\/ek nieformalnych\/faktycznych\u00a0<\/strong>kt\u00f3rego celem jest poprawa dost\u0119pu do us\u0142ug zmniejszaj\u0105cych obci\u0105\u017cenie obowi\u0105zkami opieku\u0144czymi. Umo\u017cliwia to \u0142\u0105czenie aktywno\u015bci spo\u0142ecznej i zawodowej z opiek\u0105 nad cz\u0142onkiem rodziny oraz odroczenie w czasie konieczno\u015bci skorzystania z ca\u0142odobowej opieki instytucjonalnej. Wsparcie w ramach Centrum obejmuje przygotowanie rodzin do sprawowania opieki nad osob\u0105 wymagaj\u0105c\u0105 wsparcia poprzez u\u0142atwienie dost\u0119pu do informacji, zapewnienie sprz\u0119tu wspomagaj\u0105cego oraz pomoc psychologiczn\u0105. Dzia\u0142ania realizowane w Centrum maj\u0105 na celu wsparcie w godzeniu obowi\u0105zk\u00f3w opieku\u0144czych z prac\u0105 zawodow\u0105 oraz u\u0142atwienie powrotu na rynek pracy osobom, kt\u00f3re aktualnie sprawuj\u0105 lub sprawowa\u0142y opiek\u0119 nad cz\u0142onkiem rodziny. Centrum obejmuje wsparciem opiekun\u00f3w\/ek faktycznych os\u00f3b wymagaj\u0105cych wsparcia w codziennym funkcjonowaniu, kt\u00f3re ze wzgl\u0119du na wiek, niepe\u0142nosprawno\u015b\u0107 czy zaburzenia psychiczne wymaga opieki lub wsparcia w zwi\u0105zku z niemo\u017cno\u015bci\u0105 samodzielnego wykonywania co najmniej jednej z podstawowych czynno\u015bci dnia codziennego.<\/p>\n<p>Centrum oferuje nast\u0119puj\u0105cy zakres wsparcia:<\/p>\n<ul>\n<li>wsparcie edukacyjno-doradcze;<\/li>\n<li>dzia\u0142ania zwi\u0119kszaj\u0105ce dost\u0119p opiekun\u00f3w\/ek do informacji na temat mo\u017cliwo\u015bci wsparcia, \u015bwiadcze\u0144 itp. u\u0142atwiaj\u0105cych opiek\u0119;<\/li>\n<li>dzia\u0142ania informacyjno-edukacyjne kierowane do kadr zwi\u0105zanych z opiek\u0105 nad osobami potrzebuj\u0105cymi wsparcia w codziennym funkcjonowaniu (s\u0142u\u017cby zdrowia, pomocy spo\u0142ecznej);<\/li>\n<li>opiek\u0119 wytychnieniow\u0105;<\/li>\n<li>u\u0142atwienia w dost\u0119pie do sprz\u0119tu piel\u0119gnacyjnego, rehabilitacyjnego i medycznego w po\u0142\u0105czeniu z nauk\u0105 obs\u0142ugi i doradztwem;<\/li>\n<li>wielokierunkowe wsparcie w trybie pilnym os\u00f3b wymagaj\u0105cych opieki w miejscu zamieszkania i ich opiekun\u00f3w\/ek, po pobycie w szpitalu.<\/li>\n<\/ul>\n<p>Uczestnicy\/czki i ich opiekunowie\/ki b\u0119d\u0105 mieli r\u00f3wnie\u017c dost\u0119p do wypo\u017cyczalni sprz\u0119tu rehabilitacyjnego.<\/p>\n<p><strong>Cel projektu:<\/strong><\/p>\n<p>Celem projektu jest zwi\u0119kszenie dost\u0119pu do us\u0142ug spo\u0142ecznych, poprawa jako\u015bci\/komfortu \u017cycia os\u00f3b potrzebuj\u0105cych wsparcia oraz ich opiekun\u00f3w\/ek, poprzez zapewnienie bezpiecznego, dostosowanego do ich potrzeb miejsca dziennego pobytu. \u00a0Ponadto u\u0142atwienie dost\u0119pu do sprz\u0119tu pomocniczego i transportu, organizacja zaj\u0119\u0107 integracyjnych, kulturalnych i edukacyjnych. Celem jest r\u00f3wnie\u017c wi\u0119ksza integracja uczestnik\u00f3w\/czek z lokaln\u0105 spo\u0142eczno\u015bci\u0105, co zwi\u0119kszy ich poczucie przynale\u017cno\u015bci i warto\u015bci. Planowane us\u0142ugi zapobiegn\u0105 odizolowaniu od rodziny i \u015brodowiska lokalnego, a gdy to nie jest mo\u017cliwe gwarantuj\u0105 warunki \u017cycia zbli\u017cone do domowych, umo\u017cliwiaj\u0105c podtrzymanie wi\u0119zi rodzinnych i s\u0105siedzkich.<\/p>\n<p>&nbsp;<\/p>\n<p><strong>Efekty i rezultaty:<\/strong><\/p>\n<p>Realizacja projektu przyczyni si\u0119 do znacz\u0105cej poprawy jako\u015bci \u017cycia uczestnik\u00f3w i uczestniczek poprzez kompleksowe wsparcie, redukcj\u0119 barier oraz integracj\u0119 spo\u0142eczn\u0105. W efekcie projekt b\u0119dzie wspiera\u0142 mieszka\u0144c\u00f3w gminy Czarny Dunajec w d\u0105\u017ceniu do godnego i pe\u0142nego uczestnictwa w \u017cyciu spo\u0142ecznym. Dzia\u0142ania podejmowane w ramach projektu b\u0119d\u0105 sprzyja\u0107 w\u0142\u0105czeniu spo\u0142ecznemu, przeciwdzia\u0142aniu izolacji oraz wyr\u00f3wnywaniu szans os\u00f3b potrzebuj\u0105cych wsparcia. Powstanie Plac\u00f3wka wyposa\u017cona w nowoczesny sprz\u0119t oraz wykwalifikowan\u0105 kadr\u0119 specjalistyczn\u0105, co zapewni \u015bwiadczenie us\u0142ug opieku\u0144czych na wysokim poziomie. Utworzone zostan\u0105 \u0142\u0105cznie 30 nowych miejsc \u015bwiadczenia us\u0142ug spo\u0142ecznych dla mieszka\u0144c\u00f3w gminy, a tak\u017ce uruchomiona zostanie nowa oferta wsparcia w formie us\u0142ug \u015bwiadczonych przez dom dziennej opieki oraz centrum wsparcia opiekun\u00f3w\/ek nieformalnych\/faktycznych.<\/p>\n<p>&nbsp;<\/p>\n<p><strong>G\u0142\u00f3wne zadania realizowane w ramach projektu:<\/strong><\/p>\n<p>Zadanie 1 Dostosowanie budynku do pe\u0142nienia funkcji Plac\u00f3wki zapewniaj\u0105cej wsparcie os\u00f3b wymagaj\u0105cym wsparcia w codziennym funkcjonowaniu oraz ich opiekunom\/kom faktycznym;<\/p>\n<p>Zadanie 2 Opracowanie\/Aktualizacja Indywidualnych Plac\u00f3w Dzia\u0142ania<\/p>\n<p>Zadanie 3 Funkcjonowanie Plac\u00f3wki \u2013 us\u0142ugi opieku\u0144czo-piel\u0119gnacyjne oraz wspomagaj\u0105ce<\/p>\n<p>Zadanie 4 Funkcjonowanie Plac\u00f3wki \u2013 us\u0142ugi terapeutyczne<\/p>\n<p>Zadanie 5 Centrum Wsparcia Opiekun\u00f3w\/ek Faktycznych<\/p>\n<p><strong>Ca\u0142kowita warto\u015b\u0107 projektu: 4 829 536,36 PLN.\u00a0 Kwota dofinansowania z Unii Europejskiej \u2013 4 103 072,01 PLN<\/strong>,\u00a0 wsp\u00f3\u0142finansowanie krajowe z bud\u017cetu pa\u0144stwa \u2013 482 714,35 PLN.<\/p>\n<p><em>Projekt pt.\u202fCentrum wsparcia us\u0142ug spo\u0142ecznych w Czarnym Dunajcu dofinansowany jest z Funduszy Europejskich w ramach programu Fundusze Europejskie dla Ma\u0142opolski 2021\u20132027, Priorytet 6: Fundusze europejskie dla rynku pracy, edukacji i w\u0142\u0105czenia spo\u0142ecznego, Dzia\u0142anie 6.21: Wsparcie us\u0142ug spo\u0142ecznych w regionie, ze \u015brodk\u00f3w Europejskiego Funduszu Spo\u0142ecznego Plus.<\/em><\/p>\n<p>#FunduszeUE, #FunduszeEuropejskie<\/p>\n<p><img decoding=\"async\" class=\"alignnone size-full wp-image-11853\" src=\"https:\/\/przyjaznadolinaraby.info\/nowaperspektywa\/wp-content\/uploads\/2025\/05\/logotypy-FEM.jpg\" alt=\"\" width=\"1490\" height=\"117\" srcset=\"https:\/\/przyjaznadolinaraby.info\/nowaperspektywa\/wp-content\/uploads\/2025\/05\/logotypy-FEM.jpg 1490w, https:\/\/przyjaznadolinaraby.info\/nowaperspektywa\/wp-content\/uploads\/2025\/05\/logotypy-FEM-300x24.jpg 300w, https:\/\/przyjaznadolinaraby.info\/nowaperspektywa\/wp-content\/uploads\/2025\/05\/logotypy-FEM-1024x80.jpg 1024w\" sizes=\"(max-width: 1490px) 100vw, 1490px\" \/><\/p>\n<p>&nbsp;<\/p>\n","protected":false},"excerpt":{"rendered":"<p>Centrum wsparcia us\u0142ug spo\u0142ecznych w Czarnym Dunajcu Tytu\u0142 projektu: Centrum Wsparcia Us\u0142ug Spo\u0142ecznych w Czarnym Dunajcu, FEMP.06.21-IP.01-1284\/24-00 Grupa docelowa Projekt przeznaczony dla 60 os\u00f3b potrzebuj\u0105cych wsparcia w codziennym funkcjonowaniu, w tym ze wzgl\u0119du na wiek niepe\u0142nosprawno\u015b\u0107 czy zaburzenia psychiczne oraz 60 opiekun\u00f3w\/ek nieformalnych\/ faktycznych. \u0141\u0105cznie 120 os\u00f3b. Centrum zlokalizowane jest w Czarnym Dunajcu przy ul. <a href=\"https:\/\/przyjaznadolinaraby.info\/nowaperspektywa\/opis-projektu-centrum-czarny-dunajec\/\" class=\"more-link\">&#8230;<span class=\"screen-reader-text\">  Opis projektu Centrum Czarny Dunajec<\/span><\/a><\/p>\n","protected":false},"author":6,"featured_media":0,"parent":0,"menu_order":0,"comment_status":"closed","ping_status":"closed","template":"","meta":{"_monsterinsights_skip_tracking":false,"_monsterinsights_sitenote_active":false,"_monsterinsights_sitenote_note":"","_monsterinsights_sitenote_category":0,"footnotes":""},"tags":[],"acf":[],"_links":{"self":[{"href":"https:\/\/przyjaznadolinaraby.info\/nowaperspektywa\/wp-json\/wp\/v2\/pages\/12019"}],"collection":[{"href":"https:\/\/przyjaznadolinaraby.info\/nowaperspektywa\/wp-json\/wp\/v2\/pages"}],"about":[{"href":"https:\/\/przyjaznadolinaraby.info\/nowaperspektywa\/wp-json\/wp\/v2\/types\/page"}],"author":[{"embeddable":true,"href":"https:\/\/przyjaznadolinaraby.info\/nowaperspektywa\/wp-json\/wp\/v2\/users\/6"}],"replies":[{"embeddable":true,"href":"https:\/\/przyjaznadolinaraby.info\/nowaperspektywa\/wp-json\/wp\/v2\/comments?post=12019"}],"version-history":[{"count":7,"href":"https:\/\/przyjaznadolinaraby.info\/nowaperspektywa\/wp-json\/wp\/v2\/pages\/12019\/revisions"}],"predecessor-version":[{"id":12069,"href":"https:\/\/przyjaznadolinaraby.info\/nowaperspektywa\/wp-json\/wp\/v2\/pages\/12019\/revisions\/12069"}],"wp:attachment":[{"href":"https:\/\/przyjaznadolinaraby.info\/nowaperspektywa\/wp-json\/wp\/v2\/media?parent=12019"}],"wp:term":[{"taxonomy":"post_tag","embeddable":true,"href":"https:\/\/przyjaznadolinaraby.info\/nowaperspektywa\/wp-json\/wp\/v2\/tags?post=12019"}],"curies":[{"name":"wp","href":"https:\/\/api.w.org\/{rel}","templated":true}]}}