{"id":12036,"date":"2025-06-12T12:51:43","date_gmt":"2025-06-12T10:51:43","guid":{"rendered":"https:\/\/przyjaznadolinaraby.info\/nowaperspektywa\/?page_id=12036"},"modified":"2025-08-26T09:15:40","modified_gmt":"2025-08-26T07:15:40","slug":"kontakt-cwus-czarny-dunajec","status":"publish","type":"page","link":"https:\/\/przyjaznadolinaraby.info\/nowaperspektywa\/kontakt-cwus-czarny-dunajec\/","title":{"rendered":"Kontakt Czarny Dunajec"},"content":{"rendered":"<p><strong data-start=\"0\" data-end=\"115\">Centrum Wsparcia Us\u0142ug Spo\u0142ecznych w Czarnym Dunajcu<\/strong><\/p>\n<p>ul. Ojca \u015awi\u0119tego Jana Paw\u0142a II 144<\/p>\n<p>34-470 Czarny Dunajec<\/p>\n<p>tel. +48 510 669 523<\/p>\n<p><a href=\"mailto:cwus.czarnydunajec@gmail.com\">cwus.czarnydunajec@gmail.com<\/a><\/p>\n<p>&nbsp;<\/p>\n","protected":false},"excerpt":{"rendered":"<p>Centrum Wsparcia Us\u0142ug Spo\u0142ecznych w Czarnym Dunajcu ul. Ojca \u015awi\u0119tego Jana Paw\u0142a II 144 34-470 Czarny Dunajec tel. +48 510 669 523 cwus.czarnydunajec@gmail.com &nbsp;<\/p>\n","protected":false},"author":6,"featured_media":0,"parent":0,"menu_order":0,"comment_status":"closed","ping_status":"closed","template":"","meta":{"_monsterinsights_skip_tracking":false,"_monsterinsights_sitenote_active":false,"_monsterinsights_sitenote_note":"","_monsterinsights_sitenote_category":0,"footnotes":""},"tags":[],"acf":[],"_links":{"self":[{"href":"https:\/\/przyjaznadolinaraby.info\/nowaperspektywa\/wp-json\/wp\/v2\/pages\/12036"}],"collection":[{"href":"https:\/\/przyjaznadolinaraby.info\/nowaperspektywa\/wp-json\/wp\/v2\/pages"}],"about":[{"href":"https:\/\/przyjaznadolinaraby.info\/nowaperspektywa\/wp-json\/wp\/v2\/types\/page"}],"author":[{"embeddable":true,"href":"https:\/\/przyjaznadolinaraby.info\/nowaperspektywa\/wp-json\/wp\/v2\/users\/6"}],"replies":[{"embeddable":true,"href":"https:\/\/przyjaznadolinaraby.info\/nowaperspektywa\/wp-json\/wp\/v2\/comments?post=12036"}],"version-history":[{"count":4,"href":"https:\/\/przyjaznadolinaraby.info\/nowaperspektywa\/wp-json\/wp\/v2\/pages\/12036\/revisions"}],"predecessor-version":[{"id":12394,"href":"https:\/\/przyjaznadolinaraby.info\/nowaperspektywa\/wp-json\/wp\/v2\/pages\/12036\/revisions\/12394"}],"wp:attachment":[{"href":"https:\/\/przyjaznadolinaraby.info\/nowaperspektywa\/wp-json\/wp\/v2\/media?parent=12036"}],"wp:term":[{"taxonomy":"post_tag","embeddable":true,"href":"https:\/\/przyjaznadolinaraby.info\/nowaperspektywa\/wp-json\/wp\/v2\/tags?post=12036"}],"curies":[{"name":"wp","href":"https:\/\/api.w.org\/{rel}","templated":true}]}}