{"id":12099,"date":"2025-06-24T13:30:40","date_gmt":"2025-06-24T11:30:40","guid":{"rendered":"https:\/\/przyjaznadolinaraby.info\/nowaperspektywa\/?page_id=12099"},"modified":"2026-01-22T12:20:03","modified_gmt":"2026-01-22T11:20:03","slug":"rozwoj-placowki-wsparcia-dziennego-dla-dzieci-i-mlodziezy","status":"publish","type":"page","link":"https:\/\/przyjaznadolinaraby.info\/nowaperspektywa\/rozwoj-placowki-wsparcia-dziennego-dla-dzieci-i-mlodziezy\/","title":{"rendered":"Rozw\u00f3j plac\u00f3wki wsparcia dziennego dla dzieci i m\u0142odzie\u017cy"},"content":{"rendered":"<p><img decoding=\"async\" class=\"alignnone size-full wp-image-11853\" src=\"https:\/\/przyjaznadolinaraby.info\/nowaperspektywa\/wp-content\/uploads\/2025\/05\/logotypy-FEM.jpg\" alt=\"\" width=\"1490\" height=\"117\" srcset=\"https:\/\/przyjaznadolinaraby.info\/nowaperspektywa\/wp-content\/uploads\/2025\/05\/logotypy-FEM.jpg 1490w, https:\/\/przyjaznadolinaraby.info\/nowaperspektywa\/wp-content\/uploads\/2025\/05\/logotypy-FEM-300x24.jpg 300w, https:\/\/przyjaznadolinaraby.info\/nowaperspektywa\/wp-content\/uploads\/2025\/05\/logotypy-FEM-1024x80.jpg 1024w\" sizes=\"(max-width: 1490px) 100vw, 1490px\" \/><\/p>\n<p><span style=\"text-decoration: underline;\"><strong>Aktualno\u015bci:<\/strong><\/span><\/p>\n<p>&nbsp;<\/p>\n<p><span style=\"text-decoration: underline;\"><a href=\"https:\/\/przyjaznadolinaraby.info\/nowaperspektywa\/nabor-na-stanowisko-animator-streetworker-praca-w-formie-podworkowej-2\/\">Nab\u00f3r na stanowisko PSYCHOLOG \u2013 prowadz\u0105cy terapi\u0119 psychologiczn\u0105 z elementami psychoterapii poznawczo-behawioralnej.<\/a><\/span><\/p>\n<p><a href=\"https:\/\/przyjaznadolinaraby.info\/nowaperspektywa\/nabor-na-stanowisko-psycholog-prowadzacy-terapie-psychologiczna-z-elementami-psychoterapii-poznawczo-behawioralnej\/\">Drugi etap rekrutacji na stanowisko PSYCHOLOG \u2013 prowadz\u0105cy terapi\u0119 psychologiczn\u0105 z elementami psychoterapii poznawczo-behawioralnej. <\/a><\/p>\n<p><a href=\"https:\/\/przyjaznadolinaraby.info\/nowaperspektywa\/wyniki-naboru-na-stanowisko-psycholog-prowadzacy-terapie-psychologiczna-z-elementami-psychoterapii-poznawczo-behawioralnej\/\">Wyniki naboru na stanowisko PSYCHOLOG \u2013 prowadz\u0105cy terapi\u0119 psychologiczn\u0105 z elementami psychoterapii poznawczo-behawioralnej.<\/a><\/p>\n<p>***<\/p>\n<p><span style=\"text-decoration: underline;\"><a href=\"https:\/\/przyjaznadolinaraby.info\/nowaperspektywa\/nabor-na-stanowisko-animator-streetworker-praca-w-formie-podworkowej\/\">Nab\u00f3r na stanowisko Animator\/Streetworker (praca w formie podw\u00f3rkowej)<\/a><\/span><\/p>\n<p><a href=\"https:\/\/przyjaznadolinaraby.info\/nowaperspektywa\/drugi-etap-rekrutacji-na-stanowisko-animator-streetworker-praca-w-formie-podworkowej\/\">Drugi etap rekrutacji na stanowisko Animator\/Streetworker (praca w formie podw\u00f3rkowej)<\/a><\/p>\n<p><span style=\"text-decoration: underline;\"><a href=\"https:\/\/przyjaznadolinaraby.info\/nowaperspektywa\/drugi-etap-rekrutacji-na-stanowisko-animator-streetworker-praca-w-formie-podworkowej-2\/\">Wyniki naboru na stanowisko Animator\/Streetworker (praca w formie podw\u00f3rkowej)<\/a><\/span><\/p>\n<p>***<\/p>\n<p><a href=\"https:\/\/przyjaznadolinaraby.info\/nowaperspektywa\/nabor-na-stanowisko-psycholog-prowadzenie-grupy-wsparcia\/\"><span style=\"text-decoration: underline;\">Nab\u00f3r na stanowisko PSYCHOLOG \u2013 prowadzenie grupy wsparcia<\/span><\/a><\/p>\n<p><a href=\"https:\/\/przyjaznadolinaraby.info\/nowaperspektywa\/wyniki-naboru-na-stanowisko-psycholog-prowadzenie-grupy-wsparcia-2\/\"><span style=\"text-decoration: underline;\">Drugi etap rekrutacji na stanowisko PSYCHOLOG \u2013 prowadzenie grupy wsparcia<\/span><\/a><\/p>\n<p><a href=\"https:\/\/przyjaznadolinaraby.info\/nowaperspektywa\/wyniki-naboru-na-stanowisko-psycholog-prowadzenie-grupy-wsparcia\/\"><span style=\"text-decoration: underline;\">Wyniki naboru na stanowisko PSYCHOLOG \u2013 prowadzenie grupy wsparcia<\/span><\/a><\/p>\n<p>***<\/p>\n<p>&nbsp;<\/p>\n<p><strong>PWD ,,Centrum Rozwoju Dzieci i M\u0142odzie\u017cy ,,Horyzont\u201d w Piekielniku.<\/strong><\/p>\n<p><strong>Tytu\u0142 projektu: Rozw\u00f3j ju\u017c istniej\u0105cej\u00a0 plac\u00f3wki wsparcia dziennego\u00a0 dla dzieci i m\u0142odzie\u017cy<br \/>\nw formie opieku\u0144czej i specjalistycznej oraz w formie pracy podw\u00f3rkowej realizowanej przez wychowawc\u0119 poprzez rozszerzenie oferty wsparcia.<\/strong><\/p>\n<p>Skr\u00f3cona nazwa projektu: \u201eRozw\u00f3j plac\u00f3wki wsparcia dziennego dla dzieci i m\u0142odzie\u017cy poprzez rozszerzenie oferty opieki, wsparcia specjalistycznego i pracy podw\u00f3rkowej.\u201d<\/p>\n<p>Nr projektu: FEMP.06.33-IP.01-1396\/24<\/p>\n<p><strong>Grupa docelowa: <\/strong><\/p>\n<p>Projekt skierowany jest do dzieci i m\u0142odzie\u017cy do 18. roku \u017cycia oraz ich rodzin, zamieszkuj\u0105cych teren Gminy i Miasta Czarny Dunajec. Planowana liczba uczestnik\u00f3w i uczestniczek projektu wynosi 160 os\u00f3b.<\/p>\n<p>Plac\u00f3wka Wsparcia Dziennego \u201eHoryzont\u201d znajduje si\u0119 w miejscowo\u015bci Piekielnik 202. Zaj\u0119cia realizowane w ramach pedagogiki podw\u00f3rkowej odbywa\u0107 si\u0119 b\u0119d\u0105 w wi\u0119kszo\u015bci miejscowo\u015bci nale\u017c\u0105cych do Gminy i Miasta Czarny Dunajec.<\/p>\n<p><strong>Opis projektu: <\/strong><\/p>\n<p>Projekt zak\u0142ada rozszerzenie oferowanego wsparcia w PWD ,,Horyzont\u201d poprzez wprowadzenie zaj\u0119\u0107 specjalistycznych\u00a0 oraz zaj\u0119\u0107 prowadzonych zgodnie z za\u0142o\u017ceniami pedagogiki podw\u00f3rkowej. Praca Plac\u00f3wki w du\u017cej mierze opiera si\u0119 na wsp\u00f3\u0142pracy z domem rodzinnym\u00a0 i plac\u00f3wkami o\u015bwiatowymi podopiecznego, w celu podejmowania dzia\u0142a\u0144 dla dobra dziecka. Praca z dzieckiem oparta b\u0119dzie na Indywidualnych Planach Wsparcia zapewni to indywidualne podej\u015bcie do ka\u017cdego uczestnika uwzgl\u0119dniaj\u0105c indywidualne umiej\u0119tno\u015bci, predyspozycje, preferencje oraz cele. W ramach realizacji projektu zak\u0142ada si\u0119 prowadzenie plac\u00f3wki w formie podw\u00f3rkowej opartej na za\u0142o\u017ceniach pedagogiki ulicy, aby jeszcze skuteczniej przeciwdzia\u0142a\u0107 marginalizacji i wykluczeniu spo\u0142ecznemu, dzia\u0142a\u0107 profilaktycznie\u00a0 oraz wspiera\u0107 rozw\u00f3j dzieci i m\u0142odzie\u017cy. Praca plac\u00f3wki b\u0119dzie opiera\u0107 si\u0119 na systematycznych dzia\u0142aniach realizowanych przez pedagoga (animatora) w \u015brodowisku dzieci sp\u0119dzaj\u0105cych czas na ulicy, podw\u00f3rku lub osiedlu. Zadaniem prowadz\u0105cego b\u0119dzie wej\u015bcie w przestrze\u0144 \u017cycia dziecka i dostosowanie si\u0119 do warunk\u00f3w w niej panuj\u0105cych.<\/p>\n<p>Umowa nr 06.33-IP.01-1396\/24-00<\/p>\n<p><strong>Zakres us\u0142ug:<\/strong><\/p>\n<p>Uczestnicy i uczestniczki projektu b\u0119d\u0105 mogli skorzysta\u0107 z szerokiej oferty wsparcia, obejmuj\u0105cej:<\/p>\n<p><strong><em>Psychoterapia metod\u0105 Gestalt<\/em><\/strong><\/p>\n<p>Zaj\u0119cia te umo\u017cliwi\u0105 dzieciom nauk\u0119 rozpoznawania i rozumienia w\u0142asnych emocji, co pozwoli na budowanie samoakceptacji, \u015bwiadome podejmowanie decyzji i odzyskanie poczucia sprawczo\u015bci.<\/p>\n<p><strong><em>Terapia metod\u0105 Ruchu Rozwijaj\u0105cego<\/em><\/strong><\/p>\n<p>Zaj\u0119cia wykorzystywane b\u0119d\u0105 jako wst\u0119p do dalszej pracy terapeutycznej z dzie\u0107mi<br \/>\nz zaburzeniami rozwojowymi, ruchowymi, emocjonalnymi oraz spo\u0142ecznymi, w tym dzie\u0107mi<br \/>\nz autyzmem, niepe\u0142nosprawno\u015bci\u0105 intelektualn\u0105 czy m\u00f3zgowym pora\u017ceniem dzieci\u0119cym.<\/p>\n<p><strong>Warsztaty psychoedukacyjne<\/strong><\/p>\n<p>Ich celem jest rozwijanie umiej\u0119tno\u015bci spo\u0142ecznych, komunikacyjnych oraz kompetencji niezb\u0119dnych do samodzielnego funkcjonowania w spo\u0142ecze\u0144stwie.<\/p>\n<p><strong>Grupy rozwojowe dla dzieci i m\u0142odzie\u017cy<\/strong><\/p>\n<p>Spotkania grupowe wspieraj\u0105ce rozw\u00f3j emocjonalny, poznawczy i spo\u0142eczny, wzmacniaj\u0105ce umiej\u0119tno\u015bci interpersonalne, takie jak komunikacja, rozwi\u0105zywanie konflikt\u00f3w, budowanie relacji.<\/p>\n<p><strong>Zaj\u0119cia z pedagogiki podw\u00f3rkowej<\/strong><\/p>\n<p>Obejmuj\u0105ce:<\/p>\n<ul>\n<li>warsztaty artystyczne (np. malowanie, r\u0119kodzie\u0142o),<\/li>\n<li>zaj\u0119cia sportowe i rekreacyjne (np. survival, gry zespo\u0142owe, podchody),<\/li>\n<li>warsztaty techniczne i konstrukcyjne,<\/li>\n<li>konkursy i zabawy integracyjne,<\/li>\n<li>spotkania z lokalnymi artystami, tw\u00f3rcami i osobami wykonuj\u0105cymi ciekawe zawody.<\/li>\n<\/ul>\n<p>Adresowane g\u0142\u00f3wnie do dzieci w wieku 6\u201316 lat, w tym dzieci z rodzin znajduj\u0105cych si\u0119 w trudnej sytuacji spo\u0142eczno-ekonomicznej.<\/p>\n<p><strong>Cel projektu:<\/strong><\/p>\n<p>G\u0142\u00f3wnym celem projektu jest <strong>zwi\u0119kszenie dost\u0119pu do wysokiej jako\u015bci us\u0142ug spo\u0142ecznych<\/strong> dla dzieci, m\u0142odzie\u017cy i ich rodzin z terenu Gminy i Miasta Czarny Dunajec, poprzez:<\/p>\n<ul>\n<li>poszerzenie oferty wsparcia w Plac\u00f3wce Wsparcia Dziennego,<\/li>\n<li>wprowadzenie nowych, specjalistycznych form pomocy,<\/li>\n<li>wdro\u017cenie nowatorskich metod pracy z dzie\u0107mi i m\u0142odzie\u017c\u0105, w tym pedagogiki ulicy.<\/li>\n<\/ul>\n<p>Projekt zak\u0142ada obj\u0119cie kompleksowym wsparciem szczeg\u00f3lnie dzieci i m\u0142odzie\u017cy znajduj\u0105cych si\u0119 w niekorzystnej sytuacji spo\u0142ecznej, do\u015bwiadczaj\u0105cych niepe\u0142nosprawno\u015bci lub dyskryminacji.<\/p>\n<p>&nbsp;<\/p>\n<p><strong>Efekty i rezultaty:<\/strong><\/p>\n<ul>\n<li>Rozszerzenie oferty us\u0142ug spo\u0142ecznych w dzia\u0142aj\u0105cej Plac\u00f3wce Wsparcia Dziennego na obszarze gminy wiejskiej Czarny Dunajec.<\/li>\n<li>Zapewnienie r\u00f3wnego dost\u0119pu do bezp\u0142atnych, trwa\u0142ych i wysokiej jako\u015bci us\u0142ug opieku\u0144czych skoncentrowanych na potrzebach dzieci i ich rodzin.<\/li>\n<li>Zwi\u0119kszenie dost\u0119pno\u015bci wsparcia dla os\u00f3b z niepe\u0142nosprawno\u015bciami oraz rodzin borykaj\u0105cych si\u0119 z problemami spo\u0142ecznymi i wychowawczymi.<\/li>\n<li>Pomoc w radzeniu sobie z codziennymi trudno\u015bciami oraz praca nad rozwojem dzieci i m\u0142odzie\u017cy z deficytami emocjonalnymi, spo\u0142ecznymi i rozwojowymi.<\/li>\n<\/ul>\n<p><strong>G\u0142\u00f3wne zadania realizowane w ramach projektu:<\/strong><\/p>\n<p>Zadanie 1. Funkcjonowanie Plac\u00f3wki Wsparcia Dziennego \u2013 forma specjalistyczna.<\/p>\n<p>Zadanie 2. Funkcjonowanie Plac\u00f3wki Wsparcia Dziennego \u2013 forma podw\u00f3rkowa.<\/p>\n<p>Zadanie 3. Opracowanie\/aktualizacja\u00a0 Indywidualnych Plan\u00f3w Wsparcia.<\/p>\n<p><strong>Bud\u017cet projektu<\/strong><\/p>\n<ul>\n<li><strong>Ca\u0142kowita warto\u015b\u0107 projektu<\/strong>: 1 227 984,00 PLN<\/li>\n<li><strong>Dofinansowanie z Unii Europejskiej<\/strong>: 1 038 540,74 PLN<\/li>\n<li><strong>Finansowanie krajowe (bud\u017cet pa\u0144stwa)<\/strong>: 122 181,26 PLN<\/li>\n<\/ul>\n<p>&nbsp;<\/p>\n<p><strong>Projekt pt.<em> Rozw\u00f3j ju\u017c istniej\u0105cej\u00a0 plac\u00f3wki wsparcia dziennego\u00a0 dla dzieci i m\u0142odzie\u017cy w formie opieku\u0144czej i specjalistycznej oraz w formie pracy podw\u00f3rkowej realizowanej przez wychowawc\u0119 poprzez rozszerzenie oferty wsparcia\u00a0w ramach\u00a0 programu\u00a0 Fundusze Europejskie\u00a0 dla Ma\u0142opolski 2021-2027, Priorytet 6 Fundusze europejskie dla rynku pracy , edukacji i w\u0142\u0105czenia spo\u0142ecznego, Dzia\u0142anie 6.33 Wsparcie us\u0142ug spo\u0142ecznych w regionie ZIT.<\/em><\/strong><\/p>\n<p><strong>Rekrutacja uczestnik\u00f3w<\/strong><\/p>\n<p>Rekrutacj\u0119 prowadzi <strong>Stowarzyszenie Przyjazna Dolina Raby i Czarnej Orawy<\/strong> z siedzib\u0105 w Sieniawie 8B, 34-723 Sieniawa.<\/p>\n<p>&nbsp;<\/p>\n<p><strong>Filmik z j\u0119zykiem migowym i lektorem oraz napisami:<\/strong><\/p>\n<p>&nbsp;<\/p>\n<p><iframe title=\"Filmik z j\u0119z. migowym i lektorem oraz napisami- Rekrut. Rozw\u00f3j ju\u017c istniej\u0105cej PWD dla dzieci i m\u0142..\" width=\"1778\" height=\"1000\" src=\"https:\/\/www.youtube.com\/embed\/fuMKzRw3tXw?feature=oembed\" frameborder=\"0\" allow=\"accelerometer; autoplay; clipboard-write; encrypted-media; gyroscope; picture-in-picture; web-share\" referrerpolicy=\"strict-origin-when-cross-origin\" allowfullscreen><\/iframe><\/p>\n<p><strong>Kontakt:<\/strong><\/p>\n<ul>\n<li>Telefon: 18 26 78 648, 500 475 840<\/li>\n<li>E-mail: lgd.rokiciny@interia.pl<\/li>\n<li>Strona internetowa: <a href=\"http:\/\/www.przyjaznadolinaraby.info\">www.przyjaznadolinaraby.info<\/a><\/li>\n<\/ul>\n<p>Dokumenty rekrutacyjne dost\u0119pne s\u0105:<\/p>\n<ul>\n<li>w Biurze Projektu oraz w PWD \u201eHoryzont\u201d (Piekielnik 202, 34-472 Piekielnik),<\/li>\n<li>w Urz\u0119dzie Gminy i Miasta Czarny Dunajec (ul. J\u00f3zefa Pi\u0142sudskiego 2),<\/li>\n<li>w PCPR w Nowym Targu (ul. Jana Kazimierza 20),<\/li>\n<li>oraz w wersji elektronicznej na stronie internetowej: <a href=\"http:\/\/www.przyjaznadolinaraby.info\">www.przyjaznadolinaraby.info<\/a><\/li>\n<\/ul>\n<p>&nbsp;<\/p>\n<p>Formularze do pobrania:<\/p>\n<p><a href=\"https:\/\/przyjaznadolinaraby.info\/nowaperspektywa\/wp-content\/uploads\/2025\/12\/Regulamin_rekrutacji_OK.pdf\">Regulamin rekrutacji<\/a><\/p>\n<p><a href=\"https:\/\/przyjaznadolinaraby.info\/nowaperspektywa\/wp-content\/uploads\/2025\/06\/Zal_nr_1_do_REGULAMINU_formularz_zgloszeniowy_ok.pdf\">Zalacznik nr 1 Formularz rekrutacyjny<\/a><\/p>\n<p><a role=\"link\" href=\"https:\/\/przyjaznadolinaraby.info\/nowaperspektywa\/wp-content\/uploads\/2025\/06\/wizerunek_OK.pdf\">Zgoda na wykorzystanie wizerunku\u00a0<\/a><\/p>\n<p>&nbsp;<\/p>\n<p>Biuro projektu zapewnia dost\u0119pno\u015b\u0107 dla os\u00f3b z niepe\u0142nosprawno\u015bciami \u2013 dost\u0119pne s\u0105 materia\u0142y promocyjne w j\u0119zyku Braille\u2019a oraz p\u0119tla indukcyjna.<\/p>\n<p><img decoding=\"async\" class=\"alignnone size-full wp-image-12110\" src=\"https:\/\/przyjaznadolinaraby.info\/nowaperspektywa\/wp-content\/uploads\/2025\/06\/plakat_placowka_podw.png\" alt=\"\" width=\"1587\" height=\"2245\" srcset=\"https:\/\/przyjaznadolinaraby.info\/nowaperspektywa\/wp-content\/uploads\/2025\/06\/plakat_placowka_podw.png 1587w, https:\/\/przyjaznadolinaraby.info\/nowaperspektywa\/wp-content\/uploads\/2025\/06\/plakat_placowka_podw-212x300.png 212w, https:\/\/przyjaznadolinaraby.info\/nowaperspektywa\/wp-content\/uploads\/2025\/06\/plakat_placowka_podw-724x1024.png 724w\" sizes=\"(max-width: 1587px) 100vw, 1587px\" \/><\/p>\n<p><a href=\"https:\/\/przyjaznadolinaraby.info\/nowaperspektywa\/wp-content\/uploads\/2025\/06\/plakat_placowka_podw.png\">Plakat do pobrania<\/a><\/p>\n<p><a href=\"https:\/\/przyjaznadolinaraby.info\/nowaperspektywa\/wp-content\/uploads\/2025\/06\/nowa-ulotka-strona-1.png\">Ulotka_cz_1 do pobrania<\/a><\/p>\n<p><a href=\"https:\/\/przyjaznadolinaraby.info\/nowaperspektywa\/wp-content\/uploads\/2025\/06\/nowa-ulotka-strona-1.png\">Ulotka_cz_2 do pobrania<\/a><\/p>\n<p><img decoding=\"async\" class=\"alignnone size-full wp-image-12117\" src=\"https:\/\/przyjaznadolinaraby.info\/nowaperspektywa\/wp-content\/uploads\/2025\/06\/nowa-ulotka-strona-1.png\" alt=\"\" width=\"2000\" height=\"1414\" srcset=\"https:\/\/przyjaznadolinaraby.info\/nowaperspektywa\/wp-content\/uploads\/2025\/06\/nowa-ulotka-strona-1.png 2000w, https:\/\/przyjaznadolinaraby.info\/nowaperspektywa\/wp-content\/uploads\/2025\/06\/nowa-ulotka-strona-1-300x212.png 300w, https:\/\/przyjaznadolinaraby.info\/nowaperspektywa\/wp-content\/uploads\/2025\/06\/nowa-ulotka-strona-1-1024x724.png 1024w\" sizes=\"(max-width: 2000px) 100vw, 2000px\" \/><\/p>\n<p><img decoding=\"async\" class=\"alignnone size-full wp-image-12118\" src=\"https:\/\/przyjaznadolinaraby.info\/nowaperspektywa\/wp-content\/uploads\/2025\/06\/nowa-ulotka-strona-2.png\" alt=\"\" width=\"2000\" height=\"1414\" srcset=\"https:\/\/przyjaznadolinaraby.info\/nowaperspektywa\/wp-content\/uploads\/2025\/06\/nowa-ulotka-strona-2.png 2000w, https:\/\/przyjaznadolinaraby.info\/nowaperspektywa\/wp-content\/uploads\/2025\/06\/nowa-ulotka-strona-2-300x212.png 300w, https:\/\/przyjaznadolinaraby.info\/nowaperspektywa\/wp-content\/uploads\/2025\/06\/nowa-ulotka-strona-2-1024x724.png 1024w\" sizes=\"(max-width: 2000px) 100vw, 2000px\" \/><\/p>\n<p>&nbsp;<\/p>\n<p><a href=\"https:\/\/przyjaznadolinaraby.info\/nowaperspektywa\/wp-content\/uploads\/2025\/06\/statut_pwd.pdf\">STATUT PWD HORYZONT<\/a><\/p>\n<p>&nbsp;<\/p>\n<p>Projekt pt. &#8222;Rozw\u00f3j ju\u017c istniej\u0105cej plac\u00f3wki wsparcia dziennego\u00a0 dla dzieci i m\u0142odzie\u017cy w formie opieku\u0144czej i specjalistycznej oraz w formie pracy podw\u00f3rkowej realizowanej przez wychowawc\u0119 poprzez rozszerzenie oferty wsparcia&#8221; dofinansowany jest z Funduszy Europejskich w ramach programu Fundusze Europejskie dla Ma\u0142opolski 2021-2027, Priorytet 6 Fundusze europejskie dla rynku pracy, edukacji i w\u0142\u0105czenia spo\u0142ecznego, Dzia\u0142anie 6.33 Wsparcie us\u0142ug spo\u0142ecznych w regionie ZIT. Projekt wsp\u00f3\u0142finansowany ze \u015brodk\u00f3w Europejskiego Funduszu Spo\u0142ecznego Plus.<\/p>\n<p><img decoding=\"async\" class=\"alignnone size-full wp-image-11853\" src=\"https:\/\/przyjaznadolinaraby.info\/nowaperspektywa\/wp-content\/uploads\/2025\/05\/logotypy-FEM.jpg\" alt=\"\" width=\"1490\" height=\"117\" srcset=\"https:\/\/przyjaznadolinaraby.info\/nowaperspektywa\/wp-content\/uploads\/2025\/05\/logotypy-FEM.jpg 1490w, https:\/\/przyjaznadolinaraby.info\/nowaperspektywa\/wp-content\/uploads\/2025\/05\/logotypy-FEM-300x24.jpg 300w, https:\/\/przyjaznadolinaraby.info\/nowaperspektywa\/wp-content\/uploads\/2025\/05\/logotypy-FEM-1024x80.jpg 1024w\" sizes=\"(max-width: 1490px) 100vw, 1490px\" \/><\/p>\n<p>&nbsp;<\/p>\n","protected":false},"excerpt":{"rendered":"<p>Aktualno\u015bci: &nbsp; Nab\u00f3r na stanowisko PSYCHOLOG \u2013 prowadz\u0105cy terapi\u0119 psychologiczn\u0105 z elementami psychoterapii poznawczo-behawioralnej. Drugi etap rekrutacji na stanowisko PSYCHOLOG \u2013 prowadz\u0105cy terapi\u0119 psychologiczn\u0105 z elementami psychoterapii poznawczo-behawioralnej. Wyniki naboru na stanowisko PSYCHOLOG \u2013 prowadz\u0105cy terapi\u0119 psychologiczn\u0105 z elementami psychoterapii poznawczo-behawioralnej. *** Nab\u00f3r na stanowisko Animator\/Streetworker (praca w formie podw\u00f3rkowej) Drugi etap rekrutacji na stanowisko <a href=\"https:\/\/przyjaznadolinaraby.info\/nowaperspektywa\/rozwoj-placowki-wsparcia-dziennego-dla-dzieci-i-mlodziezy\/\" class=\"more-link\">&#8230;<span class=\"screen-reader-text\">  Rozw\u00f3j plac\u00f3wki wsparcia dziennego dla dzieci i m\u0142odzie\u017cy<\/span><\/a><\/p>\n","protected":false},"author":6,"featured_media":0,"parent":0,"menu_order":0,"comment_status":"closed","ping_status":"closed","template":"","meta":{"_monsterinsights_skip_tracking":false,"_monsterinsights_sitenote_active":false,"_monsterinsights_sitenote_note":"","_monsterinsights_sitenote_category":0,"footnotes":""},"tags":[],"acf":[],"_links":{"self":[{"href":"https:\/\/przyjaznadolinaraby.info\/nowaperspektywa\/wp-json\/wp\/v2\/pages\/12099"}],"collection":[{"href":"https:\/\/przyjaznadolinaraby.info\/nowaperspektywa\/wp-json\/wp\/v2\/pages"}],"about":[{"href":"https:\/\/przyjaznadolinaraby.info\/nowaperspektywa\/wp-json\/wp\/v2\/types\/page"}],"author":[{"embeddable":true,"href":"https:\/\/przyjaznadolinaraby.info\/nowaperspektywa\/wp-json\/wp\/v2\/users\/6"}],"replies":[{"embeddable":true,"href":"https:\/\/przyjaznadolinaraby.info\/nowaperspektywa\/wp-json\/wp\/v2\/comments?post=12099"}],"version-history":[{"count":33,"href":"https:\/\/przyjaznadolinaraby.info\/nowaperspektywa\/wp-json\/wp\/v2\/pages\/12099\/revisions"}],"predecessor-version":[{"id":12743,"href":"https:\/\/przyjaznadolinaraby.info\/nowaperspektywa\/wp-json\/wp\/v2\/pages\/12099\/revisions\/12743"}],"wp:attachment":[{"href":"https:\/\/przyjaznadolinaraby.info\/nowaperspektywa\/wp-json\/wp\/v2\/media?parent=12099"}],"wp:term":[{"taxonomy":"post_tag","embeddable":true,"href":"https:\/\/przyjaznadolinaraby.info\/nowaperspektywa\/wp-json\/wp\/v2\/tags?post=12099"}],"curies":[{"name":"wp","href":"https:\/\/api.w.org\/{rel}","templated":true}]}}