{"id":20,"date":"2016-06-30T10:44:18","date_gmt":"2016-06-30T08:44:18","guid":{"rendered":"http:\/\/przyjaznadolinaraby.info\/nowaperspektywa\/?page_id=20"},"modified":"2024-07-11T09:48:00","modified_gmt":"2024-07-11T07:48:00","slug":"kontakt","status":"publish","type":"page","link":"https:\/\/przyjaznadolinaraby.info\/nowaperspektywa\/kontakt\/","title":{"rendered":"Kontakt"},"content":{"rendered":"<table style=\"width: 602px;\">\n<tbody>\n<tr>\n<td style=\"width: 567.609px;\"><strong>Siedziba:<\/strong><br \/>\nStowarzyszenie Przyjazna Dolina Raby i Czarnej Orawy<br \/>\nSieniawa 8B<br \/>\n34-723 Sieniawa<br \/>\nNIP: 7352764792Biuro czynne: pon.- pt. 8:00 do 16:00<br \/>\n<strong>Przyjmowanie stron: pon &#8211; pt. w godz. 10:00 &#8211; 14:00<\/strong>Tel: <a href=\"tel:182678648\">(18) 26 78 648<\/a>GSM:\u00a0<a href=\"tel:+48500475840\">(+48) 500 475 840<\/a><br \/>\nFax: (18) 26 78 648<br \/>\nE-mail: <strong>lgd.rokiciny@interia.pl<\/strong><br \/>\nwww. przyjaznadolinaraby.info<br \/>\n87 8815 0002 0000 0018 6179 0001<br \/>\n(Bank Sp\u00f3\u0142dzielczy w Rabie Wy\u017cnej)<\/td>\n<td style=\"width: 30.3906px;\"><\/td>\n<\/tr>\n<\/tbody>\n<\/table>\n<p>fggggggggggg<\/p>\n","protected":false},"excerpt":{"rendered":"<p>Siedziba: Stowarzyszenie Przyjazna Dolina Raby i Czarnej Orawy Sieniawa 8B 34-723 Sieniawa NIP: 7352764792Biuro czynne: pon.- pt. 8:00 do 16:00 Przyjmowanie stron: pon &#8211; pt. w godz. 10:00 &#8211; 14:00Tel: (18) 26 78 648GSM:\u00a0(+48) 500 475 840 Fax: (18) 26 78 648 E-mail: lgd.rokiciny@interia.pl www. przyjaznadolinaraby.info 87 8815 0002 0000 0018 6179 0001 (Bank Sp\u00f3\u0142dzielczy <a href=\"https:\/\/przyjaznadolinaraby.info\/nowaperspektywa\/kontakt\/\" class=\"more-link\">&#8230;<span class=\"screen-reader-text\">  Kontakt<\/span><\/a><\/p>\n","protected":false},"author":6,"featured_media":0,"parent":0,"menu_order":11,"comment_status":"closed","ping_status":"closed","template":"","meta":{"_monsterinsights_skip_tracking":false,"_monsterinsights_sitenote_active":false,"_monsterinsights_sitenote_note":"","_monsterinsights_sitenote_category":0,"footnotes":""},"tags":[],"acf":[],"_links":{"self":[{"href":"https:\/\/przyjaznadolinaraby.info\/nowaperspektywa\/wp-json\/wp\/v2\/pages\/20"}],"collection":[{"href":"https:\/\/przyjaznadolinaraby.info\/nowaperspektywa\/wp-json\/wp\/v2\/pages"}],"about":[{"href":"https:\/\/przyjaznadolinaraby.info\/nowaperspektywa\/wp-json\/wp\/v2\/types\/page"}],"author":[{"embeddable":true,"href":"https:\/\/przyjaznadolinaraby.info\/nowaperspektywa\/wp-json\/wp\/v2\/users\/6"}],"replies":[{"embeddable":true,"href":"https:\/\/przyjaznadolinaraby.info\/nowaperspektywa\/wp-json\/wp\/v2\/comments?post=20"}],"version-history":[{"count":7,"href":"https:\/\/przyjaznadolinaraby.info\/nowaperspektywa\/wp-json\/wp\/v2\/pages\/20\/revisions"}],"predecessor-version":[{"id":11386,"href":"https:\/\/przyjaznadolinaraby.info\/nowaperspektywa\/wp-json\/wp\/v2\/pages\/20\/revisions\/11386"}],"wp:attachment":[{"href":"https:\/\/przyjaznadolinaraby.info\/nowaperspektywa\/wp-json\/wp\/v2\/media?parent=20"}],"wp:term":[{"taxonomy":"post_tag","embeddable":true,"href":"https:\/\/przyjaznadolinaraby.info\/nowaperspektywa\/wp-json\/wp\/v2\/tags?post=20"}],"curies":[{"name":"wp","href":"https:\/\/api.w.org\/{rel}","templated":true}]}}